{"id":98,"date":"2020-04-30T13:08:15","date_gmt":"2020-04-30T13:08:15","guid":{"rendered":"https:\/\/blog.yoopies.pt\/coronavirus-que-cuidados-devemos-ter-com-caes-e-gatos\/"},"modified":"2025-06-12T08:50:11","modified_gmt":"2025-06-12T08:50:11","slug":"coronavirus-que-cuidados-devemos-ter-com-caes-e-gatos","status":"publish","type":"page","link":"https:\/\/yoopies.pt\/c\/coronavirus-que-cuidados-devemos-ter-com-caes-e-gatos\/","title":{"rendered":"Coronav\u00edrus: que cuidados devemos ter com c\u00e3es e gatos?"},"content":{"rendered":"<p><p>O isolamento dom&eacute;stico mudou a rotina das fam&iacute;lias e trouxe novos desafios e costumes &agrave; nossa pr&oacute;pria casa. Alguns deles envolvem, inclusive, os animais de estima&ccedil;&atilde;o. Logo, n&atilde;o &eacute; surpresa que muitos donos de c&atilde;es e gatos estejam preocupados com os seus amigos de quatro patas &#8211; especialmente agora, que o distanciamento social nos aproxima ainda mais dos animais de estima&ccedil;&atilde;o. <strong>Mas o que devemos fazer para proteger-nos a n&oacute;s pr&oacute;prios e a eles?<\/strong> <strong>Devemos evitar o contacto excessivo com os animais dom&eacute;sticos durante a pandemia? Devemos continuar a passear com os c&atilde;es? Como higieniz&aacute;-los? E o que fazer com os gatos que gostam de passear pela vizinhan&ccedil;a?<\/strong><\/p>\n<\/p>\n<p><p>Por enquanto, ainda n&atilde;o existem informa&ccedil;&otilde;es cient&iacute;ficas conclusivas sobre o Covid-19 e os animais dom&eacute;sticos, se estes podem de fato adoecer devido ao novo coronav&iacute;rus e se h&aacute; possibilidade de transmiss&atilde;o de animais a humanos. <strong>O problema, por&eacute;m, &eacute; que se em contacto com o novo coronav&iacute;rus, os c&atilde;es e os gatos podem transport&aacute;-lo atrav&eacute;s do pelo, das patas e do focinho, e, desta forma, representar um risco &agrave; sa&uacute;de das pessoas que convivem com eles.<\/strong><\/p>\n<\/p>\n<p><p>Al&eacute;m disto, estamos a falar de uma nova doen&ccedil;a que gera muitas incertezas e, por isto, a import&acirc;ncia em acompanharmos o que as pesquisas e os especialistas est&atilde;o a revelar. Para ajudar a nossa comunidade a esclarecer as principais d&uacute;vidas sobre os animais de estima&ccedil;&atilde;o e o novo coronav&iacute;rus, <strong>a Yoopies conversou com a m&eacute;dica veterin&aacute;ria Fl&aacute;via Clare, que explica a seguir as principais orienta&ccedil;&otilde;es a serem respeitadas<\/strong> <strong>pelos donos dos animais dom&eacute;sticos.<\/strong>\ud83d\udc47<\/p>\n<\/p>\n<figure><img decoding=\"async\" src=\"https:\/\/yoopies.pt\/c\/wp-content\/uploads\/sites\/15\/2020\/04\/70de7194-aae3-4f16-9554-391a8f2b060d-copyofchildcarestudy.jpg\" \/><\/figure>\n<p><p><strong>1. Se eu estiver infectado com Covid-19, posso manter contato com os meus animais de estima&ccedil;&atilde;o?<\/strong><\/p>\n<\/p>\n<p><p>N&atilde;o. Uma pessoa contaminada precisa de ser completamente isolada do seu animal de estima&ccedil;&atilde;o porque o coronav&iacute;rus pode permanecer na pelo do animal e, consequentemente, transmitir o v&iacute;rus a outras pessoas saud&aacute;veis que tamb&eacute;m t&ecirc;m contacto com o pet. O distanciamento do animal de estima&ccedil;&atilde;o, portanto, &eacute; fundamental nos casos em que os donos testam positivo para o Covid-19.<\/p>\n<\/p>\n<p><p><strong>2. Quais s&atilde;o os cuidados de higiene recomendados?&nbsp;<\/strong><\/p>\n<\/p>\n<p><p>Se o animal n&atilde;o vai &agrave; rua e faz as suas necessidades dentro de casa, neste caso, a pessoa ao chegar da rua n&atilde;o deve colocar a m&atilde;o no c&atilde;o ou no gato de forma alguma. Primeiro, deve fazer a sua pr&oacute;pria higiene (tirar a roupa, jogar a m&aacute;scara fora, lavar as m&atilde;os &#8211; os cuidados que todos n&oacute;s j&aacute; conhecemos) &#8211; e em seguida poder&aacute; fazer carinho no pet. Para o animal de estima&ccedil;&atilde;o, a higiene em casa &eacute; normal e o dono deve continuar a dar o n&uacute;mero de banhos normalmente recomendado pelo veterin&aacute;rio &#8211; dependendo da ra&ccedil;a do animal, os banhos podem ser realizados de 15 em 15 dias ou uma vez por m&ecirc;s. Mas, a princ&iacute;pio, se o animal n&atilde;o for &agrave; rua, ele n&atilde;o estar&aacute; a &#8220;funcionar como uma superf&iacute;cie&#8221; para transportar o v&iacute;rus.<\/p>\n<\/p>\n<p><p><strong>3. Posso passear com meu cachorro durante uma situa&ccedil;&atilde;o de quarentena ou isolamento social?<\/strong><\/p>\n<\/p>\n<p><p>O ideal &eacute; n&atilde;o passear. A recomenda&ccedil;&atilde;o &eacute; que o c&atilde;o n&atilde;o saia &agrave; rua e que fique em casa, porque o v&iacute;rus pode estar na passadeira, no ch&atilde;o, em pessoas que passam perto dele e eventualmente espirram, tossem, etc. O c&atilde;o funciona como uma superf&iacute;cie carreadora do v&iacute;rus, por isso se ele for para a rua o v&iacute;rus pode ficar na pelagem, na pata ou no focinho do animal que, consequentemente, ir&aacute; transportar o v&iacute;rus para dentro de casa. Portanto, o correcto mesmo &eacute; n&atilde;o ir para a rua.<\/p>\n<\/p>\n<p><p>Agora, se estamos a falar de um c&atilde;o que n&atilde;o urina de jeito nenhum em casa, isso pode desencadear um problema, tal como uma reten&ccedil;&atilde;o urin&aacute;ria e a consequ&ecirc;ncia de uma reten&ccedil;&atilde;o urin&aacute;ria pode ser cistite, c&aacute;lculos urin&aacute;rios, entre outros problemas. Por isso, se o animal tem de ir para a rua de qualquer maneira, h&aacute; alguns protocolos a serem seguidos e que ser&atilde;o explicados na pr&oacute;xima pergunta. <\/p>\n<\/p>\n<figure><img decoding=\"async\" src=\"https:\/\/yoopies.pt\/c\/wp-content\/uploads\/sites\/15\/2020\/04\/a75dfbb0-0110-41b5-9ddd-4570fc8ae415-16.jpg\" alt=\"Veterin\u00e1ria recomenda alguns cuidados com os animais de estima\u00e7\u00e3o em face ao novo coronav\u00edrus. \" \/><\/figure>\n<p><p><strong>4<\/strong>. <strong>Meu c&atilde;o s&oacute; faz suas necessidades na rua. Como posso passear com ele em seguran&ccedil;a durante a pandemia?<\/strong><\/p>\n<\/p>\n<p><p>Os passeios devem ser curtos, em per&iacute;odos de menor fluxo de pessoas, evitando pra&ccedil;as, parques ou outros locais com aglomera&ccedil;&otilde;es e mantendo sempre a dist&acirc;ncia de pelo menos dois metros de outras pessoas ou outros c&atilde;es. Nunca entrar no elevador junto com outras pessoas, evitar que o c&atilde;o deite no ch&atilde;o e n&atilde;o deixar ningu&eacute;m passar a m&atilde;o nele. Lembre-se que o c&atilde;o funciona como uma superf&iacute;cie para carrear o coronav&iacute;rus, e como n&atilde;o podemos limpar todo o corpo do animal com &aacute;lcool 70%, temos de ter todos esses cuidados.<\/p>\n<\/p>\n<p><p>N&atilde;o podemos passar &aacute;lcool no corpo todo do c&atilde;o, pois ressecaremos a pele dele, al&eacute;m de poder causar irrita&ccedil;&atilde;o, principalmente se for um c&atilde;o at&oacute;pico (c&atilde;o al&eacute;rgico). Tamb&eacute;m n&atilde;o devemos esquecer a possibilidade de o animal lamber e ingerir o produto, o que pode causar intoxica&ccedil;&atilde;o. Se durante o passeio o c&atilde;o deitou no ch&atilde;o ou teve contacto com outros animais ou pessoas, o mais prudente &eacute; banh&aacute;-lo com shampoo ou sabonete neutro. Por&eacute;m, banhos em excesso tamb&eacute;m fazem mal a pele dos c&atilde;es. <\/p>\n<\/p>\n<p><p><strong>A minha orienta&ccedil;&atilde;o &eacute;: <\/strong>quando chegar a casa, logo na &aacute;rea de servi&ccedil;o, lave as patas do seu pet por 20 segundos com shampoo ou sabonete neutro para c&atilde;es ou o shampoo prescrito pelo veterin&aacute;rio. Seque bem com uma toalha e depois utilize um secador com vento frio a morno para deixar as patas e pelos bem secos.<\/p>\n<\/p>\n<p><p>Em casos espec&iacute;ficos, como os c&atilde;es que t&ecirc;m de ir &agrave; rua, temos algumas op&ccedil;&otilde;es: podem ser usados len&ccedil;os umedecidos manipulados. O dono do animal de estima&ccedil;&atilde;o pode contactar o seu m&eacute;dico veterin&aacute;rio para obter a recomenda&ccedil;&atilde;o de qual utilizar e como o utilizar. Lembrando que &eacute; preciso ter mais cuidado com os c&atilde;es at&oacute;picos (c&atilde;es al&eacute;rgicos), pois a umidade e os produtos podem piorar o quadro al&eacute;rgico do animal. <\/p>\n<\/p>\n<p><p><strong>5. Devo limpar a casa com mais frequ&ecirc;ncia? Devo higienizar mais vezes os ambientes onde o animal passa a maior parte do tempo?<\/strong><\/p>\n<\/p>\n<p><p>Sim, &eacute; preciso ter mais cuidado e, claro, limpar a casa com mais frequ&ecirc;ncia. No entanto, sabemos que a limpeza dom&eacute;stica tem de ser muito cuidadosa, porque alguns produtos de limpeza podem causar irrita&ccedil;&atilde;o na pele dos animais, especialmente se forem at&oacute;picos. Por isso, evite limpar os ambientes  dos animais com produtos de limpeza agressivos, pois isso pode causar irrita&ccedil;&atilde;o da pele, agravar o quadro al&eacute;rgico e intoxic&aacute;-los.<\/p>\n<\/p>\n<p><p><em>*Estas s&atilde;o recomenda&ccedil;&otilde;es baseadas nos trabalhos publicados at&eacute; hoje. O Covid-19 &eacute; um novo v&iacute;rus, v&aacute;rios estudos est&atilde;o a ser realizados em todo o mundo e a informa&ccedil;&atilde;o &eacute; actualizada frequentemente.<\/em><\/p>\n<\/p>\n<p><a class=\"button\" href=\"https:\/\/yoopies.pt\/pet-sitting\">\u00c0 procura de pet sitting? Clique aqui! <\/a><a class=\"button\" href=\"https:\/\/yoopies.pt\/pet-sitter\">\u00c0 procura de trabalho como pet sitter? Clique aqui! <\/a><\/p>\n","protected":false},"excerpt":{"rendered":"<p>O isolamento dom&eacute;stico mudou a rotina das fam&iacute;lias e trouxe novos desafios e costumes &agrave; &hellip; <\/p>\n","protected":false},"author":10,"featured_media":101,"parent":0,"menu_order":0,"comment_status":"closed","ping_status":"closed","template":"","meta":{"_acf_changed":false,"footnotes":""},"class_list":["post-98","page","type-page","status-publish","has-post-thumbnail","hentry"],"acf":[],"yoast_head":"<!-- This site is optimized with the Yoast SEO plugin v26.9 - https:\/\/yoast.com\/product\/yoast-seo-wordpress\/ -->\n<title>Coronav\u00edrus: que cuidados devemos ter com c\u00e3es e gatos?<\/title>\n<meta name=\"description\" content=\"C\u00e3es e gatos podem pegar o novo coronav\u00edrus? Devo passear com o c\u00e3o? Como higieniz\u00e1-lo? Yoopies conversou com uma veterin\u00e1ria e esclarece as principais d\u00favidas!\" \/>\n<meta name=\"robots\" content=\"index, follow, max-snippet:-1, max-image-preview:large, max-video-preview:-1\" \/>\n<link rel=\"canonical\" href=\"https:\/\/yoopies.pt\/c\/coronavirus-que-cuidados-devemos-ter-com-caes-e-gatos\/\" \/>\n<meta property=\"og:locale\" content=\"pt_PT\" \/>\n<meta property=\"og:type\" content=\"article\" \/>\n<meta property=\"og:title\" content=\"Coronav\u00edrus: que cuidados devemos ter com c\u00e3es e gatos?\" \/>\n<meta property=\"og:description\" content=\"C\u00e3es e gatos podem pegar o novo coronav\u00edrus? Devo passear com o c\u00e3o? Como higieniz\u00e1-lo? Yoopies conversou com uma veterin\u00e1ria e esclarece as principais d\u00favidas!\" \/>\n<meta property=\"og:url\" content=\"https:\/\/yoopies.pt\/c\/coronavirus-que-cuidados-devemos-ter-com-caes-e-gatos\/\" \/>\n<meta property=\"og:site_name\" content=\"Yoopies Portugal\" \/>\n<meta property=\"article:modified_time\" content=\"2025-06-12T08:50:11+00:00\" \/>\n<meta property=\"og:image\" content=\"https:\/\/yoopies.pt\/c\/wp-content\/uploads\/sites\/15\/2020\/04\/e6d37f98-e27e-436a-abf7-698fb525b276-coronavirus-caes-gatos-yoopies-portugal.jpg\" \/>\n\t<meta property=\"og:image:width\" content=\"1200\" \/>\n\t<meta property=\"og:image:height\" content=\"1006\" \/>\n\t<meta property=\"og:image:type\" content=\"image\/jpeg\" \/>\n<meta name=\"twitter:card\" content=\"summary_large_image\" \/>\n<meta name=\"twitter:label1\" content=\"Tempo estimado de leitura\" \/>\n\t<meta name=\"twitter:data1\" content=\"7 minutos\" \/>\n<script type=\"application\/ld+json\" class=\"yoast-schema-graph\">{\"@context\":\"https:\/\/schema.org\",\"@graph\":[{\"@type\":\"WebPage\",\"@id\":\"https:\/\/yoopies.pt\/c\/coronavirus-que-cuidados-devemos-ter-com-caes-e-gatos\/\",\"url\":\"https:\/\/yoopies.pt\/c\/coronavirus-que-cuidados-devemos-ter-com-caes-e-gatos\/\",\"name\":\"Coronav\u00edrus: que cuidados devemos ter com c\u00e3es e gatos?\",\"isPartOf\":{\"@id\":\"https:\/\/yoopies.pt\/c\/#website\"},\"primaryImageOfPage\":{\"@id\":\"https:\/\/yoopies.pt\/c\/coronavirus-que-cuidados-devemos-ter-com-caes-e-gatos\/#primaryimage\"},\"image\":{\"@id\":\"https:\/\/yoopies.pt\/c\/coronavirus-que-cuidados-devemos-ter-com-caes-e-gatos\/#primaryimage\"},\"thumbnailUrl\":\"https:\/\/yoopies.pt\/c\/wp-content\/uploads\/sites\/15\/2020\/04\/e6d37f98-e27e-436a-abf7-698fb525b276-coronavirus-caes-gatos-yoopies-portugal.jpg\",\"datePublished\":\"2020-04-30T13:08:15+00:00\",\"dateModified\":\"2025-06-12T08:50:11+00:00\",\"description\":\"C\u00e3es e gatos podem pegar o novo coronav\u00edrus? Devo passear com o c\u00e3o? Como higieniz\u00e1-lo? Yoopies conversou com uma veterin\u00e1ria e esclarece as principais d\u00favidas!\",\"breadcrumb\":{\"@id\":\"https:\/\/yoopies.pt\/c\/coronavirus-que-cuidados-devemos-ter-com-caes-e-gatos\/#breadcrumb\"},\"inLanguage\":\"pt-PT\",\"potentialAction\":[{\"@type\":\"ReadAction\",\"target\":[\"https:\/\/yoopies.pt\/c\/coronavirus-que-cuidados-devemos-ter-com-caes-e-gatos\/\"]}]},{\"@type\":\"ImageObject\",\"inLanguage\":\"pt-PT\",\"@id\":\"https:\/\/yoopies.pt\/c\/coronavirus-que-cuidados-devemos-ter-com-caes-e-gatos\/#primaryimage\",\"url\":\"https:\/\/yoopies.pt\/c\/wp-content\/uploads\/sites\/15\/2020\/04\/e6d37f98-e27e-436a-abf7-698fb525b276-coronavirus-caes-gatos-yoopies-portugal.jpg\",\"contentUrl\":\"https:\/\/yoopies.pt\/c\/wp-content\/uploads\/sites\/15\/2020\/04\/e6d37f98-e27e-436a-abf7-698fb525b276-coronavirus-caes-gatos-yoopies-portugal.jpg\",\"width\":1200,\"height\":1006},{\"@type\":\"BreadcrumbList\",\"@id\":\"https:\/\/yoopies.pt\/c\/coronavirus-que-cuidados-devemos-ter-com-caes-e-gatos\/#breadcrumb\",\"itemListElement\":[{\"@type\":\"ListItem\",\"position\":1,\"name\":\"Home\",\"item\":\"https:\/\/yoopies.pt\/c\/\"},{\"@type\":\"ListItem\",\"position\":2,\"name\":\"Coronav\u00edrus: que cuidados devemos ter com c\u00e3es e gatos?\"}]},{\"@type\":\"WebSite\",\"@id\":\"https:\/\/yoopies.pt\/c\/#website\",\"url\":\"https:\/\/yoopies.pt\/c\/\",\"name\":\"Yoopies Portugal\",\"description\":\"\",\"potentialAction\":[{\"@type\":\"SearchAction\",\"target\":{\"@type\":\"EntryPoint\",\"urlTemplate\":\"https:\/\/yoopies.pt\/c\/?s={search_term_string}\"},\"query-input\":{\"@type\":\"PropertyValueSpecification\",\"valueRequired\":true,\"valueName\":\"search_term_string\"}}],\"inLanguage\":\"pt-PT\"}]}<\/script>\n<!-- \/ Yoast SEO plugin. -->","yoast_head_json":{"title":"Coronav\u00edrus: que cuidados devemos ter com c\u00e3es e gatos?","description":"C\u00e3es e gatos podem pegar o novo coronav\u00edrus? Devo passear com o c\u00e3o? Como higieniz\u00e1-lo? Yoopies conversou com uma veterin\u00e1ria e esclarece as principais d\u00favidas!","robots":{"index":"index","follow":"follow","max-snippet":"max-snippet:-1","max-image-preview":"max-image-preview:large","max-video-preview":"max-video-preview:-1"},"canonical":"https:\/\/yoopies.pt\/c\/coronavirus-que-cuidados-devemos-ter-com-caes-e-gatos\/","og_locale":"pt_PT","og_type":"article","og_title":"Coronav\u00edrus: que cuidados devemos ter com c\u00e3es e gatos?","og_description":"C\u00e3es e gatos podem pegar o novo coronav\u00edrus? Devo passear com o c\u00e3o? Como higieniz\u00e1-lo? Yoopies conversou com uma veterin\u00e1ria e esclarece as principais d\u00favidas!","og_url":"https:\/\/yoopies.pt\/c\/coronavirus-que-cuidados-devemos-ter-com-caes-e-gatos\/","og_site_name":"Yoopies Portugal","article_modified_time":"2025-06-12T08:50:11+00:00","og_image":[{"width":1200,"height":1006,"url":"https:\/\/yoopies.pt\/c\/wp-content\/uploads\/sites\/15\/2020\/04\/e6d37f98-e27e-436a-abf7-698fb525b276-coronavirus-caes-gatos-yoopies-portugal.jpg","type":"image\/jpeg"}],"twitter_card":"summary_large_image","twitter_misc":{"Tempo estimado de leitura":"7 minutos"},"schema":{"@context":"https:\/\/schema.org","@graph":[{"@type":"WebPage","@id":"https:\/\/yoopies.pt\/c\/coronavirus-que-cuidados-devemos-ter-com-caes-e-gatos\/","url":"https:\/\/yoopies.pt\/c\/coronavirus-que-cuidados-devemos-ter-com-caes-e-gatos\/","name":"Coronav\u00edrus: que cuidados devemos ter com c\u00e3es e gatos?","isPartOf":{"@id":"https:\/\/yoopies.pt\/c\/#website"},"primaryImageOfPage":{"@id":"https:\/\/yoopies.pt\/c\/coronavirus-que-cuidados-devemos-ter-com-caes-e-gatos\/#primaryimage"},"image":{"@id":"https:\/\/yoopies.pt\/c\/coronavirus-que-cuidados-devemos-ter-com-caes-e-gatos\/#primaryimage"},"thumbnailUrl":"https:\/\/yoopies.pt\/c\/wp-content\/uploads\/sites\/15\/2020\/04\/e6d37f98-e27e-436a-abf7-698fb525b276-coronavirus-caes-gatos-yoopies-portugal.jpg","datePublished":"2020-04-30T13:08:15+00:00","dateModified":"2025-06-12T08:50:11+00:00","description":"C\u00e3es e gatos podem pegar o novo coronav\u00edrus? Devo passear com o c\u00e3o? Como higieniz\u00e1-lo? Yoopies conversou com uma veterin\u00e1ria e esclarece as principais d\u00favidas!","breadcrumb":{"@id":"https:\/\/yoopies.pt\/c\/coronavirus-que-cuidados-devemos-ter-com-caes-e-gatos\/#breadcrumb"},"inLanguage":"pt-PT","potentialAction":[{"@type":"ReadAction","target":["https:\/\/yoopies.pt\/c\/coronavirus-que-cuidados-devemos-ter-com-caes-e-gatos\/"]}]},{"@type":"ImageObject","inLanguage":"pt-PT","@id":"https:\/\/yoopies.pt\/c\/coronavirus-que-cuidados-devemos-ter-com-caes-e-gatos\/#primaryimage","url":"https:\/\/yoopies.pt\/c\/wp-content\/uploads\/sites\/15\/2020\/04\/e6d37f98-e27e-436a-abf7-698fb525b276-coronavirus-caes-gatos-yoopies-portugal.jpg","contentUrl":"https:\/\/yoopies.pt\/c\/wp-content\/uploads\/sites\/15\/2020\/04\/e6d37f98-e27e-436a-abf7-698fb525b276-coronavirus-caes-gatos-yoopies-portugal.jpg","width":1200,"height":1006},{"@type":"BreadcrumbList","@id":"https:\/\/yoopies.pt\/c\/coronavirus-que-cuidados-devemos-ter-com-caes-e-gatos\/#breadcrumb","itemListElement":[{"@type":"ListItem","position":1,"name":"Home","item":"https:\/\/yoopies.pt\/c\/"},{"@type":"ListItem","position":2,"name":"Coronav\u00edrus: que cuidados devemos ter com c\u00e3es e gatos?"}]},{"@type":"WebSite","@id":"https:\/\/yoopies.pt\/c\/#website","url":"https:\/\/yoopies.pt\/c\/","name":"Yoopies Portugal","description":"","potentialAction":[{"@type":"SearchAction","target":{"@type":"EntryPoint","urlTemplate":"https:\/\/yoopies.pt\/c\/?s={search_term_string}"},"query-input":{"@type":"PropertyValueSpecification","valueRequired":true,"valueName":"search_term_string"}}],"inLanguage":"pt-PT"}]}},"_links":{"self":[{"href":"https:\/\/yoopies.pt\/c\/wp-json\/wp\/v2\/pages\/98","targetHints":{"allow":["GET"]}}],"collection":[{"href":"https:\/\/yoopies.pt\/c\/wp-json\/wp\/v2\/pages"}],"about":[{"href":"https:\/\/yoopies.pt\/c\/wp-json\/wp\/v2\/types\/page"}],"author":[{"embeddable":true,"href":"https:\/\/yoopies.pt\/c\/wp-json\/wp\/v2\/users\/10"}],"replies":[{"embeddable":true,"href":"https:\/\/yoopies.pt\/c\/wp-json\/wp\/v2\/comments?post=98"}],"version-history":[{"count":1,"href":"https:\/\/yoopies.pt\/c\/wp-json\/wp\/v2\/pages\/98\/revisions"}],"predecessor-version":[{"id":102,"href":"https:\/\/yoopies.pt\/c\/wp-json\/wp\/v2\/pages\/98\/revisions\/102"}],"wp:featuredmedia":[{"embeddable":true,"href":"https:\/\/yoopies.pt\/c\/wp-json\/wp\/v2\/media\/101"}],"wp:attachment":[{"href":"https:\/\/yoopies.pt\/c\/wp-json\/wp\/v2\/media?parent=98"}],"curies":[{"name":"wp","href":"https:\/\/api.w.org\/{rel}","templated":true}]}}