{"id":94,"date":"2020-04-30T11:48:40","date_gmt":"2020-04-30T11:48:40","guid":{"rendered":"https:\/\/blog.yoopies.pt\/covid-19-descubra-todas-as-informacoes-que-necessita-de-saber\/"},"modified":"2025-06-12T08:50:11","modified_gmt":"2025-06-12T08:50:11","slug":"covid-19-descubra-todas-as-informacoes-que-necessita-de-saber","status":"publish","type":"page","link":"https:\/\/yoopies.pt\/c\/covid-19-descubra-todas-as-informacoes-que-necessita-de-saber\/","title":{"rendered":"Descubra todas as informa\u00e7\u00f5es necess\u00e1rias sobre o Covid-19: desde os direitos legais dos trabalhadores dom\u00e9sticos at\u00e9 quest\u00f5es b\u00e1sicas sobre o v\u00edrus"},"content":{"rendered":"<figure><img decoding=\"async\" src=\"https:\/\/yoopies.pt\/c\/wp-content\/uploads\/sites\/15\/2020\/04\/5786b4e1-b64d-474c-988b-790470edd384-voronavirus-portugal-3.jpg\" \/><\/figure>\n<p><p>Face &agrave; crise sanit&aacute;ria que enfrentamos e ao cen&aacute;rio preocupante em torno dos casos crescentes de Covid-19, surgem cada vez mais d&uacute;vidas, not&iacute;cias falsas, rumores e informa&ccedil;&otilde;es exageradas, que podem causar p&acirc;nico e gerar in&uacute;meras quest&otilde;es que, infelizmente, nem sempre sabemos a quem perguntar ou onde nos informar. Por esta raz&atilde;o, a <a target=\"_blank\" rel=\"noopener\" href=\"https:\/\/yoopies.pt\/\">Yoopies<\/a> resumiu algumas das principais quest&otilde;es que podem ajudar a popula&ccedil;&atilde;o a enfrentar o per&iacute;odo de incerteza que estamos a viver actualmente.<\/p>\n<\/p>\n<p><p>Como uma plataforma que facilita o contacto entre a oferta e a procura de servi&ccedil;os dom&eacute;sticos, pensamos em ajudar tanto as fam&iacute;lias como os trabalhadores dom&eacute;sticos. Assim, se &eacute; uma trabalhadora dom&eacute;stica ou uma fam&iacute;lia que emprega uma baby-sitter ou uma empregada de limpeza, aqui tamb&eacute;m encontrar&aacute; informa&ccedil;&otilde;es legais sobre os direitos da categoria no que diz respeito ao Covid-19. <\/p>\n<\/p>\n<p><p><strong>Encontre nesta p&aacute;gina, ao clicar no link apropriado, todas as informa&ccedil;&otilde;es que precisa de saber sobre os servi&ccedil;os dom&eacute;sticos e a pandemia de Covid-19. <\/strong>\ud83d\udc47<\/p>\n<\/p>\n<ul>\n<li><a target=\"_blank\" rel=\"noopener\" href=\"https:\/\/yoopies.pt\/c\/covid-19-perguntas-frequentes-transmissao-e-prevencao\">Covid-19: perguntas frequentes, transmiss&atilde;o da doen&ccedil;a e medidas de preven&ccedil;&atilde;o. <\/a><\/li>\n<\/ul>\n<ul>\n<li><a target=\"_blank\" rel=\"noopener\" href=\"https:\/\/yoopies.pt\/c\/covid-19-descubra-as-medidas-do-estado-de-emergencia\">Covid-19: descubra o que pode e o que n&atilde;o pode fazer durante o estado de emerg&ecirc;ncia. <\/a><\/li>\n<\/ul>\n<ul>\n<li><a target=\"_blank\" rel=\"noopener\" href=\"https:\/\/yoopies.pt\/c\/empregadas-domesticas-descubram-as-medidas-de-apoio\">Covid-19: descubra os direitos dos trabalhadores dom&eacute;sticos face &agrave; crise do novo coronav&iacute;rus. <\/a><\/li>\n<\/ul>\n<ul>\n<li><a target=\"_blank\" rel=\"noopener\" href=\"https:\/\/yoopies.pt\/c\/coronavirus-como-explicar-e-orientar-as-criancas\">Covid-19: como explicar e orientar as crian&ccedil;as sobre o novo coronav&iacute;rus? <\/a><\/li>\n<\/ul>\n<ul>\n<li><a target=\"_blank\" rel=\"noopener\" href=\"https:\/\/yoopies.pt\/c\/guia-para-os-pais-durante-o-isolamento-social-do-covid19\">Covid-19: um guia para os pais enfrentarem o isolamento social com as crian&ccedil;as. <\/a><\/li>\n<\/ul>\n<ul>\n<li><a target=\"_blank\" rel=\"noopener\" href=\"https:\/\/yoopies.pt\/c\/coronavirus-que-cuidados-devemos-ter-com-caes-e-gatos\">Covid-19: que cuidados devemos ter com c&atilde;es e gatos?<\/a><\/li>\n<\/ul>\n","protected":false},"excerpt":{"rendered":"<p>Face &agrave; crise sanit&aacute;ria que enfrentamos e ao cen&aacute;rio preocupante em torno dos casos crescentes &hellip; <\/p>\n","protected":false},"author":10,"featured_media":96,"parent":0,"menu_order":0,"comment_status":"closed","ping_status":"closed","template":"","meta":{"_acf_changed":false,"footnotes":""},"class_list":["post-94","page","type-page","status-publish","has-post-thumbnail","hentry"],"acf":[],"yoast_head":"<!-- This site is optimized with the Yoast SEO plugin v26.9 - https:\/\/yoast.com\/product\/yoast-seo-wordpress\/ -->\n<title>Covid-19: descubra as informa\u00e7\u00f5es que necessita de saber!<\/title>\n<meta name=\"description\" content=\"A Yoopies resumiu as informa\u00e7\u00f5es necess\u00e1rias sobre o Covid-19: desde os direitos legais dos trabalhadores dom\u00e9sticos at\u00e9 quest\u00f5es b\u00e1sicas sobre o v\u00edrus.\" \/>\n<meta name=\"robots\" content=\"index, follow, max-snippet:-1, max-image-preview:large, max-video-preview:-1\" \/>\n<link rel=\"canonical\" href=\"https:\/\/yoopies.pt\/c\/covid-19-descubra-todas-as-informacoes-que-necessita-de-saber\/\" \/>\n<meta property=\"og:locale\" content=\"pt_PT\" \/>\n<meta property=\"og:type\" content=\"article\" \/>\n<meta property=\"og:title\" content=\"Covid-19: descubra as informa\u00e7\u00f5es que necessita de saber!\" \/>\n<meta property=\"og:description\" content=\"A Yoopies resumiu as informa\u00e7\u00f5es necess\u00e1rias sobre o Covid-19: desde os direitos legais dos trabalhadores dom\u00e9sticos at\u00e9 quest\u00f5es b\u00e1sicas sobre o v\u00edrus.\" \/>\n<meta property=\"og:url\" content=\"https:\/\/yoopies.pt\/c\/covid-19-descubra-todas-as-informacoes-que-necessita-de-saber\/\" \/>\n<meta property=\"og:site_name\" content=\"Yoopies Portugal\" \/>\n<meta property=\"article:modified_time\" content=\"2025-06-12T08:50:11+00:00\" \/>\n<meta property=\"og:image\" content=\"https:\/\/yoopies.pt\/c\/wp-content\/uploads\/sites\/15\/2020\/04\/f7085070-8af8-46c7-a72f-5dcc9e7f2c8a-portugal-coronavirus.jpg\" \/>\n\t<meta property=\"og:image:width\" content=\"1200\" \/>\n\t<meta property=\"og:image:height\" content=\"1006\" \/>\n\t<meta property=\"og:image:type\" content=\"image\/jpeg\" \/>\n<meta name=\"twitter:card\" content=\"summary_large_image\" \/>\n<meta name=\"twitter:label1\" content=\"Tempo estimado de leitura\" \/>\n\t<meta name=\"twitter:data1\" content=\"2 minutos\" \/>\n<script type=\"application\/ld+json\" class=\"yoast-schema-graph\">{\"@context\":\"https:\/\/schema.org\",\"@graph\":[{\"@type\":\"WebPage\",\"@id\":\"https:\/\/yoopies.pt\/c\/covid-19-descubra-todas-as-informacoes-que-necessita-de-saber\/\",\"url\":\"https:\/\/yoopies.pt\/c\/covid-19-descubra-todas-as-informacoes-que-necessita-de-saber\/\",\"name\":\"Covid-19: descubra as informa\u00e7\u00f5es que necessita de saber!\",\"isPartOf\":{\"@id\":\"https:\/\/yoopies.pt\/c\/#website\"},\"primaryImageOfPage\":{\"@id\":\"https:\/\/yoopies.pt\/c\/covid-19-descubra-todas-as-informacoes-que-necessita-de-saber\/#primaryimage\"},\"image\":{\"@id\":\"https:\/\/yoopies.pt\/c\/covid-19-descubra-todas-as-informacoes-que-necessita-de-saber\/#primaryimage\"},\"thumbnailUrl\":\"https:\/\/yoopies.pt\/c\/wp-content\/uploads\/sites\/15\/2020\/04\/f7085070-8af8-46c7-a72f-5dcc9e7f2c8a-portugal-coronavirus.jpg\",\"datePublished\":\"2020-04-30T11:48:40+00:00\",\"dateModified\":\"2025-06-12T08:50:11+00:00\",\"description\":\"A Yoopies resumiu as informa\u00e7\u00f5es necess\u00e1rias sobre o Covid-19: desde os direitos legais dos trabalhadores dom\u00e9sticos at\u00e9 quest\u00f5es b\u00e1sicas sobre o v\u00edrus.\",\"breadcrumb\":{\"@id\":\"https:\/\/yoopies.pt\/c\/covid-19-descubra-todas-as-informacoes-que-necessita-de-saber\/#breadcrumb\"},\"inLanguage\":\"pt-PT\",\"potentialAction\":[{\"@type\":\"ReadAction\",\"target\":[\"https:\/\/yoopies.pt\/c\/covid-19-descubra-todas-as-informacoes-que-necessita-de-saber\/\"]}]},{\"@type\":\"ImageObject\",\"inLanguage\":\"pt-PT\",\"@id\":\"https:\/\/yoopies.pt\/c\/covid-19-descubra-todas-as-informacoes-que-necessita-de-saber\/#primaryimage\",\"url\":\"https:\/\/yoopies.pt\/c\/wp-content\/uploads\/sites\/15\/2020\/04\/f7085070-8af8-46c7-a72f-5dcc9e7f2c8a-portugal-coronavirus.jpg\",\"contentUrl\":\"https:\/\/yoopies.pt\/c\/wp-content\/uploads\/sites\/15\/2020\/04\/f7085070-8af8-46c7-a72f-5dcc9e7f2c8a-portugal-coronavirus.jpg\",\"width\":1200,\"height\":1006},{\"@type\":\"BreadcrumbList\",\"@id\":\"https:\/\/yoopies.pt\/c\/covid-19-descubra-todas-as-informacoes-que-necessita-de-saber\/#breadcrumb\",\"itemListElement\":[{\"@type\":\"ListItem\",\"position\":1,\"name\":\"Home\",\"item\":\"https:\/\/yoopies.pt\/c\/\"},{\"@type\":\"ListItem\",\"position\":2,\"name\":\"Descubra todas as informa\u00e7\u00f5es necess\u00e1rias sobre o Covid-19: desde os direitos legais dos trabalhadores dom\u00e9sticos at\u00e9 quest\u00f5es b\u00e1sicas sobre o v\u00edrus\"}]},{\"@type\":\"WebSite\",\"@id\":\"https:\/\/yoopies.pt\/c\/#website\",\"url\":\"https:\/\/yoopies.pt\/c\/\",\"name\":\"Yoopies Portugal\",\"description\":\"\",\"potentialAction\":[{\"@type\":\"SearchAction\",\"target\":{\"@type\":\"EntryPoint\",\"urlTemplate\":\"https:\/\/yoopies.pt\/c\/?s={search_term_string}\"},\"query-input\":{\"@type\":\"PropertyValueSpecification\",\"valueRequired\":true,\"valueName\":\"search_term_string\"}}],\"inLanguage\":\"pt-PT\"}]}<\/script>\n<!-- \/ Yoast SEO plugin. -->","yoast_head_json":{"title":"Covid-19: descubra as informa\u00e7\u00f5es que necessita de saber!","description":"A Yoopies resumiu as informa\u00e7\u00f5es necess\u00e1rias sobre o Covid-19: desde os direitos legais dos trabalhadores dom\u00e9sticos at\u00e9 quest\u00f5es b\u00e1sicas sobre o v\u00edrus.","robots":{"index":"index","follow":"follow","max-snippet":"max-snippet:-1","max-image-preview":"max-image-preview:large","max-video-preview":"max-video-preview:-1"},"canonical":"https:\/\/yoopies.pt\/c\/covid-19-descubra-todas-as-informacoes-que-necessita-de-saber\/","og_locale":"pt_PT","og_type":"article","og_title":"Covid-19: descubra as informa\u00e7\u00f5es que necessita de saber!","og_description":"A Yoopies resumiu as informa\u00e7\u00f5es necess\u00e1rias sobre o Covid-19: desde os direitos legais dos trabalhadores dom\u00e9sticos at\u00e9 quest\u00f5es b\u00e1sicas sobre o v\u00edrus.","og_url":"https:\/\/yoopies.pt\/c\/covid-19-descubra-todas-as-informacoes-que-necessita-de-saber\/","og_site_name":"Yoopies Portugal","article_modified_time":"2025-06-12T08:50:11+00:00","og_image":[{"width":1200,"height":1006,"url":"https:\/\/yoopies.pt\/c\/wp-content\/uploads\/sites\/15\/2020\/04\/f7085070-8af8-46c7-a72f-5dcc9e7f2c8a-portugal-coronavirus.jpg","type":"image\/jpeg"}],"twitter_card":"summary_large_image","twitter_misc":{"Tempo estimado de leitura":"2 minutos"},"schema":{"@context":"https:\/\/schema.org","@graph":[{"@type":"WebPage","@id":"https:\/\/yoopies.pt\/c\/covid-19-descubra-todas-as-informacoes-que-necessita-de-saber\/","url":"https:\/\/yoopies.pt\/c\/covid-19-descubra-todas-as-informacoes-que-necessita-de-saber\/","name":"Covid-19: descubra as informa\u00e7\u00f5es que necessita de saber!","isPartOf":{"@id":"https:\/\/yoopies.pt\/c\/#website"},"primaryImageOfPage":{"@id":"https:\/\/yoopies.pt\/c\/covid-19-descubra-todas-as-informacoes-que-necessita-de-saber\/#primaryimage"},"image":{"@id":"https:\/\/yoopies.pt\/c\/covid-19-descubra-todas-as-informacoes-que-necessita-de-saber\/#primaryimage"},"thumbnailUrl":"https:\/\/yoopies.pt\/c\/wp-content\/uploads\/sites\/15\/2020\/04\/f7085070-8af8-46c7-a72f-5dcc9e7f2c8a-portugal-coronavirus.jpg","datePublished":"2020-04-30T11:48:40+00:00","dateModified":"2025-06-12T08:50:11+00:00","description":"A Yoopies resumiu as informa\u00e7\u00f5es necess\u00e1rias sobre o Covid-19: desde os direitos legais dos trabalhadores dom\u00e9sticos at\u00e9 quest\u00f5es b\u00e1sicas sobre o v\u00edrus.","breadcrumb":{"@id":"https:\/\/yoopies.pt\/c\/covid-19-descubra-todas-as-informacoes-que-necessita-de-saber\/#breadcrumb"},"inLanguage":"pt-PT","potentialAction":[{"@type":"ReadAction","target":["https:\/\/yoopies.pt\/c\/covid-19-descubra-todas-as-informacoes-que-necessita-de-saber\/"]}]},{"@type":"ImageObject","inLanguage":"pt-PT","@id":"https:\/\/yoopies.pt\/c\/covid-19-descubra-todas-as-informacoes-que-necessita-de-saber\/#primaryimage","url":"https:\/\/yoopies.pt\/c\/wp-content\/uploads\/sites\/15\/2020\/04\/f7085070-8af8-46c7-a72f-5dcc9e7f2c8a-portugal-coronavirus.jpg","contentUrl":"https:\/\/yoopies.pt\/c\/wp-content\/uploads\/sites\/15\/2020\/04\/f7085070-8af8-46c7-a72f-5dcc9e7f2c8a-portugal-coronavirus.jpg","width":1200,"height":1006},{"@type":"BreadcrumbList","@id":"https:\/\/yoopies.pt\/c\/covid-19-descubra-todas-as-informacoes-que-necessita-de-saber\/#breadcrumb","itemListElement":[{"@type":"ListItem","position":1,"name":"Home","item":"https:\/\/yoopies.pt\/c\/"},{"@type":"ListItem","position":2,"name":"Descubra todas as informa\u00e7\u00f5es necess\u00e1rias sobre o Covid-19: desde os direitos legais dos trabalhadores dom\u00e9sticos at\u00e9 quest\u00f5es b\u00e1sicas sobre o v\u00edrus"}]},{"@type":"WebSite","@id":"https:\/\/yoopies.pt\/c\/#website","url":"https:\/\/yoopies.pt\/c\/","name":"Yoopies Portugal","description":"","potentialAction":[{"@type":"SearchAction","target":{"@type":"EntryPoint","urlTemplate":"https:\/\/yoopies.pt\/c\/?s={search_term_string}"},"query-input":{"@type":"PropertyValueSpecification","valueRequired":true,"valueName":"search_term_string"}}],"inLanguage":"pt-PT"}]}},"_links":{"self":[{"href":"https:\/\/yoopies.pt\/c\/wp-json\/wp\/v2\/pages\/94","targetHints":{"allow":["GET"]}}],"collection":[{"href":"https:\/\/yoopies.pt\/c\/wp-json\/wp\/v2\/pages"}],"about":[{"href":"https:\/\/yoopies.pt\/c\/wp-json\/wp\/v2\/types\/page"}],"author":[{"embeddable":true,"href":"https:\/\/yoopies.pt\/c\/wp-json\/wp\/v2\/users\/10"}],"replies":[{"embeddable":true,"href":"https:\/\/yoopies.pt\/c\/wp-json\/wp\/v2\/comments?post=94"}],"version-history":[{"count":1,"href":"https:\/\/yoopies.pt\/c\/wp-json\/wp\/v2\/pages\/94\/revisions"}],"predecessor-version":[{"id":97,"href":"https:\/\/yoopies.pt\/c\/wp-json\/wp\/v2\/pages\/94\/revisions\/97"}],"wp:featuredmedia":[{"embeddable":true,"href":"https:\/\/yoopies.pt\/c\/wp-json\/wp\/v2\/media\/96"}],"wp:attachment":[{"href":"https:\/\/yoopies.pt\/c\/wp-json\/wp\/v2\/media?parent=94"}],"curies":[{"name":"wp","href":"https:\/\/api.w.org\/{rel}","templated":true}]}}