{"id":90,"date":"2020-08-28T10:50:35","date_gmt":"2020-08-28T10:50:35","guid":{"rendered":"https:\/\/blog.yoopies.pt\/regresso-as-aulas-2020-enviar-as-criancas-de-volta-as-escolas\/"},"modified":"2025-06-12T08:50:12","modified_gmt":"2025-06-12T08:50:12","slug":"regresso-as-aulas-2020-enviar-as-criancas-de-volta-as-escolas","status":"publish","type":"page","link":"https:\/\/yoopies.pt\/c\/regresso-as-aulas-2020-enviar-as-criancas-de-volta-as-escolas\/","title":{"rendered":"REGRESSO \u00c0S AULAS 2020\/2021: MAIS DA METADE DOS PAIS PORTUGUESES N\u00c3O QUER QUE OS FILHOS REGRESSEM \u00c0 ESCOLA"},"content":{"rendered":"<p><p><em>Algumas semanas antes do in&iacute;cio do novo ano letivo, os pais partilham as suas opini&otilde;es sobre o regresso presencial &agrave;s escolas e as dificuldades que enfrentar&atilde;o, caso as escolas e os jardins de inf&acirc;ncia n&atilde;o reabram devido &agrave; pandemia de Covid-19. Na pesquisa realizada pela <strong><a href=\"https:\/\/yoopies.pt\/babysitting\">Yoopies<\/a><\/strong> &#8211; plataforma internacional que permite conciliar a procura e a oferta de cuidados infantis e servi&ccedil;os dom&eacute;sticos &#8211; <strong>apenas 44% dos participantes esperam que os seus filhos possam regressar &agrave; escola no futuro pr&oacute;ximo<\/strong>. Por sua vez, <strong>56% dos inquiridos temem uma segunda vaga da doen&ccedil;a e mostram-se preocupados com a seguran&ccedil;a das crian&ccedil;as e com o bem-estar geral da fam&iacute;lia<\/strong>.&nbsp;<\/em><\/p>\n<\/p>\n<p><p><em>Dos pais europeus que participaram da pesquisa, os portugueses s&atilde;o os &uacute;nicos que demonstram maior preocupa&ccedil;&atilde;o com o regresso &agrave;s aulas presenciais, a percentagem de pais que querem que as escolas reabram &eacute; a seguinte: <strong>Fran&ccedil;a: 78%, Litu&acirc;nia: 77%, Reino Unido: 76%, It&aacute;lia 63% e Espanha 59%.<\/strong><\/em><\/p>\n<\/p>\n<p><p>Descubra estas e outras curiosidades no infogr&aacute;fico abaixo:<\/p>\n<p class=\"block-img\"><img decoding=\"async\" src=\"https:\/\/yoopies.pt\/c\/wp-content\/uploads\/sites\/15\/2020\/08\/88251c35-e731-4759-8654-a4e810142b1e_PTSurveyBTS.jpg\" alt=\"\"><\/p>\n<\/p>\n<p><a class=\"button\" href=\"https:\/\/yoopies.pt\/babysitting\">Encontre babysitters dispon\u00edveis e perto de si! <\/a><\/p>\n<p><p><strong>Veja tamb&eacute;m: <\/strong><\/p>\n<p>\ud83d\udc49 R<a href=\"https:\/\/yoopies.pt\/c\/regresso-as-aulas-o-que-esperar-do-ano-letivo-20202021\">egresso &agrave;s Aulas: o que esperar do ano letivo 2020\/2021?<br \/>\n<\/a>\ud83d\udc49 Re<a href=\"https:\/\/yoopies.pt\/c\/regresso-as-aulas-dicas-para-um-retorno-as-escola-sem-covid-19\">gresso &agrave;s aulas: dicas para um retorno &agrave;s escola sem Covid-19<\/a><\/p><\/p>\n","protected":false},"excerpt":{"rendered":"<p>Algumas semanas antes do in&iacute;cio do novo ano letivo, os pais partilham as suas opini&otilde;es &hellip; <\/p>\n","protected":false},"author":10,"featured_media":92,"parent":0,"menu_order":0,"comment_status":"closed","ping_status":"closed","template":"","meta":{"_acf_changed":false,"footnotes":""},"class_list":["post-90","page","type-page","status-publish","has-post-thumbnail","hentry"],"acf":[],"yoast_head":"<!-- This site is optimized with the Yoast SEO plugin v26.9 - https:\/\/yoast.com\/product\/yoast-seo-wordpress\/ -->\n<title>Enviar as crian\u00e7as de volta \u00e0s escolas para salvar a economia?<\/title>\n<meta name=\"description\" content=\"Semanas antes do in\u00edcio do novo ano letivo 2020\/2021, os pais portugueses partilham as suas opini\u00f5es sobre o regresso das crian\u00e7as \u00e0s salas de aula.\" \/>\n<meta name=\"robots\" content=\"index, follow, max-snippet:-1, max-image-preview:large, max-video-preview:-1\" \/>\n<link rel=\"canonical\" href=\"https:\/\/yoopies.pt\/c\/regresso-as-aulas-2020-enviar-as-criancas-de-volta-as-escolas\/\" \/>\n<meta property=\"og:locale\" content=\"pt_PT\" \/>\n<meta property=\"og:type\" content=\"article\" \/>\n<meta property=\"og:title\" content=\"Enviar as crian\u00e7as de volta \u00e0s escolas para salvar a economia?\" \/>\n<meta property=\"og:description\" content=\"Semanas antes do in\u00edcio do novo ano letivo 2020\/2021, os pais portugueses partilham as suas opini\u00f5es sobre o regresso das crian\u00e7as \u00e0s salas de aula.\" \/>\n<meta property=\"og:url\" content=\"https:\/\/yoopies.pt\/c\/regresso-as-aulas-2020-enviar-as-criancas-de-volta-as-escolas\/\" \/>\n<meta property=\"og:site_name\" content=\"Yoopies Portugal\" \/>\n<meta property=\"article:modified_time\" content=\"2025-06-12T08:50:12+00:00\" \/>\n<meta property=\"og:image\" content=\"https:\/\/yoopies.pt\/c\/wp-content\/uploads\/sites\/15\/2020\/08\/9fb54a50-1888-4040-a5c8-942e3ccea5bb-untitleddesign28229.jpg\" \/>\n\t<meta property=\"og:image:width\" content=\"1200\" \/>\n\t<meta property=\"og:image:height\" content=\"675\" \/>\n\t<meta property=\"og:image:type\" content=\"image\/jpeg\" \/>\n<meta name=\"twitter:card\" content=\"summary_large_image\" \/>\n<meta name=\"twitter:label1\" content=\"Tempo estimado de leitura\" \/>\n\t<meta name=\"twitter:data1\" content=\"1 minuto\" \/>\n<script type=\"application\/ld+json\" class=\"yoast-schema-graph\">{\"@context\":\"https:\/\/schema.org\",\"@graph\":[{\"@type\":\"WebPage\",\"@id\":\"https:\/\/yoopies.pt\/c\/regresso-as-aulas-2020-enviar-as-criancas-de-volta-as-escolas\/\",\"url\":\"https:\/\/yoopies.pt\/c\/regresso-as-aulas-2020-enviar-as-criancas-de-volta-as-escolas\/\",\"name\":\"Enviar as crian\u00e7as de volta \u00e0s escolas para salvar a economia?\",\"isPartOf\":{\"@id\":\"https:\/\/yoopies.pt\/c\/#website\"},\"primaryImageOfPage\":{\"@id\":\"https:\/\/yoopies.pt\/c\/regresso-as-aulas-2020-enviar-as-criancas-de-volta-as-escolas\/#primaryimage\"},\"image\":{\"@id\":\"https:\/\/yoopies.pt\/c\/regresso-as-aulas-2020-enviar-as-criancas-de-volta-as-escolas\/#primaryimage\"},\"thumbnailUrl\":\"https:\/\/yoopies.pt\/c\/wp-content\/uploads\/sites\/15\/2020\/08\/9fb54a50-1888-4040-a5c8-942e3ccea5bb-untitleddesign28229.jpg\",\"datePublished\":\"2020-08-28T10:50:35+00:00\",\"dateModified\":\"2025-06-12T08:50:12+00:00\",\"description\":\"Semanas antes do in\u00edcio do novo ano letivo 2020\/2021, os pais portugueses partilham as suas opini\u00f5es sobre o regresso das crian\u00e7as \u00e0s salas de aula.\",\"breadcrumb\":{\"@id\":\"https:\/\/yoopies.pt\/c\/regresso-as-aulas-2020-enviar-as-criancas-de-volta-as-escolas\/#breadcrumb\"},\"inLanguage\":\"pt-PT\",\"potentialAction\":[{\"@type\":\"ReadAction\",\"target\":[\"https:\/\/yoopies.pt\/c\/regresso-as-aulas-2020-enviar-as-criancas-de-volta-as-escolas\/\"]}]},{\"@type\":\"ImageObject\",\"inLanguage\":\"pt-PT\",\"@id\":\"https:\/\/yoopies.pt\/c\/regresso-as-aulas-2020-enviar-as-criancas-de-volta-as-escolas\/#primaryimage\",\"url\":\"https:\/\/yoopies.pt\/c\/wp-content\/uploads\/sites\/15\/2020\/08\/9fb54a50-1888-4040-a5c8-942e3ccea5bb-untitleddesign28229.jpg\",\"contentUrl\":\"https:\/\/yoopies.pt\/c\/wp-content\/uploads\/sites\/15\/2020\/08\/9fb54a50-1888-4040-a5c8-942e3ccea5bb-untitleddesign28229.jpg\",\"width\":1200,\"height\":675},{\"@type\":\"BreadcrumbList\",\"@id\":\"https:\/\/yoopies.pt\/c\/regresso-as-aulas-2020-enviar-as-criancas-de-volta-as-escolas\/#breadcrumb\",\"itemListElement\":[{\"@type\":\"ListItem\",\"position\":1,\"name\":\"Home\",\"item\":\"https:\/\/yoopies.pt\/c\/\"},{\"@type\":\"ListItem\",\"position\":2,\"name\":\"REGRESSO \u00c0S AULAS 2020\/2021: MAIS DA METADE DOS PAIS PORTUGUESES N\u00c3O QUER QUE OS FILHOS REGRESSEM \u00c0 ESCOLA\"}]},{\"@type\":\"WebSite\",\"@id\":\"https:\/\/yoopies.pt\/c\/#website\",\"url\":\"https:\/\/yoopies.pt\/c\/\",\"name\":\"Yoopies Portugal\",\"description\":\"\",\"potentialAction\":[{\"@type\":\"SearchAction\",\"target\":{\"@type\":\"EntryPoint\",\"urlTemplate\":\"https:\/\/yoopies.pt\/c\/?s={search_term_string}\"},\"query-input\":{\"@type\":\"PropertyValueSpecification\",\"valueRequired\":true,\"valueName\":\"search_term_string\"}}],\"inLanguage\":\"pt-PT\"}]}<\/script>\n<!-- \/ Yoast SEO plugin. -->","yoast_head_json":{"title":"Enviar as crian\u00e7as de volta \u00e0s escolas para salvar a economia?","description":"Semanas antes do in\u00edcio do novo ano letivo 2020\/2021, os pais portugueses partilham as suas opini\u00f5es sobre o regresso das crian\u00e7as \u00e0s salas de aula.","robots":{"index":"index","follow":"follow","max-snippet":"max-snippet:-1","max-image-preview":"max-image-preview:large","max-video-preview":"max-video-preview:-1"},"canonical":"https:\/\/yoopies.pt\/c\/regresso-as-aulas-2020-enviar-as-criancas-de-volta-as-escolas\/","og_locale":"pt_PT","og_type":"article","og_title":"Enviar as crian\u00e7as de volta \u00e0s escolas para salvar a economia?","og_description":"Semanas antes do in\u00edcio do novo ano letivo 2020\/2021, os pais portugueses partilham as suas opini\u00f5es sobre o regresso das crian\u00e7as \u00e0s salas de aula.","og_url":"https:\/\/yoopies.pt\/c\/regresso-as-aulas-2020-enviar-as-criancas-de-volta-as-escolas\/","og_site_name":"Yoopies Portugal","article_modified_time":"2025-06-12T08:50:12+00:00","og_image":[{"width":1200,"height":675,"url":"https:\/\/yoopies.pt\/c\/wp-content\/uploads\/sites\/15\/2020\/08\/9fb54a50-1888-4040-a5c8-942e3ccea5bb-untitleddesign28229.jpg","type":"image\/jpeg"}],"twitter_card":"summary_large_image","twitter_misc":{"Tempo estimado de leitura":"1 minuto"},"schema":{"@context":"https:\/\/schema.org","@graph":[{"@type":"WebPage","@id":"https:\/\/yoopies.pt\/c\/regresso-as-aulas-2020-enviar-as-criancas-de-volta-as-escolas\/","url":"https:\/\/yoopies.pt\/c\/regresso-as-aulas-2020-enviar-as-criancas-de-volta-as-escolas\/","name":"Enviar as crian\u00e7as de volta \u00e0s escolas para salvar a economia?","isPartOf":{"@id":"https:\/\/yoopies.pt\/c\/#website"},"primaryImageOfPage":{"@id":"https:\/\/yoopies.pt\/c\/regresso-as-aulas-2020-enviar-as-criancas-de-volta-as-escolas\/#primaryimage"},"image":{"@id":"https:\/\/yoopies.pt\/c\/regresso-as-aulas-2020-enviar-as-criancas-de-volta-as-escolas\/#primaryimage"},"thumbnailUrl":"https:\/\/yoopies.pt\/c\/wp-content\/uploads\/sites\/15\/2020\/08\/9fb54a50-1888-4040-a5c8-942e3ccea5bb-untitleddesign28229.jpg","datePublished":"2020-08-28T10:50:35+00:00","dateModified":"2025-06-12T08:50:12+00:00","description":"Semanas antes do in\u00edcio do novo ano letivo 2020\/2021, os pais portugueses partilham as suas opini\u00f5es sobre o regresso das crian\u00e7as \u00e0s salas de aula.","breadcrumb":{"@id":"https:\/\/yoopies.pt\/c\/regresso-as-aulas-2020-enviar-as-criancas-de-volta-as-escolas\/#breadcrumb"},"inLanguage":"pt-PT","potentialAction":[{"@type":"ReadAction","target":["https:\/\/yoopies.pt\/c\/regresso-as-aulas-2020-enviar-as-criancas-de-volta-as-escolas\/"]}]},{"@type":"ImageObject","inLanguage":"pt-PT","@id":"https:\/\/yoopies.pt\/c\/regresso-as-aulas-2020-enviar-as-criancas-de-volta-as-escolas\/#primaryimage","url":"https:\/\/yoopies.pt\/c\/wp-content\/uploads\/sites\/15\/2020\/08\/9fb54a50-1888-4040-a5c8-942e3ccea5bb-untitleddesign28229.jpg","contentUrl":"https:\/\/yoopies.pt\/c\/wp-content\/uploads\/sites\/15\/2020\/08\/9fb54a50-1888-4040-a5c8-942e3ccea5bb-untitleddesign28229.jpg","width":1200,"height":675},{"@type":"BreadcrumbList","@id":"https:\/\/yoopies.pt\/c\/regresso-as-aulas-2020-enviar-as-criancas-de-volta-as-escolas\/#breadcrumb","itemListElement":[{"@type":"ListItem","position":1,"name":"Home","item":"https:\/\/yoopies.pt\/c\/"},{"@type":"ListItem","position":2,"name":"REGRESSO \u00c0S AULAS 2020\/2021: MAIS DA METADE DOS PAIS PORTUGUESES N\u00c3O QUER QUE OS FILHOS REGRESSEM \u00c0 ESCOLA"}]},{"@type":"WebSite","@id":"https:\/\/yoopies.pt\/c\/#website","url":"https:\/\/yoopies.pt\/c\/","name":"Yoopies Portugal","description":"","potentialAction":[{"@type":"SearchAction","target":{"@type":"EntryPoint","urlTemplate":"https:\/\/yoopies.pt\/c\/?s={search_term_string}"},"query-input":{"@type":"PropertyValueSpecification","valueRequired":true,"valueName":"search_term_string"}}],"inLanguage":"pt-PT"}]}},"_links":{"self":[{"href":"https:\/\/yoopies.pt\/c\/wp-json\/wp\/v2\/pages\/90","targetHints":{"allow":["GET"]}}],"collection":[{"href":"https:\/\/yoopies.pt\/c\/wp-json\/wp\/v2\/pages"}],"about":[{"href":"https:\/\/yoopies.pt\/c\/wp-json\/wp\/v2\/types\/page"}],"author":[{"embeddable":true,"href":"https:\/\/yoopies.pt\/c\/wp-json\/wp\/v2\/users\/10"}],"replies":[{"embeddable":true,"href":"https:\/\/yoopies.pt\/c\/wp-json\/wp\/v2\/comments?post=90"}],"version-history":[{"count":1,"href":"https:\/\/yoopies.pt\/c\/wp-json\/wp\/v2\/pages\/90\/revisions"}],"predecessor-version":[{"id":93,"href":"https:\/\/yoopies.pt\/c\/wp-json\/wp\/v2\/pages\/90\/revisions\/93"}],"wp:featuredmedia":[{"embeddable":true,"href":"https:\/\/yoopies.pt\/c\/wp-json\/wp\/v2\/media\/92"}],"wp:attachment":[{"href":"https:\/\/yoopies.pt\/c\/wp-json\/wp\/v2\/media?parent=90"}],"curies":[{"name":"wp","href":"https:\/\/api.w.org\/{rel}","templated":true}]}}