{"id":85,"date":"2020-07-31T07:47:40","date_gmt":"2020-07-31T07:47:40","guid":{"rendered":"https:\/\/blog.yoopies.pt\/como-as-criancas-podem-ajudar-em-casa\/"},"modified":"2025-06-12T08:50:10","modified_gmt":"2025-06-12T08:50:10","slug":"como-as-criancas-podem-ajudar-em-casa","status":"publish","type":"page","link":"https:\/\/yoopies.pt\/c\/como-as-criancas-podem-ajudar-em-casa\/","title":{"rendered":"Como as crian\u00e7as podem ajudar nas tarefas dom\u00e9sticas?"},"content":{"rendered":"<figure><img decoding=\"async\" src=\"https:\/\/yoopies.pt\/c\/wp-content\/uploads\/sites\/15\/2020\/07\/55d766890ef62c41546c172c8777430ba2e09001-shutterstock-1362712820-ld.jpg\" \/><\/figure>\n<p><p><strong>Em uma altura em que as fam&iacute;lias procuram cada vez mais conciliar a vida profissional e familiar e distribuir tarefas dom&eacute;sticas de forma igualit&aacute;ria, &eacute; essencial transmitir aos nossos filhos a import&acirc;ncia da colabora&ccedil;&atilde;o em casa. <\/strong><\/p>\n<\/p>\n<p><p>O objetivo deve ser incentivar este tipo de responsabilidade desde a inf&acirc;ncia para que as tarefas dom&eacute;sticas se tornem algo natural no dia-a-dia, sem assumir pap&eacute;is ou distribuir tarefas em fun&ccedil;&atilde;o da idade ou do sexo.<\/p>\n<\/p>\n<p><p>Longe v&atilde;o aqueles dias em que, sendo muito jovens, os nossos filhos estavam totalmente dispostos a ajudar-nos <strong>gra&ccedil;as ao poder de imita&ccedil;&atilde;o <\/strong>que t&ecirc;m nas fases iniciais do seu crescimento. Mas nem tudo est&aacute; perdido! Embora alguns possam ficar mais pregui&ccedil;osos ao longo dos anos, tamb&eacute;m &eacute; poss&iacute;vel motiv&aacute;-los a partir de algumas dicas, como propomos a seguir: <\/p>\n<\/p>\n<p><p><strong>Como posso motivar o meu filho a fazer as tarefas dom&eacute;sticas?<\/strong><\/p>\n<p>Recomendamos que voc&ecirc; comece com uma atividade que tamb&eacute;m seja agrad&aacute;vel para si. <strong>Ajude-o sempre nas primeiras vezes para que se habitue ao tipo de tarefa. <\/strong>Al&eacute;m disso, nas primeiras vezes, &eacute; importante motiv&aacute;-lo com alguma recompensas pelo seu trabalho, como uma viagem ao parque com seus melhores amigos ou um tempo de jogos em fam&iacute;lia. Desta forma, ele ver&aacute; que se todos voc&ecirc;s se envolverem em casa, ter&atilde;o mais tempo livre.<\/p>\n<\/p>\n<p><p>Tamb&eacute;m &eacute; essencial que proponha <strong>tarefas muito claras, concretas<\/strong> e que possam ser explicadas de forma simples. Por exemplo, em vez de dizer &#8220;coloque a mesa&#8221;, comece com algo mais espec&iacute;fico, como &#8220;pegue os copos e coloque-os na mesa&#8221;. Naturalmente, os mi&uacute;dos devem ser <strong>aconselhados a valorizar o seu esfor&ccedil;o com palavras que sejam um refor&ccedil;o positivo. <\/strong><\/p>\n<\/p>\n<p><p><strong>ATEN&Ccedil;&Atilde;O: nunca fa&ccedil;a cr&iacute;ticas que n&atilde;o sejam construtivas! Ajude-o e ensine-o a melhorar pouco a pouco! <\/strong><\/p>\n<\/p>\n<p><p>Por outro lado, lembre que as tarefas dom&eacute;sticas n&atilde;o podem ser usadas como castigo quando ele se comporta mal, mas como uma miss&atilde;o compartilhada por todos os membros da fam&iacute;lia para uma boa conviv&ecirc;ncia. Use outros tipos de castigos que n&atilde;o lhe d&atilde;o essa vis&atilde;o negativa!<\/p>\n<\/p>\n<figure><img decoding=\"async\" src=\"https:\/\/yoopies.pt\/c\/wp-content\/uploads\/sites\/15\/2020\/07\/14b85553c6ccee2c6b98295699e6939a67485c26-shutterstock-683354542-ld.jpg\" \/><\/figure>\n<p><h2><strong>O que as crian&ccedil;as podem fazer de acordo com a idade?<\/strong><\/h2>\n<p>Quando pedimos ao nosso filho para fazer uma determinada tarefa, devemos ter em mente que ela deve ser atribu&iacute;da de acordo com sua idade, caracter&iacute;sticas e habilidades. Ent&atilde;o, aqui est&atilde;o algumas ideias para que ele comece a colaborar:<\/p>\n<\/p>\n<ul>\n<li>Uma crian&ccedil;a de <strong>2 ou 3 anos<\/strong> pode recolher brinquedos, trazer roupas para a sala e jogar coisas no lixo, por exemplo.<\/li>\n<\/ul>\n<ul>\n<li>Quando a crian&ccedil;a tem de <strong>4 a 5 anos<\/strong>, j&aacute; pode vestir-se sem a nossa ajuda, cuidar de si pr&oacute;pria e alimentar o seu animal de estima&ccedil;&atilde;o. Ela tamb&eacute;m pode p&ocirc;r a mesa se lhe fornecermos pratos, copos, guardanapos, etc. (&eacute; melhor deixar os talheres para mais tarde!).<\/li>\n<\/ul>\n<ul>\n<li>Entre os <strong>6 e 7 anos<\/strong>, ele est&aacute; pronto para organizar a pr&oacute;pria mochila, fazer a cama e remover a poeira das prateleiras em casa.<\/li>\n<\/ul>\n<ul>\n<li>Quando tiver <strong>8 e 9 anos <\/strong>de idade, poder&aacute; tomar banho sozinho ou cuidar do seu animal de estima&ccedil;&atilde;o. Al&eacute;m disso, se voc&ecirc; &eacute; um seguidor dos programas de culin&aacute;ria, que est&atilde;o cada vez mais em alta, ele tamb&eacute;m pode ajud&aacute;-lo a preparar o seu pequeno-almo&ccedil;o, lanche ou outro prato mais elaborado (no &uacute;ltimo caso, com a sua ajuda).<\/li>\n<\/ul>\n<ul>\n<li>Aos <strong>10 ou 11 anos <\/strong>ele poder&aacute; limpar o quarto, regar as plantas, pendurar as roupas e ajudar voc&ecirc; a cuidar de seu irm&atilde;o mais novo.<\/li>\n<\/ul>\n<ul>\n<li><strong>A partir dos 12 anos<\/strong> de idade a crian&ccedil;a pode retirar o lixo, fazer as compras e limpar os copos. <\/li>\n<\/ul>\n<p><p>&Eacute; claro que as atividades que apontamos devem ser adaptadas &agrave;s caracter&iacute;sticas e ao n&iacute;vel de desenvolvimento da crian&ccedil;a, sempre a valorizar aquelas que s&atilde;o consideradas mais alinhadas com a crian&ccedil;a e suas habilidades.<\/p>\n<\/p>\n<p><a class=\"button\" href=\"https:\/\/yoopies.pt\/\">Encontre babysitters no Yoopies! <\/a><\/p>\n","protected":false},"excerpt":{"rendered":"<p>Em uma altura em que as fam&iacute;lias procuram cada vez mais conciliar a vida profissional &hellip; <\/p>\n","protected":false},"author":10,"featured_media":88,"parent":0,"menu_order":0,"comment_status":"closed","ping_status":"closed","template":"","meta":{"_acf_changed":false,"footnotes":""},"class_list":["post-85","page","type-page","status-publish","has-post-thumbnail","hentry"],"acf":[],"yoast_head":"<!-- This site is optimized with the Yoast SEO plugin v26.9 - https:\/\/yoast.com\/product\/yoast-seo-wordpress\/ -->\n<title>Como os mi\u00fados podem ajudar em casa?<\/title>\n<meta name=\"description\" content=\"Em uma altura em que as fam\u00edlias procuram cada vez mais conciliar a vida profissional e familiar e distribuir tarefas dom\u00e9sticas de forma igualit\u00e1ria, \u00e9 essencial transmitir aos nossos filhos a import\u00e2ncia da colabora\u00e7\u00e3o em casa.\" \/>\n<meta name=\"robots\" content=\"index, follow, max-snippet:-1, max-image-preview:large, max-video-preview:-1\" \/>\n<link rel=\"canonical\" href=\"https:\/\/yoopies.pt\/c\/como-as-criancas-podem-ajudar-em-casa\/\" \/>\n<meta property=\"og:locale\" content=\"pt_PT\" \/>\n<meta property=\"og:type\" content=\"article\" \/>\n<meta property=\"og:title\" content=\"Como os mi\u00fados podem ajudar em casa?\" \/>\n<meta property=\"og:description\" content=\"Em uma altura em que as fam\u00edlias procuram cada vez mais conciliar a vida profissional e familiar e distribuir tarefas dom\u00e9sticas de forma igualit\u00e1ria, \u00e9 essencial transmitir aos nossos filhos a import\u00e2ncia da colabora\u00e7\u00e3o em casa.\" \/>\n<meta property=\"og:url\" content=\"https:\/\/yoopies.pt\/c\/como-as-criancas-podem-ajudar-em-casa\/\" \/>\n<meta property=\"og:site_name\" content=\"Yoopies Portugal\" \/>\n<meta property=\"article:modified_time\" content=\"2025-06-12T08:50:10+00:00\" \/>\n<meta property=\"og:image\" content=\"https:\/\/yoopies.pt\/c\/wp-content\/uploads\/sites\/15\/2020\/07\/47d3ed80c618cea0817dcebf0232ff04ff52d948-shutterstock-1362712820-ld.jpg\" \/>\n\t<meta property=\"og:image:width\" content=\"1200\" \/>\n\t<meta property=\"og:image:height\" content=\"815\" \/>\n\t<meta property=\"og:image:type\" content=\"image\/jpeg\" \/>\n<meta name=\"twitter:card\" content=\"summary_large_image\" \/>\n<meta name=\"twitter:label1\" content=\"Tempo estimado de leitura\" \/>\n\t<meta name=\"twitter:data1\" content=\"4 minutos\" \/>\n<script type=\"application\/ld+json\" class=\"yoast-schema-graph\">{\"@context\":\"https:\/\/schema.org\",\"@graph\":[{\"@type\":\"WebPage\",\"@id\":\"https:\/\/yoopies.pt\/c\/como-as-criancas-podem-ajudar-em-casa\/\",\"url\":\"https:\/\/yoopies.pt\/c\/como-as-criancas-podem-ajudar-em-casa\/\",\"name\":\"Como os mi\u00fados podem ajudar em casa?\",\"isPartOf\":{\"@id\":\"https:\/\/yoopies.pt\/c\/#website\"},\"primaryImageOfPage\":{\"@id\":\"https:\/\/yoopies.pt\/c\/como-as-criancas-podem-ajudar-em-casa\/#primaryimage\"},\"image\":{\"@id\":\"https:\/\/yoopies.pt\/c\/como-as-criancas-podem-ajudar-em-casa\/#primaryimage\"},\"thumbnailUrl\":\"https:\/\/yoopies.pt\/c\/wp-content\/uploads\/sites\/15\/2020\/07\/47d3ed80c618cea0817dcebf0232ff04ff52d948-shutterstock-1362712820-ld.jpg\",\"datePublished\":\"2020-07-31T07:47:40+00:00\",\"dateModified\":\"2025-06-12T08:50:10+00:00\",\"description\":\"Em uma altura em que as fam\u00edlias procuram cada vez mais conciliar a vida profissional e familiar e distribuir tarefas dom\u00e9sticas de forma igualit\u00e1ria, \u00e9 essencial transmitir aos nossos filhos a import\u00e2ncia da colabora\u00e7\u00e3o em casa.\",\"breadcrumb\":{\"@id\":\"https:\/\/yoopies.pt\/c\/como-as-criancas-podem-ajudar-em-casa\/#breadcrumb\"},\"inLanguage\":\"pt-PT\",\"potentialAction\":[{\"@type\":\"ReadAction\",\"target\":[\"https:\/\/yoopies.pt\/c\/como-as-criancas-podem-ajudar-em-casa\/\"]}]},{\"@type\":\"ImageObject\",\"inLanguage\":\"pt-PT\",\"@id\":\"https:\/\/yoopies.pt\/c\/como-as-criancas-podem-ajudar-em-casa\/#primaryimage\",\"url\":\"https:\/\/yoopies.pt\/c\/wp-content\/uploads\/sites\/15\/2020\/07\/47d3ed80c618cea0817dcebf0232ff04ff52d948-shutterstock-1362712820-ld.jpg\",\"contentUrl\":\"https:\/\/yoopies.pt\/c\/wp-content\/uploads\/sites\/15\/2020\/07\/47d3ed80c618cea0817dcebf0232ff04ff52d948-shutterstock-1362712820-ld.jpg\",\"width\":1200,\"height\":815},{\"@type\":\"BreadcrumbList\",\"@id\":\"https:\/\/yoopies.pt\/c\/como-as-criancas-podem-ajudar-em-casa\/#breadcrumb\",\"itemListElement\":[{\"@type\":\"ListItem\",\"position\":1,\"name\":\"Home\",\"item\":\"https:\/\/yoopies.pt\/c\/\"},{\"@type\":\"ListItem\",\"position\":2,\"name\":\"Como as crian\u00e7as podem ajudar nas tarefas dom\u00e9sticas?\"}]},{\"@type\":\"WebSite\",\"@id\":\"https:\/\/yoopies.pt\/c\/#website\",\"url\":\"https:\/\/yoopies.pt\/c\/\",\"name\":\"Yoopies Portugal\",\"description\":\"\",\"potentialAction\":[{\"@type\":\"SearchAction\",\"target\":{\"@type\":\"EntryPoint\",\"urlTemplate\":\"https:\/\/yoopies.pt\/c\/?s={search_term_string}\"},\"query-input\":{\"@type\":\"PropertyValueSpecification\",\"valueRequired\":true,\"valueName\":\"search_term_string\"}}],\"inLanguage\":\"pt-PT\"}]}<\/script>\n<!-- \/ Yoast SEO plugin. -->","yoast_head_json":{"title":"Como os mi\u00fados podem ajudar em casa?","description":"Em uma altura em que as fam\u00edlias procuram cada vez mais conciliar a vida profissional e familiar e distribuir tarefas dom\u00e9sticas de forma igualit\u00e1ria, \u00e9 essencial transmitir aos nossos filhos a import\u00e2ncia da colabora\u00e7\u00e3o em casa.","robots":{"index":"index","follow":"follow","max-snippet":"max-snippet:-1","max-image-preview":"max-image-preview:large","max-video-preview":"max-video-preview:-1"},"canonical":"https:\/\/yoopies.pt\/c\/como-as-criancas-podem-ajudar-em-casa\/","og_locale":"pt_PT","og_type":"article","og_title":"Como os mi\u00fados podem ajudar em casa?","og_description":"Em uma altura em que as fam\u00edlias procuram cada vez mais conciliar a vida profissional e familiar e distribuir tarefas dom\u00e9sticas de forma igualit\u00e1ria, \u00e9 essencial transmitir aos nossos filhos a import\u00e2ncia da colabora\u00e7\u00e3o em casa.","og_url":"https:\/\/yoopies.pt\/c\/como-as-criancas-podem-ajudar-em-casa\/","og_site_name":"Yoopies Portugal","article_modified_time":"2025-06-12T08:50:10+00:00","og_image":[{"width":1200,"height":815,"url":"https:\/\/yoopies.pt\/c\/wp-content\/uploads\/sites\/15\/2020\/07\/47d3ed80c618cea0817dcebf0232ff04ff52d948-shutterstock-1362712820-ld.jpg","type":"image\/jpeg"}],"twitter_card":"summary_large_image","twitter_misc":{"Tempo estimado de leitura":"4 minutos"},"schema":{"@context":"https:\/\/schema.org","@graph":[{"@type":"WebPage","@id":"https:\/\/yoopies.pt\/c\/como-as-criancas-podem-ajudar-em-casa\/","url":"https:\/\/yoopies.pt\/c\/como-as-criancas-podem-ajudar-em-casa\/","name":"Como os mi\u00fados podem ajudar em casa?","isPartOf":{"@id":"https:\/\/yoopies.pt\/c\/#website"},"primaryImageOfPage":{"@id":"https:\/\/yoopies.pt\/c\/como-as-criancas-podem-ajudar-em-casa\/#primaryimage"},"image":{"@id":"https:\/\/yoopies.pt\/c\/como-as-criancas-podem-ajudar-em-casa\/#primaryimage"},"thumbnailUrl":"https:\/\/yoopies.pt\/c\/wp-content\/uploads\/sites\/15\/2020\/07\/47d3ed80c618cea0817dcebf0232ff04ff52d948-shutterstock-1362712820-ld.jpg","datePublished":"2020-07-31T07:47:40+00:00","dateModified":"2025-06-12T08:50:10+00:00","description":"Em uma altura em que as fam\u00edlias procuram cada vez mais conciliar a vida profissional e familiar e distribuir tarefas dom\u00e9sticas de forma igualit\u00e1ria, \u00e9 essencial transmitir aos nossos filhos a import\u00e2ncia da colabora\u00e7\u00e3o em casa.","breadcrumb":{"@id":"https:\/\/yoopies.pt\/c\/como-as-criancas-podem-ajudar-em-casa\/#breadcrumb"},"inLanguage":"pt-PT","potentialAction":[{"@type":"ReadAction","target":["https:\/\/yoopies.pt\/c\/como-as-criancas-podem-ajudar-em-casa\/"]}]},{"@type":"ImageObject","inLanguage":"pt-PT","@id":"https:\/\/yoopies.pt\/c\/como-as-criancas-podem-ajudar-em-casa\/#primaryimage","url":"https:\/\/yoopies.pt\/c\/wp-content\/uploads\/sites\/15\/2020\/07\/47d3ed80c618cea0817dcebf0232ff04ff52d948-shutterstock-1362712820-ld.jpg","contentUrl":"https:\/\/yoopies.pt\/c\/wp-content\/uploads\/sites\/15\/2020\/07\/47d3ed80c618cea0817dcebf0232ff04ff52d948-shutterstock-1362712820-ld.jpg","width":1200,"height":815},{"@type":"BreadcrumbList","@id":"https:\/\/yoopies.pt\/c\/como-as-criancas-podem-ajudar-em-casa\/#breadcrumb","itemListElement":[{"@type":"ListItem","position":1,"name":"Home","item":"https:\/\/yoopies.pt\/c\/"},{"@type":"ListItem","position":2,"name":"Como as crian\u00e7as podem ajudar nas tarefas dom\u00e9sticas?"}]},{"@type":"WebSite","@id":"https:\/\/yoopies.pt\/c\/#website","url":"https:\/\/yoopies.pt\/c\/","name":"Yoopies Portugal","description":"","potentialAction":[{"@type":"SearchAction","target":{"@type":"EntryPoint","urlTemplate":"https:\/\/yoopies.pt\/c\/?s={search_term_string}"},"query-input":{"@type":"PropertyValueSpecification","valueRequired":true,"valueName":"search_term_string"}}],"inLanguage":"pt-PT"}]}},"_links":{"self":[{"href":"https:\/\/yoopies.pt\/c\/wp-json\/wp\/v2\/pages\/85","targetHints":{"allow":["GET"]}}],"collection":[{"href":"https:\/\/yoopies.pt\/c\/wp-json\/wp\/v2\/pages"}],"about":[{"href":"https:\/\/yoopies.pt\/c\/wp-json\/wp\/v2\/types\/page"}],"author":[{"embeddable":true,"href":"https:\/\/yoopies.pt\/c\/wp-json\/wp\/v2\/users\/10"}],"replies":[{"embeddable":true,"href":"https:\/\/yoopies.pt\/c\/wp-json\/wp\/v2\/comments?post=85"}],"version-history":[{"count":1,"href":"https:\/\/yoopies.pt\/c\/wp-json\/wp\/v2\/pages\/85\/revisions"}],"predecessor-version":[{"id":89,"href":"https:\/\/yoopies.pt\/c\/wp-json\/wp\/v2\/pages\/85\/revisions\/89"}],"wp:featuredmedia":[{"embeddable":true,"href":"https:\/\/yoopies.pt\/c\/wp-json\/wp\/v2\/media\/88"}],"wp:attachment":[{"href":"https:\/\/yoopies.pt\/c\/wp-json\/wp\/v2\/media?parent=85"}],"curies":[{"name":"wp","href":"https:\/\/api.w.org\/{rel}","templated":true}]}}