{"id":80,"date":"2020-07-31T07:52:38","date_gmt":"2020-07-31T07:52:38","guid":{"rendered":"https:\/\/blog.yoopies.pt\/jogos-de-viagem-para-as-criancas-veja-como-entreter-o-seu-filho\/"},"modified":"2025-06-12T08:50:11","modified_gmt":"2025-06-12T08:50:11","slug":"jogos-de-viagem-para-as-criancas-veja-como-entreter-o-seu-filho","status":"publish","type":"page","link":"https:\/\/yoopies.pt\/c\/jogos-de-viagem-para-as-criancas-veja-como-entreter-o-seu-filho\/","title":{"rendered":"Jogos de viagem para as crian\u00e7as: veja como entreter o seu filho"},"content":{"rendered":"<p><p>Que maravilha fazer uma viagem de carro com as crian&ccedil;as, que alegria! Can&ccedil;&otilde;es cantadas o mais alto poss&iacute;vel, relato das hist&oacute;rias de amizades feitas na escola&#8230; Mas uma &uacute;nica pergunta fat&iacute;dica, repetida intermitentemente dos bancos traseiros, corre o risco de tornar a viagem cansativa: &#8220;M&atilde;e, quanto tempo falta?&#8221;. Para tornar a viagem divertida para as crian&ccedil;as e para si, basta seguir alguns dos jogos de viagem propostos pela <a href=\"https:\/\/yoopies.pt\/\">Yoopies<\/a>.<\/p>\n<\/p>\n<figure><img decoding=\"async\" src=\"https:\/\/yoopies.pt\/c\/wp-content\/uploads\/sites\/15\/2020\/07\/41997460caf4f45ca235c80a43b15b1033b865c4-travel-2.jpg\" \/><\/figure>\n<p><p><strong>1. Adivinhe a m&uacute;sica<\/strong><\/p>\n<p>Um dos jogadores tem que cantar a can&ccedil;&atilde;o que tem em mente com a boca fechada ou assobi&aacute;-la, os outros jogadores ter&atilde;o de entender qual &eacute; a can&ccedil;&atilde;o.<\/p>\n<\/p>\n<p><p><strong>2. Continue a minha hist&oacute;ria<\/strong><\/p>\n<p>Jogo recomendado e &uacute;til para estimular a imagina&ccedil;&atilde;o dos mi&uacute;dos: o primeiro jogador come&ccedil;a por contar a parte inicial da hist&oacute;ria, em seguida, o segundo jogador continua a acrescentar a hist&oacute;ria com mais informa&ccedil;&otilde;es e assim por diante&#8230; o riso &eacute; garantido! <\/p>\n<\/p>\n<p><p><strong>3. Quiz Educativo<\/strong><\/p>\n<p>N&atilde;o h&aacute; melhor maneira para manter as crian&ccedil;as ocupadas na estrada e, ao mesmo tempo, faz&ecirc;-las aprender algo &uacute;til. Gra&ccedil;as &agrave; Wikip&eacute;dia voc&ecirc; n&atilde;o ter&aacute; que fazer muito esfor&ccedil;o para encontrar t&oacute;picos e respostas interessantes: tudo est&aacute; realmente ao seu alcance e isso beneficiar&aacute; tanto a divers&atilde;o de seus filhos quanto a sua cultura por conhecimentos gerais.<\/p>\n<\/p>\n<p><p>Claro que, al&eacute;m dos jogos de viagem, o <a href=\"https:\/\/yoopies.pt\/\">Yoopies <\/a>recomenda sempre viagens seguras, certificando-se de que a cadeirinha esteja bem apertada e que o cinto de seguran&ccedil;a das crian&ccedil;as mais velhas esteja bem apertado!<\/p>\n<\/p>\n<figure><img decoding=\"async\" src=\"https:\/\/yoopies.pt\/c\/wp-content\/uploads\/sites\/15\/2020\/07\/8261a2dac39505c6673a5f9307974940d98ef214-shutterstock-393893716.jpg\" \/><\/figure>\n","protected":false},"excerpt":{"rendered":"<p>Que maravilha fazer uma viagem de carro com as crian&ccedil;as, que alegria! Can&ccedil;&otilde;es cantadas o &hellip; <\/p>\n","protected":false},"author":10,"featured_media":83,"parent":0,"menu_order":0,"comment_status":"closed","ping_status":"closed","template":"","meta":{"_acf_changed":false,"footnotes":""},"class_list":["post-80","page","type-page","status-publish","has-post-thumbnail","hentry"],"acf":[],"yoast_head":"<!-- This site is optimized with the Yoast SEO plugin v26.9 - https:\/\/yoast.com\/product\/yoast-seo-wordpress\/ -->\n<title>Jogos de viagem para as crian\u00e7as: como entreter o seu filho<\/title>\n<meta name=\"description\" content=\"Uma \u00fanica pergunta fat\u00eddica, repetida intermitentemente dos bancos traseiros, corre o risco de tornar a viagem cansativa: &quot;M\u00e3e, quanto tempo falta?&quot;. Confira algumas ideias para entreter as crian\u00e7as!\" \/>\n<meta name=\"robots\" content=\"index, follow, max-snippet:-1, max-image-preview:large, max-video-preview:-1\" \/>\n<link rel=\"canonical\" href=\"https:\/\/yoopies.pt\/c\/jogos-de-viagem-para-as-criancas-veja-como-entreter-o-seu-filho\/\" \/>\n<meta property=\"og:locale\" content=\"pt_PT\" \/>\n<meta property=\"og:type\" content=\"article\" \/>\n<meta property=\"og:title\" content=\"Jogos de viagem para as crian\u00e7as: como entreter o seu filho\" \/>\n<meta property=\"og:description\" content=\"Uma \u00fanica pergunta fat\u00eddica, repetida intermitentemente dos bancos traseiros, corre o risco de tornar a viagem cansativa: &quot;M\u00e3e, quanto tempo falta?&quot;. Confira algumas ideias para entreter as crian\u00e7as!\" \/>\n<meta property=\"og:url\" content=\"https:\/\/yoopies.pt\/c\/jogos-de-viagem-para-as-criancas-veja-como-entreter-o-seu-filho\/\" \/>\n<meta property=\"og:site_name\" content=\"Yoopies Portugal\" \/>\n<meta property=\"article:modified_time\" content=\"2025-06-12T08:50:11+00:00\" \/>\n<meta property=\"og:image\" content=\"https:\/\/yoopies.pt\/c\/wp-content\/uploads\/sites\/15\/2020\/07\/5fcc5650-50e7-49bd-a9d7-d4a6ed6fc537-shutterstock-1070208044-ld.jpg\" \/>\n\t<meta property=\"og:image:width\" content=\"1200\" \/>\n\t<meta property=\"og:image:height\" content=\"1000\" \/>\n\t<meta property=\"og:image:type\" content=\"image\/jpeg\" \/>\n<meta name=\"twitter:card\" content=\"summary_large_image\" \/>\n<meta name=\"twitter:label1\" content=\"Tempo estimado de leitura\" \/>\n\t<meta name=\"twitter:data1\" content=\"2 minutos\" \/>\n<script type=\"application\/ld+json\" class=\"yoast-schema-graph\">{\"@context\":\"https:\/\/schema.org\",\"@graph\":[{\"@type\":\"WebPage\",\"@id\":\"https:\/\/yoopies.pt\/c\/jogos-de-viagem-para-as-criancas-veja-como-entreter-o-seu-filho\/\",\"url\":\"https:\/\/yoopies.pt\/c\/jogos-de-viagem-para-as-criancas-veja-como-entreter-o-seu-filho\/\",\"name\":\"Jogos de viagem para as crian\u00e7as: como entreter o seu filho\",\"isPartOf\":{\"@id\":\"https:\/\/yoopies.pt\/c\/#website\"},\"primaryImageOfPage\":{\"@id\":\"https:\/\/yoopies.pt\/c\/jogos-de-viagem-para-as-criancas-veja-como-entreter-o-seu-filho\/#primaryimage\"},\"image\":{\"@id\":\"https:\/\/yoopies.pt\/c\/jogos-de-viagem-para-as-criancas-veja-como-entreter-o-seu-filho\/#primaryimage\"},\"thumbnailUrl\":\"https:\/\/yoopies.pt\/c\/wp-content\/uploads\/sites\/15\/2020\/07\/5fcc5650-50e7-49bd-a9d7-d4a6ed6fc537-shutterstock-1070208044-ld.jpg\",\"datePublished\":\"2020-07-31T07:52:38+00:00\",\"dateModified\":\"2025-06-12T08:50:11+00:00\",\"description\":\"Uma \u00fanica pergunta fat\u00eddica, repetida intermitentemente dos bancos traseiros, corre o risco de tornar a viagem cansativa: \\\"M\u00e3e, quanto tempo falta?\\\". Confira algumas ideias para entreter as crian\u00e7as!\",\"breadcrumb\":{\"@id\":\"https:\/\/yoopies.pt\/c\/jogos-de-viagem-para-as-criancas-veja-como-entreter-o-seu-filho\/#breadcrumb\"},\"inLanguage\":\"pt-PT\",\"potentialAction\":[{\"@type\":\"ReadAction\",\"target\":[\"https:\/\/yoopies.pt\/c\/jogos-de-viagem-para-as-criancas-veja-como-entreter-o-seu-filho\/\"]}]},{\"@type\":\"ImageObject\",\"inLanguage\":\"pt-PT\",\"@id\":\"https:\/\/yoopies.pt\/c\/jogos-de-viagem-para-as-criancas-veja-como-entreter-o-seu-filho\/#primaryimage\",\"url\":\"https:\/\/yoopies.pt\/c\/wp-content\/uploads\/sites\/15\/2020\/07\/5fcc5650-50e7-49bd-a9d7-d4a6ed6fc537-shutterstock-1070208044-ld.jpg\",\"contentUrl\":\"https:\/\/yoopies.pt\/c\/wp-content\/uploads\/sites\/15\/2020\/07\/5fcc5650-50e7-49bd-a9d7-d4a6ed6fc537-shutterstock-1070208044-ld.jpg\",\"width\":1200,\"height\":1000},{\"@type\":\"BreadcrumbList\",\"@id\":\"https:\/\/yoopies.pt\/c\/jogos-de-viagem-para-as-criancas-veja-como-entreter-o-seu-filho\/#breadcrumb\",\"itemListElement\":[{\"@type\":\"ListItem\",\"position\":1,\"name\":\"Home\",\"item\":\"https:\/\/yoopies.pt\/c\/\"},{\"@type\":\"ListItem\",\"position\":2,\"name\":\"Jogos de viagem para as crian\u00e7as: veja como entreter o seu filho\"}]},{\"@type\":\"WebSite\",\"@id\":\"https:\/\/yoopies.pt\/c\/#website\",\"url\":\"https:\/\/yoopies.pt\/c\/\",\"name\":\"Yoopies Portugal\",\"description\":\"\",\"potentialAction\":[{\"@type\":\"SearchAction\",\"target\":{\"@type\":\"EntryPoint\",\"urlTemplate\":\"https:\/\/yoopies.pt\/c\/?s={search_term_string}\"},\"query-input\":{\"@type\":\"PropertyValueSpecification\",\"valueRequired\":true,\"valueName\":\"search_term_string\"}}],\"inLanguage\":\"pt-PT\"}]}<\/script>\n<!-- \/ Yoast SEO plugin. -->","yoast_head_json":{"title":"Jogos de viagem para as crian\u00e7as: como entreter o seu filho","description":"Uma \u00fanica pergunta fat\u00eddica, repetida intermitentemente dos bancos traseiros, corre o risco de tornar a viagem cansativa: \"M\u00e3e, quanto tempo falta?\". Confira algumas ideias para entreter as crian\u00e7as!","robots":{"index":"index","follow":"follow","max-snippet":"max-snippet:-1","max-image-preview":"max-image-preview:large","max-video-preview":"max-video-preview:-1"},"canonical":"https:\/\/yoopies.pt\/c\/jogos-de-viagem-para-as-criancas-veja-como-entreter-o-seu-filho\/","og_locale":"pt_PT","og_type":"article","og_title":"Jogos de viagem para as crian\u00e7as: como entreter o seu filho","og_description":"Uma \u00fanica pergunta fat\u00eddica, repetida intermitentemente dos bancos traseiros, corre o risco de tornar a viagem cansativa: \"M\u00e3e, quanto tempo falta?\". Confira algumas ideias para entreter as crian\u00e7as!","og_url":"https:\/\/yoopies.pt\/c\/jogos-de-viagem-para-as-criancas-veja-como-entreter-o-seu-filho\/","og_site_name":"Yoopies Portugal","article_modified_time":"2025-06-12T08:50:11+00:00","og_image":[{"width":1200,"height":1000,"url":"https:\/\/yoopies.pt\/c\/wp-content\/uploads\/sites\/15\/2020\/07\/5fcc5650-50e7-49bd-a9d7-d4a6ed6fc537-shutterstock-1070208044-ld.jpg","type":"image\/jpeg"}],"twitter_card":"summary_large_image","twitter_misc":{"Tempo estimado de leitura":"2 minutos"},"schema":{"@context":"https:\/\/schema.org","@graph":[{"@type":"WebPage","@id":"https:\/\/yoopies.pt\/c\/jogos-de-viagem-para-as-criancas-veja-como-entreter-o-seu-filho\/","url":"https:\/\/yoopies.pt\/c\/jogos-de-viagem-para-as-criancas-veja-como-entreter-o-seu-filho\/","name":"Jogos de viagem para as crian\u00e7as: como entreter o seu filho","isPartOf":{"@id":"https:\/\/yoopies.pt\/c\/#website"},"primaryImageOfPage":{"@id":"https:\/\/yoopies.pt\/c\/jogos-de-viagem-para-as-criancas-veja-como-entreter-o-seu-filho\/#primaryimage"},"image":{"@id":"https:\/\/yoopies.pt\/c\/jogos-de-viagem-para-as-criancas-veja-como-entreter-o-seu-filho\/#primaryimage"},"thumbnailUrl":"https:\/\/yoopies.pt\/c\/wp-content\/uploads\/sites\/15\/2020\/07\/5fcc5650-50e7-49bd-a9d7-d4a6ed6fc537-shutterstock-1070208044-ld.jpg","datePublished":"2020-07-31T07:52:38+00:00","dateModified":"2025-06-12T08:50:11+00:00","description":"Uma \u00fanica pergunta fat\u00eddica, repetida intermitentemente dos bancos traseiros, corre o risco de tornar a viagem cansativa: \"M\u00e3e, quanto tempo falta?\". Confira algumas ideias para entreter as crian\u00e7as!","breadcrumb":{"@id":"https:\/\/yoopies.pt\/c\/jogos-de-viagem-para-as-criancas-veja-como-entreter-o-seu-filho\/#breadcrumb"},"inLanguage":"pt-PT","potentialAction":[{"@type":"ReadAction","target":["https:\/\/yoopies.pt\/c\/jogos-de-viagem-para-as-criancas-veja-como-entreter-o-seu-filho\/"]}]},{"@type":"ImageObject","inLanguage":"pt-PT","@id":"https:\/\/yoopies.pt\/c\/jogos-de-viagem-para-as-criancas-veja-como-entreter-o-seu-filho\/#primaryimage","url":"https:\/\/yoopies.pt\/c\/wp-content\/uploads\/sites\/15\/2020\/07\/5fcc5650-50e7-49bd-a9d7-d4a6ed6fc537-shutterstock-1070208044-ld.jpg","contentUrl":"https:\/\/yoopies.pt\/c\/wp-content\/uploads\/sites\/15\/2020\/07\/5fcc5650-50e7-49bd-a9d7-d4a6ed6fc537-shutterstock-1070208044-ld.jpg","width":1200,"height":1000},{"@type":"BreadcrumbList","@id":"https:\/\/yoopies.pt\/c\/jogos-de-viagem-para-as-criancas-veja-como-entreter-o-seu-filho\/#breadcrumb","itemListElement":[{"@type":"ListItem","position":1,"name":"Home","item":"https:\/\/yoopies.pt\/c\/"},{"@type":"ListItem","position":2,"name":"Jogos de viagem para as crian\u00e7as: veja como entreter o seu filho"}]},{"@type":"WebSite","@id":"https:\/\/yoopies.pt\/c\/#website","url":"https:\/\/yoopies.pt\/c\/","name":"Yoopies Portugal","description":"","potentialAction":[{"@type":"SearchAction","target":{"@type":"EntryPoint","urlTemplate":"https:\/\/yoopies.pt\/c\/?s={search_term_string}"},"query-input":{"@type":"PropertyValueSpecification","valueRequired":true,"valueName":"search_term_string"}}],"inLanguage":"pt-PT"}]}},"_links":{"self":[{"href":"https:\/\/yoopies.pt\/c\/wp-json\/wp\/v2\/pages\/80","targetHints":{"allow":["GET"]}}],"collection":[{"href":"https:\/\/yoopies.pt\/c\/wp-json\/wp\/v2\/pages"}],"about":[{"href":"https:\/\/yoopies.pt\/c\/wp-json\/wp\/v2\/types\/page"}],"author":[{"embeddable":true,"href":"https:\/\/yoopies.pt\/c\/wp-json\/wp\/v2\/users\/10"}],"replies":[{"embeddable":true,"href":"https:\/\/yoopies.pt\/c\/wp-json\/wp\/v2\/comments?post=80"}],"version-history":[{"count":1,"href":"https:\/\/yoopies.pt\/c\/wp-json\/wp\/v2\/pages\/80\/revisions"}],"predecessor-version":[{"id":84,"href":"https:\/\/yoopies.pt\/c\/wp-json\/wp\/v2\/pages\/80\/revisions\/84"}],"wp:featuredmedia":[{"embeddable":true,"href":"https:\/\/yoopies.pt\/c\/wp-json\/wp\/v2\/media\/83"}],"wp:attachment":[{"href":"https:\/\/yoopies.pt\/c\/wp-json\/wp\/v2\/media?parent=80"}],"curies":[{"name":"wp","href":"https:\/\/api.w.org\/{rel}","templated":true}]}}