{"id":7,"date":"2022-04-28T11:02:22","date_gmt":"2022-04-28T11:02:22","guid":{"rendered":"https:\/\/blog.yoopies.pt\/cuidados-infantis-guia-por-excelencia\/"},"modified":"2025-06-12T08:50:11","modified_gmt":"2025-06-12T08:50:11","slug":"cuidados-infantis-guia-por-excelencia","status":"publish","type":"page","link":"https:\/\/yoopies.pt\/c\/cuidados-infantis-guia-por-excelencia\/","title":{"rendered":"O Guia por Excel\u00eancia de Cuidados Infantis"},"content":{"rendered":"<p><p>Come&ccedil;ar uma fam&iacute;lia vem com uma s&eacute;rie de benef&iacute;cios surpreendentes, mas n&atilde;o &eacute; segredo nenhum que por vezes pode ser avassalador! Muitos pais novos preocupam-se se est&atilde;o a acertar e uma dificuldade comum que a maioria dos pais enfrenta em algum momento &eacute; descobrir os cuidados infantis adequados para os seus filhos. Desde encontrar uma boa babysitter para a noite ocasional at&eacute; assegurar a sua ama ideal a tempo inteiro, estamos aqui para o guiar ao longo do processo.<\/p>\n<p class=\"block-img\"><img decoding=\"async\" src=\"https:\/\/yoopies.pt\/c\/wp-content\/uploads\/sites\/15\/2022\/04\/51d82729-d9de-449e-92cf-7d8472dd7d12_marisa-howenstine-Cq9slNxV8YU-unsplash.jpg\" alt=\"\"><\/p>\n<h2><strong>&Iacute;ndice<\/strong><\/h2>\n<ul>\n<li><a href=\"https:\/\/#h2-2\">Iniciar a sua pesquisa de cuidados infantis<\/a><\/li>\n<li><a href=\"https:\/\/#h2-3\">Tipos de cuidados infantis<\/a><\/li>\n<li><a href=\"https:\/\/#h2-4\">Escolher a melhor solu&ccedil;&atilde;o de cuidados infantis para si<\/a><\/li>\n<li><a href=\"https:\/\/#h2-5\">Encontrar o seu prestador de cuidados infantis<\/a><\/li>\n<li><a href=\"https:\/\/#h2-6\">Financiar os seus cuidados infantis<\/a><\/li>\n<li><a href=\"https:\/\/#h2-7\">Fazer com que os cuidados infantis funcionem para si<\/a><\/li>\n<li><a href=\"https:\/\/#h2-8\">Vida Familiar &#8211; a nossa Comunidade Yoopies<\/a>\n<\/li>\n<\/ul>\n<h2><strong>Iniciar a sua pesquisa de cuidados infantis<\/strong><\/h2>\n<\/p>\n<p>Sabemos que confiar os seus filhos ao cuidado de outra pessoa &eacute; uma enorme responsabilidade e <strong>encontrar a pessoa ou solu&ccedil;&atilde;o certa para si e para o seu filho pode ser uma tarefa dif&iacute;cil<\/strong>, uma vez que h&aacute; tantos fatores a considerar. Pode parecer esmagador saber por onde come&ccedil;ar e sabemos mais do que ningu&eacute;m que os pais s&atilde;o pessoas ocupadas, por isso dividimos o processo de procura em fases, para que possa encontrar a solu&ccedil;&atilde;o ideal para os seus filhos da forma mais eficiente poss&iacute;vel! <\/p>\n<p>Em primeiro lugar, &eacute; necess&aacute;rio analisar todos os <strong>tipos de cuidados infantis<\/strong> dispon&iacute;veis para que possa restringir a sua pesquisa a um tipo de fornecedor. <\/p>\n<\/p>\n<h2><strong>Tipos de cuidados infantis:<\/strong><\/h2>\n<\/p>\n<p>Existem tr&ecirc;s tipos principais de prestadores de cuidados infantis em Portugal que s&atilde;o normalmente utilizados pelas fam&iacute;lias em todo o pa&iacute;s. As <strong>amas, babysitters e creches aut&oacute;nomas<\/strong> t&ecirc;m todas as suas vantagens e podem ser a solu&ccedil;&atilde;o perfeita para muitas situa&ccedil;&otilde;es diferentes.<\/p>\n<ul>\n<li>As <strong>creches aut&oacute;nomas<\/strong> s&atilde;o geridas por trabalhadores independentes, profissionais registados nas Finan&ccedil;as que trabalham <strong>a partir das suas pr&oacute;prias casas<\/strong> e cuidam de duas ou mais crian&ccedil;as durante pelo menos duas horas por dia.<\/li>\n<li>As <strong>amas<\/strong> s&atilde;o profissionais que trabalham <strong>a partir da sua casa para cuidar dos seus filhos durante o dia ou por vezes tamb&eacute;m durante a noite.<\/strong> Podem trabalhar como amas que vivem dentro ou fora e podem ser uma ama exclusivamente para a sua fam&iacute;lia ou para v&aacute;rias fam&iacute;lias, dependendo do qu&atilde;o ocupadas s&atilde;o as suas agendas! Saiba mais sobre as babysitter aqui. <\/li>\n<li>As <strong>babysitters<\/strong> s&atilde;o <strong>a solu&ccedil;&atilde;o perfeita para o acolhimento informal e casual de crian&ccedil;as<\/strong>. Encontrar uma babysitter de confian&ccedil;a &eacute; uma obriga&ccedil;&atilde;o para os pais de crian&ccedil;as de qualquer idade, uma vez que elas podem ser uma verdadeira salva-vidas quando se necessita de cuidados infantis de emerg&ecirc;ncia! <\/li>\n<\/ul>\n<h2><strong>Escolher a melhor solu&ccedil;&atilde;o de cuidados infantis para si<\/strong><\/h2>\n<\/p>\n<p>Existem muitas solu&ccedil;&otilde;es diferentes de acolhimento de crian&ccedil;as, algumas ir&atilde;o adequar-se melhor a certas fam&iacute;lias do que outras, ou talvez <strong>uma combina&ccedil;&atilde;o de solu&ccedil;&otilde;es de acolhimento de crian&ccedil;as<\/strong> funcione melhor para si. H&aacute; babysitters, infant&aacute;rios, grupos de brincar e toda uma s&eacute;rie de outras op&ccedil;&otilde;es que talvez n&atilde;o tenha considerado anteriormente. <\/p>\n<p>O tipo mais comum de cuidados infantis s&atilde;o as babysitters, pois oferecem solu&ccedil;&otilde;es t&atilde;o flex&iacute;veis para crian&ccedil;as de todas as idades, <strong>pelo que encontrar uma babysitter fi&aacute;vel e de confian&ccedil;a &eacute; crucial para qualquer fam&iacute;lia!<\/strong> Uma boa babysitter vale o seu peso em ouro, por isso certifique-se de que descobre como encontrar a melhor babysitter! Os nossos guias est&atilde;o cheios de informa&ccedil;&atilde;o para o ajudar a <a href=\"mailto:https:\/\/yoopies.pt\/c\/como-encontrar-uma-babysitter\">encontrar a babysitter ideal<\/a>!<\/p>\n<\/p>\n<h2><strong>Encontrar o seu fornecedor de babysitter<\/strong><\/h2>\n<\/p>\n<p>Uma vez decidido que tipo de acolhimento de crian&ccedil;as se adequar&aacute; melhor &agrave; sua fam&iacute;lia, &eacute; altura de descobrir <strong>como encontrar a pessoa certa para cuidar dos seus filhos.<\/strong> H&aacute; in&uacute;meras maneiras de encontrar uma babysitter, ama ou creche aut&oacute;noma, desde a <strong>boca a boca<\/strong> (o que pode ser &oacute;timo para obter revis&otilde;es em primeira m&atilde;o), &agrave; utiliza&ccedil;&atilde;o de <strong>ag&ecirc;ncias de cuidados infantis<\/strong> espec&iacute;ficas (que podem fazer todo o processo por si, mas podem ser dispendiosas), a <strong>plataformas online<\/strong> (que t&ecirc;m grande variedade, seguran&ccedil;a de pagamentos protegidos online e sistemas de revis&atilde;o de confian&ccedil;a tamb&eacute;m!).<\/p>\n<p>Depois de encontrar alguns candidatos com potencial, lembre-se de como &eacute; <strong>importante fazer a sua pesquisa e realizar entrevistas presenciais<\/strong> antes de tomar a sua decis&atilde;o final. <a href=\"mailto:https:\/\/yoopies.pt\/c\/entrevista-com-a-babysitter-perguntas-e-conselhos\">Veja o nosso guia para entrevistas aqui<\/a>.<\/p>\n<p>Se decidiu ir com uma babysitter, ent&atilde;o eles\/as ter&atilde;o os seus pr&oacute;prios processos e formatos de registo para que possa aderir &agrave; medida que operam como o seu pr&oacute;prio neg&oacute;cio. Para as babysitter, no entanto, ser&aacute; o empregador e n&atilde;o o cliente, como acontece com as amas, pelo que lhe ser&aacute; exigido que forne&ccedil;a &agrave; sua ama um contrato para assinar antes de come&ccedil;ar a trabalhar para si. Os contratos de ama s&atilde;o geralmente bastante simples e destinam-se a proteger tanto a ama como a fam&iacute;lia para a qual trabalham. &nbsp;<\/p>\n<p><a href=\"mailto:Como%20encontrar%20a%20babysitter%20ideal%20para%20si\">Veja todo o processo de como encontrar a babysitter ideal aqui!<\/a><\/p>\n<\/p>\n<h2><strong>Financiar os seus cuidados infantis<\/strong><\/h2>\n<\/p>\n<p>O custo do acolhimento de crian&ccedil;as varia muito dependendo do tipo de prestador de cuidados infantis que escolher, da sua localiza&ccedil;&atilde;o, da idade dos seus filhos e muito mais. Os cuidados infantis podem ser uma excelente solu&ccedil;&atilde;o para permitir aos pais encontrar um equil&iacute;brio adequado entre a vida profissional e familiar e, segundo um estudo europeu financiado pela Funda&ccedil;&atilde;o Calouste Gulbenkian, Portugal &eacute; o pa&iacute;s com mais pais com filhos menores de seis anos a trabalhar a tempo inteiro, o que demostra a necessidade de uma ajuda extra para cuidar das crian&ccedil;as.<\/p>\n<p>Os grandes benef&iacute;cios de se encontrar um prestador de cuidados infantis surpreendente s&atilde;o que permite aos pais recuperarem alguma liberdade na sua pr&oacute;pria vida e pode ajudar a proporcionar um equil&iacute;brio adequado entre a vida profissional e a vida familiar aos pais ocupados. No entanto, n&atilde;o &eacute; segredo que os cuidados infantis regulares podem ser caros &agrave; medida que os custos se somam, pelo que vale a pena pesquisar as suas op&ccedil;&otilde;es de financiamento de cuidados infantis antes de iniciar a sua pesquisa, para que tenha uma ideia do seu or&ccedil;amento.<\/p>\n<p>&Eacute; importante <strong>ponderar os custos das solu&ccedil;&otilde;es de cuidados de crian&ccedil;as<\/strong> ao efetuar a sua pesquisa. As op&ccedil;&otilde;es mais caras como as babysitters exclusivas t&ecirc;m obviamente os seus benef&iacute;cios e, para algumas crian&ccedil;as e fam&iacute;lias, valer&aacute; realmente a pena o custo adicional, uma vez que as crian&ccedil;as podem beneficiar grandemente da aten&ccedil;&atilde;o e estabilidade indivis&iacute;veis de uma creche aut&oacute;noma, por terem custo mais baixo. As babysitters ou as amas t&ecirc;m sido alternativas populares desde h&aacute; anos. <\/p>\n<\/p>\n<h2><strong>Para que os cuidados infantis funcionem para si<\/strong><\/h2>\n<\/p>\n<p>Em &uacute;ltima an&aacute;lise, &eacute; importante lembrar que o <strong>acolhimento de crian&ccedil;as &eacute; t&atilde;o flex&iacute;vel que pode fazer com que funcione para si,<\/strong> <strong>independentemente da sua situa&ccedil;&atilde;o familiar. <\/strong>N&atilde;o &eacute; segredo que os cuidados infantis podem ser dispendiosos, por isso quer assegurar-se de que est&aacute; a ajudar a sua fam&iacute;lia a equilibrar os seus hor&aacute;rios o mais eficazmente poss&iacute;vel, em vez de ser um inconveniente.<\/p>\n<p>Para muitos pais trabalhadores, a guarda de crian&ccedil;as pode ser uma excelente solu&ccedil;&atilde;o para ajudar com as f&eacute;rias escolares ou para lhe permitir manter um grande equil&iacute;brio na vida profissional, desfrutando de uma carreira profissional ap&oacute;s o hor&aacute;rio normal de expediente.<\/p>\n<p>Qualquer pessoa que precise de ajuda pode contratar um profissional formado para o apoiar e ao seu filho em qualquer altura e tamb&eacute;m n&atilde;o tem de ser uma solu&ccedil;&atilde;o permanente, pode contratar <strong>uma ama ou uma babysitter para uma &uacute;nica vez, a tempo parcial ou apenas para umas f&eacute;rias escolares espec&iacute;ficas.<\/strong> Talvez prefira passar algum tempo com os seus filhos durante as f&eacute;rias de Ver&atilde;o e contratar servi&ccedil;os de babysitter durante o per&iacute;odo escolar? Qualquer que seja a sua situa&ccedil;&atilde;o, existe por a&iacute; uma solu&ccedil;&atilde;o de acolhimento de crian&ccedil;as, simplesmente precisa de decidir o que funciona melhor para si!<\/p>\n<\/p>\n<h2><strong>Vida Familiar &#8211; A nossa comunidade de pais<\/strong><\/h2>\n<\/p>\n<p>Qualquer que seja a solu&ccedil;&atilde;o de cuidados infantis que decidir ser melhor para a sua fam&iacute;lia, na Yoopies temos <strong>uma vasta gama de candidatos dispon&iacute;veis para oferecer cuidados de confian&ccedil;a e de alta qualidade aos seus filhos.<\/strong> Como profissionais dedicados, esperamos apoiar o maior n&uacute;mero de fam&iacute;lias poss&iacute;vel e estamos felizes por fornecer recursos de cuidados infantis a qualquer pai, e n&atilde;o apenas &agrave;s nossas fam&iacute;lias Yoopies!<\/p>\n<p>Sabemos que cuidar das crian&ccedil;as pode ser uma tarefa dif&iacute;cil, independentemente da sua idade, como tal, porque n&atilde;o consultar alguns dos <strong>nossos excelentes artigos no blogue<\/strong> para manter a sua fam&iacute;lia entretida nos fins-de-semana, durante as f&eacute;rias ou no per&iacute;odo de inatividade.<\/p>\n<p>Juntamente com especialistas da ind&uacute;stria, fornecemos alguns <strong>excelentes conselhos gerais parentais<\/strong> sobre todos os tipos de temas relacionados com a vida familiar. Se estiver &agrave; procura de ajuda em qualquer coisa desde manter a forma em casa at&eacute; ao desmame do seu beb&eacute;, certamente encontrar&aacute; apoio nas <strong>p&aacute;ginas do nosso blogue de cuidados infantis<\/strong>, uma vez que a rede Yoopies &eacute; composta por tantos indiv&iacute;duos e fam&iacute;lias com mente semelhante!<\/p>\n<p>N&atilde;o s&oacute; pode <strong>encontrar excelentes conselhos parentais, como tamb&eacute;m h&aacute; uma infinidade de recursos gratuitos para ajudar no desenvolvimento dos seus filhos<\/strong> que podem ser utilizados de uma forma descontra&iacute;da e divertida. <\/p>\n<ul>\n<li><a href=\"https:\/\/yoopies.pt\/c\/jogos-de-viagem-para-as-criancas-veja-como-entreter-o-seu-filho\">Jogos de viagem para as crian&ccedil;as: veja como entreter o seu filho<\/a><\/li>\n<li><a href=\"https:\/\/yoopies.pt\/c\/como-conseguir-que-a-verdade-seja-dita-pelo-seu-filho\">Como conseguir que a verdade seja dita pelo seu filho?<\/a>\n<\/li>\n<\/ul>\n<p>Inscreva-se na nossa newsletter mensal para receber artigos atualizados e conselhos parentais e at&eacute; alguns descontos e recompensas exclusivas da Yoopies!<\/p>\n<\/p>\n<h2><strong>O seu fornecedor de cuidados infantis perfeito est&aacute; &agrave; sua espera!<\/strong><\/h2>\n<\/p>\n<p>Se procura um prestador de cuidados infantis de confian&ccedil;a, fi&aacute;vel e acess&iacute;vel, ent&atilde;o a Yoopies &eacute; o lugar perfeito para a sua fam&iacute;lia. N&atilde;o s&oacute; o nosso processo de contrata&ccedil;&atilde;o &eacute; livre de stress e f&aacute;cil de gerir, como tamb&eacute;m pode estar seguro de que est&aacute; a escolher um excelente profissional de cuidados infantis, verificando as opini&otilde;es de outros utilizadores. Tratamos de todos os pagamentos e reservas online de forma segura e fi&aacute;vel para assegurar que o processo &eacute; o mais simples poss&iacute;vel, por isso, do que est&aacute; &agrave; espera!<\/p>\n<\/p>\n<p class=\"highlighted\">\n<p>Basta inscrever-se gratuitamente e criar o seu an&uacute;ncio com os seus requisitos individuais para come&ccedil;ar a sua busca pela solu&ccedil;&atilde;o perfeita de cuidados infantis.<\/p>\n<\/p>\n<p><a class=\"button\" href=\"https:\/\/yoopies.pt\/babysitting\">Encontre \u00f3timos servi\u00e7os de cuidados infantis!<\/a><\/p>\n","protected":false},"excerpt":{"rendered":"<p>Come&ccedil;ar uma fam&iacute;lia vem com uma s&eacute;rie de benef&iacute;cios surpreendentes, mas n&atilde;o &eacute; segredo nenhum &hellip; <\/p>\n","protected":false},"author":10,"featured_media":9,"parent":0,"menu_order":0,"comment_status":"closed","ping_status":"closed","template":"","meta":{"_acf_changed":false,"footnotes":""},"class_list":["post-7","page","type-page","status-publish","has-post-thumbnail","hentry"],"acf":[],"yoast_head":"<!-- This site is optimized with the Yoast SEO plugin v26.9 - https:\/\/yoast.com\/product\/yoast-seo-wordpress\/ -->\n<title>Cuidados Infantis: Guia por Excel\u00eancia<\/title>\n<meta name=\"description\" content=\"Come\u00e7ar uma fam\u00edlia vem com uma s\u00e9rie de benef\u00edcios surpreendentes, mas n\u00e3o \u00e9 segredo nenhum que por vezes pode ser avassalador! Muitos pais novos preocupam-se se est\u00e3o a acertar e uma dificuldade comum que a maioria dos pais enfrenta em algum momento \u00e9 descobrir os cuidados infantis adequados para os seus filhos. Desde encontrar uma boa babysitter para a noite ocasional at\u00e9 assegurar a sua ama ideal a tempo inteiro, estamos aqui para o guiar ao longo do processo.\" \/>\n<meta name=\"robots\" content=\"index, follow, max-snippet:-1, max-image-preview:large, max-video-preview:-1\" \/>\n<link rel=\"canonical\" href=\"https:\/\/yoopies.pt\/c\/cuidados-infantis-guia-por-excelencia\/\" \/>\n<meta property=\"og:locale\" content=\"pt_PT\" \/>\n<meta property=\"og:type\" content=\"article\" \/>\n<meta property=\"og:title\" content=\"Cuidados Infantis: Guia por Excel\u00eancia\" \/>\n<meta property=\"og:description\" content=\"Come\u00e7ar uma fam\u00edlia vem com uma s\u00e9rie de benef\u00edcios surpreendentes, mas n\u00e3o \u00e9 segredo nenhum que por vezes pode ser avassalador! Muitos pais novos preocupam-se se est\u00e3o a acertar e uma dificuldade comum que a maioria dos pais enfrenta em algum momento \u00e9 descobrir os cuidados infantis adequados para os seus filhos. Desde encontrar uma boa babysitter para a noite ocasional at\u00e9 assegurar a sua ama ideal a tempo inteiro, estamos aqui para o guiar ao longo do processo.\" \/>\n<meta property=\"og:url\" content=\"https:\/\/yoopies.pt\/c\/cuidados-infantis-guia-por-excelencia\/\" \/>\n<meta property=\"og:site_name\" content=\"Yoopies Portugal\" \/>\n<meta property=\"article:modified_time\" content=\"2025-06-12T08:50:11+00:00\" \/>\n<meta property=\"og:image\" content=\"https:\/\/yoopies.pt\/c\/wp-content\/uploads\/sites\/15\/2022\/04\/d828791a-13e3-4eb2-9313-067505f155d8-8.jpg\" \/>\n\t<meta property=\"og:image:width\" content=\"1200\" \/>\n\t<meta property=\"og:image:height\" content=\"852\" \/>\n\t<meta property=\"og:image:type\" content=\"image\/jpeg\" \/>\n<meta name=\"twitter:card\" content=\"summary_large_image\" \/>\n<meta name=\"twitter:label1\" content=\"Tempo estimado de leitura\" \/>\n\t<meta name=\"twitter:data1\" content=\"10 minutos\" \/>\n<script type=\"application\/ld+json\" class=\"yoast-schema-graph\">{\"@context\":\"https:\/\/schema.org\",\"@graph\":[{\"@type\":\"WebPage\",\"@id\":\"https:\/\/yoopies.pt\/c\/cuidados-infantis-guia-por-excelencia\/\",\"url\":\"https:\/\/yoopies.pt\/c\/cuidados-infantis-guia-por-excelencia\/\",\"name\":\"Cuidados Infantis: Guia por Excel\u00eancia\",\"isPartOf\":{\"@id\":\"https:\/\/yoopies.pt\/c\/#website\"},\"primaryImageOfPage\":{\"@id\":\"https:\/\/yoopies.pt\/c\/cuidados-infantis-guia-por-excelencia\/#primaryimage\"},\"image\":{\"@id\":\"https:\/\/yoopies.pt\/c\/cuidados-infantis-guia-por-excelencia\/#primaryimage\"},\"thumbnailUrl\":\"https:\/\/yoopies.pt\/c\/wp-content\/uploads\/sites\/15\/2022\/04\/d828791a-13e3-4eb2-9313-067505f155d8-8.jpg\",\"datePublished\":\"2022-04-28T11:02:22+00:00\",\"dateModified\":\"2025-06-12T08:50:11+00:00\",\"description\":\"Come\u00e7ar uma fam\u00edlia vem com uma s\u00e9rie de benef\u00edcios surpreendentes, mas n\u00e3o \u00e9 segredo nenhum que por vezes pode ser avassalador! Muitos pais novos preocupam-se se est\u00e3o a acertar e uma dificuldade comum que a maioria dos pais enfrenta em algum momento \u00e9 descobrir os cuidados infantis adequados para os seus filhos. Desde encontrar uma boa babysitter para a noite ocasional at\u00e9 assegurar a sua ama ideal a tempo inteiro, estamos aqui para o guiar ao longo do processo.\",\"breadcrumb\":{\"@id\":\"https:\/\/yoopies.pt\/c\/cuidados-infantis-guia-por-excelencia\/#breadcrumb\"},\"inLanguage\":\"pt-PT\",\"potentialAction\":[{\"@type\":\"ReadAction\",\"target\":[\"https:\/\/yoopies.pt\/c\/cuidados-infantis-guia-por-excelencia\/\"]}]},{\"@type\":\"ImageObject\",\"inLanguage\":\"pt-PT\",\"@id\":\"https:\/\/yoopies.pt\/c\/cuidados-infantis-guia-por-excelencia\/#primaryimage\",\"url\":\"https:\/\/yoopies.pt\/c\/wp-content\/uploads\/sites\/15\/2022\/04\/d828791a-13e3-4eb2-9313-067505f155d8-8.jpg\",\"contentUrl\":\"https:\/\/yoopies.pt\/c\/wp-content\/uploads\/sites\/15\/2022\/04\/d828791a-13e3-4eb2-9313-067505f155d8-8.jpg\",\"width\":1200,\"height\":852},{\"@type\":\"BreadcrumbList\",\"@id\":\"https:\/\/yoopies.pt\/c\/cuidados-infantis-guia-por-excelencia\/#breadcrumb\",\"itemListElement\":[{\"@type\":\"ListItem\",\"position\":1,\"name\":\"Home\",\"item\":\"https:\/\/yoopies.pt\/c\/\"},{\"@type\":\"ListItem\",\"position\":2,\"name\":\"O Guia por Excel\u00eancia de Cuidados Infantis\"}]},{\"@type\":\"WebSite\",\"@id\":\"https:\/\/yoopies.pt\/c\/#website\",\"url\":\"https:\/\/yoopies.pt\/c\/\",\"name\":\"Yoopies Portugal\",\"description\":\"\",\"potentialAction\":[{\"@type\":\"SearchAction\",\"target\":{\"@type\":\"EntryPoint\",\"urlTemplate\":\"https:\/\/yoopies.pt\/c\/?s={search_term_string}\"},\"query-input\":{\"@type\":\"PropertyValueSpecification\",\"valueRequired\":true,\"valueName\":\"search_term_string\"}}],\"inLanguage\":\"pt-PT\"}]}<\/script>\n<!-- \/ Yoast SEO plugin. -->","yoast_head_json":{"title":"Cuidados Infantis: Guia por Excel\u00eancia","description":"Come\u00e7ar uma fam\u00edlia vem com uma s\u00e9rie de benef\u00edcios surpreendentes, mas n\u00e3o \u00e9 segredo nenhum que por vezes pode ser avassalador! Muitos pais novos preocupam-se se est\u00e3o a acertar e uma dificuldade comum que a maioria dos pais enfrenta em algum momento \u00e9 descobrir os cuidados infantis adequados para os seus filhos. Desde encontrar uma boa babysitter para a noite ocasional at\u00e9 assegurar a sua ama ideal a tempo inteiro, estamos aqui para o guiar ao longo do processo.","robots":{"index":"index","follow":"follow","max-snippet":"max-snippet:-1","max-image-preview":"max-image-preview:large","max-video-preview":"max-video-preview:-1"},"canonical":"https:\/\/yoopies.pt\/c\/cuidados-infantis-guia-por-excelencia\/","og_locale":"pt_PT","og_type":"article","og_title":"Cuidados Infantis: Guia por Excel\u00eancia","og_description":"Come\u00e7ar uma fam\u00edlia vem com uma s\u00e9rie de benef\u00edcios surpreendentes, mas n\u00e3o \u00e9 segredo nenhum que por vezes pode ser avassalador! Muitos pais novos preocupam-se se est\u00e3o a acertar e uma dificuldade comum que a maioria dos pais enfrenta em algum momento \u00e9 descobrir os cuidados infantis adequados para os seus filhos. Desde encontrar uma boa babysitter para a noite ocasional at\u00e9 assegurar a sua ama ideal a tempo inteiro, estamos aqui para o guiar ao longo do processo.","og_url":"https:\/\/yoopies.pt\/c\/cuidados-infantis-guia-por-excelencia\/","og_site_name":"Yoopies Portugal","article_modified_time":"2025-06-12T08:50:11+00:00","og_image":[{"width":1200,"height":852,"url":"https:\/\/yoopies.pt\/c\/wp-content\/uploads\/sites\/15\/2022\/04\/d828791a-13e3-4eb2-9313-067505f155d8-8.jpg","type":"image\/jpeg"}],"twitter_card":"summary_large_image","twitter_misc":{"Tempo estimado de leitura":"10 minutos"},"schema":{"@context":"https:\/\/schema.org","@graph":[{"@type":"WebPage","@id":"https:\/\/yoopies.pt\/c\/cuidados-infantis-guia-por-excelencia\/","url":"https:\/\/yoopies.pt\/c\/cuidados-infantis-guia-por-excelencia\/","name":"Cuidados Infantis: Guia por Excel\u00eancia","isPartOf":{"@id":"https:\/\/yoopies.pt\/c\/#website"},"primaryImageOfPage":{"@id":"https:\/\/yoopies.pt\/c\/cuidados-infantis-guia-por-excelencia\/#primaryimage"},"image":{"@id":"https:\/\/yoopies.pt\/c\/cuidados-infantis-guia-por-excelencia\/#primaryimage"},"thumbnailUrl":"https:\/\/yoopies.pt\/c\/wp-content\/uploads\/sites\/15\/2022\/04\/d828791a-13e3-4eb2-9313-067505f155d8-8.jpg","datePublished":"2022-04-28T11:02:22+00:00","dateModified":"2025-06-12T08:50:11+00:00","description":"Come\u00e7ar uma fam\u00edlia vem com uma s\u00e9rie de benef\u00edcios surpreendentes, mas n\u00e3o \u00e9 segredo nenhum que por vezes pode ser avassalador! Muitos pais novos preocupam-se se est\u00e3o a acertar e uma dificuldade comum que a maioria dos pais enfrenta em algum momento \u00e9 descobrir os cuidados infantis adequados para os seus filhos. Desde encontrar uma boa babysitter para a noite ocasional at\u00e9 assegurar a sua ama ideal a tempo inteiro, estamos aqui para o guiar ao longo do processo.","breadcrumb":{"@id":"https:\/\/yoopies.pt\/c\/cuidados-infantis-guia-por-excelencia\/#breadcrumb"},"inLanguage":"pt-PT","potentialAction":[{"@type":"ReadAction","target":["https:\/\/yoopies.pt\/c\/cuidados-infantis-guia-por-excelencia\/"]}]},{"@type":"ImageObject","inLanguage":"pt-PT","@id":"https:\/\/yoopies.pt\/c\/cuidados-infantis-guia-por-excelencia\/#primaryimage","url":"https:\/\/yoopies.pt\/c\/wp-content\/uploads\/sites\/15\/2022\/04\/d828791a-13e3-4eb2-9313-067505f155d8-8.jpg","contentUrl":"https:\/\/yoopies.pt\/c\/wp-content\/uploads\/sites\/15\/2022\/04\/d828791a-13e3-4eb2-9313-067505f155d8-8.jpg","width":1200,"height":852},{"@type":"BreadcrumbList","@id":"https:\/\/yoopies.pt\/c\/cuidados-infantis-guia-por-excelencia\/#breadcrumb","itemListElement":[{"@type":"ListItem","position":1,"name":"Home","item":"https:\/\/yoopies.pt\/c\/"},{"@type":"ListItem","position":2,"name":"O Guia por Excel\u00eancia de Cuidados Infantis"}]},{"@type":"WebSite","@id":"https:\/\/yoopies.pt\/c\/#website","url":"https:\/\/yoopies.pt\/c\/","name":"Yoopies Portugal","description":"","potentialAction":[{"@type":"SearchAction","target":{"@type":"EntryPoint","urlTemplate":"https:\/\/yoopies.pt\/c\/?s={search_term_string}"},"query-input":{"@type":"PropertyValueSpecification","valueRequired":true,"valueName":"search_term_string"}}],"inLanguage":"pt-PT"}]}},"_links":{"self":[{"href":"https:\/\/yoopies.pt\/c\/wp-json\/wp\/v2\/pages\/7","targetHints":{"allow":["GET"]}}],"collection":[{"href":"https:\/\/yoopies.pt\/c\/wp-json\/wp\/v2\/pages"}],"about":[{"href":"https:\/\/yoopies.pt\/c\/wp-json\/wp\/v2\/types\/page"}],"author":[{"embeddable":true,"href":"https:\/\/yoopies.pt\/c\/wp-json\/wp\/v2\/users\/10"}],"replies":[{"embeddable":true,"href":"https:\/\/yoopies.pt\/c\/wp-json\/wp\/v2\/comments?post=7"}],"version-history":[{"count":1,"href":"https:\/\/yoopies.pt\/c\/wp-json\/wp\/v2\/pages\/7\/revisions"}],"predecessor-version":[{"id":10,"href":"https:\/\/yoopies.pt\/c\/wp-json\/wp\/v2\/pages\/7\/revisions\/10"}],"wp:featuredmedia":[{"embeddable":true,"href":"https:\/\/yoopies.pt\/c\/wp-json\/wp\/v2\/media\/9"}],"wp:attachment":[{"href":"https:\/\/yoopies.pt\/c\/wp-json\/wp\/v2\/media?parent=7"}],"curies":[{"name":"wp","href":"https:\/\/api.w.org\/{rel}","templated":true}]}}