{"id":56,"date":"2020-08-27T13:58:01","date_gmt":"2020-08-27T13:58:01","guid":{"rendered":"https:\/\/blog.yoopies.pt\/regresso-as-aulas-o-que-esperar-do-ano-letivo-20202021\/"},"modified":"2025-06-12T08:50:12","modified_gmt":"2025-06-12T08:50:12","slug":"regresso-as-aulas-o-que-esperar-do-ano-letivo-20202021","status":"publish","type":"page","link":"https:\/\/yoopies.pt\/c\/regresso-as-aulas-o-que-esperar-do-ano-letivo-20202021\/","title":{"rendered":"Regresso \u00e0s Aulas: o que esperar do ano letivo 2020\/2021?"},"content":{"rendered":"<p><p><strong>O regresso &agrave;s salas de aulas est&aacute; a chegar!<\/strong><\/p>\n<\/p>\n<p><p>A Yoopies deseja ajud&aacute;-los durante o per&iacute;odo stressante de regresso &agrave;s escolas, especialmente num retorno t&atilde;o at&iacute;pico, marcado pelo ensino &agrave; dist&acirc;ncia e por rotinas alteradas. Ent&atilde;o, o que sabemos sobre o ano letivo 2020\/2021 e o que nos espera? Selecionamos a seguir as principais informa&ccedil;&otilde;es j&aacute; divulgadas pelo Minist&eacute;rio da Educa&ccedil;&atilde;o.<\/p>\n<p class=\"block-img\"><img decoding=\"async\" src=\"https:\/\/yoopies.pt\/c\/wp-content\/uploads\/sites\/15\/2020\/08\/0030557f-cd9b-48f9-a021-a22994efc066_Untitleddesign28329.jpg\" alt=\"Ano letivo 2020\/2021: o que nos espera?\"><\/p>\n<\/p>\n<p><p><strong>1. As crian&ccedil;as v&atilde;o voltar &agrave; escola &#8211; com medidas de seguran&ccedil;a! <\/strong><\/p>\n<\/p>\n<p><p>O regresso &agrave; escola est&aacute; previsto para 14-17 de Setembro de 2020, consoante decis&atilde;o de cada escola, para todos os n&iacute;veis de ensino: pr&eacute;-escolar, ensino b&aacute;sico e ensino secund&aacute;rio e com actividades letivas, n&atilde;o letivas e formativas presenciais para todas as crian&ccedil;as e alunos. Est&aacute; previsto retomar o sistema de aulas presenciais com medidas de seguran&ccedil;a suplementares, o que depende, evidentemente, da evolu&ccedil;&atilde;o da situa&ccedil;&atilde;o pandemia. J&aacute; o fim do ano letivo acontece entre os dias 9 e 30 de junho de 2021, dependendo do ano escolar. Importante lembrar que durante as primeiras cinco semanas, os alunos estar&atilde;o a recuperar os conte&uacute;dos n&atilde;o lecionados no final do ano letivo passado, devido &agrave; altera&ccedil;&atilde;o de rotinas provocada pela pandemia.<\/p>\n<\/p>\n<p><p><strong>2. As escolas ser&atilde;o limpas antes da abertura e as salas tamb&eacute;m ser&atilde;o higienizadas ap&oacute;s a sua utiliza&ccedil;&atilde;o<\/strong><\/p>\n<\/p>\n<p><p>Cada AE\/ENA deve estabelecer um plano de higieniza&ccedil;&atilde;o com base no documento &ldquo;<a href=\"https:\/\/www.dgeste.mec.pt\/wp-content\/uploads\/2020\/05\/Limpeza.pdf\">Limpeza e desinfe&ccedil;&atilde;o de superf&iacute;cies em ambiente escolar no contexto da pandemia COVID-19<\/a>&ldquo;, divulgado pela Dire&ccedil;&atilde;o-Geral dos Estabelecimentos Escolares. As medidas de limpeza s&atilde;o divulgadas para que todos os profissionais (que tamb&eacute;m ter&atilde;o forma&ccedil;&atilde;o espec&iacute;fica) as possam seguir. Al&eacute;m disso, haver&aacute; uma limpeza geral das escolas antes da abertura oficial e todos os espa&ccedil;os e superf&iacute;cies ser&atilde;o limpos ap&oacute;s a utiliza&ccedil;&atilde;o de cada grupo de alunos.<\/p>\n<p class=\"block-img\"><img decoding=\"async\" src=\"https:\/\/yoopies.pt\/c\/wp-content\/uploads\/sites\/15\/2020\/08\/cab1ec88-b05e-4d44-9118-36c14f7bae5d_Untitleddesign28429.jpg\" alt=\"\"><\/p>\n<\/p>\n<p><p><strong>3. Obrigat&oacute;rio o uso de m&aacute;scara (a partir do 2&ordm; ciclo), gel antiss&eacute;ptico e distanciamento social<\/strong><\/p>\n<\/p>\n<p><p>Ao regressarem &agrave; escola, professores e alunos ter&atilde;o de usar uma m&aacute;scara protectora e respeitar a dist&acirc;ncia social obrigat&oacute;ria de pelo menos 1 metro nas salas de aula e outros espa&ccedil;os escolares. Para garantir a dist&acirc;ncia, as escolas dever&atilde;o alterar a disposi&ccedil;&atilde;o das carteiras e fornecer desinfectante na entrada de cada recinto. <\/p>\n<\/p>\n<p><p><strong>4. Alunos e professores ser&atilde;o divididos em grupos e ter&atilde;o salas fixas<\/strong><\/p>\n<\/p>\n<p><p>A divis&atilde;o em grupos serve para assegurar um risco m&iacute;nimo de cont&aacute;gio. O objectivo &eacute; assegurar que professores e alunos de cada grupo n&atilde;o tenham qualquer contacto com os indiv&iacute;duos dos outros grupos. Assim, se houver uma infec&ccedil;&atilde;o de Covid-19 em algum dos grupos, todo o grupo ter&aacute; de realizar a quarentena preventiva. Assim, cada grupo frequentar&aacute; sempre a mesma sala de aula e os estudantes devem ter lugares fixos. As horas de almo&ccedil;o tamb&eacute;m devem ser intercaladas e os refeit&oacute;rios ter&atilde;o medidas de funcionamento espec&iacute;ficas.<\/p>\n<\/p>\n<p><p><strong>5. Haver&aacute; percursos espec&iacute;ficos para desloca&ccedil;&atilde;o nas escolas<\/strong><\/p>\n<\/p>\n<p><p>O Minist&eacute;rio de Educa&ccedil;&atilde;o aconselha as escolas a definir circuitos de circula&ccedil;&atilde;o interna. Ou seja, caminhos espec&iacute;ficos para a circula&ccedil;&atilde;o em cada dire&ccedil;&atilde;o. <\/p>\n<p class=\"block-img\"><img decoding=\"async\" src=\"https:\/\/yoopies.pt\/c\/wp-content\/uploads\/sites\/15\/2020\/08\/c135cb05-da44-4187-b8ef-1f2a0d9205d5_Untitleddesign28529.jpg\" alt=\"\"><\/p>\n<\/p>\n<p><p><strong>6. Haver&aacute; um plano de conting&ecirc;ncia para situa&ccedil;&otilde;es de casos suspeitos<\/strong><\/p>\n<\/p>\n<p><p>Se surgir um caso suspeito de infec&ccedil;&atilde;o por Covid-19, a crian&ccedil;a ou adulto ser&aacute; encaminhado para a &aacute;rea de isolamento por um circuito espec&iacute;fico. E, claro, a crian&ccedil;a estar&aacute; sempre acompanhada. A escola contactar&aacute; ent&atilde;o o SNS24, alertar&aacute; as Autoridades de Sa&uacute;de Locais e contactar o encarregado de educa&ccedil;&atilde;o. A escola ter&aacute; ent&atilde;o de desinfectar os espa&ccedil;os e superf&iacute;cies utilizadas pela pessoa suspeita de infec&ccedil;&atilde;o, e os seus pertences ser&atilde;o tratados de forma adequada e segura.<\/p>\n<\/p>\n<p><p><strong>7. O Governo est&aacute; preparado para 3 poss&iacute;veis cen&aacute;rios<\/strong><\/p>\n<\/p>\n<p><p>O Minist&eacute;rio da Educa&ccedil;&atilde;o j&aacute; divulgou que est&aacute; preparado para agir de acordo com 3 poss&iacute;veis cen&aacute;rios, dependendo da evolu&ccedil;&atilde;o da pandemia.Isto significa que tudo estar&aacute; preparado para que o ensino decorra <strong>presencialmente<\/strong> &#8211; com gest&atilde;o flex&iacute;vel de hor&aacute;rios e espa&ccedil;os e medidas de seguran&ccedil;a -, em <strong>regime misto<\/strong> &#8211; com viagens &agrave;s escolas, sess&otilde;es on-line e trabalho aut&oacute;nomo orientado &#8211; ou em <strong>regime n&atilde;o presencial<\/strong> &#8211; a telescela com a qual j&aacute; estamos familiarizados. Os dois &uacute;ltimos regimes visam a eventual necessidade de uma situa&ccedil;&atilde;o de conting&ecirc;ncia e isolamento.<\/p>\n<\/p>\n<p><a class=\"button\" href=\"https:\/\/yoopies.pt\/babysitting\">Encontre babysitters ou amas dispon\u00edveis e perto de si! <\/a><\/p>\n<p><p><strong>Veja tamb&eacute;m: <\/strong><\/p>\n<p>\ud83d\udc49 R<a href=\"https:\/\/yoopies.pt\/c\/regresso-as-aulas-2020-enviar-as-criancas-de-volta-as-escolas\">egresso &agrave;s aulas 2020\/2021: enviar as crian&ccedil;as de volta &agrave; escola para salvar a economia?<br \/>\n<\/a>\ud83d\udc49 Re<a href=\"https:\/\/yoopies.pt\/c\/regresso-as-aulas-dicas-para-um-retorno-as-escola-sem-covid-19\">gresso &agrave;s aulas: dicas para um retorno &agrave;s escola sem Covid-19<\/a><\/p><\/p>\n","protected":false},"excerpt":{"rendered":"<p>O regresso &agrave;s salas de aulas est&aacute; a chegar! A Yoopies deseja ajud&aacute;-los durante o &hellip; <\/p>\n","protected":false},"author":10,"featured_media":60,"parent":0,"menu_order":0,"comment_status":"closed","ping_status":"closed","template":"","meta":{"_acf_changed":false,"footnotes":""},"class_list":["post-56","page","type-page","status-publish","has-post-thumbnail","hentry"],"acf":[],"yoast_head":"<!-- This site is optimized with the Yoast SEO plugin v26.9 - https:\/\/yoast.com\/product\/yoast-seo-wordpress\/ -->\n<title>Regresso \u00e0s Aulas: o que esperar do ano letivo 2020\/2021?<\/title>\n<meta name=\"description\" content=\"A fim de ajudar os pais neste per\u00edodo de regresso \u00e0s escolas, a Yoopies seleccionou as principais informa\u00e7\u00f5es j\u00e1 divulgadas pelo Minist\u00e9rio da Educa\u00e7\u00e3o.\" \/>\n<meta name=\"robots\" content=\"index, follow, max-snippet:-1, max-image-preview:large, max-video-preview:-1\" \/>\n<link rel=\"canonical\" href=\"https:\/\/yoopies.pt\/c\/regresso-as-aulas-o-que-esperar-do-ano-letivo-20202021\/\" \/>\n<meta property=\"og:locale\" content=\"pt_PT\" \/>\n<meta property=\"og:type\" content=\"article\" \/>\n<meta property=\"og:title\" content=\"Regresso \u00e0s Aulas: o que esperar do ano letivo 2020\/2021?\" \/>\n<meta property=\"og:description\" content=\"A fim de ajudar os pais neste per\u00edodo de regresso \u00e0s escolas, a Yoopies seleccionou as principais informa\u00e7\u00f5es j\u00e1 divulgadas pelo Minist\u00e9rio da Educa\u00e7\u00e3o.\" \/>\n<meta property=\"og:url\" content=\"https:\/\/yoopies.pt\/c\/regresso-as-aulas-o-que-esperar-do-ano-letivo-20202021\/\" \/>\n<meta property=\"og:site_name\" content=\"Yoopies Portugal\" \/>\n<meta property=\"article:modified_time\" content=\"2025-06-12T08:50:12+00:00\" \/>\n<meta property=\"og:image\" content=\"https:\/\/yoopies.pt\/c\/wp-content\/uploads\/sites\/15\/2020\/08\/cab1ec88-b05e-4d44-9118-36c14f7bae5d-untitleddesign28429.jpg\" \/>\n\t<meta property=\"og:image:width\" content=\"1200\" \/>\n\t<meta property=\"og:image:height\" content=\"675\" \/>\n\t<meta property=\"og:image:type\" content=\"image\/jpeg\" \/>\n<meta name=\"twitter:card\" content=\"summary_large_image\" \/>\n<meta name=\"twitter:label1\" content=\"Tempo estimado de leitura\" \/>\n\t<meta name=\"twitter:data1\" content=\"5 minutos\" \/>\n<script type=\"application\/ld+json\" class=\"yoast-schema-graph\">{\"@context\":\"https:\/\/schema.org\",\"@graph\":[{\"@type\":\"WebPage\",\"@id\":\"https:\/\/yoopies.pt\/c\/regresso-as-aulas-o-que-esperar-do-ano-letivo-20202021\/\",\"url\":\"https:\/\/yoopies.pt\/c\/regresso-as-aulas-o-que-esperar-do-ano-letivo-20202021\/\",\"name\":\"Regresso \u00e0s Aulas: o que esperar do ano letivo 2020\/2021?\",\"isPartOf\":{\"@id\":\"https:\/\/yoopies.pt\/c\/#website\"},\"primaryImageOfPage\":{\"@id\":\"https:\/\/yoopies.pt\/c\/regresso-as-aulas-o-que-esperar-do-ano-letivo-20202021\/#primaryimage\"},\"image\":{\"@id\":\"https:\/\/yoopies.pt\/c\/regresso-as-aulas-o-que-esperar-do-ano-letivo-20202021\/#primaryimage\"},\"thumbnailUrl\":\"https:\/\/yoopies.pt\/c\/wp-content\/uploads\/sites\/15\/2020\/08\/cab1ec88-b05e-4d44-9118-36c14f7bae5d-untitleddesign28429.jpg\",\"datePublished\":\"2020-08-27T13:58:01+00:00\",\"dateModified\":\"2025-06-12T08:50:12+00:00\",\"description\":\"A fim de ajudar os pais neste per\u00edodo de regresso \u00e0s escolas, a Yoopies seleccionou as principais informa\u00e7\u00f5es j\u00e1 divulgadas pelo Minist\u00e9rio da Educa\u00e7\u00e3o.\",\"breadcrumb\":{\"@id\":\"https:\/\/yoopies.pt\/c\/regresso-as-aulas-o-que-esperar-do-ano-letivo-20202021\/#breadcrumb\"},\"inLanguage\":\"pt-PT\",\"potentialAction\":[{\"@type\":\"ReadAction\",\"target\":[\"https:\/\/yoopies.pt\/c\/regresso-as-aulas-o-que-esperar-do-ano-letivo-20202021\/\"]}]},{\"@type\":\"ImageObject\",\"inLanguage\":\"pt-PT\",\"@id\":\"https:\/\/yoopies.pt\/c\/regresso-as-aulas-o-que-esperar-do-ano-letivo-20202021\/#primaryimage\",\"url\":\"https:\/\/yoopies.pt\/c\/wp-content\/uploads\/sites\/15\/2020\/08\/cab1ec88-b05e-4d44-9118-36c14f7bae5d-untitleddesign28429.jpg\",\"contentUrl\":\"https:\/\/yoopies.pt\/c\/wp-content\/uploads\/sites\/15\/2020\/08\/cab1ec88-b05e-4d44-9118-36c14f7bae5d-untitleddesign28429.jpg\",\"width\":1200,\"height\":675},{\"@type\":\"BreadcrumbList\",\"@id\":\"https:\/\/yoopies.pt\/c\/regresso-as-aulas-o-que-esperar-do-ano-letivo-20202021\/#breadcrumb\",\"itemListElement\":[{\"@type\":\"ListItem\",\"position\":1,\"name\":\"Home\",\"item\":\"https:\/\/yoopies.pt\/c\/\"},{\"@type\":\"ListItem\",\"position\":2,\"name\":\"Regresso \u00e0s Aulas: o que esperar do ano letivo 2020\/2021?\"}]},{\"@type\":\"WebSite\",\"@id\":\"https:\/\/yoopies.pt\/c\/#website\",\"url\":\"https:\/\/yoopies.pt\/c\/\",\"name\":\"Yoopies Portugal\",\"description\":\"\",\"potentialAction\":[{\"@type\":\"SearchAction\",\"target\":{\"@type\":\"EntryPoint\",\"urlTemplate\":\"https:\/\/yoopies.pt\/c\/?s={search_term_string}\"},\"query-input\":{\"@type\":\"PropertyValueSpecification\",\"valueRequired\":true,\"valueName\":\"search_term_string\"}}],\"inLanguage\":\"pt-PT\"}]}<\/script>\n<!-- \/ Yoast SEO plugin. -->","yoast_head_json":{"title":"Regresso \u00e0s Aulas: o que esperar do ano letivo 2020\/2021?","description":"A fim de ajudar os pais neste per\u00edodo de regresso \u00e0s escolas, a Yoopies seleccionou as principais informa\u00e7\u00f5es j\u00e1 divulgadas pelo Minist\u00e9rio da Educa\u00e7\u00e3o.","robots":{"index":"index","follow":"follow","max-snippet":"max-snippet:-1","max-image-preview":"max-image-preview:large","max-video-preview":"max-video-preview:-1"},"canonical":"https:\/\/yoopies.pt\/c\/regresso-as-aulas-o-que-esperar-do-ano-letivo-20202021\/","og_locale":"pt_PT","og_type":"article","og_title":"Regresso \u00e0s Aulas: o que esperar do ano letivo 2020\/2021?","og_description":"A fim de ajudar os pais neste per\u00edodo de regresso \u00e0s escolas, a Yoopies seleccionou as principais informa\u00e7\u00f5es j\u00e1 divulgadas pelo Minist\u00e9rio da Educa\u00e7\u00e3o.","og_url":"https:\/\/yoopies.pt\/c\/regresso-as-aulas-o-que-esperar-do-ano-letivo-20202021\/","og_site_name":"Yoopies Portugal","article_modified_time":"2025-06-12T08:50:12+00:00","og_image":[{"width":1200,"height":675,"url":"https:\/\/yoopies.pt\/c\/wp-content\/uploads\/sites\/15\/2020\/08\/cab1ec88-b05e-4d44-9118-36c14f7bae5d-untitleddesign28429.jpg","type":"image\/jpeg"}],"twitter_card":"summary_large_image","twitter_misc":{"Tempo estimado de leitura":"5 minutos"},"schema":{"@context":"https:\/\/schema.org","@graph":[{"@type":"WebPage","@id":"https:\/\/yoopies.pt\/c\/regresso-as-aulas-o-que-esperar-do-ano-letivo-20202021\/","url":"https:\/\/yoopies.pt\/c\/regresso-as-aulas-o-que-esperar-do-ano-letivo-20202021\/","name":"Regresso \u00e0s Aulas: o que esperar do ano letivo 2020\/2021?","isPartOf":{"@id":"https:\/\/yoopies.pt\/c\/#website"},"primaryImageOfPage":{"@id":"https:\/\/yoopies.pt\/c\/regresso-as-aulas-o-que-esperar-do-ano-letivo-20202021\/#primaryimage"},"image":{"@id":"https:\/\/yoopies.pt\/c\/regresso-as-aulas-o-que-esperar-do-ano-letivo-20202021\/#primaryimage"},"thumbnailUrl":"https:\/\/yoopies.pt\/c\/wp-content\/uploads\/sites\/15\/2020\/08\/cab1ec88-b05e-4d44-9118-36c14f7bae5d-untitleddesign28429.jpg","datePublished":"2020-08-27T13:58:01+00:00","dateModified":"2025-06-12T08:50:12+00:00","description":"A fim de ajudar os pais neste per\u00edodo de regresso \u00e0s escolas, a Yoopies seleccionou as principais informa\u00e7\u00f5es j\u00e1 divulgadas pelo Minist\u00e9rio da Educa\u00e7\u00e3o.","breadcrumb":{"@id":"https:\/\/yoopies.pt\/c\/regresso-as-aulas-o-que-esperar-do-ano-letivo-20202021\/#breadcrumb"},"inLanguage":"pt-PT","potentialAction":[{"@type":"ReadAction","target":["https:\/\/yoopies.pt\/c\/regresso-as-aulas-o-que-esperar-do-ano-letivo-20202021\/"]}]},{"@type":"ImageObject","inLanguage":"pt-PT","@id":"https:\/\/yoopies.pt\/c\/regresso-as-aulas-o-que-esperar-do-ano-letivo-20202021\/#primaryimage","url":"https:\/\/yoopies.pt\/c\/wp-content\/uploads\/sites\/15\/2020\/08\/cab1ec88-b05e-4d44-9118-36c14f7bae5d-untitleddesign28429.jpg","contentUrl":"https:\/\/yoopies.pt\/c\/wp-content\/uploads\/sites\/15\/2020\/08\/cab1ec88-b05e-4d44-9118-36c14f7bae5d-untitleddesign28429.jpg","width":1200,"height":675},{"@type":"BreadcrumbList","@id":"https:\/\/yoopies.pt\/c\/regresso-as-aulas-o-que-esperar-do-ano-letivo-20202021\/#breadcrumb","itemListElement":[{"@type":"ListItem","position":1,"name":"Home","item":"https:\/\/yoopies.pt\/c\/"},{"@type":"ListItem","position":2,"name":"Regresso \u00e0s Aulas: o que esperar do ano letivo 2020\/2021?"}]},{"@type":"WebSite","@id":"https:\/\/yoopies.pt\/c\/#website","url":"https:\/\/yoopies.pt\/c\/","name":"Yoopies Portugal","description":"","potentialAction":[{"@type":"SearchAction","target":{"@type":"EntryPoint","urlTemplate":"https:\/\/yoopies.pt\/c\/?s={search_term_string}"},"query-input":{"@type":"PropertyValueSpecification","valueRequired":true,"valueName":"search_term_string"}}],"inLanguage":"pt-PT"}]}},"_links":{"self":[{"href":"https:\/\/yoopies.pt\/c\/wp-json\/wp\/v2\/pages\/56","targetHints":{"allow":["GET"]}}],"collection":[{"href":"https:\/\/yoopies.pt\/c\/wp-json\/wp\/v2\/pages"}],"about":[{"href":"https:\/\/yoopies.pt\/c\/wp-json\/wp\/v2\/types\/page"}],"author":[{"embeddable":true,"href":"https:\/\/yoopies.pt\/c\/wp-json\/wp\/v2\/users\/10"}],"replies":[{"embeddable":true,"href":"https:\/\/yoopies.pt\/c\/wp-json\/wp\/v2\/comments?post=56"}],"version-history":[{"count":1,"href":"https:\/\/yoopies.pt\/c\/wp-json\/wp\/v2\/pages\/56\/revisions"}],"predecessor-version":[{"id":61,"href":"https:\/\/yoopies.pt\/c\/wp-json\/wp\/v2\/pages\/56\/revisions\/61"}],"wp:featuredmedia":[{"embeddable":true,"href":"https:\/\/yoopies.pt\/c\/wp-json\/wp\/v2\/media\/60"}],"wp:attachment":[{"href":"https:\/\/yoopies.pt\/c\/wp-json\/wp\/v2\/media?parent=56"}],"curies":[{"name":"wp","href":"https:\/\/api.w.org\/{rel}","templated":true}]}}