{"id":45,"date":"2020-11-11T11:02:56","date_gmt":"2020-11-11T11:02:56","guid":{"rendered":"https:\/\/blog.yoopies.pt\/regresso-a-escola-aumenta-a-procura-de-babysitters-em-14\/"},"modified":"2025-06-12T08:50:12","modified_gmt":"2025-06-12T08:50:12","slug":"regresso-a-escola-aumenta-a-procura-de-babysitters-em-14","status":"publish","type":"page","link":"https:\/\/yoopies.pt\/c\/regresso-a-escola-aumenta-a-procura-de-babysitters-em-14\/","title":{"rendered":"Regresso \u00e0 escola faz aumentar a procura de babysitters em 14%\u00a0"},"content":{"rendered":"<p><p><em>Fam&iacute;lias recorrem a alternativas em vez de creches e infant&aacute;rios, mas Portugal continua a ser o pa&iacute;s mais barato da Europa para o acolhimento de crian&ccedil;as<\/em><\/p>\n<\/p>\n<p><p>Entre hoje e quinta-feira, 17 de Setembro, come&ccedil;am as aulas para mais de dois milh&otilde;es de crian&ccedil;as e adolescentes portugueses, da pr&eacute;-escola ao secund&aacute;rio, que n&atilde;o frequentam a escola desde 12 de Mar&ccedil;o e que ter&atilde;o agora de lidar com um ambiente muito diferente do que estavam habituados. O contexto da pandemia e do novo normal obrigar&aacute; os alunos a cumprir regras espec&iacute;ficas a fim de reduzir o risco de transmiss&atilde;o de Covid-19 e evitar surtos nas escolas.&nbsp;<\/p>\n<\/p>\n<p><p>Por outro lado, muitos pais est&atilde;o preocupados com o regresso &agrave; escola e a prefer&ecirc;ncia por babysitters a tempo inteiro em vez de jardins-de-inf&acirc;ncia e creches aumentou 14%. Segundo o inqu&eacute;rito realizado pela Yoopies &#8211; plataforma internacional que facilita o contacto entre a oferta e a procura de babysitting e servi&ccedil;os dom&eacute;sticos &#8211; a procura de cuidados infantis para crian&ccedil;as aumentou em compara&ccedil;&atilde;o com o mesmo per&iacute;odo de regresso &agrave; escola no ano passado. Relativamente aos pre&ccedil;os cobrados pelas babysitters, todos os distritos registaram um aumento na tarifa hor&aacute;ria, com excep&ccedil;&atilde;o de Lisboa e Porto &#8211; onde se concentra a maioria dos casos de covid-19, que tiveram os seus pre&ccedil;os reduzidos em 8,6% e 0,80%, respectivamente.&nbsp;<\/p>\n<\/p>\n<p><p><strong>Mais da metade dos pais portugueses n&atilde;o quer que os filhos regressem &agrave; escola<\/strong><\/p>\n<\/p>\n<p><p>As consequ&ecirc;ncias &oacute;bvias da crise sanit&aacute;ria e econ&oacute;mica levaram muitas pessoas a candidatarem-se &agrave; profiss&atilde;o de babysitter, uma ocupa&ccedil;&atilde;o entendida como flex&iacute;vel, f&aacute;cil de aplicar numa base tempor&aacute;ria, enquanto esperam por uma recupera&ccedil;&atilde;o econ&oacute;mica e laboral mais est&aacute;vel. O aumento da oferta no setor foi tamb&eacute;m encorajado pela percep&ccedil;&atilde;o de uma forte necessidade das fam&iacute;lias regressarem ao trabalho com escolas fechadas ou a funcionar a curto prazo. Segundo o inqu&eacute;rito Yoopies, realizado no final de Agosto para as fam&iacute;lias inscritas na plataforma, os portugueses s&atilde;o os mais relutantes quanto ao retorno das aulas presenciais: 56% dos inquiridos receiam uma segunda vaga da doen&ccedil;a, n&atilde;o sabem se todas as normas recomendadas pela Direc&ccedil;&atilde;o-Geral de Sa&uacute;de ser&atilde;o cumpridas e, consequentemente, est&atilde;o preocupados com a seguran&ccedil;a das crian&ccedil;as e com o bem-estar geral da fam&iacute;lia.&nbsp;<\/p>\n<\/p>\n<p><p>Como alternativa ao encaminhamento das crian&ccedil;as para creches e infant&aacute;rios, muitos pais est&atilde;o a utilizar plataformas de servi&ccedil;o dom&eacute;stico online para procurar babysitters que possam cuidar dos seus filhos, uma vez que 60% dos pais entrevistados trabalham a tempo inteiro e 20% n&atilde;o t&ecirc;m a possibilidade de ficar em casa com as crian&ccedil;as se as escolas voltarem a fechar devido ao aumento de casos de Covid-19. Em compara&ccedil;&atilde;o com o mesmo per&iacute;odo do ano passado, houve um aumento de 14% nos pais que procuram servi&ccedil;os de babysitting na Yoopies e uma das prioridades exigidas pelas fam&iacute;lias &eacute; que o servi&ccedil;o possa ser realizado a tempo inteiro. &rarr; <strong><a href=\"https:\/\/yoopies.pt\/c\/regresso-as-aulas-2020-enviar-as-criancas-de-volta-as-escolas\">Clique aqui e aceda ao infogr&aacute;fico completo: Regresso &agrave;s aulas e Covid-19<\/a>.&nbsp;<\/strong><\/p>\n<\/p>\n<p><p><strong>O sector dos cuidados infantis enfraquecido pela crise do Covid-19<\/strong><\/p>\n<\/p>\n<p><p>Para al&eacute;m da procura de babysitting, o pre&ccedil;o cobrado por hora nos principais distritos portugueses tamb&eacute;m aumentou. Com excep&ccedil;&atilde;o de Lisboa e Porto, que foram os &uacute;nicos distritos a registar uma redu&ccedil;&atilde;o no pre&ccedil;o m&eacute;dio &#8211; 8,6% e 0,80% respectivamente &#8211; todos os outros distritos registaram um ligeiro aumento nos pre&ccedil;os cobrados pelas babysitters, uma vez que a classe trabalhadora foi duramente atingida durante o per&iacute;odo de confinamento, particularmente devido ao custo do tempo de inactividade para os cuidados parentais. Nos grandes centros urbanos, a perda de empregos devido &agrave; crise e as rendas mais caras podem explicar o aumento consider&aacute;vel do n&uacute;mero de babysitters registados na plataforma (+25%), bem como a diminui&ccedil;&atilde;o do custo m&eacute;dio hor&aacute;rio recomendado para &#8220;vencer a concorr&ecirc;ncia&#8221; e a idade mais avan&ccedil;ada dos profissionais registados na plataforma (34 anos em compara&ccedil;&atilde;o com 29 no ano passado).&nbsp;<\/p>\n<\/p>\n<p><p>O relat&oacute;rio mostra como Castelo Branco (8,90 euros\/hora), Faro (8,70 euros\/hora) e &Eacute;vora (8,60 euros\/hora) continuam a ser as regi&otilde;es com as tarifas mais caras; Guarda (6,68 euros\/hora), Vila Real (6,11 euros\/hora) e Leiria (6 euros\/hora) as mais baratas. Quanto &agrave;s cidades, mais modestas s&atilde;o as taxas de P&oacute;voa de Varzim (6,56 euros\/hora), Leiria (6,34 euros\/hora) e Espinho (6,05 euros\/hora), enquanto Agualva-Cac&eacute;m (8,10 euros\/hora), Estoril (7,97 euros\/hora) e Alverca do Ribatejo (7,96 euros\/hora) est&atilde;o no topo da lista das capitais mais caras. &rarr;&nbsp; <strong><a href=\"https:\/\/yoopies.pt\/c\/quanto-custa-o-servico-de-babysitting-em-portugal\">Clique aqui e descubra o infogr&aacute;fico completo das tarifas m&eacute;dias de acolhimento infantil nos distritos portugueses.<\/a><\/strong><\/p>\n<\/p>\n<p><p><strong>Portugal &#8211; o pa&iacute;s mais barato da Europa para o acolhimento infantil&nbsp;<\/strong><\/p>\n<\/p>\n<p><p>A Yoopies tem actualmente mais de 3.000.000 perfis de baby-sitter em 16 pa&iacute;ses europeus. Tal como nos anos anteriores, a Su&iacute;&ccedil;a continua a ser o pa&iacute;s mais caro da Europa para a guarda de crian&ccedil;as em casa, 14,40 euros (15,51 CHF). Em segundo lugar est&aacute; a Alemanha com uma taxa de 9,43 euros, seguida pela Gr&atilde;-Bretanha com uma m&eacute;dia de 9,32 euros (&pound;8,47). A It&aacute;lia (7,75 euros), Espanha (7,68 euros) e Portugal (7,49 euros) s&atilde;o os 3 pa&iacute;ses com as taxas mais modestas.&nbsp;<\/p>\n<\/p>\n<p class=\"highlighted\">\n<p><strong>Sobre a Yoopies:<\/strong> Criada em 2012 por Benjamin Suchar e Jessica Cymerman, a Yoopies rapidamente tornou-se a principal plataforma de acolhimento infantil da Europa. Sediada em Paris e presente em 19 pa&iacute;ses, a start-up expandiu suas atividades de modo a incluir os servi&ccedil;os de limpeza, apoio domicili&aacute;rio a idosos e pessoas dependentes, pet sitting e apoio escolar. Com base na recomenda&ccedil;&atilde;o social de mais de 3 milh&otilde;es de membros, a Yoopies permite que os seus usu&aacute;rios escolham o seu funcion&aacute;rio com total confian&ccedil;a. A Yoopies tamb&eacute;m disponibiliza uma oferta corporativa, a YoopiesAtWork, que permite &agrave;s empresas oferecer uma ajuda concreta diante dos desafios dom&eacute;sticos enfrentados diariamente e assim, melhorar o equil&iacute;brio entre a vida profissional e pessoal dos seus colaboradores.&nbsp;<\/p><\/p>\n","protected":false},"excerpt":{"rendered":"<p>Fam&iacute;lias recorrem a alternativas em vez de creches e infant&aacute;rios, mas Portugal continua a ser &hellip; <\/p>\n","protected":false},"author":10,"featured_media":0,"parent":0,"menu_order":0,"comment_status":"closed","ping_status":"closed","template":"","meta":{"_acf_changed":false,"footnotes":""},"class_list":["post-45","page","type-page","status-publish","hentry"],"acf":[],"yoast_head":"<!-- This site is optimized with the Yoast SEO plugin v26.9 - https:\/\/yoast.com\/product\/yoast-seo-wordpress\/ -->\n<title>Regresso \u00e0 escola aumenta a procura de babysitters em 14%<\/title>\n<meta name=\"description\" content=\"Fam\u00edlias recorrem a alternativas em vez de creches e infant\u00e1rios, mas Portugal continua a ser o pa\u00eds mais barato da Europa para o acolhimento de crian\u00e7as\" \/>\n<meta name=\"robots\" content=\"index, follow, max-snippet:-1, max-image-preview:large, max-video-preview:-1\" \/>\n<link rel=\"canonical\" href=\"https:\/\/yoopies.pt\/c\/regresso-a-escola-aumenta-a-procura-de-babysitters-em-14\/\" \/>\n<meta property=\"og:locale\" content=\"pt_PT\" \/>\n<meta property=\"og:type\" content=\"article\" \/>\n<meta property=\"og:title\" content=\"Regresso \u00e0 escola aumenta a procura de babysitters em 14%\" \/>\n<meta property=\"og:description\" content=\"Fam\u00edlias recorrem a alternativas em vez de creches e infant\u00e1rios, mas Portugal continua a ser o pa\u00eds mais barato da Europa para o acolhimento de crian\u00e7as\" \/>\n<meta property=\"og:url\" content=\"https:\/\/yoopies.pt\/c\/regresso-a-escola-aumenta-a-procura-de-babysitters-em-14\/\" \/>\n<meta property=\"og:site_name\" content=\"Yoopies Portugal\" \/>\n<meta property=\"article:modified_time\" content=\"2025-06-12T08:50:12+00:00\" \/>\n<meta name=\"twitter:card\" content=\"summary_large_image\" \/>\n<meta name=\"twitter:label1\" content=\"Tempo estimado de leitura\" \/>\n\t<meta name=\"twitter:data1\" content=\"6 minutos\" \/>\n<script type=\"application\/ld+json\" class=\"yoast-schema-graph\">{\"@context\":\"https:\/\/schema.org\",\"@graph\":[{\"@type\":\"WebPage\",\"@id\":\"https:\/\/yoopies.pt\/c\/regresso-a-escola-aumenta-a-procura-de-babysitters-em-14\/\",\"url\":\"https:\/\/yoopies.pt\/c\/regresso-a-escola-aumenta-a-procura-de-babysitters-em-14\/\",\"name\":\"Regresso \u00e0 escola aumenta a procura de babysitters em 14%\",\"isPartOf\":{\"@id\":\"https:\/\/yoopies.pt\/c\/#website\"},\"datePublished\":\"2020-11-11T11:02:56+00:00\",\"dateModified\":\"2025-06-12T08:50:12+00:00\",\"description\":\"Fam\u00edlias recorrem a alternativas em vez de creches e infant\u00e1rios, mas Portugal continua a ser o pa\u00eds mais barato da Europa para o acolhimento de crian\u00e7as\",\"breadcrumb\":{\"@id\":\"https:\/\/yoopies.pt\/c\/regresso-a-escola-aumenta-a-procura-de-babysitters-em-14\/#breadcrumb\"},\"inLanguage\":\"pt-PT\",\"potentialAction\":[{\"@type\":\"ReadAction\",\"target\":[\"https:\/\/yoopies.pt\/c\/regresso-a-escola-aumenta-a-procura-de-babysitters-em-14\/\"]}]},{\"@type\":\"BreadcrumbList\",\"@id\":\"https:\/\/yoopies.pt\/c\/regresso-a-escola-aumenta-a-procura-de-babysitters-em-14\/#breadcrumb\",\"itemListElement\":[{\"@type\":\"ListItem\",\"position\":1,\"name\":\"Home\",\"item\":\"https:\/\/yoopies.pt\/c\/\"},{\"@type\":\"ListItem\",\"position\":2,\"name\":\"Regresso \u00e0 escola faz aumentar a procura de babysitters em 14%\u00a0\"}]},{\"@type\":\"WebSite\",\"@id\":\"https:\/\/yoopies.pt\/c\/#website\",\"url\":\"https:\/\/yoopies.pt\/c\/\",\"name\":\"Yoopies Portugal\",\"description\":\"\",\"potentialAction\":[{\"@type\":\"SearchAction\",\"target\":{\"@type\":\"EntryPoint\",\"urlTemplate\":\"https:\/\/yoopies.pt\/c\/?s={search_term_string}\"},\"query-input\":{\"@type\":\"PropertyValueSpecification\",\"valueRequired\":true,\"valueName\":\"search_term_string\"}}],\"inLanguage\":\"pt-PT\"}]}<\/script>\n<!-- \/ Yoast SEO plugin. -->","yoast_head_json":{"title":"Regresso \u00e0 escola aumenta a procura de babysitters em 14%","description":"Fam\u00edlias recorrem a alternativas em vez de creches e infant\u00e1rios, mas Portugal continua a ser o pa\u00eds mais barato da Europa para o acolhimento de crian\u00e7as","robots":{"index":"index","follow":"follow","max-snippet":"max-snippet:-1","max-image-preview":"max-image-preview:large","max-video-preview":"max-video-preview:-1"},"canonical":"https:\/\/yoopies.pt\/c\/regresso-a-escola-aumenta-a-procura-de-babysitters-em-14\/","og_locale":"pt_PT","og_type":"article","og_title":"Regresso \u00e0 escola aumenta a procura de babysitters em 14%","og_description":"Fam\u00edlias recorrem a alternativas em vez de creches e infant\u00e1rios, mas Portugal continua a ser o pa\u00eds mais barato da Europa para o acolhimento de crian\u00e7as","og_url":"https:\/\/yoopies.pt\/c\/regresso-a-escola-aumenta-a-procura-de-babysitters-em-14\/","og_site_name":"Yoopies Portugal","article_modified_time":"2025-06-12T08:50:12+00:00","twitter_card":"summary_large_image","twitter_misc":{"Tempo estimado de leitura":"6 minutos"},"schema":{"@context":"https:\/\/schema.org","@graph":[{"@type":"WebPage","@id":"https:\/\/yoopies.pt\/c\/regresso-a-escola-aumenta-a-procura-de-babysitters-em-14\/","url":"https:\/\/yoopies.pt\/c\/regresso-a-escola-aumenta-a-procura-de-babysitters-em-14\/","name":"Regresso \u00e0 escola aumenta a procura de babysitters em 14%","isPartOf":{"@id":"https:\/\/yoopies.pt\/c\/#website"},"datePublished":"2020-11-11T11:02:56+00:00","dateModified":"2025-06-12T08:50:12+00:00","description":"Fam\u00edlias recorrem a alternativas em vez de creches e infant\u00e1rios, mas Portugal continua a ser o pa\u00eds mais barato da Europa para o acolhimento de crian\u00e7as","breadcrumb":{"@id":"https:\/\/yoopies.pt\/c\/regresso-a-escola-aumenta-a-procura-de-babysitters-em-14\/#breadcrumb"},"inLanguage":"pt-PT","potentialAction":[{"@type":"ReadAction","target":["https:\/\/yoopies.pt\/c\/regresso-a-escola-aumenta-a-procura-de-babysitters-em-14\/"]}]},{"@type":"BreadcrumbList","@id":"https:\/\/yoopies.pt\/c\/regresso-a-escola-aumenta-a-procura-de-babysitters-em-14\/#breadcrumb","itemListElement":[{"@type":"ListItem","position":1,"name":"Home","item":"https:\/\/yoopies.pt\/c\/"},{"@type":"ListItem","position":2,"name":"Regresso \u00e0 escola faz aumentar a procura de babysitters em 14%\u00a0"}]},{"@type":"WebSite","@id":"https:\/\/yoopies.pt\/c\/#website","url":"https:\/\/yoopies.pt\/c\/","name":"Yoopies Portugal","description":"","potentialAction":[{"@type":"SearchAction","target":{"@type":"EntryPoint","urlTemplate":"https:\/\/yoopies.pt\/c\/?s={search_term_string}"},"query-input":{"@type":"PropertyValueSpecification","valueRequired":true,"valueName":"search_term_string"}}],"inLanguage":"pt-PT"}]}},"_links":{"self":[{"href":"https:\/\/yoopies.pt\/c\/wp-json\/wp\/v2\/pages\/45","targetHints":{"allow":["GET"]}}],"collection":[{"href":"https:\/\/yoopies.pt\/c\/wp-json\/wp\/v2\/pages"}],"about":[{"href":"https:\/\/yoopies.pt\/c\/wp-json\/wp\/v2\/types\/page"}],"author":[{"embeddable":true,"href":"https:\/\/yoopies.pt\/c\/wp-json\/wp\/v2\/users\/10"}],"replies":[{"embeddable":true,"href":"https:\/\/yoopies.pt\/c\/wp-json\/wp\/v2\/comments?post=45"}],"version-history":[{"count":1,"href":"https:\/\/yoopies.pt\/c\/wp-json\/wp\/v2\/pages\/45\/revisions"}],"predecessor-version":[{"id":46,"href":"https:\/\/yoopies.pt\/c\/wp-json\/wp\/v2\/pages\/45\/revisions\/46"}],"wp:attachment":[{"href":"https:\/\/yoopies.pt\/c\/wp-json\/wp\/v2\/media?parent=45"}],"curies":[{"name":"wp","href":"https:\/\/api.w.org\/{rel}","templated":true}]}}