{"id":40,"date":"2020-11-11T10:56:55","date_gmt":"2020-11-11T10:56:55","guid":{"rendered":"https:\/\/blog.yoopies.pt\/movimento-momentorosa-em-apoio-as-mulheres\/"},"modified":"2025-06-12T08:50:12","modified_gmt":"2025-06-12T08:50:12","slug":"movimento-momentorosa-em-apoio-as-mulheres","status":"publish","type":"page","link":"https:\/\/yoopies.pt\/c\/movimento-momentorosa-em-apoio-as-mulheres\/","title":{"rendered":"Startup de servi\u00e7os dom\u00e9sticos oferece cuidados infantis gratuitos para que as m\u00e3es possam ir \u00e0 consulta de mamografia"},"content":{"rendered":"<p><p><em>Como parte do Outubro Rosa, o m&ecirc;s internacional de sensibiliza&ccedil;&atilde;o e preven&ccedil;&atilde;o contra o cancro da mama, a <strong><a href=\"https:\/\/yoopies.pt\/babysitting\">Yoopies<\/a><\/strong> lan&ccedil;a o movimento <strong>#MomentoRosa<\/strong> em apoio &agrave;s mulheres e oferece 2 horas de babysitting gratuitamente para que as m&atilde;es possam realizar os seus exames de mamografia.<\/em><\/p>\n<\/p>\n<p><p><strong><em>#MomentoRosa,<\/em> porque a preven&ccedil;&atilde;o &eacute; o primeiro passo na luta contra a doen&ccedil;a<\/strong><\/p>\n<\/p>\n<p><p>De acordo com a Liga Portuguesa Contra o Cancro, s&atilde;o diagnosticados anualmente em Portugal 6.000 novos casos de cancro da mama &#8211; 11 novos casos por dia &#8211; e cerca de 1.500 mulheres morrem devido &agrave; doen&ccedil;a. Dados da Direc&ccedil;&atilde;o-Geral de Sa&uacute;de indicam que uma em cada oito mulheres portuguesas tem cancro da mama, o tipo de cancro mais comum entre as mulheres e a segunda causa de morte por cancro no sexo feminino. Neste ano de 2020, marcado pela pandemia e pelo medo do Covid-19, muitos testes de rastreio oncol&oacute;gico tiveram de ser cancelados ou adiados, pelo que parece ainda mais importante lembrar que o diagn&oacute;stico precoce &eacute; fundamental para combater e vencer a doen&ccedil;a &#8211; a detec&ccedil;&atilde;o precoce aumenta as hip&oacute;teses de um bom progn&oacute;stico para 95%. O movimento <strong>#MomentoRosa<\/strong> quer, portanto, ajudar a divulgar esta consci&ecirc;ncia e alertar as mulheres e a sociedade para a import&acirc;ncia da preven&ccedil;&atilde;o e do diagn&oacute;stico precoce da doen&ccedil;a. Por esta raz&atilde;o e para fazer avan&ccedil;ar o objectivo principal da campanha, Yoopies apoia o Instituto Gustave-Roussy em Paris, o primeiro centro na Europa para a luta contra o cancro da mama.&nbsp;<\/p>\n<\/p>\n<p><p><strong>Querida m&atilde;e, cuide de si<\/strong><\/p>\n<\/p>\n<p><p>Com esta iniciativa de solidariedade, a Yoopies quer ajudar as m&atilde;es que est&atilde;o sempre a fazer malabarismos para gerir quest&otilde;es relacionadas com os seus filhos, compromissos dom&eacute;sticos e de trabalho. Para ajudar as m&atilde;es a terem algum tempo para elas pr&oacute;prias, para que possam desfrutar do seu <strong>#MomentoRosa<\/strong> e ir calmamente &agrave; sua consulta de rastreio mam&aacute;rio, a <strong>Yoopies oferece 2 horas de babysitting gratuitamente<\/strong>.&nbsp;<\/p>\n<\/p>\n<p><p>\ud83c\udf38 Para desfrutar das 2 horas de cuidados infantis gratuitos, basta aceder ao website da iniciativa: <strong>h<a href=\"https:\/\/yoopies.pt\/info\/momentorosa\/\">ttps:\/\/yoopies.pt\/info\/momentorosa\/,<\/a><\/strong> registar-se na Yoopies e carregar a confirma&ccedil;&atilde;o da sua marca&ccedil;&atilde;o de mamografia (fotos ou capturas de ecr&atilde; s&atilde;o suficientes).&nbsp;<\/p>\n<\/p>\n<p class=\"highlighted\">\n<p><strong>Sobre a Yoopies:<\/strong> Criada em 2012 por Benjamin Suchar e Jessica Cymerman, a Yoopies rapidamente tornou-se a principal plataforma de acolhimento infantil da Europa. Sediada em Paris e presente em 19 pa&iacute;ses, a start-up expandiu suas atividades de modo a incluir os servi&ccedil;os de limpeza, apoio domicili&aacute;rio a idosos e pessoas dependentes, pet sitting e apoio escolar. Com base na recomenda&ccedil;&atilde;o social de mais de 3 milh&otilde;es de membros, a Yoopies permite que os seus usu&aacute;rios escolham o seu funcion&aacute;rio com total confian&ccedil;a. A Yoopies tamb&eacute;m disponibiliza uma oferta corporativa, a YoopiesAtWork, que permite &agrave;s empresas oferecer uma ajuda concreta diante dos desafios dom&eacute;sticos enfrentados diariamente e assim, melhorar o equil&iacute;brio entre a vida profissional e pessoal dos seus colaboradores.<\/p><\/p>\n","protected":false},"excerpt":{"rendered":"<p>Como parte do Outubro Rosa, o m&ecirc;s internacional de sensibiliza&ccedil;&atilde;o e preven&ccedil;&atilde;o contra o cancro &hellip; <\/p>\n","protected":false},"author":10,"featured_media":0,"parent":0,"menu_order":0,"comment_status":"closed","ping_status":"closed","template":"","meta":{"_acf_changed":false,"footnotes":""},"class_list":["post-40","page","type-page","status-publish","hentry"],"acf":[],"yoast_head":"<!-- This site is optimized with the Yoast SEO plugin v26.9 - https:\/\/yoast.com\/product\/yoast-seo-wordpress\/ -->\n<title>Yoopies lan\u00e7a o movimento #MomentoRosa em apoio \u00e0s mulheres<\/title>\n<meta name=\"description\" content=\"Como parte do Outubro Rosa, o m\u00eas internacional de sensibiliza\u00e7\u00e3o e preven\u00e7\u00e3o contra o cancro da mama, Yoopies lan\u00e7a o movimento #MomentoRosa em apoio \u00e0s mulheres.\" \/>\n<meta name=\"robots\" content=\"index, follow, max-snippet:-1, max-image-preview:large, max-video-preview:-1\" \/>\n<link rel=\"canonical\" href=\"https:\/\/yoopies.pt\/c\/movimento-momentorosa-em-apoio-as-mulheres\/\" \/>\n<meta property=\"og:locale\" content=\"pt_PT\" \/>\n<meta property=\"og:type\" content=\"article\" \/>\n<meta property=\"og:title\" content=\"Yoopies lan\u00e7a o movimento #MomentoRosa em apoio \u00e0s mulheres\" \/>\n<meta property=\"og:description\" content=\"Como parte do Outubro Rosa, o m\u00eas internacional de sensibiliza\u00e7\u00e3o e preven\u00e7\u00e3o contra o cancro da mama, Yoopies lan\u00e7a o movimento #MomentoRosa em apoio \u00e0s mulheres.\" \/>\n<meta property=\"og:url\" content=\"https:\/\/yoopies.pt\/c\/movimento-momentorosa-em-apoio-as-mulheres\/\" \/>\n<meta property=\"og:site_name\" content=\"Yoopies Portugal\" \/>\n<meta property=\"article:modified_time\" content=\"2025-06-12T08:50:12+00:00\" \/>\n<meta name=\"twitter:card\" content=\"summary_large_image\" \/>\n<meta name=\"twitter:label1\" content=\"Tempo estimado de leitura\" \/>\n\t<meta name=\"twitter:data1\" content=\"3 minutos\" \/>\n<script type=\"application\/ld+json\" class=\"yoast-schema-graph\">{\"@context\":\"https:\/\/schema.org\",\"@graph\":[{\"@type\":\"WebPage\",\"@id\":\"https:\/\/yoopies.pt\/c\/movimento-momentorosa-em-apoio-as-mulheres\/\",\"url\":\"https:\/\/yoopies.pt\/c\/movimento-momentorosa-em-apoio-as-mulheres\/\",\"name\":\"Yoopies lan\u00e7a o movimento #MomentoRosa em apoio \u00e0s mulheres\",\"isPartOf\":{\"@id\":\"https:\/\/yoopies.pt\/c\/#website\"},\"datePublished\":\"2020-11-11T10:56:55+00:00\",\"dateModified\":\"2025-06-12T08:50:12+00:00\",\"description\":\"Como parte do Outubro Rosa, o m\u00eas internacional de sensibiliza\u00e7\u00e3o e preven\u00e7\u00e3o contra o cancro da mama, Yoopies lan\u00e7a o movimento #MomentoRosa em apoio \u00e0s mulheres.\",\"breadcrumb\":{\"@id\":\"https:\/\/yoopies.pt\/c\/movimento-momentorosa-em-apoio-as-mulheres\/#breadcrumb\"},\"inLanguage\":\"pt-PT\",\"potentialAction\":[{\"@type\":\"ReadAction\",\"target\":[\"https:\/\/yoopies.pt\/c\/movimento-momentorosa-em-apoio-as-mulheres\/\"]}]},{\"@type\":\"BreadcrumbList\",\"@id\":\"https:\/\/yoopies.pt\/c\/movimento-momentorosa-em-apoio-as-mulheres\/#breadcrumb\",\"itemListElement\":[{\"@type\":\"ListItem\",\"position\":1,\"name\":\"Home\",\"item\":\"https:\/\/yoopies.pt\/c\/\"},{\"@type\":\"ListItem\",\"position\":2,\"name\":\"Startup de servi\u00e7os dom\u00e9sticos oferece cuidados infantis gratuitos para que as m\u00e3es possam ir \u00e0 consulta de mamografia\"}]},{\"@type\":\"WebSite\",\"@id\":\"https:\/\/yoopies.pt\/c\/#website\",\"url\":\"https:\/\/yoopies.pt\/c\/\",\"name\":\"Yoopies Portugal\",\"description\":\"\",\"potentialAction\":[{\"@type\":\"SearchAction\",\"target\":{\"@type\":\"EntryPoint\",\"urlTemplate\":\"https:\/\/yoopies.pt\/c\/?s={search_term_string}\"},\"query-input\":{\"@type\":\"PropertyValueSpecification\",\"valueRequired\":true,\"valueName\":\"search_term_string\"}}],\"inLanguage\":\"pt-PT\"}]}<\/script>\n<!-- \/ Yoast SEO plugin. -->","yoast_head_json":{"title":"Yoopies lan\u00e7a o movimento #MomentoRosa em apoio \u00e0s mulheres","description":"Como parte do Outubro Rosa, o m\u00eas internacional de sensibiliza\u00e7\u00e3o e preven\u00e7\u00e3o contra o cancro da mama, Yoopies lan\u00e7a o movimento #MomentoRosa em apoio \u00e0s mulheres.","robots":{"index":"index","follow":"follow","max-snippet":"max-snippet:-1","max-image-preview":"max-image-preview:large","max-video-preview":"max-video-preview:-1"},"canonical":"https:\/\/yoopies.pt\/c\/movimento-momentorosa-em-apoio-as-mulheres\/","og_locale":"pt_PT","og_type":"article","og_title":"Yoopies lan\u00e7a o movimento #MomentoRosa em apoio \u00e0s mulheres","og_description":"Como parte do Outubro Rosa, o m\u00eas internacional de sensibiliza\u00e7\u00e3o e preven\u00e7\u00e3o contra o cancro da mama, Yoopies lan\u00e7a o movimento #MomentoRosa em apoio \u00e0s mulheres.","og_url":"https:\/\/yoopies.pt\/c\/movimento-momentorosa-em-apoio-as-mulheres\/","og_site_name":"Yoopies Portugal","article_modified_time":"2025-06-12T08:50:12+00:00","twitter_card":"summary_large_image","twitter_misc":{"Tempo estimado de leitura":"3 minutos"},"schema":{"@context":"https:\/\/schema.org","@graph":[{"@type":"WebPage","@id":"https:\/\/yoopies.pt\/c\/movimento-momentorosa-em-apoio-as-mulheres\/","url":"https:\/\/yoopies.pt\/c\/movimento-momentorosa-em-apoio-as-mulheres\/","name":"Yoopies lan\u00e7a o movimento #MomentoRosa em apoio \u00e0s mulheres","isPartOf":{"@id":"https:\/\/yoopies.pt\/c\/#website"},"datePublished":"2020-11-11T10:56:55+00:00","dateModified":"2025-06-12T08:50:12+00:00","description":"Como parte do Outubro Rosa, o m\u00eas internacional de sensibiliza\u00e7\u00e3o e preven\u00e7\u00e3o contra o cancro da mama, Yoopies lan\u00e7a o movimento #MomentoRosa em apoio \u00e0s mulheres.","breadcrumb":{"@id":"https:\/\/yoopies.pt\/c\/movimento-momentorosa-em-apoio-as-mulheres\/#breadcrumb"},"inLanguage":"pt-PT","potentialAction":[{"@type":"ReadAction","target":["https:\/\/yoopies.pt\/c\/movimento-momentorosa-em-apoio-as-mulheres\/"]}]},{"@type":"BreadcrumbList","@id":"https:\/\/yoopies.pt\/c\/movimento-momentorosa-em-apoio-as-mulheres\/#breadcrumb","itemListElement":[{"@type":"ListItem","position":1,"name":"Home","item":"https:\/\/yoopies.pt\/c\/"},{"@type":"ListItem","position":2,"name":"Startup de servi\u00e7os dom\u00e9sticos oferece cuidados infantis gratuitos para que as m\u00e3es possam ir \u00e0 consulta de mamografia"}]},{"@type":"WebSite","@id":"https:\/\/yoopies.pt\/c\/#website","url":"https:\/\/yoopies.pt\/c\/","name":"Yoopies Portugal","description":"","potentialAction":[{"@type":"SearchAction","target":{"@type":"EntryPoint","urlTemplate":"https:\/\/yoopies.pt\/c\/?s={search_term_string}"},"query-input":{"@type":"PropertyValueSpecification","valueRequired":true,"valueName":"search_term_string"}}],"inLanguage":"pt-PT"}]}},"_links":{"self":[{"href":"https:\/\/yoopies.pt\/c\/wp-json\/wp\/v2\/pages\/40","targetHints":{"allow":["GET"]}}],"collection":[{"href":"https:\/\/yoopies.pt\/c\/wp-json\/wp\/v2\/pages"}],"about":[{"href":"https:\/\/yoopies.pt\/c\/wp-json\/wp\/v2\/types\/page"}],"author":[{"embeddable":true,"href":"https:\/\/yoopies.pt\/c\/wp-json\/wp\/v2\/users\/10"}],"replies":[{"embeddable":true,"href":"https:\/\/yoopies.pt\/c\/wp-json\/wp\/v2\/comments?post=40"}],"version-history":[{"count":1,"href":"https:\/\/yoopies.pt\/c\/wp-json\/wp\/v2\/pages\/40\/revisions"}],"predecessor-version":[{"id":41,"href":"https:\/\/yoopies.pt\/c\/wp-json\/wp\/v2\/pages\/40\/revisions\/41"}],"wp:attachment":[{"href":"https:\/\/yoopies.pt\/c\/wp-json\/wp\/v2\/media?parent=40"}],"curies":[{"name":"wp","href":"https:\/\/api.w.org\/{rel}","templated":true}]}}