{"id":38,"date":"2020-11-11T11:09:25","date_gmt":"2020-11-11T11:09:25","guid":{"rendered":"https:\/\/blog.yoopies.pt\/enviar-as-criancas-de-volta-as-escolas-para-salvar-a-economia\/"},"modified":"2025-06-12T08:50:11","modified_gmt":"2025-06-12T08:50:11","slug":"enviar-as-criancas-de-volta-as-escolas-para-salvar-a-economia","status":"publish","type":"page","link":"https:\/\/yoopies.pt\/c\/enviar-as-criancas-de-volta-as-escolas-para-salvar-a-economia\/","title":{"rendered":"Enviar as crian\u00e7as de volta \u00e0s escolas para salvar a economia?"},"content":{"rendered":"<p class=\"highlighted\">\n<p>Os pa&iacute;ses europeus discutem o assunto enquanto as fam&iacute;lias portugueses mostram-se indecisas&nbsp;<\/p>\n<\/p>\n<p><p><em>Algumas semanas antes do in&iacute;cio do novo ano letivo, os pais partilham as suas opini&otilde;es sobre o regresso &agrave;s escolas e as suas dificuldades se as institui&ccedil;&otilde;es de ensino n&atilde;o reabrirem devido &agrave; pandemia de Covid-19. Apenas <strong>44%<\/strong> <strong>dos pais entrevistados<\/strong> pela <strong><a href=\"https:\/\/yoopies.pt\/babysitting\">Yoopies<\/a><\/strong> &#8211; plataforma internacional que permite conciliar a procura e a oferta de cuidados infantis e servi&ccedil;os dom&eacute;sticos &#8211; <strong>esperam que os seus filhos possam regressar &agrave; escola<\/strong> no futuro pr&oacute;ximo &#8211; <strong>56%<\/strong> <strong>temem uma segunda vaga<\/strong> da doen&ccedil;a e est&atilde;o preocupados com a seguran&ccedil;a dos seus filhos e com o bem-estar geral da fam&iacute;lia. Dos pais europeus que participaram da pesquisa, os portugueses s&atilde;o os &uacute;nicos que demonstram maior preocupa&ccedil;&atilde;o com a volta &agrave;s aulas, a percentagem de pais que querem que as escolas reabram &eacute; a seguinte: <strong>Fran&ccedil;a: 78%, Litu&acirc;nia: 77%, Reino Unido: 76%, It&aacute;lia 63% e Espanha 59%.<\/strong><\/em><\/p>\n<\/p>\n<p><p><strong>Os pais que trabalham a tempo inteiro s&atilde;o os mais propensos a apoiar o regresso &agrave;s aulas&nbsp;<\/strong><\/p>\n<\/p>\n<p><p>Entre os pais entrevistados pela Yoopies que afirmam apoiar a decis&atilde;o do governo de levar as crian&ccedil;as de volta &agrave; escola em Setembro da forma tradicional, <strong>60% dos pais trabalham a tempo inteiro<\/strong>, <strong>25% trabalham a tempo parcial<\/strong> e <strong>15% n&atilde;o trabalham<\/strong>. Em geral, apesar do protocolo rigoroso de medidas anti-Covid-19 que devem ser respeitadas e apesar do medo de um poss&iacute;vel cont&aacute;gio ou segunda vaga, o regresso &agrave;s escolas &eacute; considerado fundamental para o rein&iacute;cio de uma vida &#8220;normal&#8221; para toda a fam&iacute;lia &#8211; para que os pais possam concentrar-se no trabalho e para que as crian&ccedil;as e os jovens possam reintegrar-se num contexto social e educativo que &eacute; fundamental para o seu crescimento.&nbsp;Um n&uacute;mero importante diz respeito &agrave; <strong>viagem casa-escola<\/strong>, que ser&aacute; <strong>feita de carro por 52,5%<\/strong> dos inquiridos, <strong>a p&eacute;, de bicicleta ou scooter por 22,5%<\/strong>; e <strong>25% utilizar&atilde;o transportes p&uacute;blicos<\/strong>.&nbsp;<\/p>\n<\/p>\n<p><p><strong>A aus&ecirc;ncia das escolas em Setembro pode comprometer o trabalho dos adultos?<\/strong><\/p>\n<\/p>\n<p><p>Se o n&uacute;mero de casos Covid-19 aumentasse, a reabertura das instala&ccedil;&otilde;es escolares n&atilde;o seria garantida e o ensino &agrave; dist&acirc;ncia continuaria a ser a &uacute;nica op&ccedil;&atilde;o para retomar as aulas e continuar com os planos de forma&ccedil;&atilde;o. Se isto acontecer, como ir&atilde;o os pais gerir e organizar as suas agendas? Embora <strong>73,3% dos pais admitem que a rotina se torna complicada<\/strong> quando precisam de trabalhar a partir de casa e cuidar dos seus filhos ao mesmo tempo, os pais portugueses tamb&eacute;m demonstram ser flex&iacute;veis quanto &agrave;s possibilidades de teletrabalho ou de trabalho a tempo parcial.&nbsp;<\/p>\n<\/p>\n<p><p>De acordo com o inqu&eacute;rito Yoopies, <strong>81% dizem que um dois pais podem ficar em casa com os seus filhos se as escolas voltarem a fechar<\/strong>, enquanto que <strong>19% dizem que nenhum dos pais (ou progenitores individuais) tem a possibilidade de ficar em casa com os seus filhos<\/strong>.&nbsp; A escolha destas fam&iacute;lias seria portanto entre a <strong>interrup&ccedil;&atilde;o do trabalho<\/strong> (desemprego ou licen&ccedil;a sem vencimento para aqueles que est&atilde;o empregados), o <strong>apoio de membros da fam&iacute;lia<\/strong>, especialmente dos av&oacute;s, e eventualmente a <strong>contrata&ccedil;&atilde;o de uma ama ou babysitter a tempo inteiro<\/strong>, o que afetaria negativamente a estabilidade econ&oacute;mica de muitas fam&iacute;lias.<\/p>\n<\/p>\n<ul>\n<li><em>&#8220;Malabarismo com turnos, teletrabalho, ajuda das av&oacute;s e contrata&ccedil;&atilde;o de algu&eacute;m de necess&aacute;rio, tudo com m&uacute;sica de circo ao fundo&#8221;.&nbsp;<\/em>\n<\/li>\n<li><em>&#8220;Terei de encontrar uma baby-sitter porque n&atilde;o temos qualquer outra ajuda&#8221;.<\/em>\n<\/li>\n<li><em>&#8220;Ficar novamente em casa e continuar a viver limitado &agrave;s minhas paredes. E continuar com a terapia, porque &eacute; necess&aacute;rio, em tempos como estes, para n&atilde;o acabar maluca&#8221;.&nbsp;<\/em>\n<\/li>\n<li><em>&#8220;Vou pedir &agrave; av&oacute; para ficar com a sua neta. Ou terei de tirar uma licen&ccedil;a sem remunera&ccedil;&atilde;o&#8221;.&nbsp;<\/em>\n<\/li>\n<li><em>&#8220;Terei de arranjar uma babysitter, o que causaria danos financeiros consider&aacute;veis, uma vez que sou solteira&#8221;.<\/em>\n<\/li>\n<li><em>&#8220;Ficarei em casa com as crian&ccedil;as, mas n&atilde;o farei o meu melhor para as ajudar no ensino &agrave; dist&acirc;ncia. &Eacute; demasiado stressante para mim&#8221;.<\/em>\n<\/li>\n<li><em>&#8220;Vou ter de me revezar com o meu marido. Somos ambos trabalhadores por conta pr&oacute;pria e podemos trabalhar a partir de casa. Mas, com uma crian&ccedil;a, temos de repetir o que fizemos no confinamento: trabalhar dias alternados e durante a noite&#8221;.<\/em>\n<\/li>\n<li><em>&#8220;Sinceramente, continuo a achar que n&atilde;o &eacute; seguro para as crian&ccedil;as estarem juntas em grande n&uacute;mero porque n&atilde;o conseguir&atilde;o manter-se afastadas umas das outras&#8221;.&nbsp;<\/em>\n<\/li>\n<li><em>&#8220;Volto a ser professora m&atilde;e, mas penso que desta vez vou pedir ajuda a um especialista\/professor em casa, porque os professores oficiais nada mais fizeram do que enviar e-mails&#8221;.<\/em><\/li>\n<\/ul>\n<p><p><strong>Reintegrar as crian&ccedil;as novamente nas escolas: um consenso claro em quase todos os pa&iacute;ses europeus&nbsp;<\/strong><\/p>\n<\/p>\n<p><p>O inqu&eacute;rito da Yoopies foi realizado em v&aacute;rios pa&iacute;ses europeus e verificou-se que apesar do aumento de casos em toda a Europa, a maioria dos pais quer mandar os seus filhos de volta &agrave;s escolas em Setembro &#8211; a <strong>excep&ccedil;&atilde;o de Portugal<\/strong>. A percentagem de pais que desejam a reabertura das escolas &eacute; a seguinte: <strong>Fran&ccedil;a: 78%<\/strong>,<strong> Litu&acirc;nia: 77%<\/strong>,<strong> Reino Unido: 76%<\/strong>,<strong> It&aacute;lia 63% <\/strong>e<strong> Espanha 59%<\/strong>.&nbsp;<\/p>\n<\/p>\n<p><p>\ud83d\udc49 A<strong><a target=\"_blank\" rel=\"noopener\" href=\"https:\/\/yoopies.pt\/c\/regresso-as-aulas-2020-enviar-as-criancas-de-volta-as-escolas\">ceda aqui ao infogr&aacute;fico completo<\/a><\/strong><\/p>\n<\/p>\n<p class=\"highlighted\">\n<p><strong>Sobre a Yoopies:<\/strong> Criada em 2012 por Benjamin Suchar e Jessica Cymerman, a Yoopies rapidamente tornou-se a principal plataforma de acolhimento infantil da Europa. Sediada em Paris e presente em 19 pa&iacute;ses, a start-up expandiu suas atividades de modo a incluir os servi&ccedil;os de limpeza, apoio domicili&aacute;rio a idosos e pessoas dependentes, pet sitting e apoio escolar. Com base na recomenda&ccedil;&atilde;o social de mais de 3 milh&otilde;es de membros, a Yoopies permite que os seus usu&aacute;rios escolham o seu funcion&aacute;rio com total confian&ccedil;a. A Yoopies tamb&eacute;m disponibiliza uma oferta corporativa, a YoopiesAtWork, que permite &agrave;s empresas oferecer uma ajuda concreta diante dos desafios dom&eacute;sticos enfrentados diariamente e assim, melhorar o equil&iacute;brio entre a vida profissional e pessoal dos seus colaboradores.&nbsp;<\/p><\/p>\n","protected":false},"excerpt":{"rendered":"<p>Os pa&iacute;ses europeus discutem o assunto enquanto as fam&iacute;lias portugueses mostram-se indecisas&nbsp; Algumas semanas antes &hellip; <\/p>\n","protected":false},"author":10,"featured_media":0,"parent":0,"menu_order":0,"comment_status":"closed","ping_status":"closed","template":"","meta":{"_acf_changed":false,"footnotes":""},"class_list":["post-38","page","type-page","status-publish","hentry"],"acf":[],"yoast_head":"<!-- This site is optimized with the Yoast SEO plugin v26.9 - https:\/\/yoast.com\/product\/yoast-seo-wordpress\/ -->\n<title>Enviar as crian\u00e7as de volta \u00e0s escolas para salvar a economia?<\/title>\n<meta name=\"description\" content=\"Os pa\u00edses europeus discutem de devem enviar as crian\u00e7as de volta \u00e0 escola enquanto as fam\u00edlias portuguesas est\u00e3o indecisas\" \/>\n<meta name=\"robots\" content=\"index, follow, max-snippet:-1, max-image-preview:large, max-video-preview:-1\" \/>\n<link rel=\"canonical\" href=\"https:\/\/yoopies.pt\/c\/enviar-as-criancas-de-volta-as-escolas-para-salvar-a-economia\/\" \/>\n<meta property=\"og:locale\" content=\"pt_PT\" \/>\n<meta property=\"og:type\" content=\"article\" \/>\n<meta property=\"og:title\" content=\"Enviar as crian\u00e7as de volta \u00e0s escolas para salvar a economia?\" \/>\n<meta property=\"og:description\" content=\"Os pa\u00edses europeus discutem de devem enviar as crian\u00e7as de volta \u00e0 escola enquanto as fam\u00edlias portuguesas est\u00e3o indecisas\" \/>\n<meta property=\"og:url\" content=\"https:\/\/yoopies.pt\/c\/enviar-as-criancas-de-volta-as-escolas-para-salvar-a-economia\/\" \/>\n<meta property=\"og:site_name\" content=\"Yoopies Portugal\" \/>\n<meta property=\"article:modified_time\" content=\"2025-06-12T08:50:11+00:00\" \/>\n<meta name=\"twitter:card\" content=\"summary_large_image\" \/>\n<meta name=\"twitter:label1\" content=\"Tempo estimado de leitura\" \/>\n\t<meta name=\"twitter:data1\" content=\"6 minutos\" \/>\n<script type=\"application\/ld+json\" class=\"yoast-schema-graph\">{\"@context\":\"https:\/\/schema.org\",\"@graph\":[{\"@type\":\"WebPage\",\"@id\":\"https:\/\/yoopies.pt\/c\/enviar-as-criancas-de-volta-as-escolas-para-salvar-a-economia\/\",\"url\":\"https:\/\/yoopies.pt\/c\/enviar-as-criancas-de-volta-as-escolas-para-salvar-a-economia\/\",\"name\":\"Enviar as crian\u00e7as de volta \u00e0s escolas para salvar a economia?\",\"isPartOf\":{\"@id\":\"https:\/\/yoopies.pt\/c\/#website\"},\"datePublished\":\"2020-11-11T11:09:25+00:00\",\"dateModified\":\"2025-06-12T08:50:11+00:00\",\"description\":\"Os pa\u00edses europeus discutem de devem enviar as crian\u00e7as de volta \u00e0 escola enquanto as fam\u00edlias portuguesas est\u00e3o indecisas\",\"breadcrumb\":{\"@id\":\"https:\/\/yoopies.pt\/c\/enviar-as-criancas-de-volta-as-escolas-para-salvar-a-economia\/#breadcrumb\"},\"inLanguage\":\"pt-PT\",\"potentialAction\":[{\"@type\":\"ReadAction\",\"target\":[\"https:\/\/yoopies.pt\/c\/enviar-as-criancas-de-volta-as-escolas-para-salvar-a-economia\/\"]}]},{\"@type\":\"BreadcrumbList\",\"@id\":\"https:\/\/yoopies.pt\/c\/enviar-as-criancas-de-volta-as-escolas-para-salvar-a-economia\/#breadcrumb\",\"itemListElement\":[{\"@type\":\"ListItem\",\"position\":1,\"name\":\"Home\",\"item\":\"https:\/\/yoopies.pt\/c\/\"},{\"@type\":\"ListItem\",\"position\":2,\"name\":\"Enviar as crian\u00e7as de volta \u00e0s escolas para salvar a economia?\"}]},{\"@type\":\"WebSite\",\"@id\":\"https:\/\/yoopies.pt\/c\/#website\",\"url\":\"https:\/\/yoopies.pt\/c\/\",\"name\":\"Yoopies Portugal\",\"description\":\"\",\"potentialAction\":[{\"@type\":\"SearchAction\",\"target\":{\"@type\":\"EntryPoint\",\"urlTemplate\":\"https:\/\/yoopies.pt\/c\/?s={search_term_string}\"},\"query-input\":{\"@type\":\"PropertyValueSpecification\",\"valueRequired\":true,\"valueName\":\"search_term_string\"}}],\"inLanguage\":\"pt-PT\"}]}<\/script>\n<!-- \/ Yoast SEO plugin. -->","yoast_head_json":{"title":"Enviar as crian\u00e7as de volta \u00e0s escolas para salvar a economia?","description":"Os pa\u00edses europeus discutem de devem enviar as crian\u00e7as de volta \u00e0 escola enquanto as fam\u00edlias portuguesas est\u00e3o indecisas","robots":{"index":"index","follow":"follow","max-snippet":"max-snippet:-1","max-image-preview":"max-image-preview:large","max-video-preview":"max-video-preview:-1"},"canonical":"https:\/\/yoopies.pt\/c\/enviar-as-criancas-de-volta-as-escolas-para-salvar-a-economia\/","og_locale":"pt_PT","og_type":"article","og_title":"Enviar as crian\u00e7as de volta \u00e0s escolas para salvar a economia?","og_description":"Os pa\u00edses europeus discutem de devem enviar as crian\u00e7as de volta \u00e0 escola enquanto as fam\u00edlias portuguesas est\u00e3o indecisas","og_url":"https:\/\/yoopies.pt\/c\/enviar-as-criancas-de-volta-as-escolas-para-salvar-a-economia\/","og_site_name":"Yoopies Portugal","article_modified_time":"2025-06-12T08:50:11+00:00","twitter_card":"summary_large_image","twitter_misc":{"Tempo estimado de leitura":"6 minutos"},"schema":{"@context":"https:\/\/schema.org","@graph":[{"@type":"WebPage","@id":"https:\/\/yoopies.pt\/c\/enviar-as-criancas-de-volta-as-escolas-para-salvar-a-economia\/","url":"https:\/\/yoopies.pt\/c\/enviar-as-criancas-de-volta-as-escolas-para-salvar-a-economia\/","name":"Enviar as crian\u00e7as de volta \u00e0s escolas para salvar a economia?","isPartOf":{"@id":"https:\/\/yoopies.pt\/c\/#website"},"datePublished":"2020-11-11T11:09:25+00:00","dateModified":"2025-06-12T08:50:11+00:00","description":"Os pa\u00edses europeus discutem de devem enviar as crian\u00e7as de volta \u00e0 escola enquanto as fam\u00edlias portuguesas est\u00e3o indecisas","breadcrumb":{"@id":"https:\/\/yoopies.pt\/c\/enviar-as-criancas-de-volta-as-escolas-para-salvar-a-economia\/#breadcrumb"},"inLanguage":"pt-PT","potentialAction":[{"@type":"ReadAction","target":["https:\/\/yoopies.pt\/c\/enviar-as-criancas-de-volta-as-escolas-para-salvar-a-economia\/"]}]},{"@type":"BreadcrumbList","@id":"https:\/\/yoopies.pt\/c\/enviar-as-criancas-de-volta-as-escolas-para-salvar-a-economia\/#breadcrumb","itemListElement":[{"@type":"ListItem","position":1,"name":"Home","item":"https:\/\/yoopies.pt\/c\/"},{"@type":"ListItem","position":2,"name":"Enviar as crian\u00e7as de volta \u00e0s escolas para salvar a economia?"}]},{"@type":"WebSite","@id":"https:\/\/yoopies.pt\/c\/#website","url":"https:\/\/yoopies.pt\/c\/","name":"Yoopies Portugal","description":"","potentialAction":[{"@type":"SearchAction","target":{"@type":"EntryPoint","urlTemplate":"https:\/\/yoopies.pt\/c\/?s={search_term_string}"},"query-input":{"@type":"PropertyValueSpecification","valueRequired":true,"valueName":"search_term_string"}}],"inLanguage":"pt-PT"}]}},"_links":{"self":[{"href":"https:\/\/yoopies.pt\/c\/wp-json\/wp\/v2\/pages\/38","targetHints":{"allow":["GET"]}}],"collection":[{"href":"https:\/\/yoopies.pt\/c\/wp-json\/wp\/v2\/pages"}],"about":[{"href":"https:\/\/yoopies.pt\/c\/wp-json\/wp\/v2\/types\/page"}],"author":[{"embeddable":true,"href":"https:\/\/yoopies.pt\/c\/wp-json\/wp\/v2\/users\/10"}],"replies":[{"embeddable":true,"href":"https:\/\/yoopies.pt\/c\/wp-json\/wp\/v2\/comments?post=38"}],"version-history":[{"count":1,"href":"https:\/\/yoopies.pt\/c\/wp-json\/wp\/v2\/pages\/38\/revisions"}],"predecessor-version":[{"id":39,"href":"https:\/\/yoopies.pt\/c\/wp-json\/wp\/v2\/pages\/38\/revisions\/39"}],"wp:attachment":[{"href":"https:\/\/yoopies.pt\/c\/wp-json\/wp\/v2\/media?parent=38"}],"curies":[{"name":"wp","href":"https:\/\/api.w.org\/{rel}","templated":true}]}}