{"id":34,"date":"2020-11-11T11:18:52","date_gmt":"2020-11-11T11:18:52","guid":{"rendered":"https:\/\/blog.yoopies.pt\/comunicados-de-imprensa-yoopies-portugal\/"},"modified":"2025-06-12T08:50:11","modified_gmt":"2025-06-12T08:50:11","slug":"comunicados-de-imprensa-yoopies-portugal","status":"publish","type":"page","link":"https:\/\/yoopies.pt\/c\/comunicados-de-imprensa-yoopies-portugal\/","title":{"rendered":"Comunicados de imprensa &#8211; Yoopies Portugal"},"content":{"rendered":"<figure><img decoding=\"async\" src=\"https:\/\/yoopies.pt\/c\/wp-content\/uploads\/sites\/15\/2020\/11\/10d6eecc-6154-4c0f-89de-5399923a5432-yoopies-cms-a7b37c1f-5c4e-4592-91b4-31b052e3e1b8-shutterstock-577600897.jpg\" alt=\"Comunicados de imprensa - Yoopies Portugal \" \/><\/figure>\n<p><h3>2020<\/h3>\n<\/p>\n<ul>\n<li><a target=\"_blank\" rel=\"noopener\" href=\"https:\/\/yoopies.pt\/c\/movimento-momentorosa-em-apoio-as-mulheres\">Startup de servi&ccedil;os dom&eacute;sticos oferece cuidados infantis gratuitos para que as m&atilde;es possam ir &agrave; consulta de mamografia<\/a><\/li>\n<li><a target=\"_blank\" rel=\"noopener\" href=\"https:\/\/yoopies.pt\/c\/regresso-a-escola-aumenta-a-procura-de-babysitters-em-14\">Regresso &agrave; escola faz aumentar a procura de babysitters em 14%&nbsp;<\/a><\/li>\n<li><a target=\"_blank\" rel=\"noopener\" href=\"https:\/\/yoopies.pt\/c\/enviar-as-criancas-de-volta-as-escolas-para-salvar-a-economia\">Enviar as crian&ccedil;as de volta &agrave;s escolas para salvar a economia? <\/a><\/li>\n<li><a target=\"_blank\" rel=\"noopener\" href=\"https:\/\/yoopies.pt\/c\/a-fase-de-desconfinamento-das-familias-com-criancas\">Covid-19: a fase do desconfinamento das fam&iacute;lias com crian&ccedil;as<\/a><\/li>\n<li><a target=\"_blank\" rel=\"noopener\" href=\"https:\/\/yoopies.pt\/c\/covid-19-os-trabalhadores-domesticos-estao-a-ser-esquecidos\">Covid-19: Os trabalhadores dom&eacute;sticos est&atilde;o a ser esquecidos? <\/a><\/li>\n<li><a target=\"_blank\" rel=\"noopener\" href=\"https:\/\/yoopies.pt\/c\/servicos-para-idosos-e-pessoas-dependentes-apoio-escolar\">Servi&ccedil;os para idosos e pessoas dependentes, apoio escolar online e acolhimento infantil: iniciativas de solidariedade face &agrave; crise do Covid-19&nbsp;<\/a><\/li>\n<li><a target=\"_blank\" rel=\"noopener\" href=\"https:\/\/yoopies.pt\/c\/onda-de-solidariedade-face-ao-covid-19\">Onda de solidariedade face ao Covid-19<\/a><\/li>\n<li><a target=\"_blank\" rel=\"noopener\" href=\"https:\/\/yoopies.pt\/c\/voluntarios-face-a-crise-do-covid-19\">Volunt&aacute;rios face &agrave; crise do Covid-19<\/a><\/li>\n<li><a target=\"_blank\" rel=\"noopener\" href=\"https:\/\/yoopies.pt\/c\/plataforma-digital-de-acolhimento-infantil-torna-se\">Plataforma digital de acolhimento infantil torna-se solu&ccedil;&atilde;o para fam&iacute;lias e alunos afetados pela suspens&atilde;o das aulas devido ao surto de Covid-19<\/a><\/li>\n<li><a target=\"_blank\" rel=\"noopener\" href=\"https:\/\/yoopies.pt\/c\/coronavirus-como-explicar-e-orientar-as-criancas\">Como explicar o Coronav&iacute;rus &agrave;s crian&ccedil;as?<\/a><\/li>\n<li><a target=\"_blank\" rel=\"noopener\" href=\"https:\/\/yoopies.pt\/c\/77-dos-inquiridos-consideram-que-a-igualdade-de-genero\">Dia Internacional dos Direitos da Mulher: 77% dos inquiridos consideram que a igualdade de g&eacute;nero no local de trabalho n&atilde;o &eacute; alcan&ccedil;ada<\/a><\/li>\n<li><a target=\"_blank\" rel=\"noopener\" href=\"https:\/\/yoopies.pt\/c\/licenca-de-trabalho-parcial-remunerada-para-pais-e-maes\">Governo quer implementar licen&ccedil;a de trabalho parcial remunerada para pais e m&atilde;es no primeiro ano dos filhos<\/a><\/li>\n<li><a target=\"_blank\" rel=\"noopener\" href=\"https:\/\/yoopies.pt\/c\/procura-por-apoio-domiciliario-a-idosos-novas-tendencias\">Apoio domicili&aacute;rio a idosos apresenta novas tend&ecirc;ncias<\/a><\/li>\n<\/ul>\n<p><h3>2019<\/h3>\n<\/p>\n<ul>\n<li><a target=\"_blank\" rel=\"noopener\" href=\"https:\/\/yoopies.pt\/c\/apoio-domiciliario-a-idosos-cresce-no-fim-do-ano\">A procura por apoio domicili&aacute;rio a idosos cresce neste fim de ano&nbsp;<\/a><\/li>\n<li><a target=\"_blank\" rel=\"noopener\" href=\"https:\/\/yoopies.pt\/c\/como-a-carga-mental-afecta-as-nossas-vidas-profissionais-um-estudo-de-yoopies-novembro-de-2019\">Como a &#8220;carga mental&#8221; afecta as nossas vidas profissionais?<\/a><\/li>\n<li><a target=\"_blank\" rel=\"noopener\" href=\"https:\/\/yoopies.pt\/c\/volta-as-aulas-2019-novas-tendencias\">Volta &agrave;s aulas 2019: novas tend&ecirc;ncias&nbsp;<\/a><\/li>\n<li><a target=\"_blank\" rel=\"noopener\" href=\"https:\/\/yoopies.pt\/c\/pet-sitting-durante-as-ferias-explosao-do-fenomeno\">Pet sitting durante as f&eacute;rias: explos&atilde;o do fen&oacute;meno em 2019&nbsp;<br \/>\n<\/a><\/li>\n<\/ul>\n","protected":false},"excerpt":{"rendered":"<p>2020 Startup de servi&ccedil;os dom&eacute;sticos oferece cuidados infantis gratuitos para que as m&atilde;es possam ir &hellip; <\/p>\n","protected":false},"author":10,"featured_media":36,"parent":0,"menu_order":0,"comment_status":"closed","ping_status":"closed","template":"","meta":{"_acf_changed":false,"footnotes":""},"class_list":["post-34","page","type-page","status-publish","has-post-thumbnail","hentry"],"acf":[],"yoast_head":"<!-- This site is optimized with the Yoast SEO plugin v26.9 - https:\/\/yoast.com\/product\/yoast-seo-wordpress\/ -->\n<title>Comunicados de imprensa - Yoopies Portugal<\/title>\n<meta name=\"description\" content=\"Comunicados de imprensa publicados pela Yoopies Portugal nos anos 2019 e 2020 no que diz respeito aos servi\u00e7os domicili\u00e1rios e de assist\u00eancia \u00e0s fam\u00edlias portuguesas.\" \/>\n<meta name=\"robots\" content=\"index, follow, max-snippet:-1, max-image-preview:large, max-video-preview:-1\" \/>\n<link rel=\"canonical\" href=\"https:\/\/yoopies.pt\/c\/comunicados-de-imprensa-yoopies-portugal\/\" \/>\n<meta property=\"og:locale\" content=\"pt_PT\" \/>\n<meta property=\"og:type\" content=\"article\" \/>\n<meta property=\"og:title\" content=\"Comunicados de imprensa - Yoopies Portugal\" \/>\n<meta property=\"og:description\" content=\"Comunicados de imprensa publicados pela Yoopies Portugal nos anos 2019 e 2020 no que diz respeito aos servi\u00e7os domicili\u00e1rios e de assist\u00eancia \u00e0s fam\u00edlias portuguesas.\" \/>\n<meta property=\"og:url\" content=\"https:\/\/yoopies.pt\/c\/comunicados-de-imprensa-yoopies-portugal\/\" \/>\n<meta property=\"og:site_name\" content=\"Yoopies Portugal\" \/>\n<meta property=\"article:modified_time\" content=\"2025-06-12T08:50:11+00:00\" \/>\n<meta property=\"og:image\" content=\"https:\/\/yoopies.pt\/c\/wp-content\/uploads\/sites\/15\/2020\/11\/10d6eecc-6154-4c0f-89de-5399923a5432-yoopies-cms-a7b37c1f-5c4e-4592-91b4-31b052e3e1b8-shutterstock-577600897-1.jpg\" \/>\n\t<meta property=\"og:image:width\" content=\"1199\" \/>\n\t<meta property=\"og:image:height\" content=\"794\" \/>\n\t<meta property=\"og:image:type\" content=\"image\/jpeg\" \/>\n<meta name=\"twitter:card\" content=\"summary_large_image\" \/>\n<meta name=\"twitter:label1\" content=\"Tempo estimado de leitura\" \/>\n\t<meta name=\"twitter:data1\" content=\"1 minuto\" \/>\n<script type=\"application\/ld+json\" class=\"yoast-schema-graph\">{\"@context\":\"https:\/\/schema.org\",\"@graph\":[{\"@type\":\"WebPage\",\"@id\":\"https:\/\/yoopies.pt\/c\/comunicados-de-imprensa-yoopies-portugal\/\",\"url\":\"https:\/\/yoopies.pt\/c\/comunicados-de-imprensa-yoopies-portugal\/\",\"name\":\"Comunicados de imprensa - Yoopies Portugal\",\"isPartOf\":{\"@id\":\"https:\/\/yoopies.pt\/c\/#website\"},\"primaryImageOfPage\":{\"@id\":\"https:\/\/yoopies.pt\/c\/comunicados-de-imprensa-yoopies-portugal\/#primaryimage\"},\"image\":{\"@id\":\"https:\/\/yoopies.pt\/c\/comunicados-de-imprensa-yoopies-portugal\/#primaryimage\"},\"thumbnailUrl\":\"https:\/\/yoopies.pt\/c\/wp-content\/uploads\/sites\/15\/2020\/11\/10d6eecc-6154-4c0f-89de-5399923a5432-yoopies-cms-a7b37c1f-5c4e-4592-91b4-31b052e3e1b8-shutterstock-577600897-1.jpg\",\"datePublished\":\"2020-11-11T11:18:52+00:00\",\"dateModified\":\"2025-06-12T08:50:11+00:00\",\"description\":\"Comunicados de imprensa publicados pela Yoopies Portugal nos anos 2019 e 2020 no que diz respeito aos servi\u00e7os domicili\u00e1rios e de assist\u00eancia \u00e0s fam\u00edlias portuguesas.\",\"breadcrumb\":{\"@id\":\"https:\/\/yoopies.pt\/c\/comunicados-de-imprensa-yoopies-portugal\/#breadcrumb\"},\"inLanguage\":\"pt-PT\",\"potentialAction\":[{\"@type\":\"ReadAction\",\"target\":[\"https:\/\/yoopies.pt\/c\/comunicados-de-imprensa-yoopies-portugal\/\"]}]},{\"@type\":\"ImageObject\",\"inLanguage\":\"pt-PT\",\"@id\":\"https:\/\/yoopies.pt\/c\/comunicados-de-imprensa-yoopies-portugal\/#primaryimage\",\"url\":\"https:\/\/yoopies.pt\/c\/wp-content\/uploads\/sites\/15\/2020\/11\/10d6eecc-6154-4c0f-89de-5399923a5432-yoopies-cms-a7b37c1f-5c4e-4592-91b4-31b052e3e1b8-shutterstock-577600897-1.jpg\",\"contentUrl\":\"https:\/\/yoopies.pt\/c\/wp-content\/uploads\/sites\/15\/2020\/11\/10d6eecc-6154-4c0f-89de-5399923a5432-yoopies-cms-a7b37c1f-5c4e-4592-91b4-31b052e3e1b8-shutterstock-577600897-1.jpg\",\"width\":1199,\"height\":794},{\"@type\":\"BreadcrumbList\",\"@id\":\"https:\/\/yoopies.pt\/c\/comunicados-de-imprensa-yoopies-portugal\/#breadcrumb\",\"itemListElement\":[{\"@type\":\"ListItem\",\"position\":1,\"name\":\"Home\",\"item\":\"https:\/\/yoopies.pt\/c\/\"},{\"@type\":\"ListItem\",\"position\":2,\"name\":\"Comunicados de imprensa &#8211; Yoopies Portugal\"}]},{\"@type\":\"WebSite\",\"@id\":\"https:\/\/yoopies.pt\/c\/#website\",\"url\":\"https:\/\/yoopies.pt\/c\/\",\"name\":\"Yoopies Portugal\",\"description\":\"\",\"potentialAction\":[{\"@type\":\"SearchAction\",\"target\":{\"@type\":\"EntryPoint\",\"urlTemplate\":\"https:\/\/yoopies.pt\/c\/?s={search_term_string}\"},\"query-input\":{\"@type\":\"PropertyValueSpecification\",\"valueRequired\":true,\"valueName\":\"search_term_string\"}}],\"inLanguage\":\"pt-PT\"}]}<\/script>\n<!-- \/ Yoast SEO plugin. -->","yoast_head_json":{"title":"Comunicados de imprensa - Yoopies Portugal","description":"Comunicados de imprensa publicados pela Yoopies Portugal nos anos 2019 e 2020 no que diz respeito aos servi\u00e7os domicili\u00e1rios e de assist\u00eancia \u00e0s fam\u00edlias portuguesas.","robots":{"index":"index","follow":"follow","max-snippet":"max-snippet:-1","max-image-preview":"max-image-preview:large","max-video-preview":"max-video-preview:-1"},"canonical":"https:\/\/yoopies.pt\/c\/comunicados-de-imprensa-yoopies-portugal\/","og_locale":"pt_PT","og_type":"article","og_title":"Comunicados de imprensa - Yoopies Portugal","og_description":"Comunicados de imprensa publicados pela Yoopies Portugal nos anos 2019 e 2020 no que diz respeito aos servi\u00e7os domicili\u00e1rios e de assist\u00eancia \u00e0s fam\u00edlias portuguesas.","og_url":"https:\/\/yoopies.pt\/c\/comunicados-de-imprensa-yoopies-portugal\/","og_site_name":"Yoopies Portugal","article_modified_time":"2025-06-12T08:50:11+00:00","og_image":[{"width":1199,"height":794,"url":"https:\/\/yoopies.pt\/c\/wp-content\/uploads\/sites\/15\/2020\/11\/10d6eecc-6154-4c0f-89de-5399923a5432-yoopies-cms-a7b37c1f-5c4e-4592-91b4-31b052e3e1b8-shutterstock-577600897-1.jpg","type":"image\/jpeg"}],"twitter_card":"summary_large_image","twitter_misc":{"Tempo estimado de leitura":"1 minuto"},"schema":{"@context":"https:\/\/schema.org","@graph":[{"@type":"WebPage","@id":"https:\/\/yoopies.pt\/c\/comunicados-de-imprensa-yoopies-portugal\/","url":"https:\/\/yoopies.pt\/c\/comunicados-de-imprensa-yoopies-portugal\/","name":"Comunicados de imprensa - Yoopies Portugal","isPartOf":{"@id":"https:\/\/yoopies.pt\/c\/#website"},"primaryImageOfPage":{"@id":"https:\/\/yoopies.pt\/c\/comunicados-de-imprensa-yoopies-portugal\/#primaryimage"},"image":{"@id":"https:\/\/yoopies.pt\/c\/comunicados-de-imprensa-yoopies-portugal\/#primaryimage"},"thumbnailUrl":"https:\/\/yoopies.pt\/c\/wp-content\/uploads\/sites\/15\/2020\/11\/10d6eecc-6154-4c0f-89de-5399923a5432-yoopies-cms-a7b37c1f-5c4e-4592-91b4-31b052e3e1b8-shutterstock-577600897-1.jpg","datePublished":"2020-11-11T11:18:52+00:00","dateModified":"2025-06-12T08:50:11+00:00","description":"Comunicados de imprensa publicados pela Yoopies Portugal nos anos 2019 e 2020 no que diz respeito aos servi\u00e7os domicili\u00e1rios e de assist\u00eancia \u00e0s fam\u00edlias portuguesas.","breadcrumb":{"@id":"https:\/\/yoopies.pt\/c\/comunicados-de-imprensa-yoopies-portugal\/#breadcrumb"},"inLanguage":"pt-PT","potentialAction":[{"@type":"ReadAction","target":["https:\/\/yoopies.pt\/c\/comunicados-de-imprensa-yoopies-portugal\/"]}]},{"@type":"ImageObject","inLanguage":"pt-PT","@id":"https:\/\/yoopies.pt\/c\/comunicados-de-imprensa-yoopies-portugal\/#primaryimage","url":"https:\/\/yoopies.pt\/c\/wp-content\/uploads\/sites\/15\/2020\/11\/10d6eecc-6154-4c0f-89de-5399923a5432-yoopies-cms-a7b37c1f-5c4e-4592-91b4-31b052e3e1b8-shutterstock-577600897-1.jpg","contentUrl":"https:\/\/yoopies.pt\/c\/wp-content\/uploads\/sites\/15\/2020\/11\/10d6eecc-6154-4c0f-89de-5399923a5432-yoopies-cms-a7b37c1f-5c4e-4592-91b4-31b052e3e1b8-shutterstock-577600897-1.jpg","width":1199,"height":794},{"@type":"BreadcrumbList","@id":"https:\/\/yoopies.pt\/c\/comunicados-de-imprensa-yoopies-portugal\/#breadcrumb","itemListElement":[{"@type":"ListItem","position":1,"name":"Home","item":"https:\/\/yoopies.pt\/c\/"},{"@type":"ListItem","position":2,"name":"Comunicados de imprensa &#8211; Yoopies Portugal"}]},{"@type":"WebSite","@id":"https:\/\/yoopies.pt\/c\/#website","url":"https:\/\/yoopies.pt\/c\/","name":"Yoopies Portugal","description":"","potentialAction":[{"@type":"SearchAction","target":{"@type":"EntryPoint","urlTemplate":"https:\/\/yoopies.pt\/c\/?s={search_term_string}"},"query-input":{"@type":"PropertyValueSpecification","valueRequired":true,"valueName":"search_term_string"}}],"inLanguage":"pt-PT"}]}},"_links":{"self":[{"href":"https:\/\/yoopies.pt\/c\/wp-json\/wp\/v2\/pages\/34","targetHints":{"allow":["GET"]}}],"collection":[{"href":"https:\/\/yoopies.pt\/c\/wp-json\/wp\/v2\/pages"}],"about":[{"href":"https:\/\/yoopies.pt\/c\/wp-json\/wp\/v2\/types\/page"}],"author":[{"embeddable":true,"href":"https:\/\/yoopies.pt\/c\/wp-json\/wp\/v2\/users\/10"}],"replies":[{"embeddable":true,"href":"https:\/\/yoopies.pt\/c\/wp-json\/wp\/v2\/comments?post=34"}],"version-history":[{"count":1,"href":"https:\/\/yoopies.pt\/c\/wp-json\/wp\/v2\/pages\/34\/revisions"}],"predecessor-version":[{"id":37,"href":"https:\/\/yoopies.pt\/c\/wp-json\/wp\/v2\/pages\/34\/revisions\/37"}],"wp:featuredmedia":[{"embeddable":true,"href":"https:\/\/yoopies.pt\/c\/wp-json\/wp\/v2\/media\/36"}],"wp:attachment":[{"href":"https:\/\/yoopies.pt\/c\/wp-json\/wp\/v2\/media?parent=34"}],"curies":[{"name":"wp","href":"https:\/\/api.w.org\/{rel}","templated":true}]}}