{"id":27,"date":"2022-02-03T15:09:05","date_gmt":"2022-02-03T15:09:05","guid":{"rendered":"https:\/\/blog.yoopies.pt\/sobre-nos\/"},"modified":"2025-06-12T08:50:12","modified_gmt":"2025-06-12T08:50:12","slug":"sobre-nos","status":"publish","type":"page","link":"https:\/\/yoopies.pt\/c\/sobre-nos\/","title":{"rendered":"Sobre n\u00f3s\u00a0"},"content":{"rendered":"<figure><img decoding=\"async\" src=\"https:\/\/yoopies.pt\/c\/wp-content\/uploads\/sites\/15\/2022\/02\/8d1909ba-4f18-4094-9fdb-76b96efa1603-bem-vindos-a-yoopies.jpg\" \/><\/figure>\n<p><p>A <a target=\"_blank\" rel=\"noopener\" href=\"https:\/\/yoopies.pt\/\">Yoopies<\/a> &#8211; do grupo Worklife &#8211; &eacute; uma comunidade global de cuidados dom&eacute;sticos que facilita o contacto entre as fam&iacute;lias e os prestadores de servi&ccedil;os. Somos uma plataforma digital baseada na confian&ccedil;a m&uacute;tua que envolve mais de 3 milh&otilde;es de utilizadores em toda a Europa com um objectivo comum: simplificar e democratizar o acesso aos servi&ccedil;os dom&eacute;sticos! \ud83d\udc47<\/p>\n<\/p>\n<ul>\n<li><a target=\"_blank\" rel=\"noopener\" href=\"https:\/\/yoopies.pt\/babysitting\">Babysitting <\/a><\/li>\n<li><a target=\"_blank\" rel=\"noopener\" href=\"https:\/\/yoopies.pt\/pet-sitting\">Pet sitting <\/a><\/li>\n<li><a target=\"_blank\" rel=\"noopener\" href=\"https:\/\/yoopies.pt\/limpeza-domestica\">Servi&ccedil;os de limpeza<\/a><\/li>\n<li><a target=\"_blank\" rel=\"noopener\" href=\"https:\/\/yoopies.pt\/apoio-domiciliario\">Apoio domicili&aacute;rio a idosos <\/a><\/li>\n<li><a target=\"_blank\" rel=\"noopener\" href=\"https:\/\/yoopies.pt\/explicador\">Explica&ccedil;&otilde;es e aulas particulares <br \/>\n<\/a><\/li>\n<\/ul>\n<figure><img decoding=\"async\" src=\"https:\/\/yoopies.pt\/c\/wp-content\/uploads\/sites\/15\/2022\/02\/8f39c715-d368-4c58-9713-5892cd7d9b4e-osnossosvalores2.jpg\" alt=\"A Yoopies \u00e9 uma comunidade global de cuidados dom\u00e9sticos que facilita o contacto entre as fam\u00edlias e os prestadores de servi\u00e7os. \" \/><\/figure>\n<p><p>Gra&ccedil;as a um sistema comunit&aacute;rio e rec&iacute;proco de avalia&ccedil;&otilde;es e revis&otilde;es, a <a target=\"_blank\" rel=\"noopener\" href=\"https:\/\/yoopies.pt\/\">Yoopies<\/a> permite que as fam&iacute;lias escolham o seu pr&oacute;prio funcion&aacute;rio com total confian&ccedil;a e responsabilidade. Al&eacute;m de facilitar, evidentemente, a procura de trabalho para aqueles que desejam prestar um dos cinco servi&ccedil;os dom&eacute;sticos oferecidos na plataforma.&nbsp;<\/p>\n<\/p>\n<p><p><strong>A Yoopies pelo Mundo&nbsp;<\/strong><\/p>\n<\/p>\n<figure><img decoding=\"async\" src=\"https:\/\/yoopies.pt\/c\/wp-content\/uploads\/sites\/15\/2022\/02\/4b3a037e-682e-432e-9696-0560d23c5fef-pt-sobrenocc81spage28129.jpg\" alt=\"A Yoopies est\u00e1 presente em 19 pa\u00edses. \" \/><\/figure>\n<p><p><strong>O nosso percurso&nbsp;<\/strong><\/p>\n<\/p>\n<p><p>A <a target=\"_blank\" rel=\"noopener\" href=\"https:\/\/yoopies.pt\/\">Yoopies<\/a> foi fundada em 2012 por Benjamin Suchar e Jessica Cymerman, motivados pela convic&ccedil;&atilde;o de que uma plataforma de assist&ecirc;ncia infantil era a solu&ccedil;&atilde;o que faltava para simplificar a vida quotidiana de muitas fam&iacute;lias. A aventura come&ccedil;ou quando Benjamin e Jessica, uma amiga de longa data e m&atilde;e de quatro filhos, perceberam a dificuldade que era encontrar uma babysitter de &uacute;ltima hora. As &uacute;nicas solu&ccedil;&otilde;es dispon&iacute;veis na altura? A intermedia&ccedil;&atilde;o de ag&ecirc;ncias ou a procura de an&uacute;ncios em folhetos de papel distribu&iacute;dos por toda a cidade. <\/p>\n<\/p>\n<p><p>O resultado foi uma ampla e crescente comunidade online de cuidados infantis que surgiu para facilitar a comunica&ccedil;&atilde;o entre as fam&iacute;lias e as babysitters.&nbsp;Mais tarde, tanto a comunidade como a <a target=\"_blank\" rel=\"noopener\" href=\"https:\/\/yoopies.pt\/\">Yoopies<\/a> cresceram exponencialmente e desta forma tornamo-nos uma equipa internacional &#8211; <a target=\"_blank\" rel=\"noopener\" href=\"https:\/\/yoopies.com\/\">presente em 19 pa&iacute;ses<\/a> &#8211; e empenhada em facilitar e simplificar a intermedia&ccedil;&atilde;o da procura e da oferta n&atilde;o s&oacute; de babysitting, mas tamb&eacute;m de pet sitting, apoio domicili&aacute;rio aos idosos, aulas particulares e servi&ccedil;os de limpeza. <\/p>\n<ul>\n<li><a target=\"_blank\" rel=\"noopener\" href=\"https:\/\/yoopies.fr\/\">Fran&ccedil;a<\/a> \ud83c\uddeb\ud83c\uddf7<\/li>\n<li><a target=\"_blank\" rel=\"noopener\" href=\"https:\/\/yoopies.co.uk\/\">Reino Unido<\/a> \ud83c\uddec\ud83c\udde7<\/li>\n<li><a target=\"_blank\" rel=\"noopener\" href=\"https:\/\/de.yoopies.ch\/\">Su&iacute;&ccedil;a<\/a> \ud83c\udde8\ud83c\udded<\/li>\n<li><a target=\"_blank\" rel=\"noopener\" href=\"https:\/\/yoopies.be\/\">B&eacute;lgica<\/a> \ud83c\udde7\ud83c\uddea<\/li>\n<li><a target=\"_blank\" rel=\"noopener\" href=\"https:\/\/yoopies.it\/\">It&aacute;lia<\/a> \ud83c\uddee\ud83c\uddf9<\/li>\n<li><a target=\"_blank\" rel=\"noopener\" href=\"https:\/\/yoopies.de\/\">Alemanha<\/a> \ud83c\udde9\ud83c\uddea<\/li>\n<li><a target=\"_blank\" rel=\"noopener\" href=\"https:\/\/yoopies.at\/\">&Aacute;ustria<\/a> \ud83c\udde6\ud83c\uddf9<\/li>\n<li><a target=\"_blank\" rel=\"noopener\" href=\"https:\/\/yoopies.es\/\">Espanha<\/a> \ud83c\uddea\ud83c\uddf8<\/li>\n<li><a target=\"_blank\" rel=\"noopener\" href=\"https:\/\/yoopies.pt\/\">Portugal<\/a> \ud83c\uddf5\ud83c\uddf9<\/li>\n<li><a target=\"_blank\" rel=\"noopener\" href=\"https:\/\/yoopies.fi\/\">Finl&acirc;ndia<\/a> \ud83c\uddeb\ud83c\uddee<\/li>\n<li><a target=\"_blank\" rel=\"noopener\" href=\"https:\/\/yoopies.lu\/\">Luxemburgo<\/a> \ud83c\uddf1\ud83c\uddfa<\/li>\n<li><a target=\"_blank\" rel=\"noopener\" href=\"https:\/\/yoopies.se\/\">Su&eacute;cia<\/a> \ud83c\uddf8\ud83c\uddea<\/li>\n<li><a target=\"_blank\" rel=\"noopener\" href=\"https:\/\/yoopies.nl\/\">Holanda<\/a> \ud83c\uddf3\ud83c\uddf1<\/li>\n<li><a target=\"_blank\" rel=\"noopener\" href=\"https:\/\/yoopies.dk\/\">Dinamarca<\/a> \ud83c\udde9\ud83c\uddf0<\/li>\n<li><a target=\"_blank\" rel=\"noopener\" href=\"https:\/\/helperchoice.com\/?_ga=2.199374823.811341316.1587629794-1748504594.1558633672\">Hong Kong<\/a> \ud83c\udded\ud83c\uddf0<\/li>\n<li><a target=\"_blank\" rel=\"noopener\" href=\"https:\/\/helperchoice.com\/?_ga=2.96164309.811341316.1587629794-1748504594.1558633672\">Singapura<\/a> \ud83c\uddf8\ud83c\uddec<\/li>\n<li><a target=\"_blank\" rel=\"noopener\" href=\"https:\/\/yoopies.pl\/\">Pol&oacute;nia<\/a> \ud83c\uddf5\ud83c\uddf1<\/li>\n<li><a target=\"_blank\" rel=\"noopener\" href=\"https:\/\/yoopies.lt\/\">Litu&acirc;nia<\/a> \ud83c\uddf1\ud83c\uddf9<\/li>\n<li><a target=\"_blank\" rel=\"noopener\" href=\"https:\/\/yoopies.no\/\">Noruega<\/a> \ud83c\uddf3\ud83c\uddf4<\/li>\n<li><a target=\"_blank\" rel=\"noopener\" href=\"https:\/\/yoopies.com\/\">Yoopies pelo mundo<\/a> <\/li>\n<\/ul>\n<p><p>Em julho de 2019, a <a href=\"https:\/\/yoopies.pt\/\">Yoopies<\/a> adquiriu a startup <a target=\"_blank\" rel=\"noopener\" href=\"https:\/\/www.helperchoice.com\/\">HelperChoice<\/a>, a primeira empresa de impacto social dedicada &agrave; erradica&ccedil;&atilde;o das taxas de coloca&ccedil;&atilde;o e do tr&aacute;fico de seres humanos para fins de trabalho for&ccedil;ado. Desde ent&atilde;o, a Yoopies tamb&eacute;m estendeu as suas atividades por toda a &Aacute;sia e M&eacute;dio Oriente com uma miss&atilde;o social: erradicar a escravatura moderna e revolucionar a ind&uacute;stria das ag&ecirc;ncias de emprego atrav&eacute;s da tecnologia. <\/p>\n<\/p>\n<p><p>Em Novembro de 2020, a Yoopies tornou-se Worklife com o objectivo de revolucionar os benef&iacute;cios laborais. A mudan&ccedil;a de nome &eacute; acompanhada por uma verdadeira mudan&ccedil;a de dimens&atilde;o, com &ecirc;nfase no apoio a novas formas de trabalho, proporcionando uma app que agrega todos os benef&iacute;cios que as empresas possam oferecer aos seus colaboradores. Contudo, a Yoopies continua a ser a marca da Worklife &agrave; frente dos servi&ccedil;os dom&eacute;sticos destinados &agrave;s fam&iacute;lias ou a qualquer pessoa que precise de ajuda com as tarefas dom&eacute;sticas ou que procure um emprego.<\/p>\n<\/p>\n<p>Esta mudan&ccedil;a foi desencadeada pela crise sem precedentes da Covid-19, que mudou brutalmente os h&aacute;bitos de trabalho da maioria dos empregados, particularmente com o aumento do teletrabalho. O confinamento e a generaliza&ccedil;&atilde;o do teletrabalho tornou a fronteira entre a vida pessoal e profissional perme&aacute;vel, e a carga mental dos funcion&aacute;rios foi alargada. Como resultado, os profissionais de RH enfrentam agora novos desafios e devem responder &agrave;s novas expectativas dos seus colaboradores. Com base nisto, a Worklife substituiu a oferta empresarial YoopiesAtWork oferecida &agrave;s empresas at&eacute; agora e vai muito mais longe com uma solu&ccedil;&atilde;o 360&deg; que promete ajudar na qualidade de vida no trabalho.<\/p>\n<\/p>\n<figure><img decoding=\"async\" src=\"https:\/\/yoopies.pt\/c\/wp-content\/uploads\/sites\/15\/2022\/02\/dfc39d47-4bf8-45f7-b4fc-c4c95fdb93d8-pt-sobrenocc81spage.jpg\" alt=\"Linha do tempo da Yoopies, desde o ano de 2012, quando foi fundada, at\u00e9 o ano de 2019\" \/><\/figure>\n<p><a class=\"button\" href=\"https:\/\/yoopies.pt\/registration\">Vamos l\u00e1! \ud83d\ude42 <\/a><\/p>\n<p><p>N&oacute;s temos orgulhosamente uma parceria com a <a target=\"_blank\" rel=\"noopener\" href=\"https:\/\/pt.jooble.org\/\">Jooble Portugal<\/a> e <a href=\"https:\/\/pt.jobsora.com\/\">Jobsora<\/a> <\/p><\/p>\n","protected":false},"excerpt":{"rendered":"<p>A Yoopies &#8211; do grupo Worklife &#8211; &eacute; uma comunidade global de cuidados dom&eacute;sticos que &hellip; <\/p>\n","protected":false},"author":10,"featured_media":32,"parent":0,"menu_order":0,"comment_status":"closed","ping_status":"closed","template":"","meta":{"_acf_changed":false,"footnotes":""},"class_list":["post-27","page","type-page","status-publish","has-post-thumbnail","hentry"],"acf":[],"yoast_head":"<!-- This site is optimized with the Yoast SEO plugin v26.9 - https:\/\/yoast.com\/product\/yoast-seo-wordpress\/ -->\n<title>Sobre N\u00f3s - Yoopies<\/title>\n<meta name=\"description\" content=\"A Yoopies \u00e9 uma comunidade global de cuidados dom\u00e9sticos que facilita o contacto entre as fam\u00edlias e os prestadores de servi\u00e7os domicili\u00e1rios.\" \/>\n<meta name=\"robots\" content=\"index, follow, max-snippet:-1, max-image-preview:large, max-video-preview:-1\" \/>\n<link rel=\"canonical\" href=\"https:\/\/yoopies.pt\/c\/sobre-nos\/\" \/>\n<meta property=\"og:locale\" content=\"pt_PT\" \/>\n<meta property=\"og:type\" content=\"article\" \/>\n<meta property=\"og:title\" content=\"Sobre N\u00f3s - Yoopies\" \/>\n<meta property=\"og:description\" content=\"A Yoopies \u00e9 uma comunidade global de cuidados dom\u00e9sticos que facilita o contacto entre as fam\u00edlias e os prestadores de servi\u00e7os domicili\u00e1rios.\" \/>\n<meta property=\"og:url\" content=\"https:\/\/yoopies.pt\/c\/sobre-nos\/\" \/>\n<meta property=\"og:site_name\" content=\"Yoopies Portugal\" \/>\n<meta property=\"article:modified_time\" content=\"2025-06-12T08:50:12+00:00\" \/>\n<meta property=\"og:image\" content=\"https:\/\/yoopies.pt\/c\/wp-content\/uploads\/sites\/15\/2022\/02\/8d1909ba-4f18-4094-9fdb-76b96efa1603-bem-vindos-a-yoopies-1.jpg\" \/>\n\t<meta property=\"og:image:width\" content=\"1200\" \/>\n\t<meta property=\"og:image:height\" content=\"420\" \/>\n\t<meta property=\"og:image:type\" content=\"image\/jpeg\" \/>\n<meta name=\"twitter:card\" content=\"summary_large_image\" \/>\n<meta name=\"twitter:label1\" content=\"Tempo estimado de leitura\" \/>\n\t<meta name=\"twitter:data1\" content=\"4 minutos\" \/>\n<script type=\"application\/ld+json\" class=\"yoast-schema-graph\">{\"@context\":\"https:\/\/schema.org\",\"@graph\":[{\"@type\":\"WebPage\",\"@id\":\"https:\/\/yoopies.pt\/c\/sobre-nos\/\",\"url\":\"https:\/\/yoopies.pt\/c\/sobre-nos\/\",\"name\":\"Sobre N\u00f3s - Yoopies\",\"isPartOf\":{\"@id\":\"https:\/\/yoopies.pt\/c\/#website\"},\"primaryImageOfPage\":{\"@id\":\"https:\/\/yoopies.pt\/c\/sobre-nos\/#primaryimage\"},\"image\":{\"@id\":\"https:\/\/yoopies.pt\/c\/sobre-nos\/#primaryimage\"},\"thumbnailUrl\":\"https:\/\/yoopies.pt\/c\/wp-content\/uploads\/sites\/15\/2022\/02\/8d1909ba-4f18-4094-9fdb-76b96efa1603-bem-vindos-a-yoopies-1.jpg\",\"datePublished\":\"2022-02-03T15:09:05+00:00\",\"dateModified\":\"2025-06-12T08:50:12+00:00\",\"description\":\"A Yoopies \u00e9 uma comunidade global de cuidados dom\u00e9sticos que facilita o contacto entre as fam\u00edlias e os prestadores de servi\u00e7os domicili\u00e1rios.\",\"breadcrumb\":{\"@id\":\"https:\/\/yoopies.pt\/c\/sobre-nos\/#breadcrumb\"},\"inLanguage\":\"pt-PT\",\"potentialAction\":[{\"@type\":\"ReadAction\",\"target\":[\"https:\/\/yoopies.pt\/c\/sobre-nos\/\"]}]},{\"@type\":\"ImageObject\",\"inLanguage\":\"pt-PT\",\"@id\":\"https:\/\/yoopies.pt\/c\/sobre-nos\/#primaryimage\",\"url\":\"https:\/\/yoopies.pt\/c\/wp-content\/uploads\/sites\/15\/2022\/02\/8d1909ba-4f18-4094-9fdb-76b96efa1603-bem-vindos-a-yoopies-1.jpg\",\"contentUrl\":\"https:\/\/yoopies.pt\/c\/wp-content\/uploads\/sites\/15\/2022\/02\/8d1909ba-4f18-4094-9fdb-76b96efa1603-bem-vindos-a-yoopies-1.jpg\",\"width\":1200,\"height\":420},{\"@type\":\"BreadcrumbList\",\"@id\":\"https:\/\/yoopies.pt\/c\/sobre-nos\/#breadcrumb\",\"itemListElement\":[{\"@type\":\"ListItem\",\"position\":1,\"name\":\"Home\",\"item\":\"https:\/\/yoopies.pt\/c\/\"},{\"@type\":\"ListItem\",\"position\":2,\"name\":\"Sobre n\u00f3s\u00a0\"}]},{\"@type\":\"WebSite\",\"@id\":\"https:\/\/yoopies.pt\/c\/#website\",\"url\":\"https:\/\/yoopies.pt\/c\/\",\"name\":\"Yoopies Portugal\",\"description\":\"\",\"potentialAction\":[{\"@type\":\"SearchAction\",\"target\":{\"@type\":\"EntryPoint\",\"urlTemplate\":\"https:\/\/yoopies.pt\/c\/?s={search_term_string}\"},\"query-input\":{\"@type\":\"PropertyValueSpecification\",\"valueRequired\":true,\"valueName\":\"search_term_string\"}}],\"inLanguage\":\"pt-PT\"}]}<\/script>\n<!-- \/ Yoast SEO plugin. -->","yoast_head_json":{"title":"Sobre N\u00f3s - Yoopies","description":"A Yoopies \u00e9 uma comunidade global de cuidados dom\u00e9sticos que facilita o contacto entre as fam\u00edlias e os prestadores de servi\u00e7os domicili\u00e1rios.","robots":{"index":"index","follow":"follow","max-snippet":"max-snippet:-1","max-image-preview":"max-image-preview:large","max-video-preview":"max-video-preview:-1"},"canonical":"https:\/\/yoopies.pt\/c\/sobre-nos\/","og_locale":"pt_PT","og_type":"article","og_title":"Sobre N\u00f3s - Yoopies","og_description":"A Yoopies \u00e9 uma comunidade global de cuidados dom\u00e9sticos que facilita o contacto entre as fam\u00edlias e os prestadores de servi\u00e7os domicili\u00e1rios.","og_url":"https:\/\/yoopies.pt\/c\/sobre-nos\/","og_site_name":"Yoopies Portugal","article_modified_time":"2025-06-12T08:50:12+00:00","og_image":[{"width":1200,"height":420,"url":"https:\/\/yoopies.pt\/c\/wp-content\/uploads\/sites\/15\/2022\/02\/8d1909ba-4f18-4094-9fdb-76b96efa1603-bem-vindos-a-yoopies-1.jpg","type":"image\/jpeg"}],"twitter_card":"summary_large_image","twitter_misc":{"Tempo estimado de leitura":"4 minutos"},"schema":{"@context":"https:\/\/schema.org","@graph":[{"@type":"WebPage","@id":"https:\/\/yoopies.pt\/c\/sobre-nos\/","url":"https:\/\/yoopies.pt\/c\/sobre-nos\/","name":"Sobre N\u00f3s - Yoopies","isPartOf":{"@id":"https:\/\/yoopies.pt\/c\/#website"},"primaryImageOfPage":{"@id":"https:\/\/yoopies.pt\/c\/sobre-nos\/#primaryimage"},"image":{"@id":"https:\/\/yoopies.pt\/c\/sobre-nos\/#primaryimage"},"thumbnailUrl":"https:\/\/yoopies.pt\/c\/wp-content\/uploads\/sites\/15\/2022\/02\/8d1909ba-4f18-4094-9fdb-76b96efa1603-bem-vindos-a-yoopies-1.jpg","datePublished":"2022-02-03T15:09:05+00:00","dateModified":"2025-06-12T08:50:12+00:00","description":"A Yoopies \u00e9 uma comunidade global de cuidados dom\u00e9sticos que facilita o contacto entre as fam\u00edlias e os prestadores de servi\u00e7os domicili\u00e1rios.","breadcrumb":{"@id":"https:\/\/yoopies.pt\/c\/sobre-nos\/#breadcrumb"},"inLanguage":"pt-PT","potentialAction":[{"@type":"ReadAction","target":["https:\/\/yoopies.pt\/c\/sobre-nos\/"]}]},{"@type":"ImageObject","inLanguage":"pt-PT","@id":"https:\/\/yoopies.pt\/c\/sobre-nos\/#primaryimage","url":"https:\/\/yoopies.pt\/c\/wp-content\/uploads\/sites\/15\/2022\/02\/8d1909ba-4f18-4094-9fdb-76b96efa1603-bem-vindos-a-yoopies-1.jpg","contentUrl":"https:\/\/yoopies.pt\/c\/wp-content\/uploads\/sites\/15\/2022\/02\/8d1909ba-4f18-4094-9fdb-76b96efa1603-bem-vindos-a-yoopies-1.jpg","width":1200,"height":420},{"@type":"BreadcrumbList","@id":"https:\/\/yoopies.pt\/c\/sobre-nos\/#breadcrumb","itemListElement":[{"@type":"ListItem","position":1,"name":"Home","item":"https:\/\/yoopies.pt\/c\/"},{"@type":"ListItem","position":2,"name":"Sobre n\u00f3s\u00a0"}]},{"@type":"WebSite","@id":"https:\/\/yoopies.pt\/c\/#website","url":"https:\/\/yoopies.pt\/c\/","name":"Yoopies Portugal","description":"","potentialAction":[{"@type":"SearchAction","target":{"@type":"EntryPoint","urlTemplate":"https:\/\/yoopies.pt\/c\/?s={search_term_string}"},"query-input":{"@type":"PropertyValueSpecification","valueRequired":true,"valueName":"search_term_string"}}],"inLanguage":"pt-PT"}]}},"_links":{"self":[{"href":"https:\/\/yoopies.pt\/c\/wp-json\/wp\/v2\/pages\/27","targetHints":{"allow":["GET"]}}],"collection":[{"href":"https:\/\/yoopies.pt\/c\/wp-json\/wp\/v2\/pages"}],"about":[{"href":"https:\/\/yoopies.pt\/c\/wp-json\/wp\/v2\/types\/page"}],"author":[{"embeddable":true,"href":"https:\/\/yoopies.pt\/c\/wp-json\/wp\/v2\/users\/10"}],"replies":[{"embeddable":true,"href":"https:\/\/yoopies.pt\/c\/wp-json\/wp\/v2\/comments?post=27"}],"version-history":[{"count":1,"href":"https:\/\/yoopies.pt\/c\/wp-json\/wp\/v2\/pages\/27\/revisions"}],"predecessor-version":[{"id":33,"href":"https:\/\/yoopies.pt\/c\/wp-json\/wp\/v2\/pages\/27\/revisions\/33"}],"wp:featuredmedia":[{"embeddable":true,"href":"https:\/\/yoopies.pt\/c\/wp-json\/wp\/v2\/media\/32"}],"wp:attachment":[{"href":"https:\/\/yoopies.pt\/c\/wp-json\/wp\/v2\/media?parent=27"}],"curies":[{"name":"wp","href":"https:\/\/api.w.org\/{rel}","templated":true}]}}