{"id":268,"date":"2019-07-24T10:06:16","date_gmt":"2019-07-24T10:06:16","guid":{"rendered":"https:\/\/blog.yoopies.pt\/apoio-domiciliario-ou-lar-de-idosos-qual-e-o-melhor\/"},"modified":"2025-06-12T08:50:10","modified_gmt":"2025-06-12T08:50:10","slug":"apoio-domiciliario-ou-lar-de-idosos-qual-e-o-melhor","status":"publish","type":"page","link":"https:\/\/yoopies.pt\/c\/apoio-domiciliario-ou-lar-de-idosos-qual-e-o-melhor\/","title":{"rendered":"Apoio domicili\u00e1rio ou lar de idosos, qual \u00e9 o melhor?"},"content":{"rendered":"<figure><img decoding=\"async\" src=\"https:\/\/yoopies.pt\/c\/wp-content\/uploads\/sites\/15\/2019\/07\/b871086794974e99b95d6af126a9cf0844b624f5-shutterstock-123430627.jpg\" \/><\/figure>\n<p><p>Em um determinado momento, as fam&iacute;lias deparam-se com a necessidade de assistir um ente querido 24 horas por dia. Entretanto, na maioria dos casos, a rotina agitada e os compromissos quotidianos impedem que o cuidado seja feito pelo pr&oacute;prio parente ou por uma pessoa pr&oacute;xima &agrave; fam&iacute;lia. Diante deste impasse e com a urg&ecirc;ncia de encontrar uma solu&ccedil;&atilde;o, os lares de idosos aparecem muitas vezes como a &uacute;nica op&ccedil;&atilde;o. Por&eacute;m, este &eacute; um assunto que envolve sofrimento f&iacute;sico e emocional, tanto para as pessoas que necessitam de ajuda quanto para os familiares e decidir. <\/p>\n<\/p>\n<p><p>Felizmente, o <strong><a href=\"https:\/\/yoopies.pt\/apoio-domiciliario\">Yoopies <\/a><\/strong>&eacute; a alternativa ideal para que as fam&iacute;lias n&atilde;o precisem optar entre um lar de idosos ou os cuidados de uma empresa de home care. <strong>Atrav&eacute;s da nossa plataforma, &eacute; poss&iacute;vel encontrar cuidadores de confian&ccedil;a perto da sua &aacute;rea de resid&ecirc;ncia, dispon&iacute;veis para prestar servi&ccedil;os personalizados e de acordo com as exig&ecirc;ncias e necessidade dos clientes.<\/strong> Assim, fam&iacute;lias evitam o transtorno associado &agrave; mudan&ccedil;a e optam pelos benef&iacute;cios da assist&ecirc;ncia domicili&aacute;ria, destacados a seguir:&nbsp;<\/p>\n<\/p>\n<figure><img decoding=\"async\" src=\"https:\/\/yoopies.pt\/c\/wp-content\/uploads\/sites\/15\/2019\/07\/4900983b2913ea059a6b61c14d83d824727788cd-sam-wheeler-95303.jpg\" \/><\/figure>\n<p><p><strong>Por que ficar em casa?&nbsp;<\/strong><\/p>\n<p>Muitos idosos s&atilde;o resistentes a possibilidade de deixar o seu espa&ccedil;o. Isto porque a casa de uma pessoa com idade avan&ccedil;ada pode ser interpretada como uma pequena c&aacute;psula do tempo, repleta de boas lembran&ccedil;as e momentos preciosos. S&oacute; que mais do que isto, a familiaridade do lar &eacute; relevante por dois simples motivos:&nbsp;<\/p>\n<\/p>\n<ul>\n<li>Permanecer em um ambiente familiar &eacute; de extrema import&acirc;ncia para aqueles que precisam de cuidados especiais ou que, por exemplo, s&atilde;o diagnosticados com Alzheimer ou alguma doen&ccedil;a associada a transtornos mentais. Simples ac&ccedil;&otilde;es, como a f&aacute;cil locomo&ccedil;&atilde;o dentro de casa ou a memoriza&ccedil;&atilde;o de utens&iacute;lios dom&eacute;sticos, podem fazer toda diferen&ccedil;a para uma pessoa que est&aacute; propensa a ficar confusa.&nbsp;<\/li>\n<\/ul>\n<ul>\n<li>Al&eacute;m disso, proporcionar assist&ecirc;ncia na pr&oacute;pria casa do paciente contribui para que ele continue a seguir o mesmo estilo de vida, sem dr&aacute;sticas mudan&ccedil;as. Basicamente, isso permite que ele mantenha a rotina a qual sempre esteve acostumado, continue a frequentar as mesmas actividades sociais e, em alguns casos, a n&atilde;o afastar-se dos animais de estima&ccedil;&atilde;o.&nbsp;&nbsp;<\/li>\n<\/ul>\n<figure><img decoding=\"async\" src=\"https:\/\/yoopies.pt\/c\/wp-content\/uploads\/sites\/15\/2019\/07\/c149b986b5384fcc9865a42ef5eaa7bec0d91ee7-shutterstock-283915376.jpg\" \/><\/figure>\n<p><p><strong>Cuidados personalizados&nbsp;<\/strong><\/p>\n<p>As casas de repouso, por mais que tenham profissionais de sa&uacute;de dispon&iacute;veis 24 horas por dia, n&atilde;o podem oferecer o mesmo n&iacute;vel de aten&ccedil;&atilde;o de um cuidador particular. Os profissionais dos lares de idosos precisam trabalhar em fun&ccedil;&atilde;o do bem-estar colectivo e precisam estar, principalmente, dispon&iacute;veis para atender diversas pessoas ao mesmo tempo. J&aacute; com a exclusividade do atendimento domicili&aacute;rio, os familiares ficam mais tranquilos em saber que o profissional escolhido estar&aacute; acess&iacute;vel sempre que requisitado.&nbsp;<\/p>\n<\/p>\n<p><p><strong>Familiaridade com o profissional&nbsp;<\/strong><\/p>\n<p>Alguns pacientes podem ficar desconfort&aacute;veis com a assist&ecirc;ncia 24 horas e, principalmente, com a rotatividade dos profissionais dedicados aos seus cuidados, algo muito comum nos lares de idosos. Por isso, a estabilidade e confian&ccedil;a que os cuidadores particulares t&ecirc;m a oferecer s&atilde;o elementos inestim&aacute;veis na tomada de decis&atilde;o. Atrav&eacute;s do Yoopies, o seu ente querido pode receber cuidado personalizado e ainda contar com a possibilidade de ser amparado pelas mesmas pessoas &#8211; mediante disponibilidade de ambas as partes. Mais do que isso, o servi&ccedil;o de apoio domicili&aacute;rio aos idosos torna-se mais confi&aacute;vel e agrega maior valor de companheirismo. <\/p>\n<\/p>\n<p><a class=\"button\" href=\"https:\/\/yoopies.pt\/apoio-domiciliario\">Reserve online no Yoopies! <\/a><\/p>\n","protected":false},"excerpt":{"rendered":"<p>Em um determinado momento, as fam&iacute;lias deparam-se com a necessidade de assistir um ente querido &hellip; <\/p>\n","protected":false},"author":10,"featured_media":0,"parent":0,"menu_order":0,"comment_status":"closed","ping_status":"closed","template":"","meta":{"_acf_changed":false,"footnotes":""},"class_list":["post-268","page","type-page","status-publish","hentry"],"acf":[],"yoast_head":"<!-- This site is optimized with the Yoast SEO plugin v26.9 - https:\/\/yoast.com\/product\/yoast-seo-wordpress\/ -->\n<title>apoio-domiciliario-ou-lar-de-idosos-qual-e-o-melhor<\/title>\n<meta name=\"description\" content=\"O apoio domicili\u00e1rio para idosos oferece servi\u00e7os personalizados e proporciona uma melhor qualidade de vida. Confira algumas vantagens do servi\u00e7o Yoopies!\" \/>\n<meta name=\"robots\" content=\"index, follow, max-snippet:-1, max-image-preview:large, max-video-preview:-1\" \/>\n<link rel=\"canonical\" href=\"https:\/\/yoopies.pt\/c\/apoio-domiciliario-ou-lar-de-idosos-qual-e-o-melhor\/\" \/>\n<meta property=\"og:locale\" content=\"pt_PT\" \/>\n<meta property=\"og:type\" content=\"article\" \/>\n<meta property=\"og:title\" content=\"apoio-domiciliario-ou-lar-de-idosos-qual-e-o-melhor\" \/>\n<meta property=\"og:description\" content=\"O apoio domicili\u00e1rio para idosos oferece servi\u00e7os personalizados e proporciona uma melhor qualidade de vida. Confira algumas vantagens do servi\u00e7o Yoopies!\" \/>\n<meta property=\"og:url\" content=\"https:\/\/yoopies.pt\/c\/apoio-domiciliario-ou-lar-de-idosos-qual-e-o-melhor\/\" \/>\n<meta property=\"og:site_name\" content=\"Yoopies Portugal\" \/>\n<meta property=\"article:modified_time\" content=\"2025-06-12T08:50:10+00:00\" \/>\n<meta property=\"og:image\" content=\"https:\/\/yoopies.pt\/c\/wp-content\/uploads\/sites\/15\/2019\/07\/b871086794974e99b95d6af126a9cf0844b624f5-shutterstock-123430627.jpg\" \/>\n<meta name=\"twitter:card\" content=\"summary_large_image\" \/>\n<meta name=\"twitter:label1\" content=\"Tempo estimado de leitura\" \/>\n\t<meta name=\"twitter:data1\" content=\"3 minutos\" \/>\n<script type=\"application\/ld+json\" class=\"yoast-schema-graph\">{\"@context\":\"https:\/\/schema.org\",\"@graph\":[{\"@type\":\"WebPage\",\"@id\":\"https:\/\/yoopies.pt\/c\/apoio-domiciliario-ou-lar-de-idosos-qual-e-o-melhor\/\",\"url\":\"https:\/\/yoopies.pt\/c\/apoio-domiciliario-ou-lar-de-idosos-qual-e-o-melhor\/\",\"name\":\"apoio-domiciliario-ou-lar-de-idosos-qual-e-o-melhor\",\"isPartOf\":{\"@id\":\"https:\/\/yoopies.pt\/c\/#website\"},\"primaryImageOfPage\":{\"@id\":\"https:\/\/yoopies.pt\/c\/apoio-domiciliario-ou-lar-de-idosos-qual-e-o-melhor\/#primaryimage\"},\"image\":{\"@id\":\"https:\/\/yoopies.pt\/c\/apoio-domiciliario-ou-lar-de-idosos-qual-e-o-melhor\/#primaryimage\"},\"thumbnailUrl\":\"https:\/\/yoopies.pt\/c\/wp-content\/uploads\/sites\/15\/2019\/07\/b871086794974e99b95d6af126a9cf0844b624f5-shutterstock-123430627.jpg\",\"datePublished\":\"2019-07-24T10:06:16+00:00\",\"dateModified\":\"2025-06-12T08:50:10+00:00\",\"description\":\"O apoio domicili\u00e1rio para idosos oferece servi\u00e7os personalizados e proporciona uma melhor qualidade de vida. Confira algumas vantagens do servi\u00e7o Yoopies!\",\"breadcrumb\":{\"@id\":\"https:\/\/yoopies.pt\/c\/apoio-domiciliario-ou-lar-de-idosos-qual-e-o-melhor\/#breadcrumb\"},\"inLanguage\":\"pt-PT\",\"potentialAction\":[{\"@type\":\"ReadAction\",\"target\":[\"https:\/\/yoopies.pt\/c\/apoio-domiciliario-ou-lar-de-idosos-qual-e-o-melhor\/\"]}]},{\"@type\":\"ImageObject\",\"inLanguage\":\"pt-PT\",\"@id\":\"https:\/\/yoopies.pt\/c\/apoio-domiciliario-ou-lar-de-idosos-qual-e-o-melhor\/#primaryimage\",\"url\":\"https:\/\/yoopies.pt\/c\/wp-content\/uploads\/sites\/15\/2019\/07\/b871086794974e99b95d6af126a9cf0844b624f5-shutterstock-123430627.jpg\",\"contentUrl\":\"https:\/\/yoopies.pt\/c\/wp-content\/uploads\/sites\/15\/2019\/07\/b871086794974e99b95d6af126a9cf0844b624f5-shutterstock-123430627.jpg\",\"width\":950,\"height\":633},{\"@type\":\"BreadcrumbList\",\"@id\":\"https:\/\/yoopies.pt\/c\/apoio-domiciliario-ou-lar-de-idosos-qual-e-o-melhor\/#breadcrumb\",\"itemListElement\":[{\"@type\":\"ListItem\",\"position\":1,\"name\":\"Home\",\"item\":\"https:\/\/yoopies.pt\/c\/\"},{\"@type\":\"ListItem\",\"position\":2,\"name\":\"Apoio domicili\u00e1rio ou lar de idosos, qual \u00e9 o melhor?\"}]},{\"@type\":\"WebSite\",\"@id\":\"https:\/\/yoopies.pt\/c\/#website\",\"url\":\"https:\/\/yoopies.pt\/c\/\",\"name\":\"Yoopies Portugal\",\"description\":\"\",\"potentialAction\":[{\"@type\":\"SearchAction\",\"target\":{\"@type\":\"EntryPoint\",\"urlTemplate\":\"https:\/\/yoopies.pt\/c\/?s={search_term_string}\"},\"query-input\":{\"@type\":\"PropertyValueSpecification\",\"valueRequired\":true,\"valueName\":\"search_term_string\"}}],\"inLanguage\":\"pt-PT\"}]}<\/script>\n<!-- \/ Yoast SEO plugin. -->","yoast_head_json":{"title":"apoio-domiciliario-ou-lar-de-idosos-qual-e-o-melhor","description":"O apoio domicili\u00e1rio para idosos oferece servi\u00e7os personalizados e proporciona uma melhor qualidade de vida. Confira algumas vantagens do servi\u00e7o Yoopies!","robots":{"index":"index","follow":"follow","max-snippet":"max-snippet:-1","max-image-preview":"max-image-preview:large","max-video-preview":"max-video-preview:-1"},"canonical":"https:\/\/yoopies.pt\/c\/apoio-domiciliario-ou-lar-de-idosos-qual-e-o-melhor\/","og_locale":"pt_PT","og_type":"article","og_title":"apoio-domiciliario-ou-lar-de-idosos-qual-e-o-melhor","og_description":"O apoio domicili\u00e1rio para idosos oferece servi\u00e7os personalizados e proporciona uma melhor qualidade de vida. Confira algumas vantagens do servi\u00e7o Yoopies!","og_url":"https:\/\/yoopies.pt\/c\/apoio-domiciliario-ou-lar-de-idosos-qual-e-o-melhor\/","og_site_name":"Yoopies Portugal","article_modified_time":"2025-06-12T08:50:10+00:00","og_image":[{"url":"https:\/\/yoopies.pt\/c\/wp-content\/uploads\/sites\/15\/2019\/07\/b871086794974e99b95d6af126a9cf0844b624f5-shutterstock-123430627.jpg","type":"","width":"","height":""}],"twitter_card":"summary_large_image","twitter_misc":{"Tempo estimado de leitura":"3 minutos"},"schema":{"@context":"https:\/\/schema.org","@graph":[{"@type":"WebPage","@id":"https:\/\/yoopies.pt\/c\/apoio-domiciliario-ou-lar-de-idosos-qual-e-o-melhor\/","url":"https:\/\/yoopies.pt\/c\/apoio-domiciliario-ou-lar-de-idosos-qual-e-o-melhor\/","name":"apoio-domiciliario-ou-lar-de-idosos-qual-e-o-melhor","isPartOf":{"@id":"https:\/\/yoopies.pt\/c\/#website"},"primaryImageOfPage":{"@id":"https:\/\/yoopies.pt\/c\/apoio-domiciliario-ou-lar-de-idosos-qual-e-o-melhor\/#primaryimage"},"image":{"@id":"https:\/\/yoopies.pt\/c\/apoio-domiciliario-ou-lar-de-idosos-qual-e-o-melhor\/#primaryimage"},"thumbnailUrl":"https:\/\/yoopies.pt\/c\/wp-content\/uploads\/sites\/15\/2019\/07\/b871086794974e99b95d6af126a9cf0844b624f5-shutterstock-123430627.jpg","datePublished":"2019-07-24T10:06:16+00:00","dateModified":"2025-06-12T08:50:10+00:00","description":"O apoio domicili\u00e1rio para idosos oferece servi\u00e7os personalizados e proporciona uma melhor qualidade de vida. Confira algumas vantagens do servi\u00e7o Yoopies!","breadcrumb":{"@id":"https:\/\/yoopies.pt\/c\/apoio-domiciliario-ou-lar-de-idosos-qual-e-o-melhor\/#breadcrumb"},"inLanguage":"pt-PT","potentialAction":[{"@type":"ReadAction","target":["https:\/\/yoopies.pt\/c\/apoio-domiciliario-ou-lar-de-idosos-qual-e-o-melhor\/"]}]},{"@type":"ImageObject","inLanguage":"pt-PT","@id":"https:\/\/yoopies.pt\/c\/apoio-domiciliario-ou-lar-de-idosos-qual-e-o-melhor\/#primaryimage","url":"https:\/\/yoopies.pt\/c\/wp-content\/uploads\/sites\/15\/2019\/07\/b871086794974e99b95d6af126a9cf0844b624f5-shutterstock-123430627.jpg","contentUrl":"https:\/\/yoopies.pt\/c\/wp-content\/uploads\/sites\/15\/2019\/07\/b871086794974e99b95d6af126a9cf0844b624f5-shutterstock-123430627.jpg","width":950,"height":633},{"@type":"BreadcrumbList","@id":"https:\/\/yoopies.pt\/c\/apoio-domiciliario-ou-lar-de-idosos-qual-e-o-melhor\/#breadcrumb","itemListElement":[{"@type":"ListItem","position":1,"name":"Home","item":"https:\/\/yoopies.pt\/c\/"},{"@type":"ListItem","position":2,"name":"Apoio domicili\u00e1rio ou lar de idosos, qual \u00e9 o melhor?"}]},{"@type":"WebSite","@id":"https:\/\/yoopies.pt\/c\/#website","url":"https:\/\/yoopies.pt\/c\/","name":"Yoopies Portugal","description":"","potentialAction":[{"@type":"SearchAction","target":{"@type":"EntryPoint","urlTemplate":"https:\/\/yoopies.pt\/c\/?s={search_term_string}"},"query-input":{"@type":"PropertyValueSpecification","valueRequired":true,"valueName":"search_term_string"}}],"inLanguage":"pt-PT"}]}},"_links":{"self":[{"href":"https:\/\/yoopies.pt\/c\/wp-json\/wp\/v2\/pages\/268","targetHints":{"allow":["GET"]}}],"collection":[{"href":"https:\/\/yoopies.pt\/c\/wp-json\/wp\/v2\/pages"}],"about":[{"href":"https:\/\/yoopies.pt\/c\/wp-json\/wp\/v2\/types\/page"}],"author":[{"embeddable":true,"href":"https:\/\/yoopies.pt\/c\/wp-json\/wp\/v2\/users\/10"}],"replies":[{"embeddable":true,"href":"https:\/\/yoopies.pt\/c\/wp-json\/wp\/v2\/comments?post=268"}],"version-history":[{"count":1,"href":"https:\/\/yoopies.pt\/c\/wp-json\/wp\/v2\/pages\/268\/revisions"}],"predecessor-version":[{"id":272,"href":"https:\/\/yoopies.pt\/c\/wp-json\/wp\/v2\/pages\/268\/revisions\/272"}],"wp:attachment":[{"href":"https:\/\/yoopies.pt\/c\/wp-json\/wp\/v2\/media?parent=268"}],"curies":[{"name":"wp","href":"https:\/\/api.w.org\/{rel}","templated":true}]}}