{"id":254,"date":"2019-08-29T14:42:41","date_gmt":"2019-08-29T14:42:41","guid":{"rendered":"https:\/\/blog.yoopies.pt\/o-fenomeno-do-pet-sitting-e-um-sucesso-em-portugal\/"},"modified":"2025-06-12T08:50:11","modified_gmt":"2025-06-12T08:50:11","slug":"o-fenomeno-do-pet-sitting-e-um-sucesso-em-portugal","status":"publish","type":"page","link":"https:\/\/yoopies.pt\/c\/o-fenomeno-do-pet-sitting-e-um-sucesso-em-portugal\/","title":{"rendered":"O fen\u00f3meno do pet-sitting \u00e9 um sucesso em Portugal"},"content":{"rendered":"<p><p><strong>Neste ver&atilde;o 2019 os servi&ccedil;os de pet-sitting e cuidados com animais de estima&ccedil;&atilde;o est&atilde;o em grande expans&atilde;o. &nbsp;<\/strong><\/p>\n<p>Anteriormente a &uacute;nica op&ccedil;&atilde;o era meter o seu animal num hotel mas o Yoopies veio facilitar a vida aos donos que v&atilde;o de f&eacute;rias. Na nossa plataforma est&atilde;o dispon&iacute;veis um grande n&uacute;mero de pet-sitters espalhados por todo o pa&iacute;s. Os pre&ccedil;os variam de regi&atilde;o para regi&atilde;o sendo que <strong>a taxa m&eacute;dia di&aacute;ria &eacute; de 12,87 &euro;.<\/strong> Associados a este fen&oacute;meno, diferentes tend&ecirc;ncias est&atilde;o a surgir em Portugal, fazendo com que este servi&ccedil;o se torne cada vez mais personalizado. Est&atilde;o &agrave; sua disposi&ccedil;&atilde;o servi&ccedil;os de pet sitting na casa do dono, pet sitting na cada do pet sitter, passeios, caminhadas, dar comida, brincar, dar banho, escovar o pelo, cortas as unhas, visitas ao veterin&aacute;rio, entre muitos outros.<\/p>\n<\/p>\n<figure><img decoding=\"async\" src=\"https:\/\/yoopies.pt\/c\/wp-content\/uploads\/sites\/15\/2019\/08\/9d989d8e6fe77ab800df5b9c4e81faaed13567e7-pet-sitting-prismic.jpg\" \/><\/figure>\n<p class=\"highlighted\">\n<p><strong>O n&uacute;mero de pet sitters em Portugal est&aacute; a crescer exponencialmente!<\/strong><\/p>\n<\/p>\n<p><p>A quest&atilde;o econ&oacute;mica do cuidado de animais de estima&ccedil;&atilde;o &eacute; indiscut&iacute;vel. Embora o <strong>pre&ccedil;o de um hotel para animais varie geralmente entre os 15 e 30 &euro; <\/strong>por dia, a taxa dos pet-sitters no Yoopies &eacute; significantemente mais baixa (<strong>em m&eacute;dia os 12,87 &euro;\/dia descritos em cima<\/strong>). Para al&eacute;m disso, os nossos candidatos, como grandes amantes de animais, muitas vezes se oferecem para cuidar de outros tipos de animais de estima&ccedil;&atilde;o, como o seu coelho, hamster ou iguana. Por outro lado, entre os servi&ccedil;os que estes oferecem, est&atilde;o inclu&iacute;das caminhadas e brincadeiras indispens&aacute;veis para o bem estar do seu animal. Assim, os nossos pet sitters oferecem-lhe um servi&ccedil;o que vai ao &nbsp;acordo das necessidades do dono e do seu animal. <\/p>\n<\/p>\n<figure><img decoding=\"async\" src=\"https:\/\/yoopies.pt\/c\/wp-content\/uploads\/sites\/15\/2019\/08\/504648784a5f8802a83a04f0b883bd1c0c9cc922-8-signs-your-dog-really-does-trust-you-4-760x506-1.jpg\" \/><\/figure>\n<p><p>De acordo com o relat&oacute;rio anual realizado pelo Yoopies no in&iacute;cio de &nbsp;2019, os cuidados com os animais de estima&ccedil;&atilde;o s&atilde;o uma nova tend&ecirc;ncia: &#8220;Este &eacute; o in&iacute;cio de um grande fen&oacute;meno em &nbsp;Portugal&#8221;, diz Joana Silva, Country Manager de Portugal. &#8220;J&aacute; temos mais de <strong>10 mil<\/strong> pet-sitters registados na nossa plataforma <a href=\"https:\/\/yoopies.pt\">Yoopies.pt<\/a> e esperamos que este n&uacute;mero aumente at&eacute; ao final do ano!&#8221;, continua.<\/p>\n<\/p>\n<p><p><strong>O nosso estudo revelou dados bastante interessantes.<\/strong> Nas grandes regi&otilde;es de Lisboa e Porto, os pre&ccedil;os podem ser mais do dobro dos pre&ccedil;os do interior do pa&iacute;s. A explica&ccedil;&atilde;o para esses pre&ccedil;os &eacute; que nestas regi&otilde;es, a procura est&aacute; a aumentar assim como o n&uacute;mero de animais de estima&ccedil;&atilde;o fazendo com que os pet-sitters aumentem as suas taxas. Assim, prevemos que nos pr&oacute;ximos anos os pre&ccedil;os destas duas grandes regi&otilde;es baixem com o aumento do n&uacute;mero de pet sitters para satisfazer a procura. <\/p>\n<\/p>\n<p><p>De momento a regi&atilde;o mais cara &eacute; Oeiras, que apresenta um pre&ccedil;o m&eacute;dio de <strong>17,96&euro;<\/strong> por dia, sendo que a regi&atilde;o mais barata &eacute; Oleiros, que apresenta um pre&ccedil;o m&eacute;dio de <strong>6,53&euro;<\/strong> por dia. <\/p>\n<\/p>\n<p><a class=\"button\" href=\"https:\/\/yoopies.pt\/pet-sitting\">Encontre os melhor pet-sitter aqui!<\/a><\/p>\n<figure><img decoding=\"async\" src=\"https:\/\/yoopies.pt\/c\/wp-content\/uploads\/sites\/15\/2019\/08\/f3cff993dd13be53faf6662fd734261813c8cd8c-infographie-petsitting-2019-pt-v2-3.jpg\" \/><\/figure>\n","protected":false},"excerpt":{"rendered":"<p>Neste ver&atilde;o 2019 os servi&ccedil;os de pet-sitting e cuidados com animais de estima&ccedil;&atilde;o est&atilde;o em &hellip; <\/p>\n","protected":false},"author":10,"featured_media":258,"parent":0,"menu_order":0,"comment_status":"closed","ping_status":"closed","template":"","meta":{"_acf_changed":false,"footnotes":""},"class_list":["post-254","page","type-page","status-publish","has-post-thumbnail","hentry"],"acf":[],"yoast_head":"<!-- This site is optimized with the Yoast SEO plugin v26.9 - https:\/\/yoast.com\/product\/yoast-seo-wordpress\/ -->\n<title>O fen\u00f3meno do pet-sitting \u00e9 um sucesso em Portugal<\/title>\n<meta name=\"description\" content=\"O fen\u00f3meno do pet-sitting \u00e9 um sucesso em Portugal. O n\u00famero de pet sitters est\u00e1 a crescer exponencialmente, principalmente nos meses de ver\u00e3o!\" \/>\n<meta name=\"robots\" content=\"index, follow, max-snippet:-1, max-image-preview:large, max-video-preview:-1\" \/>\n<link rel=\"canonical\" href=\"https:\/\/yoopies.pt\/c\/o-fenomeno-do-pet-sitting-e-um-sucesso-em-portugal\/\" \/>\n<meta property=\"og:locale\" content=\"pt_PT\" \/>\n<meta property=\"og:type\" content=\"article\" \/>\n<meta property=\"og:title\" content=\"O fen\u00f3meno do pet-sitting \u00e9 um sucesso em Portugal\" \/>\n<meta property=\"og:description\" content=\"O fen\u00f3meno do pet-sitting \u00e9 um sucesso em Portugal. O n\u00famero de pet sitters est\u00e1 a crescer exponencialmente, principalmente nos meses de ver\u00e3o!\" \/>\n<meta property=\"og:url\" content=\"https:\/\/yoopies.pt\/c\/o-fenomeno-do-pet-sitting-e-um-sucesso-em-portugal\/\" \/>\n<meta property=\"og:site_name\" content=\"Yoopies Portugal\" \/>\n<meta property=\"article:modified_time\" content=\"2025-06-12T08:50:11+00:00\" \/>\n<meta property=\"og:image\" content=\"https:\/\/yoopies.pt\/c\/wp-content\/uploads\/sites\/15\/2019\/08\/5109b019f3708493cac9ec02a9c0f721eda098b2-infographie-petsitting-2019-pt-v2-3.jpg\" \/>\n\t<meta property=\"og:image:width\" content=\"1200\" \/>\n\t<meta property=\"og:image:height\" content=\"2788\" \/>\n\t<meta property=\"og:image:type\" content=\"image\/jpeg\" \/>\n<meta name=\"twitter:card\" content=\"summary_large_image\" \/>\n<meta name=\"twitter:label1\" content=\"Tempo estimado de leitura\" \/>\n\t<meta name=\"twitter:data1\" content=\"3 minutos\" \/>\n<script type=\"application\/ld+json\" class=\"yoast-schema-graph\">{\"@context\":\"https:\/\/schema.org\",\"@graph\":[{\"@type\":\"WebPage\",\"@id\":\"https:\/\/yoopies.pt\/c\/o-fenomeno-do-pet-sitting-e-um-sucesso-em-portugal\/\",\"url\":\"https:\/\/yoopies.pt\/c\/o-fenomeno-do-pet-sitting-e-um-sucesso-em-portugal\/\",\"name\":\"O fen\u00f3meno do pet-sitting \u00e9 um sucesso em Portugal\",\"isPartOf\":{\"@id\":\"https:\/\/yoopies.pt\/c\/#website\"},\"primaryImageOfPage\":{\"@id\":\"https:\/\/yoopies.pt\/c\/o-fenomeno-do-pet-sitting-e-um-sucesso-em-portugal\/#primaryimage\"},\"image\":{\"@id\":\"https:\/\/yoopies.pt\/c\/o-fenomeno-do-pet-sitting-e-um-sucesso-em-portugal\/#primaryimage\"},\"thumbnailUrl\":\"https:\/\/yoopies.pt\/c\/wp-content\/uploads\/sites\/15\/2019\/08\/5109b019f3708493cac9ec02a9c0f721eda098b2-infographie-petsitting-2019-pt-v2-3.jpg\",\"datePublished\":\"2019-08-29T14:42:41+00:00\",\"dateModified\":\"2025-06-12T08:50:11+00:00\",\"description\":\"O fen\u00f3meno do pet-sitting \u00e9 um sucesso em Portugal. O n\u00famero de pet sitters est\u00e1 a crescer exponencialmente, principalmente nos meses de ver\u00e3o!\",\"breadcrumb\":{\"@id\":\"https:\/\/yoopies.pt\/c\/o-fenomeno-do-pet-sitting-e-um-sucesso-em-portugal\/#breadcrumb\"},\"inLanguage\":\"pt-PT\",\"potentialAction\":[{\"@type\":\"ReadAction\",\"target\":[\"https:\/\/yoopies.pt\/c\/o-fenomeno-do-pet-sitting-e-um-sucesso-em-portugal\/\"]}]},{\"@type\":\"ImageObject\",\"inLanguage\":\"pt-PT\",\"@id\":\"https:\/\/yoopies.pt\/c\/o-fenomeno-do-pet-sitting-e-um-sucesso-em-portugal\/#primaryimage\",\"url\":\"https:\/\/yoopies.pt\/c\/wp-content\/uploads\/sites\/15\/2019\/08\/5109b019f3708493cac9ec02a9c0f721eda098b2-infographie-petsitting-2019-pt-v2-3.jpg\",\"contentUrl\":\"https:\/\/yoopies.pt\/c\/wp-content\/uploads\/sites\/15\/2019\/08\/5109b019f3708493cac9ec02a9c0f721eda098b2-infographie-petsitting-2019-pt-v2-3.jpg\",\"width\":1200,\"height\":2788},{\"@type\":\"BreadcrumbList\",\"@id\":\"https:\/\/yoopies.pt\/c\/o-fenomeno-do-pet-sitting-e-um-sucesso-em-portugal\/#breadcrumb\",\"itemListElement\":[{\"@type\":\"ListItem\",\"position\":1,\"name\":\"Home\",\"item\":\"https:\/\/yoopies.pt\/c\/\"},{\"@type\":\"ListItem\",\"position\":2,\"name\":\"O fen\u00f3meno do pet-sitting \u00e9 um sucesso em Portugal\"}]},{\"@type\":\"WebSite\",\"@id\":\"https:\/\/yoopies.pt\/c\/#website\",\"url\":\"https:\/\/yoopies.pt\/c\/\",\"name\":\"Yoopies Portugal\",\"description\":\"\",\"potentialAction\":[{\"@type\":\"SearchAction\",\"target\":{\"@type\":\"EntryPoint\",\"urlTemplate\":\"https:\/\/yoopies.pt\/c\/?s={search_term_string}\"},\"query-input\":{\"@type\":\"PropertyValueSpecification\",\"valueRequired\":true,\"valueName\":\"search_term_string\"}}],\"inLanguage\":\"pt-PT\"}]}<\/script>\n<!-- \/ Yoast SEO plugin. -->","yoast_head_json":{"title":"O fen\u00f3meno do pet-sitting \u00e9 um sucesso em Portugal","description":"O fen\u00f3meno do pet-sitting \u00e9 um sucesso em Portugal. O n\u00famero de pet sitters est\u00e1 a crescer exponencialmente, principalmente nos meses de ver\u00e3o!","robots":{"index":"index","follow":"follow","max-snippet":"max-snippet:-1","max-image-preview":"max-image-preview:large","max-video-preview":"max-video-preview:-1"},"canonical":"https:\/\/yoopies.pt\/c\/o-fenomeno-do-pet-sitting-e-um-sucesso-em-portugal\/","og_locale":"pt_PT","og_type":"article","og_title":"O fen\u00f3meno do pet-sitting \u00e9 um sucesso em Portugal","og_description":"O fen\u00f3meno do pet-sitting \u00e9 um sucesso em Portugal. O n\u00famero de pet sitters est\u00e1 a crescer exponencialmente, principalmente nos meses de ver\u00e3o!","og_url":"https:\/\/yoopies.pt\/c\/o-fenomeno-do-pet-sitting-e-um-sucesso-em-portugal\/","og_site_name":"Yoopies Portugal","article_modified_time":"2025-06-12T08:50:11+00:00","og_image":[{"width":1200,"height":2788,"url":"https:\/\/yoopies.pt\/c\/wp-content\/uploads\/sites\/15\/2019\/08\/5109b019f3708493cac9ec02a9c0f721eda098b2-infographie-petsitting-2019-pt-v2-3.jpg","type":"image\/jpeg"}],"twitter_card":"summary_large_image","twitter_misc":{"Tempo estimado de leitura":"3 minutos"},"schema":{"@context":"https:\/\/schema.org","@graph":[{"@type":"WebPage","@id":"https:\/\/yoopies.pt\/c\/o-fenomeno-do-pet-sitting-e-um-sucesso-em-portugal\/","url":"https:\/\/yoopies.pt\/c\/o-fenomeno-do-pet-sitting-e-um-sucesso-em-portugal\/","name":"O fen\u00f3meno do pet-sitting \u00e9 um sucesso em Portugal","isPartOf":{"@id":"https:\/\/yoopies.pt\/c\/#website"},"primaryImageOfPage":{"@id":"https:\/\/yoopies.pt\/c\/o-fenomeno-do-pet-sitting-e-um-sucesso-em-portugal\/#primaryimage"},"image":{"@id":"https:\/\/yoopies.pt\/c\/o-fenomeno-do-pet-sitting-e-um-sucesso-em-portugal\/#primaryimage"},"thumbnailUrl":"https:\/\/yoopies.pt\/c\/wp-content\/uploads\/sites\/15\/2019\/08\/5109b019f3708493cac9ec02a9c0f721eda098b2-infographie-petsitting-2019-pt-v2-3.jpg","datePublished":"2019-08-29T14:42:41+00:00","dateModified":"2025-06-12T08:50:11+00:00","description":"O fen\u00f3meno do pet-sitting \u00e9 um sucesso em Portugal. O n\u00famero de pet sitters est\u00e1 a crescer exponencialmente, principalmente nos meses de ver\u00e3o!","breadcrumb":{"@id":"https:\/\/yoopies.pt\/c\/o-fenomeno-do-pet-sitting-e-um-sucesso-em-portugal\/#breadcrumb"},"inLanguage":"pt-PT","potentialAction":[{"@type":"ReadAction","target":["https:\/\/yoopies.pt\/c\/o-fenomeno-do-pet-sitting-e-um-sucesso-em-portugal\/"]}]},{"@type":"ImageObject","inLanguage":"pt-PT","@id":"https:\/\/yoopies.pt\/c\/o-fenomeno-do-pet-sitting-e-um-sucesso-em-portugal\/#primaryimage","url":"https:\/\/yoopies.pt\/c\/wp-content\/uploads\/sites\/15\/2019\/08\/5109b019f3708493cac9ec02a9c0f721eda098b2-infographie-petsitting-2019-pt-v2-3.jpg","contentUrl":"https:\/\/yoopies.pt\/c\/wp-content\/uploads\/sites\/15\/2019\/08\/5109b019f3708493cac9ec02a9c0f721eda098b2-infographie-petsitting-2019-pt-v2-3.jpg","width":1200,"height":2788},{"@type":"BreadcrumbList","@id":"https:\/\/yoopies.pt\/c\/o-fenomeno-do-pet-sitting-e-um-sucesso-em-portugal\/#breadcrumb","itemListElement":[{"@type":"ListItem","position":1,"name":"Home","item":"https:\/\/yoopies.pt\/c\/"},{"@type":"ListItem","position":2,"name":"O fen\u00f3meno do pet-sitting \u00e9 um sucesso em Portugal"}]},{"@type":"WebSite","@id":"https:\/\/yoopies.pt\/c\/#website","url":"https:\/\/yoopies.pt\/c\/","name":"Yoopies Portugal","description":"","potentialAction":[{"@type":"SearchAction","target":{"@type":"EntryPoint","urlTemplate":"https:\/\/yoopies.pt\/c\/?s={search_term_string}"},"query-input":{"@type":"PropertyValueSpecification","valueRequired":true,"valueName":"search_term_string"}}],"inLanguage":"pt-PT"}]}},"_links":{"self":[{"href":"https:\/\/yoopies.pt\/c\/wp-json\/wp\/v2\/pages\/254","targetHints":{"allow":["GET"]}}],"collection":[{"href":"https:\/\/yoopies.pt\/c\/wp-json\/wp\/v2\/pages"}],"about":[{"href":"https:\/\/yoopies.pt\/c\/wp-json\/wp\/v2\/types\/page"}],"author":[{"embeddable":true,"href":"https:\/\/yoopies.pt\/c\/wp-json\/wp\/v2\/users\/10"}],"replies":[{"embeddable":true,"href":"https:\/\/yoopies.pt\/c\/wp-json\/wp\/v2\/comments?post=254"}],"version-history":[{"count":1,"href":"https:\/\/yoopies.pt\/c\/wp-json\/wp\/v2\/pages\/254\/revisions"}],"predecessor-version":[{"id":259,"href":"https:\/\/yoopies.pt\/c\/wp-json\/wp\/v2\/pages\/254\/revisions\/259"}],"wp:featuredmedia":[{"embeddable":true,"href":"https:\/\/yoopies.pt\/c\/wp-json\/wp\/v2\/media\/258"}],"wp:attachment":[{"href":"https:\/\/yoopies.pt\/c\/wp-json\/wp\/v2\/media?parent=254"}],"curies":[{"name":"wp","href":"https:\/\/api.w.org\/{rel}","templated":true}]}}