{"id":250,"date":"2019-08-27T08:27:33","date_gmt":"2019-08-27T08:27:33","guid":{"rendered":"https:\/\/blog.yoopies.pt\/babysitting-em-portugal-tarifa-media-em-2019\/"},"modified":"2025-06-12T08:50:10","modified_gmt":"2025-06-12T08:50:10","slug":"babysitting-em-portugal-tarifa-media-em-2019","status":"publish","type":"page","link":"https:\/\/yoopies.pt\/c\/babysitting-em-portugal-tarifa-media-em-2019\/","title":{"rendered":"Babysitting em Portugal: tarifa m\u00e9dia em 2019"},"content":{"rendered":"<p><p>O <a href=\"https:\/\/yoopies.pt\/babysitting\">Yoopies<\/a>, a plataforma de refer&ecirc;ncia na Europa sobre servi&ccedil;os dom&eacute;sticos e cuidados infantis, publica o primeiro relat&oacute;rio anual sobre assist&ecirc;ncia infantil em Portugal. Com base em cerca de 200.000 babysitters registadas, o Yoopies oferece uma vis&atilde;o concreta dos pre&ccedil;os de babysitting em nosso pa&iacute;s e revela a tarifa por hora de uma babysitter nos distritos portugueses: <strong>7,52&euro;\/hora. <\/strong><\/p>\n<\/p>\n<figure><img decoding=\"async\" src=\"https:\/\/yoopies.pt\/c\/wp-content\/uploads\/sites\/15\/2019\/08\/baabc2e1d5c7fb987b253101fc4125c908da66f2-info-childcare-2019-pt-v2-3.jpg\" \/><\/figure>\n<p><a class=\"button\" href=\"https:\/\/yoopies.pt\/babysitting\">Encontre a babysitter ideal para o seu filho! <\/a><\/p>\n","protected":false},"excerpt":{"rendered":"<p>O Yoopies, a plataforma de refer&ecirc;ncia na Europa sobre servi&ccedil;os dom&eacute;sticos e cuidados infantis, publica &hellip; <\/p>\n","protected":false},"author":10,"featured_media":252,"parent":0,"menu_order":0,"comment_status":"closed","ping_status":"closed","template":"","meta":{"_acf_changed":false,"footnotes":""},"class_list":["post-250","page","type-page","status-publish","has-post-thumbnail","hentry"],"acf":[],"yoast_head":"<!-- This site is optimized with the Yoast SEO plugin v26.9 - https:\/\/yoast.com\/product\/yoast-seo-wordpress\/ -->\n<title>Babysitting em Portugal: tarifa m\u00e9dia em 2019<\/title>\n<meta name=\"description\" content=\"O Yoopies publica o primeiro relat\u00f3rio anual sobre a taxa m\u00e9dia de babysitting nos distritos portugueses em 2019.\" \/>\n<meta name=\"robots\" content=\"index, follow, max-snippet:-1, max-image-preview:large, max-video-preview:-1\" \/>\n<link rel=\"canonical\" href=\"https:\/\/yoopies.pt\/c\/babysitting-em-portugal-tarifa-media-em-2019\/\" \/>\n<meta property=\"og:locale\" content=\"pt_PT\" \/>\n<meta property=\"og:type\" content=\"article\" \/>\n<meta property=\"og:title\" content=\"Babysitting em Portugal: tarifa m\u00e9dia em 2019\" \/>\n<meta property=\"og:description\" content=\"O Yoopies publica o primeiro relat\u00f3rio anual sobre a taxa m\u00e9dia de babysitting nos distritos portugueses em 2019.\" \/>\n<meta property=\"og:url\" content=\"https:\/\/yoopies.pt\/c\/babysitting-em-portugal-tarifa-media-em-2019\/\" \/>\n<meta property=\"og:site_name\" content=\"Yoopies Portugal\" \/>\n<meta property=\"article:modified_time\" content=\"2025-06-12T08:50:10+00:00\" \/>\n<meta property=\"og:image\" content=\"https:\/\/yoopies.pt\/c\/wp-content\/uploads\/sites\/15\/2019\/08\/39d17011b2591097ed6b1ae568cf70fe7612ca3c-info-childcare-2019-pt-v2-3.jpg\" \/>\n\t<meta property=\"og:image:width\" content=\"1200\" \/>\n\t<meta property=\"og:image:height\" content=\"2179\" \/>\n\t<meta property=\"og:image:type\" content=\"image\/jpeg\" \/>\n<meta name=\"twitter:card\" content=\"summary_large_image\" \/>\n<script type=\"application\/ld+json\" class=\"yoast-schema-graph\">{\"@context\":\"https:\/\/schema.org\",\"@graph\":[{\"@type\":\"WebPage\",\"@id\":\"https:\/\/yoopies.pt\/c\/babysitting-em-portugal-tarifa-media-em-2019\/\",\"url\":\"https:\/\/yoopies.pt\/c\/babysitting-em-portugal-tarifa-media-em-2019\/\",\"name\":\"Babysitting em Portugal: tarifa m\u00e9dia em 2019\",\"isPartOf\":{\"@id\":\"https:\/\/yoopies.pt\/c\/#website\"},\"primaryImageOfPage\":{\"@id\":\"https:\/\/yoopies.pt\/c\/babysitting-em-portugal-tarifa-media-em-2019\/#primaryimage\"},\"image\":{\"@id\":\"https:\/\/yoopies.pt\/c\/babysitting-em-portugal-tarifa-media-em-2019\/#primaryimage\"},\"thumbnailUrl\":\"https:\/\/yoopies.pt\/c\/wp-content\/uploads\/sites\/15\/2019\/08\/39d17011b2591097ed6b1ae568cf70fe7612ca3c-info-childcare-2019-pt-v2-3.jpg\",\"datePublished\":\"2019-08-27T08:27:33+00:00\",\"dateModified\":\"2025-06-12T08:50:10+00:00\",\"description\":\"O Yoopies publica o primeiro relat\u00f3rio anual sobre a taxa m\u00e9dia de babysitting nos distritos portugueses em 2019.\",\"breadcrumb\":{\"@id\":\"https:\/\/yoopies.pt\/c\/babysitting-em-portugal-tarifa-media-em-2019\/#breadcrumb\"},\"inLanguage\":\"pt-PT\",\"potentialAction\":[{\"@type\":\"ReadAction\",\"target\":[\"https:\/\/yoopies.pt\/c\/babysitting-em-portugal-tarifa-media-em-2019\/\"]}]},{\"@type\":\"ImageObject\",\"inLanguage\":\"pt-PT\",\"@id\":\"https:\/\/yoopies.pt\/c\/babysitting-em-portugal-tarifa-media-em-2019\/#primaryimage\",\"url\":\"https:\/\/yoopies.pt\/c\/wp-content\/uploads\/sites\/15\/2019\/08\/39d17011b2591097ed6b1ae568cf70fe7612ca3c-info-childcare-2019-pt-v2-3.jpg\",\"contentUrl\":\"https:\/\/yoopies.pt\/c\/wp-content\/uploads\/sites\/15\/2019\/08\/39d17011b2591097ed6b1ae568cf70fe7612ca3c-info-childcare-2019-pt-v2-3.jpg\",\"width\":1200,\"height\":2179},{\"@type\":\"BreadcrumbList\",\"@id\":\"https:\/\/yoopies.pt\/c\/babysitting-em-portugal-tarifa-media-em-2019\/#breadcrumb\",\"itemListElement\":[{\"@type\":\"ListItem\",\"position\":1,\"name\":\"Home\",\"item\":\"https:\/\/yoopies.pt\/c\/\"},{\"@type\":\"ListItem\",\"position\":2,\"name\":\"Babysitting em Portugal: tarifa m\u00e9dia em 2019\"}]},{\"@type\":\"WebSite\",\"@id\":\"https:\/\/yoopies.pt\/c\/#website\",\"url\":\"https:\/\/yoopies.pt\/c\/\",\"name\":\"Yoopies Portugal\",\"description\":\"\",\"potentialAction\":[{\"@type\":\"SearchAction\",\"target\":{\"@type\":\"EntryPoint\",\"urlTemplate\":\"https:\/\/yoopies.pt\/c\/?s={search_term_string}\"},\"query-input\":{\"@type\":\"PropertyValueSpecification\",\"valueRequired\":true,\"valueName\":\"search_term_string\"}}],\"inLanguage\":\"pt-PT\"}]}<\/script>\n<!-- \/ Yoast SEO plugin. -->","yoast_head_json":{"title":"Babysitting em Portugal: tarifa m\u00e9dia em 2019","description":"O Yoopies publica o primeiro relat\u00f3rio anual sobre a taxa m\u00e9dia de babysitting nos distritos portugueses em 2019.","robots":{"index":"index","follow":"follow","max-snippet":"max-snippet:-1","max-image-preview":"max-image-preview:large","max-video-preview":"max-video-preview:-1"},"canonical":"https:\/\/yoopies.pt\/c\/babysitting-em-portugal-tarifa-media-em-2019\/","og_locale":"pt_PT","og_type":"article","og_title":"Babysitting em Portugal: tarifa m\u00e9dia em 2019","og_description":"O Yoopies publica o primeiro relat\u00f3rio anual sobre a taxa m\u00e9dia de babysitting nos distritos portugueses em 2019.","og_url":"https:\/\/yoopies.pt\/c\/babysitting-em-portugal-tarifa-media-em-2019\/","og_site_name":"Yoopies Portugal","article_modified_time":"2025-06-12T08:50:10+00:00","og_image":[{"width":1200,"height":2179,"url":"https:\/\/yoopies.pt\/c\/wp-content\/uploads\/sites\/15\/2019\/08\/39d17011b2591097ed6b1ae568cf70fe7612ca3c-info-childcare-2019-pt-v2-3.jpg","type":"image\/jpeg"}],"twitter_card":"summary_large_image","schema":{"@context":"https:\/\/schema.org","@graph":[{"@type":"WebPage","@id":"https:\/\/yoopies.pt\/c\/babysitting-em-portugal-tarifa-media-em-2019\/","url":"https:\/\/yoopies.pt\/c\/babysitting-em-portugal-tarifa-media-em-2019\/","name":"Babysitting em Portugal: tarifa m\u00e9dia em 2019","isPartOf":{"@id":"https:\/\/yoopies.pt\/c\/#website"},"primaryImageOfPage":{"@id":"https:\/\/yoopies.pt\/c\/babysitting-em-portugal-tarifa-media-em-2019\/#primaryimage"},"image":{"@id":"https:\/\/yoopies.pt\/c\/babysitting-em-portugal-tarifa-media-em-2019\/#primaryimage"},"thumbnailUrl":"https:\/\/yoopies.pt\/c\/wp-content\/uploads\/sites\/15\/2019\/08\/39d17011b2591097ed6b1ae568cf70fe7612ca3c-info-childcare-2019-pt-v2-3.jpg","datePublished":"2019-08-27T08:27:33+00:00","dateModified":"2025-06-12T08:50:10+00:00","description":"O Yoopies publica o primeiro relat\u00f3rio anual sobre a taxa m\u00e9dia de babysitting nos distritos portugueses em 2019.","breadcrumb":{"@id":"https:\/\/yoopies.pt\/c\/babysitting-em-portugal-tarifa-media-em-2019\/#breadcrumb"},"inLanguage":"pt-PT","potentialAction":[{"@type":"ReadAction","target":["https:\/\/yoopies.pt\/c\/babysitting-em-portugal-tarifa-media-em-2019\/"]}]},{"@type":"ImageObject","inLanguage":"pt-PT","@id":"https:\/\/yoopies.pt\/c\/babysitting-em-portugal-tarifa-media-em-2019\/#primaryimage","url":"https:\/\/yoopies.pt\/c\/wp-content\/uploads\/sites\/15\/2019\/08\/39d17011b2591097ed6b1ae568cf70fe7612ca3c-info-childcare-2019-pt-v2-3.jpg","contentUrl":"https:\/\/yoopies.pt\/c\/wp-content\/uploads\/sites\/15\/2019\/08\/39d17011b2591097ed6b1ae568cf70fe7612ca3c-info-childcare-2019-pt-v2-3.jpg","width":1200,"height":2179},{"@type":"BreadcrumbList","@id":"https:\/\/yoopies.pt\/c\/babysitting-em-portugal-tarifa-media-em-2019\/#breadcrumb","itemListElement":[{"@type":"ListItem","position":1,"name":"Home","item":"https:\/\/yoopies.pt\/c\/"},{"@type":"ListItem","position":2,"name":"Babysitting em Portugal: tarifa m\u00e9dia em 2019"}]},{"@type":"WebSite","@id":"https:\/\/yoopies.pt\/c\/#website","url":"https:\/\/yoopies.pt\/c\/","name":"Yoopies Portugal","description":"","potentialAction":[{"@type":"SearchAction","target":{"@type":"EntryPoint","urlTemplate":"https:\/\/yoopies.pt\/c\/?s={search_term_string}"},"query-input":{"@type":"PropertyValueSpecification","valueRequired":true,"valueName":"search_term_string"}}],"inLanguage":"pt-PT"}]}},"_links":{"self":[{"href":"https:\/\/yoopies.pt\/c\/wp-json\/wp\/v2\/pages\/250","targetHints":{"allow":["GET"]}}],"collection":[{"href":"https:\/\/yoopies.pt\/c\/wp-json\/wp\/v2\/pages"}],"about":[{"href":"https:\/\/yoopies.pt\/c\/wp-json\/wp\/v2\/types\/page"}],"author":[{"embeddable":true,"href":"https:\/\/yoopies.pt\/c\/wp-json\/wp\/v2\/users\/10"}],"replies":[{"embeddable":true,"href":"https:\/\/yoopies.pt\/c\/wp-json\/wp\/v2\/comments?post=250"}],"version-history":[{"count":1,"href":"https:\/\/yoopies.pt\/c\/wp-json\/wp\/v2\/pages\/250\/revisions"}],"predecessor-version":[{"id":253,"href":"https:\/\/yoopies.pt\/c\/wp-json\/wp\/v2\/pages\/250\/revisions\/253"}],"wp:featuredmedia":[{"embeddable":true,"href":"https:\/\/yoopies.pt\/c\/wp-json\/wp\/v2\/media\/252"}],"wp:attachment":[{"href":"https:\/\/yoopies.pt\/c\/wp-json\/wp\/v2\/media?parent=250"}],"curies":[{"name":"wp","href":"https:\/\/api.w.org\/{rel}","templated":true}]}}