{"id":239,"date":"2019-08-12T10:50:04","date_gmt":"2019-08-12T10:50:04","guid":{"rendered":"https:\/\/blog.yoopies.pt\/como-conseguir-que-a-verdade-seja-dita-pelo-seu-filho\/"},"modified":"2025-06-12T08:50:10","modified_gmt":"2025-06-12T08:50:10","slug":"como-conseguir-que-a-verdade-seja-dita-pelo-seu-filho","status":"publish","type":"page","link":"https:\/\/yoopies.pt\/c\/como-conseguir-que-a-verdade-seja-dita-pelo-seu-filho\/","title":{"rendered":"Como conseguir que a verdade seja dita pelo seu filho?"},"content":{"rendered":"<p><p>&#8220;Como foi a escola hoje?&#8221;. O seu filho pode ter 6 ou 18 anos, mas a curiosidade em torno desta pergunta di&aacute;ria sempre ser&aacute; a mesma. As crian&ccedil;as, principalmente, n&atilde;o percebem como &eacute; importante para n&oacute;s, pais, saber se elas tiveram boas ou m&aacute;s notas durante o dia, se fizeram ou n&atilde;o novos amigos e se os professores est&atilde;o a prepar&aacute;-las correctamente. Por outro lado, os mais velhos &#8211; mas ainda jovens &#8211; tendem a ficar aborrecidos ou irritados quando os pais fazem perguntas relacionadas &agrave;s disciplinas, como matem&aacute;tica, gram&aacute;tica, geografia, hist&oacute;ria, etc. <\/p>\n<\/p>\n<p><p>Mas o <strong><a href=\"https:\/\/yoopies.pt\/\">Yoopies <\/a><\/strong>est&aacute; aqui para ajudar e, por isso, vamos mostrar alguns <strong>truques simples<\/strong> de como obter o m&aacute;ximo de informa&ccedil;&otilde;es poss&iacute;veis sobre o <strong>dia passado na escola<\/strong>. O truque &eacute; simples: fa&ccedil;a as <strong>perguntas certas<\/strong>!<\/p>\n<\/p>\n<figure><img decoding=\"async\" src=\"https:\/\/yoopies.pt\/c\/wp-content\/uploads\/sites\/15\/2019\/08\/dde811acc79a5fda4165d0643e29b77ecd4e3592-foto-blog-1.jpg\" \/><\/figure>\n<p><h2><strong>Quem queres como companheiro de trabalho?<\/strong><\/h2>\n<\/p>\n<p>Pode parecer uma pergunta trivial e in&uacute;til, mas muitos especialistas em psicologia e pedagogia infantil recomendam fazer esta pergunta pelo menos uma vez aos seus filhos: a partir da resposta voc&ecirc; pode descobrir n&atilde;o s&oacute; quem s&atilde;o os colegas de classe com quem eles se d&atilde;o melhor, mas especialmente quais s&atilde;o aqueles com quem eles absolutamente n&atilde;o querem ter contacto. &Eacute; a partir da revela&ccedil;&atilde;o sobre as crian&ccedil;as que o seu filho n&atilde;o deseja dividir a mesa que a m&atilde;e poder&aacute; investigar se a raz&atilde;o para esta avers&atilde;o &eacute; simplesmente uma falta de simpatia ou, nos piores casos, bullying.<\/p>\n<\/p>\n<figure><img decoding=\"async\" src=\"https:\/\/yoopies.pt\/c\/wp-content\/uploads\/sites\/15\/2019\/08\/5803603087b8000c4f5a30a0ca3e0b00e2c9aa1f-compagno-banco-blog.jpg\" \/><\/figure>\n<p><h2><strong>O professor lembra-te algu&eacute;m que conhecemos? Quem?<\/strong><\/h2>\n<\/p>\n<p>Esta quest&atilde;o &eacute; fundamental para saber o que as crian&ccedil;as pensam sobre os professores e que tipo de relacionamento t&ecirc;m com eles. Ao responder a uma pergunta colocada desta forma, eles n&atilde;o se sentir&atilde;o muito pressionados. Al&eacute;m disso, tamb&eacute;m &eacute; divertido para eles procurarem semelhan&ccedil;as entre as pessoas que j&aacute; conhecem e o professor ou professora que t&ecirc;m na sala de aula todos os dias.<\/p>\n<\/p>\n<figure><img decoding=\"async\" src=\"https:\/\/yoopies.pt\/c\/wp-content\/uploads\/sites\/15\/2019\/08\/7362c2aebcb8673cb9e894366af21c7a4e6d1d75-shutterstock-218656060.jpg\" \/><\/figure>\n<p><h2><strong>Que regras tens na escola e que n&atilde;o seguimos em casa? <\/strong><\/h2>\n<\/p>\n<p>Uma pergunta cl&aacute;ssica, cuja resposta nos far&aacute; entender se o m&eacute;todo de ensino dado em classe &eacute; o mesmo que o usado em casa. A partir do feedback dado, precisamos reflectir sobre dois pontos principais. O primeiro &eacute; basicamente entender se o m&eacute;todo de ensino utilizado na sala de aula est&aacute; correto ou de acordo com os nossos valores e como queremos criar os nossos filhos. O segundo &eacute; inspirar-se em truques adotados pelos professores na sala de aula e que podem ser copiados em casa, dada a aprecia&ccedil;&atilde;o, claro. <\/p>\n<\/p>\n<p><p>No <strong><a href=\"https:\/\/yoopies.pt\/\">Yoopies<\/a><\/strong>, unimo-nos aos pedagogos e recomendamos que todos os sinais sejam captados na tentativa de descobrir quais assuntos mais afligem o seu filho, mas &eacute; importante evitar ao m&aacute;ximo qualquer sinal de insist&ecirc;ncia ou impaci&ecirc;ncia para obter tais informa&ccedil;&otilde;es.  <\/p>\n<\/p>\n<p><p>Se o que voc&ecirc; est&aacute; &agrave; procura &eacute; um professor de apoio ou repeti&ccedil;&atilde;o que possa ajudar com a li&ccedil;&atilde;o de casa e estudar com o seu filho, voc&ecirc; pode usar o servi&ccedil;o online <strong><a href=\"https:\/\/yoopies.pt\/explicador\">Yoopies<\/a><\/strong>. Tudo que voc&ecirc; precisa fazer &eacute; digitar o seu c&oacute;digo postal e navegar por centenas de perfis de profissionais dispon&iacute;veis e qualificados na sua &aacute;rea de resid&ecirc;ncia. Para facilitar a busca pelo professor certo, voc&ecirc; tamb&eacute;m pode personalizar a sua pesquisa para atender &agrave;s suas necessidades e requisitos. <\/p>\n<\/p>\n<p><a class=\"button\" href=\"https:\/\/yoopies.pt\/\">Procure agora um professor particular! <\/a><\/p>\n","protected":false},"excerpt":{"rendered":"<p>&#8220;Como foi a escola hoje?&#8221;. O seu filho pode ter 6 ou 18 anos, mas &hellip; <\/p>\n","protected":false},"author":10,"featured_media":243,"parent":0,"menu_order":0,"comment_status":"closed","ping_status":"closed","template":"","meta":{"_acf_changed":false,"footnotes":""},"class_list":["post-239","page","type-page","status-publish","has-post-thumbnail","hentry"],"acf":[],"yoast_head":"<!-- This site is optimized with the Yoast SEO plugin v26.9 - https:\/\/yoast.com\/product\/yoast-seo-wordpress\/ -->\n<title>Como conseguir que a verdade seja dita pelo seu filho?<\/title>\n<meta name=\"description\" content=\"Confira alguns truques simples de como obter o m\u00e1ximo de informa\u00e7\u00f5es poss\u00edveis sobre o dia do seu filho na escola. Descubra e fa\u00e7a as perguntas certas!\" \/>\n<meta name=\"robots\" content=\"index, follow, max-snippet:-1, max-image-preview:large, max-video-preview:-1\" \/>\n<link rel=\"canonical\" href=\"https:\/\/yoopies.pt\/c\/como-conseguir-que-a-verdade-seja-dita-pelo-seu-filho\/\" \/>\n<meta property=\"og:locale\" content=\"pt_PT\" \/>\n<meta property=\"og:type\" content=\"article\" \/>\n<meta property=\"og:title\" content=\"Como conseguir que a verdade seja dita pelo seu filho?\" \/>\n<meta property=\"og:description\" content=\"Confira alguns truques simples de como obter o m\u00e1ximo de informa\u00e7\u00f5es poss\u00edveis sobre o dia do seu filho na escola. Descubra e fa\u00e7a as perguntas certas!\" \/>\n<meta property=\"og:url\" content=\"https:\/\/yoopies.pt\/c\/como-conseguir-que-a-verdade-seja-dita-pelo-seu-filho\/\" \/>\n<meta property=\"og:site_name\" content=\"Yoopies Portugal\" \/>\n<meta property=\"article:modified_time\" content=\"2025-06-12T08:50:10+00:00\" \/>\n<meta property=\"og:image\" content=\"https:\/\/yoopies.pt\/c\/wp-content\/uploads\/sites\/15\/2019\/08\/afb7c45008e4689cdfc61b4e4e515504de30df2c-foto-blog-1.jpg\" \/>\n\t<meta property=\"og:image:width\" content=\"1200\" \/>\n\t<meta property=\"og:image:height\" content=\"803\" \/>\n\t<meta property=\"og:image:type\" content=\"image\/jpeg\" \/>\n<meta name=\"twitter:card\" content=\"summary_large_image\" \/>\n<meta name=\"twitter:label1\" content=\"Tempo estimado de leitura\" \/>\n\t<meta name=\"twitter:data1\" content=\"3 minutos\" \/>\n<script type=\"application\/ld+json\" class=\"yoast-schema-graph\">{\"@context\":\"https:\/\/schema.org\",\"@graph\":[{\"@type\":\"WebPage\",\"@id\":\"https:\/\/yoopies.pt\/c\/como-conseguir-que-a-verdade-seja-dita-pelo-seu-filho\/\",\"url\":\"https:\/\/yoopies.pt\/c\/como-conseguir-que-a-verdade-seja-dita-pelo-seu-filho\/\",\"name\":\"Como conseguir que a verdade seja dita pelo seu filho?\",\"isPartOf\":{\"@id\":\"https:\/\/yoopies.pt\/c\/#website\"},\"primaryImageOfPage\":{\"@id\":\"https:\/\/yoopies.pt\/c\/como-conseguir-que-a-verdade-seja-dita-pelo-seu-filho\/#primaryimage\"},\"image\":{\"@id\":\"https:\/\/yoopies.pt\/c\/como-conseguir-que-a-verdade-seja-dita-pelo-seu-filho\/#primaryimage\"},\"thumbnailUrl\":\"https:\/\/yoopies.pt\/c\/wp-content\/uploads\/sites\/15\/2019\/08\/afb7c45008e4689cdfc61b4e4e515504de30df2c-foto-blog-1.jpg\",\"datePublished\":\"2019-08-12T10:50:04+00:00\",\"dateModified\":\"2025-06-12T08:50:10+00:00\",\"description\":\"Confira alguns truques simples de como obter o m\u00e1ximo de informa\u00e7\u00f5es poss\u00edveis sobre o dia do seu filho na escola. Descubra e fa\u00e7a as perguntas certas!\",\"breadcrumb\":{\"@id\":\"https:\/\/yoopies.pt\/c\/como-conseguir-que-a-verdade-seja-dita-pelo-seu-filho\/#breadcrumb\"},\"inLanguage\":\"pt-PT\",\"potentialAction\":[{\"@type\":\"ReadAction\",\"target\":[\"https:\/\/yoopies.pt\/c\/como-conseguir-que-a-verdade-seja-dita-pelo-seu-filho\/\"]}]},{\"@type\":\"ImageObject\",\"inLanguage\":\"pt-PT\",\"@id\":\"https:\/\/yoopies.pt\/c\/como-conseguir-que-a-verdade-seja-dita-pelo-seu-filho\/#primaryimage\",\"url\":\"https:\/\/yoopies.pt\/c\/wp-content\/uploads\/sites\/15\/2019\/08\/afb7c45008e4689cdfc61b4e4e515504de30df2c-foto-blog-1.jpg\",\"contentUrl\":\"https:\/\/yoopies.pt\/c\/wp-content\/uploads\/sites\/15\/2019\/08\/afb7c45008e4689cdfc61b4e4e515504de30df2c-foto-blog-1.jpg\",\"width\":1200,\"height\":803},{\"@type\":\"BreadcrumbList\",\"@id\":\"https:\/\/yoopies.pt\/c\/como-conseguir-que-a-verdade-seja-dita-pelo-seu-filho\/#breadcrumb\",\"itemListElement\":[{\"@type\":\"ListItem\",\"position\":1,\"name\":\"Home\",\"item\":\"https:\/\/yoopies.pt\/c\/\"},{\"@type\":\"ListItem\",\"position\":2,\"name\":\"Como conseguir que a verdade seja dita pelo seu filho?\"}]},{\"@type\":\"WebSite\",\"@id\":\"https:\/\/yoopies.pt\/c\/#website\",\"url\":\"https:\/\/yoopies.pt\/c\/\",\"name\":\"Yoopies Portugal\",\"description\":\"\",\"potentialAction\":[{\"@type\":\"SearchAction\",\"target\":{\"@type\":\"EntryPoint\",\"urlTemplate\":\"https:\/\/yoopies.pt\/c\/?s={search_term_string}\"},\"query-input\":{\"@type\":\"PropertyValueSpecification\",\"valueRequired\":true,\"valueName\":\"search_term_string\"}}],\"inLanguage\":\"pt-PT\"}]}<\/script>\n<!-- \/ Yoast SEO plugin. -->","yoast_head_json":{"title":"Como conseguir que a verdade seja dita pelo seu filho?","description":"Confira alguns truques simples de como obter o m\u00e1ximo de informa\u00e7\u00f5es poss\u00edveis sobre o dia do seu filho na escola. Descubra e fa\u00e7a as perguntas certas!","robots":{"index":"index","follow":"follow","max-snippet":"max-snippet:-1","max-image-preview":"max-image-preview:large","max-video-preview":"max-video-preview:-1"},"canonical":"https:\/\/yoopies.pt\/c\/como-conseguir-que-a-verdade-seja-dita-pelo-seu-filho\/","og_locale":"pt_PT","og_type":"article","og_title":"Como conseguir que a verdade seja dita pelo seu filho?","og_description":"Confira alguns truques simples de como obter o m\u00e1ximo de informa\u00e7\u00f5es poss\u00edveis sobre o dia do seu filho na escola. Descubra e fa\u00e7a as perguntas certas!","og_url":"https:\/\/yoopies.pt\/c\/como-conseguir-que-a-verdade-seja-dita-pelo-seu-filho\/","og_site_name":"Yoopies Portugal","article_modified_time":"2025-06-12T08:50:10+00:00","og_image":[{"width":1200,"height":803,"url":"https:\/\/yoopies.pt\/c\/wp-content\/uploads\/sites\/15\/2019\/08\/afb7c45008e4689cdfc61b4e4e515504de30df2c-foto-blog-1.jpg","type":"image\/jpeg"}],"twitter_card":"summary_large_image","twitter_misc":{"Tempo estimado de leitura":"3 minutos"},"schema":{"@context":"https:\/\/schema.org","@graph":[{"@type":"WebPage","@id":"https:\/\/yoopies.pt\/c\/como-conseguir-que-a-verdade-seja-dita-pelo-seu-filho\/","url":"https:\/\/yoopies.pt\/c\/como-conseguir-que-a-verdade-seja-dita-pelo-seu-filho\/","name":"Como conseguir que a verdade seja dita pelo seu filho?","isPartOf":{"@id":"https:\/\/yoopies.pt\/c\/#website"},"primaryImageOfPage":{"@id":"https:\/\/yoopies.pt\/c\/como-conseguir-que-a-verdade-seja-dita-pelo-seu-filho\/#primaryimage"},"image":{"@id":"https:\/\/yoopies.pt\/c\/como-conseguir-que-a-verdade-seja-dita-pelo-seu-filho\/#primaryimage"},"thumbnailUrl":"https:\/\/yoopies.pt\/c\/wp-content\/uploads\/sites\/15\/2019\/08\/afb7c45008e4689cdfc61b4e4e515504de30df2c-foto-blog-1.jpg","datePublished":"2019-08-12T10:50:04+00:00","dateModified":"2025-06-12T08:50:10+00:00","description":"Confira alguns truques simples de como obter o m\u00e1ximo de informa\u00e7\u00f5es poss\u00edveis sobre o dia do seu filho na escola. Descubra e fa\u00e7a as perguntas certas!","breadcrumb":{"@id":"https:\/\/yoopies.pt\/c\/como-conseguir-que-a-verdade-seja-dita-pelo-seu-filho\/#breadcrumb"},"inLanguage":"pt-PT","potentialAction":[{"@type":"ReadAction","target":["https:\/\/yoopies.pt\/c\/como-conseguir-que-a-verdade-seja-dita-pelo-seu-filho\/"]}]},{"@type":"ImageObject","inLanguage":"pt-PT","@id":"https:\/\/yoopies.pt\/c\/como-conseguir-que-a-verdade-seja-dita-pelo-seu-filho\/#primaryimage","url":"https:\/\/yoopies.pt\/c\/wp-content\/uploads\/sites\/15\/2019\/08\/afb7c45008e4689cdfc61b4e4e515504de30df2c-foto-blog-1.jpg","contentUrl":"https:\/\/yoopies.pt\/c\/wp-content\/uploads\/sites\/15\/2019\/08\/afb7c45008e4689cdfc61b4e4e515504de30df2c-foto-blog-1.jpg","width":1200,"height":803},{"@type":"BreadcrumbList","@id":"https:\/\/yoopies.pt\/c\/como-conseguir-que-a-verdade-seja-dita-pelo-seu-filho\/#breadcrumb","itemListElement":[{"@type":"ListItem","position":1,"name":"Home","item":"https:\/\/yoopies.pt\/c\/"},{"@type":"ListItem","position":2,"name":"Como conseguir que a verdade seja dita pelo seu filho?"}]},{"@type":"WebSite","@id":"https:\/\/yoopies.pt\/c\/#website","url":"https:\/\/yoopies.pt\/c\/","name":"Yoopies Portugal","description":"","potentialAction":[{"@type":"SearchAction","target":{"@type":"EntryPoint","urlTemplate":"https:\/\/yoopies.pt\/c\/?s={search_term_string}"},"query-input":{"@type":"PropertyValueSpecification","valueRequired":true,"valueName":"search_term_string"}}],"inLanguage":"pt-PT"}]}},"_links":{"self":[{"href":"https:\/\/yoopies.pt\/c\/wp-json\/wp\/v2\/pages\/239","targetHints":{"allow":["GET"]}}],"collection":[{"href":"https:\/\/yoopies.pt\/c\/wp-json\/wp\/v2\/pages"}],"about":[{"href":"https:\/\/yoopies.pt\/c\/wp-json\/wp\/v2\/types\/page"}],"author":[{"embeddable":true,"href":"https:\/\/yoopies.pt\/c\/wp-json\/wp\/v2\/users\/10"}],"replies":[{"embeddable":true,"href":"https:\/\/yoopies.pt\/c\/wp-json\/wp\/v2\/comments?post=239"}],"version-history":[{"count":1,"href":"https:\/\/yoopies.pt\/c\/wp-json\/wp\/v2\/pages\/239\/revisions"}],"predecessor-version":[{"id":244,"href":"https:\/\/yoopies.pt\/c\/wp-json\/wp\/v2\/pages\/239\/revisions\/244"}],"wp:featuredmedia":[{"embeddable":true,"href":"https:\/\/yoopies.pt\/c\/wp-json\/wp\/v2\/media\/243"}],"wp:attachment":[{"href":"https:\/\/yoopies.pt\/c\/wp-json\/wp\/v2\/media?parent=239"}],"curies":[{"name":"wp","href":"https:\/\/api.w.org\/{rel}","templated":true}]}}