{"id":23,"date":"2022-04-27T09:41:16","date_gmt":"2022-04-27T09:41:16","guid":{"rendered":"https:\/\/blog.yoopies.pt\/aulas-particulares-portugal\/"},"modified":"2025-06-12T08:50:10","modified_gmt":"2025-06-12T08:50:10","slug":"aulas-particulares-portugal","status":"publish","type":"page","link":"https:\/\/yoopies.pt\/c\/aulas-particulares-portugal\/","title":{"rendered":"Aulas particulares"},"content":{"rendered":"<figure><img decoding=\"async\" src=\"https:\/\/yoopies.pt\/c\/wp-content\/uploads\/sites\/15\/2022\/04\/1abc41ae-0cb9-40e7-af34-ad7ae98a84db-pexels-julia-m-cameron-4145355.jpg\" \/><\/figure>\n<ul>\n<li><strong><a href=\"https:\/\/yoopies.pt\/c\/como-encontrar-um-explicador\">Como encontrar o explicador ideal para si?<\/a><\/strong><\/li>\n<\/ul>\n<p>Para ajud&aacute;-lo a encontrar o tutor certo para si, n&oacute;s criamos uma lista de dicas que voc&ecirc; dever&aacute; ter em mente antes de iniciar a sua pesquisa. Confira! <\/p><\/p>\n","protected":false},"excerpt":{"rendered":"<p>Como encontrar o explicador ideal para si? Para ajud&aacute;-lo a encontrar o tutor certo para &hellip; <\/p>\n","protected":false},"author":10,"featured_media":25,"parent":0,"menu_order":0,"comment_status":"closed","ping_status":"closed","template":"","meta":{"_acf_changed":false,"footnotes":""},"class_list":["post-23","page","type-page","status-publish","has-post-thumbnail","hentry"],"acf":[],"yoast_head":"<!-- This site is optimized with the Yoast SEO plugin v26.9 - https:\/\/yoast.com\/product\/yoast-seo-wordpress\/ -->\n<title>Aulas particulares<\/title>\n<meta name=\"description\" content=\"Para ajud\u00e1-lo a encontrar o tutor certo para si, n\u00f3s criamos uma lista de dicas que voc\u00ea dever\u00e1 ter em mente antes de iniciar a sua pesquisa.\" \/>\n<meta name=\"robots\" content=\"index, follow, max-snippet:-1, max-image-preview:large, max-video-preview:-1\" \/>\n<link rel=\"canonical\" href=\"https:\/\/yoopies.pt\/c\/aulas-particulares-portugal\/\" \/>\n<meta property=\"og:locale\" content=\"pt_PT\" \/>\n<meta property=\"og:type\" content=\"article\" \/>\n<meta property=\"og:title\" content=\"Aulas particulares\" \/>\n<meta property=\"og:description\" content=\"Para ajud\u00e1-lo a encontrar o tutor certo para si, n\u00f3s criamos uma lista de dicas que voc\u00ea dever\u00e1 ter em mente antes de iniciar a sua pesquisa.\" \/>\n<meta property=\"og:url\" content=\"https:\/\/yoopies.pt\/c\/aulas-particulares-portugal\/\" \/>\n<meta property=\"og:site_name\" content=\"Yoopies Portugal\" \/>\n<meta property=\"article:modified_time\" content=\"2025-06-12T08:50:10+00:00\" \/>\n<meta property=\"og:image\" content=\"https:\/\/yoopies.pt\/c\/wp-content\/uploads\/sites\/15\/2022\/04\/1abc41ae-0cb9-40e7-af34-ad7ae98a84db-pexels-julia-m-cameron-4145355-1.jpg\" \/>\n\t<meta property=\"og:image:width\" content=\"1200\" \/>\n\t<meta property=\"og:image:height\" content=\"745\" \/>\n\t<meta property=\"og:image:type\" content=\"image\/jpeg\" \/>\n<meta name=\"twitter:card\" content=\"summary_large_image\" \/>\n<script type=\"application\/ld+json\" class=\"yoast-schema-graph\">{\"@context\":\"https:\/\/schema.org\",\"@graph\":[{\"@type\":\"WebPage\",\"@id\":\"https:\/\/yoopies.pt\/c\/aulas-particulares-portugal\/\",\"url\":\"https:\/\/yoopies.pt\/c\/aulas-particulares-portugal\/\",\"name\":\"Aulas particulares\",\"isPartOf\":{\"@id\":\"https:\/\/yoopies.pt\/c\/#website\"},\"primaryImageOfPage\":{\"@id\":\"https:\/\/yoopies.pt\/c\/aulas-particulares-portugal\/#primaryimage\"},\"image\":{\"@id\":\"https:\/\/yoopies.pt\/c\/aulas-particulares-portugal\/#primaryimage\"},\"thumbnailUrl\":\"https:\/\/yoopies.pt\/c\/wp-content\/uploads\/sites\/15\/2022\/04\/1abc41ae-0cb9-40e7-af34-ad7ae98a84db-pexels-julia-m-cameron-4145355-1.jpg\",\"datePublished\":\"2022-04-27T09:41:16+00:00\",\"dateModified\":\"2025-06-12T08:50:10+00:00\",\"description\":\"Para ajud\u00e1-lo a encontrar o tutor certo para si, n\u00f3s criamos uma lista de dicas que voc\u00ea dever\u00e1 ter em mente antes de iniciar a sua pesquisa.\",\"breadcrumb\":{\"@id\":\"https:\/\/yoopies.pt\/c\/aulas-particulares-portugal\/#breadcrumb\"},\"inLanguage\":\"pt-PT\",\"potentialAction\":[{\"@type\":\"ReadAction\",\"target\":[\"https:\/\/yoopies.pt\/c\/aulas-particulares-portugal\/\"]}]},{\"@type\":\"ImageObject\",\"inLanguage\":\"pt-PT\",\"@id\":\"https:\/\/yoopies.pt\/c\/aulas-particulares-portugal\/#primaryimage\",\"url\":\"https:\/\/yoopies.pt\/c\/wp-content\/uploads\/sites\/15\/2022\/04\/1abc41ae-0cb9-40e7-af34-ad7ae98a84db-pexels-julia-m-cameron-4145355-1.jpg\",\"contentUrl\":\"https:\/\/yoopies.pt\/c\/wp-content\/uploads\/sites\/15\/2022\/04\/1abc41ae-0cb9-40e7-af34-ad7ae98a84db-pexels-julia-m-cameron-4145355-1.jpg\",\"width\":1200,\"height\":745},{\"@type\":\"BreadcrumbList\",\"@id\":\"https:\/\/yoopies.pt\/c\/aulas-particulares-portugal\/#breadcrumb\",\"itemListElement\":[{\"@type\":\"ListItem\",\"position\":1,\"name\":\"Home\",\"item\":\"https:\/\/yoopies.pt\/c\/\"},{\"@type\":\"ListItem\",\"position\":2,\"name\":\"Aulas particulares\"}]},{\"@type\":\"WebSite\",\"@id\":\"https:\/\/yoopies.pt\/c\/#website\",\"url\":\"https:\/\/yoopies.pt\/c\/\",\"name\":\"Yoopies Portugal\",\"description\":\"\",\"potentialAction\":[{\"@type\":\"SearchAction\",\"target\":{\"@type\":\"EntryPoint\",\"urlTemplate\":\"https:\/\/yoopies.pt\/c\/?s={search_term_string}\"},\"query-input\":{\"@type\":\"PropertyValueSpecification\",\"valueRequired\":true,\"valueName\":\"search_term_string\"}}],\"inLanguage\":\"pt-PT\"}]}<\/script>\n<!-- \/ Yoast SEO plugin. -->","yoast_head_json":{"title":"Aulas particulares","description":"Para ajud\u00e1-lo a encontrar o tutor certo para si, n\u00f3s criamos uma lista de dicas que voc\u00ea dever\u00e1 ter em mente antes de iniciar a sua pesquisa.","robots":{"index":"index","follow":"follow","max-snippet":"max-snippet:-1","max-image-preview":"max-image-preview:large","max-video-preview":"max-video-preview:-1"},"canonical":"https:\/\/yoopies.pt\/c\/aulas-particulares-portugal\/","og_locale":"pt_PT","og_type":"article","og_title":"Aulas particulares","og_description":"Para ajud\u00e1-lo a encontrar o tutor certo para si, n\u00f3s criamos uma lista de dicas que voc\u00ea dever\u00e1 ter em mente antes de iniciar a sua pesquisa.","og_url":"https:\/\/yoopies.pt\/c\/aulas-particulares-portugal\/","og_site_name":"Yoopies Portugal","article_modified_time":"2025-06-12T08:50:10+00:00","og_image":[{"width":1200,"height":745,"url":"https:\/\/yoopies.pt\/c\/wp-content\/uploads\/sites\/15\/2022\/04\/1abc41ae-0cb9-40e7-af34-ad7ae98a84db-pexels-julia-m-cameron-4145355-1.jpg","type":"image\/jpeg"}],"twitter_card":"summary_large_image","schema":{"@context":"https:\/\/schema.org","@graph":[{"@type":"WebPage","@id":"https:\/\/yoopies.pt\/c\/aulas-particulares-portugal\/","url":"https:\/\/yoopies.pt\/c\/aulas-particulares-portugal\/","name":"Aulas particulares","isPartOf":{"@id":"https:\/\/yoopies.pt\/c\/#website"},"primaryImageOfPage":{"@id":"https:\/\/yoopies.pt\/c\/aulas-particulares-portugal\/#primaryimage"},"image":{"@id":"https:\/\/yoopies.pt\/c\/aulas-particulares-portugal\/#primaryimage"},"thumbnailUrl":"https:\/\/yoopies.pt\/c\/wp-content\/uploads\/sites\/15\/2022\/04\/1abc41ae-0cb9-40e7-af34-ad7ae98a84db-pexels-julia-m-cameron-4145355-1.jpg","datePublished":"2022-04-27T09:41:16+00:00","dateModified":"2025-06-12T08:50:10+00:00","description":"Para ajud\u00e1-lo a encontrar o tutor certo para si, n\u00f3s criamos uma lista de dicas que voc\u00ea dever\u00e1 ter em mente antes de iniciar a sua pesquisa.","breadcrumb":{"@id":"https:\/\/yoopies.pt\/c\/aulas-particulares-portugal\/#breadcrumb"},"inLanguage":"pt-PT","potentialAction":[{"@type":"ReadAction","target":["https:\/\/yoopies.pt\/c\/aulas-particulares-portugal\/"]}]},{"@type":"ImageObject","inLanguage":"pt-PT","@id":"https:\/\/yoopies.pt\/c\/aulas-particulares-portugal\/#primaryimage","url":"https:\/\/yoopies.pt\/c\/wp-content\/uploads\/sites\/15\/2022\/04\/1abc41ae-0cb9-40e7-af34-ad7ae98a84db-pexels-julia-m-cameron-4145355-1.jpg","contentUrl":"https:\/\/yoopies.pt\/c\/wp-content\/uploads\/sites\/15\/2022\/04\/1abc41ae-0cb9-40e7-af34-ad7ae98a84db-pexels-julia-m-cameron-4145355-1.jpg","width":1200,"height":745},{"@type":"BreadcrumbList","@id":"https:\/\/yoopies.pt\/c\/aulas-particulares-portugal\/#breadcrumb","itemListElement":[{"@type":"ListItem","position":1,"name":"Home","item":"https:\/\/yoopies.pt\/c\/"},{"@type":"ListItem","position":2,"name":"Aulas particulares"}]},{"@type":"WebSite","@id":"https:\/\/yoopies.pt\/c\/#website","url":"https:\/\/yoopies.pt\/c\/","name":"Yoopies Portugal","description":"","potentialAction":[{"@type":"SearchAction","target":{"@type":"EntryPoint","urlTemplate":"https:\/\/yoopies.pt\/c\/?s={search_term_string}"},"query-input":{"@type":"PropertyValueSpecification","valueRequired":true,"valueName":"search_term_string"}}],"inLanguage":"pt-PT"}]}},"_links":{"self":[{"href":"https:\/\/yoopies.pt\/c\/wp-json\/wp\/v2\/pages\/23","targetHints":{"allow":["GET"]}}],"collection":[{"href":"https:\/\/yoopies.pt\/c\/wp-json\/wp\/v2\/pages"}],"about":[{"href":"https:\/\/yoopies.pt\/c\/wp-json\/wp\/v2\/types\/page"}],"author":[{"embeddable":true,"href":"https:\/\/yoopies.pt\/c\/wp-json\/wp\/v2\/users\/10"}],"replies":[{"embeddable":true,"href":"https:\/\/yoopies.pt\/c\/wp-json\/wp\/v2\/comments?post=23"}],"version-history":[{"count":1,"href":"https:\/\/yoopies.pt\/c\/wp-json\/wp\/v2\/pages\/23\/revisions"}],"predecessor-version":[{"id":26,"href":"https:\/\/yoopies.pt\/c\/wp-json\/wp\/v2\/pages\/23\/revisions\/26"}],"wp:featuredmedia":[{"embeddable":true,"href":"https:\/\/yoopies.pt\/c\/wp-json\/wp\/v2\/media\/25"}],"wp:attachment":[{"href":"https:\/\/yoopies.pt\/c\/wp-json\/wp\/v2\/media?parent=23"}],"curies":[{"name":"wp","href":"https:\/\/api.w.org\/{rel}","templated":true}]}}