{"id":225,"date":"2019-08-28T11:18:56","date_gmt":"2019-08-28T11:18:56","guid":{"rendered":"https:\/\/blog.yoopies.pt\/conheca-as-vantagens-que-os-caes-proporcionam-aos-idosos\/"},"modified":"2025-06-12T08:50:11","modified_gmt":"2025-06-12T08:50:11","slug":"conheca-as-vantagens-que-os-caes-proporcionam-aos-idosos","status":"publish","type":"page","link":"https:\/\/yoopies.pt\/c\/conheca-as-vantagens-que-os-caes-proporcionam-aos-idosos\/","title":{"rendered":"Conhe\u00e7a as vantagens que os c\u00e3es proporcionam aos idosos"},"content":{"rendered":"<p><p>A liga&ccedil;&atilde;o com os animais &eacute; muito ben&eacute;fica para qualquer pessoa ao longo da sua vida, tanto emocionalmente quanto em termos de bem-estar. <strong>Os c&atilde;es podem representar um antes e depois na vida das pessoas mais idosas<\/strong>, pois proporcionam <strong>vitalidade<\/strong> e <strong>diminuem consideravelmente o sentimento de solid&atilde;o<\/strong>.<\/p>\n<\/p>\n<p><p>&Eacute; importante ter em mente que os idosos t&ecirc;m uma diminui&ccedil;&atilde;o progressiva das suas responsabilidades durante a velhice. Ou seja: passam de pessoas que levam uma vida ativa para uma vida de sedentarismo que, em muitos casos, est&aacute; relacionada com o sentimento de depend&ecirc;ncia. Neste sentido, <strong>ter um animal ao seu cuidado ajuda-os a sentir que t&ecirc;m um papel essencial na vida<\/strong> do seu amigo de quatro patas, o que &eacute; muito ben&eacute;fico para a auto-estima. Al&eacute;m disso, o facto de ter de passear com o c&atilde;o permite mant&ecirc;-los ativos e evita que fiquem isolados no interior de casa.<\/p>\n<\/p>\n<p><p>Se est&aacute; a hesitar em adoptar ou n&atilde;o um c&atilde;o para o seu familiar com mais idade, &eacute; interessante aprender sobre as <strong>quatro vantagens principais que os c&atilde;es e outros animais de estima&ccedil;&atilde;o proporcionam aos idosos<\/strong>. Estes s&atilde;o apresentados abaixo:<\/p>\n<\/p>\n<p><a class=\"button\" href=\"https:\/\/yoopies.fr\/c\/cuidado-a-idosos\">Confira algumas atividades recomendadas para os idosos! <\/a><\/p>\n<figure><img decoding=\"async\" src=\"https:\/\/yoopies.pt\/c\/wp-content\/uploads\/sites\/15\/2019\/08\/61a0b2faceb7b68c5c29ea2e5567266994673dac-animal-dog-pet-window.jpg\" \/><figcaption>Conhe\u00e7a as vantagens que os c\u00e3es proporcionam aos idosos<\/figcaption><\/figure>\n<p><h2><strong>1. Menos solid&atilde;o e tristeza<\/strong><\/h2>\n<p>Os idosos costumam passar a maior parte do dia sozinhos, por isso partilhar a rotina com um animal de estima&ccedil;&atilde;o faz com que eles sintam-se muito acompanhados e d&aacute;-lhes uma grande estabilidade emocional. Ter um animal de estima&ccedil;&atilde;o ao seu cuidado <strong>reduz o sentimento de tristeza e poss&iacute;vel depress&atilde;o<\/strong>, muitas vezes causada pela nostalgia de tempos vividos antes da aposentadoria ou quando os filhos ainda moravam em sua casa. Tarefas como alimentar, cuidar, passear, brincar e at&eacute; levar ao veterin&aacute;rio s&atilde;o importantes para o <strong>bem-estar do animal e do dono<\/strong>. Al&eacute;m disso, todas essas rotinas ajudam a preservar a mem&oacute;ria e s&atilde;o muito &uacute;teis para o tratamento de doen&ccedil;as neurol&oacute;gicas. <\/p>\n<\/p>\n<p><h2><strong>2. Mais seguran&ccedil;a<\/strong><\/h2>\n<p>Os idosos que vivem sozinhos podem correr mais riscos no dia a dia porque sua mobilidade ou capacidade de aten&ccedil;&atilde;o est&atilde;o um pouco debilitadas. Logo, os <strong>c&atilde;es podem alertar<\/strong> os vizinhos. Da mesma forma, se precisar viajar ou passar alguns dias longe de casa, n&atilde;o precisa sofrer pelo seu animal de estima&ccedil;&atilde;o! &Eacute; poss&iacute;vel recorrer aos excelentes pet sitters que est&atilde;o dispon&iacute;veis no <strong><a href=\"https:\/\/yoopies.pt\/pet-sitting\">Yoopies<\/a><\/strong>! <\/p>\n<\/p>\n<figure><img decoding=\"async\" src=\"https:\/\/yoopies.pt\/c\/wp-content\/uploads\/sites\/15\/2019\/08\/aeeb8947b5c020a3ecb74629d4bc379bbbdc0176-pexels-photo-247968-ld.jpg\" \/><figcaption>Conhe\u00e7a as vantagens que os c\u00e3es proporcionam aos idosos<\/figcaption><\/figure>\n<p><h2><strong>3. Menos estresse<\/strong><\/h2>\n<p>Viver com um animal de estima&ccedil;&atilde;o reduz o estresse dos idosos. Muitos especialistas ressaltam que <strong>acariciar ou brincar com um animal de estima&ccedil;&atilde;o<\/strong> (seja um c&atilde;o, gato ou qualquer outro animal) <strong>reduz os n&iacute;veis de ansiedade<\/strong>, diminuindo a press&atilde;o arterial e reduzindo o risco de ataques card&iacute;acos. Ou seja, aumenta consideravelmente a sensa&ccedil;&atilde;o de bem-estar e qualidade de vida dos idosos.<\/p>\n<\/p>\n<p><h2><strong>4. Promovem mobilidade e atividade f&iacute;sica<\/strong><\/h2>\n<p>As caminhadas di&aacute;rias e os jogos que os idosos realizam com os animais de estima&ccedil;&atilde;o os encorajam a sair de casa e os ajudam a fazer exerc&iacute;cios ao ar livre. Passear no parque, por exemplo, permite que os idosos donos de c&atilde;es possam interagir com outras pessoas e sintam-se mais sociais, ativos e de bom humor. Desta forma, <strong>o sentido de isolamento &eacute; reduzido<\/strong>. <\/p>\n<\/p>\n<p><p>&Eacute; muito importante, entretanto, que tenhamos em conta o tamanho do animal de estima&ccedil;&atilde;o, principalmente no caso dos c&atilde;es. &Eacute; importante que seja um c&atilde;o de porte pequeno ou m&eacute;dio, pois assim n&atilde;o ser&aacute; necess&aacute;ria muita for&ccedil;a quando o animal estiver com a trela. <\/p>\n<\/p>\n<p><p>Em suma, os <strong>efeitos positivos de aproximar os idosos dos animais de estima&ccedil;&atilde;o s&atilde;o extraordin&aacute;rios e indiscut&iacute;veis.<\/strong> Se voc&ecirc; quiser saber mais sobre o fen&oacute;meno de animais de estima&ccedil;&atilde;o nas cidades portuguesas, <strong><a href=\"https:\/\/yoopies.pt\/c\/o-fenomeno-do-pet-sitting-e-um-sucesso-em-portugal\">clique aqui<\/a><\/strong> e leio o estudo realizado pelo <strong><a href=\"https:\/\/yoopies.pt\/pet-sitting\">Yoopies<\/a><\/strong>. <\/p>\n<\/p>\n<p><a class=\"button\" href=\"https:\/\/yoopies.pt\/apoio-domiciliario\">Encontre uma pessoa de confian\u00e7a para cuidar do seu ente mais querido! <\/a><\/p>\n<figure><img decoding=\"async\" src=\"https:\/\/yoopies.pt\/c\/wp-content\/uploads\/sites\/15\/2019\/08\/55908b7ef13fbc8eaa19f7d37434eab989c1c610-shutterstock-135196346.jpg\" \/><figcaption>Conhe\u00e7a as vantagens que os c\u00e3es proporcionam aos idosos<\/figcaption><\/figure>\n","protected":false},"excerpt":{"rendered":"<p>A liga&ccedil;&atilde;o com os animais &eacute; muito ben&eacute;fica para qualquer pessoa ao longo da sua &hellip; <\/p>\n","protected":false},"author":10,"featured_media":229,"parent":0,"menu_order":0,"comment_status":"closed","ping_status":"closed","template":"","meta":{"_acf_changed":false,"footnotes":""},"class_list":["post-225","page","type-page","status-publish","has-post-thumbnail","hentry"],"acf":[],"yoast_head":"<!-- This site is optimized with the Yoast SEO plugin v26.9 - https:\/\/yoast.com\/product\/yoast-seo-wordpress\/ -->\n<title>Conhe\u00e7a as vantagens que os c\u00e3es proporcionam aos idosos<\/title>\n<meta name=\"description\" content=\"Os c\u00e3es proporcionam vitalidade e diminuem o sentimento de solid\u00e3o e, por isso, a liga\u00e7\u00e3o com os animais de estima\u00e7\u00e3o \u00e9 ben\u00e9fica para qualquer pessoa ao longo da sua vida, principalmente para os mais idosos.\" \/>\n<meta name=\"robots\" content=\"index, follow, max-snippet:-1, max-image-preview:large, max-video-preview:-1\" \/>\n<link rel=\"canonical\" href=\"https:\/\/yoopies.pt\/c\/conheca-as-vantagens-que-os-caes-proporcionam-aos-idosos\/\" \/>\n<meta property=\"og:locale\" content=\"pt_PT\" \/>\n<meta property=\"og:type\" content=\"article\" \/>\n<meta property=\"og:title\" content=\"Conhe\u00e7a as vantagens que os c\u00e3es proporcionam aos idosos\" \/>\n<meta property=\"og:description\" content=\"Os c\u00e3es proporcionam vitalidade e diminuem o sentimento de solid\u00e3o e, por isso, a liga\u00e7\u00e3o com os animais de estima\u00e7\u00e3o \u00e9 ben\u00e9fica para qualquer pessoa ao longo da sua vida, principalmente para os mais idosos.\" \/>\n<meta property=\"og:url\" content=\"https:\/\/yoopies.pt\/c\/conheca-as-vantagens-que-os-caes-proporcionam-aos-idosos\/\" \/>\n<meta property=\"og:site_name\" content=\"Yoopies Portugal\" \/>\n<meta property=\"article:modified_time\" content=\"2025-06-12T08:50:11+00:00\" \/>\n<meta property=\"og:image\" content=\"https:\/\/yoopies.pt\/c\/wp-content\/uploads\/sites\/15\/2019\/08\/1a6218fc0f6b834b13a41b1fb8b94bb1bb7aacfc-animal-dog-pet-window.jpg\" \/>\n\t<meta property=\"og:image:width\" content=\"1200\" \/>\n\t<meta property=\"og:image:height\" content=\"796\" \/>\n\t<meta property=\"og:image:type\" content=\"image\/jpeg\" \/>\n<meta name=\"twitter:card\" content=\"summary_large_image\" \/>\n<meta name=\"twitter:label1\" content=\"Tempo estimado de leitura\" \/>\n\t<meta name=\"twitter:data1\" content=\"4 minutos\" \/>\n<script type=\"application\/ld+json\" class=\"yoast-schema-graph\">{\"@context\":\"https:\/\/schema.org\",\"@graph\":[{\"@type\":\"WebPage\",\"@id\":\"https:\/\/yoopies.pt\/c\/conheca-as-vantagens-que-os-caes-proporcionam-aos-idosos\/\",\"url\":\"https:\/\/yoopies.pt\/c\/conheca-as-vantagens-que-os-caes-proporcionam-aos-idosos\/\",\"name\":\"Conhe\u00e7a as vantagens que os c\u00e3es proporcionam aos idosos\",\"isPartOf\":{\"@id\":\"https:\/\/yoopies.pt\/c\/#website\"},\"primaryImageOfPage\":{\"@id\":\"https:\/\/yoopies.pt\/c\/conheca-as-vantagens-que-os-caes-proporcionam-aos-idosos\/#primaryimage\"},\"image\":{\"@id\":\"https:\/\/yoopies.pt\/c\/conheca-as-vantagens-que-os-caes-proporcionam-aos-idosos\/#primaryimage\"},\"thumbnailUrl\":\"https:\/\/yoopies.pt\/c\/wp-content\/uploads\/sites\/15\/2019\/08\/1a6218fc0f6b834b13a41b1fb8b94bb1bb7aacfc-animal-dog-pet-window.jpg\",\"datePublished\":\"2019-08-28T11:18:56+00:00\",\"dateModified\":\"2025-06-12T08:50:11+00:00\",\"description\":\"Os c\u00e3es proporcionam vitalidade e diminuem o sentimento de solid\u00e3o e, por isso, a liga\u00e7\u00e3o com os animais de estima\u00e7\u00e3o \u00e9 ben\u00e9fica para qualquer pessoa ao longo da sua vida, principalmente para os mais idosos.\",\"breadcrumb\":{\"@id\":\"https:\/\/yoopies.pt\/c\/conheca-as-vantagens-que-os-caes-proporcionam-aos-idosos\/#breadcrumb\"},\"inLanguage\":\"pt-PT\",\"potentialAction\":[{\"@type\":\"ReadAction\",\"target\":[\"https:\/\/yoopies.pt\/c\/conheca-as-vantagens-que-os-caes-proporcionam-aos-idosos\/\"]}]},{\"@type\":\"ImageObject\",\"inLanguage\":\"pt-PT\",\"@id\":\"https:\/\/yoopies.pt\/c\/conheca-as-vantagens-que-os-caes-proporcionam-aos-idosos\/#primaryimage\",\"url\":\"https:\/\/yoopies.pt\/c\/wp-content\/uploads\/sites\/15\/2019\/08\/1a6218fc0f6b834b13a41b1fb8b94bb1bb7aacfc-animal-dog-pet-window.jpg\",\"contentUrl\":\"https:\/\/yoopies.pt\/c\/wp-content\/uploads\/sites\/15\/2019\/08\/1a6218fc0f6b834b13a41b1fb8b94bb1bb7aacfc-animal-dog-pet-window.jpg\",\"width\":1200,\"height\":796},{\"@type\":\"BreadcrumbList\",\"@id\":\"https:\/\/yoopies.pt\/c\/conheca-as-vantagens-que-os-caes-proporcionam-aos-idosos\/#breadcrumb\",\"itemListElement\":[{\"@type\":\"ListItem\",\"position\":1,\"name\":\"Home\",\"item\":\"https:\/\/yoopies.pt\/c\/\"},{\"@type\":\"ListItem\",\"position\":2,\"name\":\"Conhe\u00e7a as vantagens que os c\u00e3es proporcionam aos idosos\"}]},{\"@type\":\"WebSite\",\"@id\":\"https:\/\/yoopies.pt\/c\/#website\",\"url\":\"https:\/\/yoopies.pt\/c\/\",\"name\":\"Yoopies Portugal\",\"description\":\"\",\"potentialAction\":[{\"@type\":\"SearchAction\",\"target\":{\"@type\":\"EntryPoint\",\"urlTemplate\":\"https:\/\/yoopies.pt\/c\/?s={search_term_string}\"},\"query-input\":{\"@type\":\"PropertyValueSpecification\",\"valueRequired\":true,\"valueName\":\"search_term_string\"}}],\"inLanguage\":\"pt-PT\"}]}<\/script>\n<!-- \/ Yoast SEO plugin. -->","yoast_head_json":{"title":"Conhe\u00e7a as vantagens que os c\u00e3es proporcionam aos idosos","description":"Os c\u00e3es proporcionam vitalidade e diminuem o sentimento de solid\u00e3o e, por isso, a liga\u00e7\u00e3o com os animais de estima\u00e7\u00e3o \u00e9 ben\u00e9fica para qualquer pessoa ao longo da sua vida, principalmente para os mais idosos.","robots":{"index":"index","follow":"follow","max-snippet":"max-snippet:-1","max-image-preview":"max-image-preview:large","max-video-preview":"max-video-preview:-1"},"canonical":"https:\/\/yoopies.pt\/c\/conheca-as-vantagens-que-os-caes-proporcionam-aos-idosos\/","og_locale":"pt_PT","og_type":"article","og_title":"Conhe\u00e7a as vantagens que os c\u00e3es proporcionam aos idosos","og_description":"Os c\u00e3es proporcionam vitalidade e diminuem o sentimento de solid\u00e3o e, por isso, a liga\u00e7\u00e3o com os animais de estima\u00e7\u00e3o \u00e9 ben\u00e9fica para qualquer pessoa ao longo da sua vida, principalmente para os mais idosos.","og_url":"https:\/\/yoopies.pt\/c\/conheca-as-vantagens-que-os-caes-proporcionam-aos-idosos\/","og_site_name":"Yoopies Portugal","article_modified_time":"2025-06-12T08:50:11+00:00","og_image":[{"width":1200,"height":796,"url":"https:\/\/yoopies.pt\/c\/wp-content\/uploads\/sites\/15\/2019\/08\/1a6218fc0f6b834b13a41b1fb8b94bb1bb7aacfc-animal-dog-pet-window.jpg","type":"image\/jpeg"}],"twitter_card":"summary_large_image","twitter_misc":{"Tempo estimado de leitura":"4 minutos"},"schema":{"@context":"https:\/\/schema.org","@graph":[{"@type":"WebPage","@id":"https:\/\/yoopies.pt\/c\/conheca-as-vantagens-que-os-caes-proporcionam-aos-idosos\/","url":"https:\/\/yoopies.pt\/c\/conheca-as-vantagens-que-os-caes-proporcionam-aos-idosos\/","name":"Conhe\u00e7a as vantagens que os c\u00e3es proporcionam aos idosos","isPartOf":{"@id":"https:\/\/yoopies.pt\/c\/#website"},"primaryImageOfPage":{"@id":"https:\/\/yoopies.pt\/c\/conheca-as-vantagens-que-os-caes-proporcionam-aos-idosos\/#primaryimage"},"image":{"@id":"https:\/\/yoopies.pt\/c\/conheca-as-vantagens-que-os-caes-proporcionam-aos-idosos\/#primaryimage"},"thumbnailUrl":"https:\/\/yoopies.pt\/c\/wp-content\/uploads\/sites\/15\/2019\/08\/1a6218fc0f6b834b13a41b1fb8b94bb1bb7aacfc-animal-dog-pet-window.jpg","datePublished":"2019-08-28T11:18:56+00:00","dateModified":"2025-06-12T08:50:11+00:00","description":"Os c\u00e3es proporcionam vitalidade e diminuem o sentimento de solid\u00e3o e, por isso, a liga\u00e7\u00e3o com os animais de estima\u00e7\u00e3o \u00e9 ben\u00e9fica para qualquer pessoa ao longo da sua vida, principalmente para os mais idosos.","breadcrumb":{"@id":"https:\/\/yoopies.pt\/c\/conheca-as-vantagens-que-os-caes-proporcionam-aos-idosos\/#breadcrumb"},"inLanguage":"pt-PT","potentialAction":[{"@type":"ReadAction","target":["https:\/\/yoopies.pt\/c\/conheca-as-vantagens-que-os-caes-proporcionam-aos-idosos\/"]}]},{"@type":"ImageObject","inLanguage":"pt-PT","@id":"https:\/\/yoopies.pt\/c\/conheca-as-vantagens-que-os-caes-proporcionam-aos-idosos\/#primaryimage","url":"https:\/\/yoopies.pt\/c\/wp-content\/uploads\/sites\/15\/2019\/08\/1a6218fc0f6b834b13a41b1fb8b94bb1bb7aacfc-animal-dog-pet-window.jpg","contentUrl":"https:\/\/yoopies.pt\/c\/wp-content\/uploads\/sites\/15\/2019\/08\/1a6218fc0f6b834b13a41b1fb8b94bb1bb7aacfc-animal-dog-pet-window.jpg","width":1200,"height":796},{"@type":"BreadcrumbList","@id":"https:\/\/yoopies.pt\/c\/conheca-as-vantagens-que-os-caes-proporcionam-aos-idosos\/#breadcrumb","itemListElement":[{"@type":"ListItem","position":1,"name":"Home","item":"https:\/\/yoopies.pt\/c\/"},{"@type":"ListItem","position":2,"name":"Conhe\u00e7a as vantagens que os c\u00e3es proporcionam aos idosos"}]},{"@type":"WebSite","@id":"https:\/\/yoopies.pt\/c\/#website","url":"https:\/\/yoopies.pt\/c\/","name":"Yoopies Portugal","description":"","potentialAction":[{"@type":"SearchAction","target":{"@type":"EntryPoint","urlTemplate":"https:\/\/yoopies.pt\/c\/?s={search_term_string}"},"query-input":{"@type":"PropertyValueSpecification","valueRequired":true,"valueName":"search_term_string"}}],"inLanguage":"pt-PT"}]}},"_links":{"self":[{"href":"https:\/\/yoopies.pt\/c\/wp-json\/wp\/v2\/pages\/225","targetHints":{"allow":["GET"]}}],"collection":[{"href":"https:\/\/yoopies.pt\/c\/wp-json\/wp\/v2\/pages"}],"about":[{"href":"https:\/\/yoopies.pt\/c\/wp-json\/wp\/v2\/types\/page"}],"author":[{"embeddable":true,"href":"https:\/\/yoopies.pt\/c\/wp-json\/wp\/v2\/users\/10"}],"replies":[{"embeddable":true,"href":"https:\/\/yoopies.pt\/c\/wp-json\/wp\/v2\/comments?post=225"}],"version-history":[{"count":1,"href":"https:\/\/yoopies.pt\/c\/wp-json\/wp\/v2\/pages\/225\/revisions"}],"predecessor-version":[{"id":230,"href":"https:\/\/yoopies.pt\/c\/wp-json\/wp\/v2\/pages\/225\/revisions\/230"}],"wp:featuredmedia":[{"embeddable":true,"href":"https:\/\/yoopies.pt\/c\/wp-json\/wp\/v2\/media\/229"}],"wp:attachment":[{"href":"https:\/\/yoopies.pt\/c\/wp-json\/wp\/v2\/media?parent=225"}],"curies":[{"name":"wp","href":"https:\/\/api.w.org\/{rel}","templated":true}]}}