{"id":207,"date":"2019-09-09T14:14:25","date_gmt":"2019-09-09T14:14:25","guid":{"rendered":"https:\/\/blog.yoopies.pt\/regresso-as-aulas-10-dicas-do-yoopies-para-o-inicio-do-ano-letivo\/"},"modified":"2025-06-12T08:50:12","modified_gmt":"2025-06-12T08:50:12","slug":"regresso-as-aulas-10-dicas-do-yoopies-para-o-inicio-do-ano-letivo","status":"publish","type":"page","link":"https:\/\/yoopies.pt\/c\/regresso-as-aulas-10-dicas-do-yoopies-para-o-inicio-do-ano-letivo\/","title":{"rendered":"Regresso \u00e0s aulas: 10 dicas do Yoopies para o in\u00edcio do ano letivo"},"content":{"rendered":"<figure><img decoding=\"async\" src=\"https:\/\/yoopies.pt\/c\/wp-content\/uploads\/sites\/15\/2019\/09\/9c0f4d8b4c7320a7ff7e94c2e2b1f1b45b7abda3-regresso-as-aulas-2019-yoopies.jpg\" \/><figcaption>Regresso \u00e0s aulas: 10 dicas do Yoopies para o in\u00edcio do ano letivo <\/figcaption><\/figure>\n<p><p>Setembro chegou e, consequentemente, mais um ano letivo est&aacute; prestes a come&ccedil;ar! Logo, as crian&ccedil;as estar&atilde;o novamente nas salas de aula, mas como administrar novamente a rotina e lidar com o regresso &agrave;s aulas? O Yoopies selecionou 10 dicas que v&atilde;o facilitar a vida de toda a fam&iacute;lia! Confira! <\/p>\n<\/p>\n<p><p><strong>1 &#8211; Material escolar: <\/strong>a lista de material escolar pode parecer intermin&aacute;vel. Mas os seus filhos precisam mesmo de todas estas coisas? Ser&aacute; que eles v&atilde;o usar realmente tudo o que foi solicitado? Para evitar qualquer desperd&iacute;cio econ&oacute;mico ou material, aconselhamos que voc&ecirc; obtenha o essencial e o que voc&ecirc; sabe que certamente ser&aacute; utilizado, o resto pode ser comprado mais tarde, se necess&aacute;rio.<\/p>\n<\/p>\n<p><p><strong>2 &#8211; Constipa&ccedil;&otilde;es, piolhos e cont&aacute;gios: <\/strong>o pesadelo de toda mudan&ccedil;a de esta&ccedil;&atilde;o! Que v&iacute;rus ser&aacute; o protagonista deste ano letivo? Ensine aos seus filhos a import&acirc;ncia de terem as m&atilde;os sempre limpas ou de taparem a boca quando espirrarem, por exemplo. Uma regra simples pode fazer toda a diferen&ccedil;a!<\/p>\n<\/p>\n<p><p><strong>3 &#8211; O caminho &agrave; escola: <\/strong>se voc&ecirc; levar o seu filho &agrave; escola todos os dias, certamente ir&aacute; perceber que coisas simples podem tornar-se um verdadeiro inferno! Filas intermin&aacute;veis, estacionamentos improvisados e as mesmas can&ccedil;&otilde;es sempre a tocar na esta&ccedil;&atilde;o de r&aacute;dio&#8230;. Tem certeza de que n&atilde;o pode ir a p&eacute; para a escola? Ou quem sabe apanhar boleia com os outros pais? <\/p>\n<\/p>\n<p><p><strong>4 &#8211; Ah, a maldita li&ccedil;&atilde;o de casa:<\/strong> di&aacute;rios de aula para revisar, exerc&iacute;cios para fazer, textos para ler&#8230; &agrave;s vezes, nos vemos atrasados para concluir o que o professor enviou para o dia seguinte. Lembre-se que &eacute; importante deixar &agrave;s crian&ccedil;as uma autonomia adequada e uma boa dose de responsabilidade. Estabele&ccedil;a um hor&aacute;rio espec&iacute;fico para come&ccedil;ar a li&ccedil;&atilde;o de casa e torn&aacute;-la um h&aacute;bito di&aacute;rio. A partir das 17h30, por exemplo, todos devem fazer os trabalhos de casa! Dentro de algumas horas eles estar&atilde;o finalizados, n&oacute;s garantimos!<\/p>\n<\/p>\n<p><p><strong>5 &#8211; Uniformes e fardas escolares:<\/strong> algumas escolas prev&ecirc;em o uso dos uniformes, mas se este n&atilde;o for o caso do seu filho, deixe-o escolher e vestir a pr&oacute;pria roupa! N&atilde;o preocupe-se com a mistura de estampas e varia&ccedil;&otilde;es de roupas, a combina&ccedil;&atilde;o de listras e quadrados &eacute; uma garantia de estilo para qualquer crian&ccedil;a!<\/p>\n<\/p>\n<figure><img decoding=\"async\" src=\"https:\/\/yoopies.pt\/c\/wp-content\/uploads\/sites\/15\/2019\/09\/409f1fc41e79ed2adae2add7588d9863d2efbadd-bigstock-young-mother-with-her-years-103285259-ld.jpg\" \/><figcaption>Regresso \u00e0s aulas: 10 dicas do Yoopies para o in\u00edcio do ano letivo <\/figcaption><\/figure>\n<p><p><strong>6 &#8211; Comer na escola, sim ou n&atilde;o? <\/strong>Muitas crian&ccedil;as preferem comer em casa, outras n&atilde;o abdicam da cantina da escola&#8230; Mas se o seu filho prefere almo&ccedil;ar em casa, voc&ecirc; ser&aacute; obrigado a faz&ecirc;-lo. O problema &eacute; que muitos pais n&atilde;o conseguem devido a uma grande carga de trabalho. Neste caso, acreditamos que a hora de almo&ccedil;o do seu filho com amigos e colegas de classe pode ser muito vantajosa e at&eacute; mesmo relaxante para voc&ecirc;! \ud83d\ude42<\/p>\n<\/p>\n<p><p><strong>7 &#8211; Comunica&ccedil;&atilde;o casa escola:<\/strong> para manter um di&aacute;logo aberto com os seus filhos e garantir que os assuntos da escola n&atilde;o sejam um tabu, &agrave; noite, antes de ir para a cama, consulte o seu pequeno, confira os di&aacute;rios e as comunica&ccedil;&otilde;es que voc&ecirc; deve assinar. Fa&ccedil;a disto um h&aacute;bito e use-o como uma oportunidade para falar um pouco sobre o dia-a-dia do seu filho. Se voc&ecirc; quiser mais conselhos sobre como obter o m&aacute;ximo de informa&ccedil;&otilde;es poss&iacute;veis sobre o dia do seu filho na escola, <a href=\"https:\/\/yoopies.pt\/c\/como-conseguir-que-a-verdade-seja-dita-pelo-seu-filho\">consulte este artigo<\/a><strong>. <\/strong><\/p>\n<\/p>\n<p><p><strong>8 &#8211; A foto do primeiro dia:<\/strong> todos n&oacute;s temos in&uacute;meras fotos das nossas crian&ccedil;as tiradas em diferentes &eacute;pocas do ano, mas a foto do primeiro dia da escola &eacute; sempre a mais emblem&aacute;tica! Esta &eacute; uma &oacute;tima ideia para analisar ao final do ano quantas coisas mudaram em 9 meses de aula!<\/p>\n<\/p>\n<p><p><strong>9 &#8211; Mochilas e sapatilhas:<\/strong> ambos s&atilde;o muito utilizados ao longo de todo o ano. Uma mochila robusta com dobradi&ccedil;as s&oacute;lidas e amortecedor para as costas ser&aacute; um problema a menos para o ano seguinte. Quanto &agrave;s sapatilhas, que s&atilde;o amplamente utilizadas para os jogos na escola, quando poss&iacute;vel, aconselhamos a comprar dois pares ao mesmo tempo. Elas n&atilde;o v&atilde;o ficar intactos, prometemos! <\/p>\n<\/p>\n<p><p><strong>10 &#8211; Pela manh&atilde;:<\/strong> este &eacute; o momento mais ca&oacute;tico. Motivar-se para enfrentar o dia n&atilde;o &eacute; f&aacute;cil para os adultos, muito menos para os mais pequenos! Ent&atilde;o, o que fazer? Na medida do poss&iacute;vel, certifique-se de que a mochila e o almo&ccedil;o estejam prontos na noite anterior. Assim, a ida &agrave; escola ser&aacute; menos penosa e ambos ganhar&atilde;o tempo! <\/p>\n<\/p>\n<p><p><strong>10 + 1 &#8211; Tudo isto parece-lhe demasiado?<\/strong> Trabalhos de casa, jogos, aux&iacute;lio a qualquer hora&#8230; &Eacute; dif&iacute;cil mesmo encontrar tempo para tudo. Por isso, muitas vezes precisamos que algu&eacute;m nos ajude a limpar a casa ou passear com o c&atilde;o, por exemplo. Ao saber que n&atilde;o tem tempo para tudo, passe no <a href=\"https:\/\/yoopies.pt\/\">Yoopies<\/a>! N&oacute;s podemos ajudar!<\/p>\n<\/p>\n<p><a class=\"button\" href=\"https:\/\/yoopies.pt\/babysitting\">Consiga a ajuda que necessita no Yoopies! <\/a><\/p>\n","protected":false},"excerpt":{"rendered":"<p>Regresso \u00e0s aulas: 10 dicas do Yoopies para o in\u00edcio do ano letivo Setembro chegou &hellip; <\/p>\n","protected":false},"author":10,"featured_media":210,"parent":0,"menu_order":0,"comment_status":"closed","ping_status":"closed","template":"","meta":{"_acf_changed":false,"footnotes":""},"class_list":["post-207","page","type-page","status-publish","has-post-thumbnail","hentry"],"acf":[],"yoast_head":"<!-- This site is optimized with the Yoast SEO plugin v26.9 - https:\/\/yoast.com\/product\/yoast-seo-wordpress\/ -->\n<title>Regresso \u00e0s aulas: 10 dicas do Yoopies para o in\u00edcio do ano letivo<\/title>\n<meta name=\"description\" content=\"O regresso \u00e0s aulas est\u00e1 pr\u00f3ximo e dentro de poucos dias as crian\u00e7as voltar\u00e3o \u00e0s salas de aula. Mas como enfrentar o grande dia? O Yoopies selecionou 10 dicas para que as crian\u00e7as comecem o ano letivo com o p\u00e9 direito!\" \/>\n<meta name=\"robots\" content=\"index, follow, max-snippet:-1, max-image-preview:large, max-video-preview:-1\" \/>\n<link rel=\"canonical\" href=\"https:\/\/yoopies.pt\/c\/regresso-as-aulas-10-dicas-do-yoopies-para-o-inicio-do-ano-letivo\/\" \/>\n<meta property=\"og:locale\" content=\"pt_PT\" \/>\n<meta property=\"og:type\" content=\"article\" \/>\n<meta property=\"og:title\" content=\"Regresso \u00e0s aulas: 10 dicas do Yoopies para o in\u00edcio do ano letivo\" \/>\n<meta property=\"og:description\" content=\"O regresso \u00e0s aulas est\u00e1 pr\u00f3ximo e dentro de poucos dias as crian\u00e7as voltar\u00e3o \u00e0s salas de aula. Mas como enfrentar o grande dia? O Yoopies selecionou 10 dicas para que as crian\u00e7as comecem o ano letivo com o p\u00e9 direito!\" \/>\n<meta property=\"og:url\" content=\"https:\/\/yoopies.pt\/c\/regresso-as-aulas-10-dicas-do-yoopies-para-o-inicio-do-ano-letivo\/\" \/>\n<meta property=\"og:site_name\" content=\"Yoopies Portugal\" \/>\n<meta property=\"article:modified_time\" content=\"2025-06-12T08:50:12+00:00\" \/>\n<meta property=\"og:image\" content=\"https:\/\/yoopies.pt\/c\/wp-content\/uploads\/sites\/15\/2019\/09\/cf0c616f0a1900a8be8d9e4e53c4e1440324d4ef-regresso-as-aulas-2019-yoopies.jpg\" \/>\n\t<meta property=\"og:image:width\" content=\"1200\" \/>\n\t<meta property=\"og:image:height\" content=\"800\" \/>\n\t<meta property=\"og:image:type\" content=\"image\/jpeg\" \/>\n<meta name=\"twitter:card\" content=\"summary_large_image\" \/>\n<meta name=\"twitter:label1\" content=\"Tempo estimado de leitura\" \/>\n\t<meta name=\"twitter:data1\" content=\"5 minutos\" \/>\n<script type=\"application\/ld+json\" class=\"yoast-schema-graph\">{\"@context\":\"https:\/\/schema.org\",\"@graph\":[{\"@type\":\"WebPage\",\"@id\":\"https:\/\/yoopies.pt\/c\/regresso-as-aulas-10-dicas-do-yoopies-para-o-inicio-do-ano-letivo\/\",\"url\":\"https:\/\/yoopies.pt\/c\/regresso-as-aulas-10-dicas-do-yoopies-para-o-inicio-do-ano-letivo\/\",\"name\":\"Regresso \u00e0s aulas: 10 dicas do Yoopies para o in\u00edcio do ano letivo\",\"isPartOf\":{\"@id\":\"https:\/\/yoopies.pt\/c\/#website\"},\"primaryImageOfPage\":{\"@id\":\"https:\/\/yoopies.pt\/c\/regresso-as-aulas-10-dicas-do-yoopies-para-o-inicio-do-ano-letivo\/#primaryimage\"},\"image\":{\"@id\":\"https:\/\/yoopies.pt\/c\/regresso-as-aulas-10-dicas-do-yoopies-para-o-inicio-do-ano-letivo\/#primaryimage\"},\"thumbnailUrl\":\"https:\/\/yoopies.pt\/c\/wp-content\/uploads\/sites\/15\/2019\/09\/cf0c616f0a1900a8be8d9e4e53c4e1440324d4ef-regresso-as-aulas-2019-yoopies.jpg\",\"datePublished\":\"2019-09-09T14:14:25+00:00\",\"dateModified\":\"2025-06-12T08:50:12+00:00\",\"description\":\"O regresso \u00e0s aulas est\u00e1 pr\u00f3ximo e dentro de poucos dias as crian\u00e7as voltar\u00e3o \u00e0s salas de aula. Mas como enfrentar o grande dia? O Yoopies selecionou 10 dicas para que as crian\u00e7as comecem o ano letivo com o p\u00e9 direito!\",\"breadcrumb\":{\"@id\":\"https:\/\/yoopies.pt\/c\/regresso-as-aulas-10-dicas-do-yoopies-para-o-inicio-do-ano-letivo\/#breadcrumb\"},\"inLanguage\":\"pt-PT\",\"potentialAction\":[{\"@type\":\"ReadAction\",\"target\":[\"https:\/\/yoopies.pt\/c\/regresso-as-aulas-10-dicas-do-yoopies-para-o-inicio-do-ano-letivo\/\"]}]},{\"@type\":\"ImageObject\",\"inLanguage\":\"pt-PT\",\"@id\":\"https:\/\/yoopies.pt\/c\/regresso-as-aulas-10-dicas-do-yoopies-para-o-inicio-do-ano-letivo\/#primaryimage\",\"url\":\"https:\/\/yoopies.pt\/c\/wp-content\/uploads\/sites\/15\/2019\/09\/cf0c616f0a1900a8be8d9e4e53c4e1440324d4ef-regresso-as-aulas-2019-yoopies.jpg\",\"contentUrl\":\"https:\/\/yoopies.pt\/c\/wp-content\/uploads\/sites\/15\/2019\/09\/cf0c616f0a1900a8be8d9e4e53c4e1440324d4ef-regresso-as-aulas-2019-yoopies.jpg\",\"width\":1200,\"height\":800},{\"@type\":\"BreadcrumbList\",\"@id\":\"https:\/\/yoopies.pt\/c\/regresso-as-aulas-10-dicas-do-yoopies-para-o-inicio-do-ano-letivo\/#breadcrumb\",\"itemListElement\":[{\"@type\":\"ListItem\",\"position\":1,\"name\":\"Home\",\"item\":\"https:\/\/yoopies.pt\/c\/\"},{\"@type\":\"ListItem\",\"position\":2,\"name\":\"Regresso \u00e0s aulas: 10 dicas do Yoopies para o in\u00edcio do ano letivo\"}]},{\"@type\":\"WebSite\",\"@id\":\"https:\/\/yoopies.pt\/c\/#website\",\"url\":\"https:\/\/yoopies.pt\/c\/\",\"name\":\"Yoopies Portugal\",\"description\":\"\",\"potentialAction\":[{\"@type\":\"SearchAction\",\"target\":{\"@type\":\"EntryPoint\",\"urlTemplate\":\"https:\/\/yoopies.pt\/c\/?s={search_term_string}\"},\"query-input\":{\"@type\":\"PropertyValueSpecification\",\"valueRequired\":true,\"valueName\":\"search_term_string\"}}],\"inLanguage\":\"pt-PT\"}]}<\/script>\n<!-- \/ Yoast SEO plugin. -->","yoast_head_json":{"title":"Regresso \u00e0s aulas: 10 dicas do Yoopies para o in\u00edcio do ano letivo","description":"O regresso \u00e0s aulas est\u00e1 pr\u00f3ximo e dentro de poucos dias as crian\u00e7as voltar\u00e3o \u00e0s salas de aula. Mas como enfrentar o grande dia? O Yoopies selecionou 10 dicas para que as crian\u00e7as comecem o ano letivo com o p\u00e9 direito!","robots":{"index":"index","follow":"follow","max-snippet":"max-snippet:-1","max-image-preview":"max-image-preview:large","max-video-preview":"max-video-preview:-1"},"canonical":"https:\/\/yoopies.pt\/c\/regresso-as-aulas-10-dicas-do-yoopies-para-o-inicio-do-ano-letivo\/","og_locale":"pt_PT","og_type":"article","og_title":"Regresso \u00e0s aulas: 10 dicas do Yoopies para o in\u00edcio do ano letivo","og_description":"O regresso \u00e0s aulas est\u00e1 pr\u00f3ximo e dentro de poucos dias as crian\u00e7as voltar\u00e3o \u00e0s salas de aula. Mas como enfrentar o grande dia? O Yoopies selecionou 10 dicas para que as crian\u00e7as comecem o ano letivo com o p\u00e9 direito!","og_url":"https:\/\/yoopies.pt\/c\/regresso-as-aulas-10-dicas-do-yoopies-para-o-inicio-do-ano-letivo\/","og_site_name":"Yoopies Portugal","article_modified_time":"2025-06-12T08:50:12+00:00","og_image":[{"width":1200,"height":800,"url":"https:\/\/yoopies.pt\/c\/wp-content\/uploads\/sites\/15\/2019\/09\/cf0c616f0a1900a8be8d9e4e53c4e1440324d4ef-regresso-as-aulas-2019-yoopies.jpg","type":"image\/jpeg"}],"twitter_card":"summary_large_image","twitter_misc":{"Tempo estimado de leitura":"5 minutos"},"schema":{"@context":"https:\/\/schema.org","@graph":[{"@type":"WebPage","@id":"https:\/\/yoopies.pt\/c\/regresso-as-aulas-10-dicas-do-yoopies-para-o-inicio-do-ano-letivo\/","url":"https:\/\/yoopies.pt\/c\/regresso-as-aulas-10-dicas-do-yoopies-para-o-inicio-do-ano-letivo\/","name":"Regresso \u00e0s aulas: 10 dicas do Yoopies para o in\u00edcio do ano letivo","isPartOf":{"@id":"https:\/\/yoopies.pt\/c\/#website"},"primaryImageOfPage":{"@id":"https:\/\/yoopies.pt\/c\/regresso-as-aulas-10-dicas-do-yoopies-para-o-inicio-do-ano-letivo\/#primaryimage"},"image":{"@id":"https:\/\/yoopies.pt\/c\/regresso-as-aulas-10-dicas-do-yoopies-para-o-inicio-do-ano-letivo\/#primaryimage"},"thumbnailUrl":"https:\/\/yoopies.pt\/c\/wp-content\/uploads\/sites\/15\/2019\/09\/cf0c616f0a1900a8be8d9e4e53c4e1440324d4ef-regresso-as-aulas-2019-yoopies.jpg","datePublished":"2019-09-09T14:14:25+00:00","dateModified":"2025-06-12T08:50:12+00:00","description":"O regresso \u00e0s aulas est\u00e1 pr\u00f3ximo e dentro de poucos dias as crian\u00e7as voltar\u00e3o \u00e0s salas de aula. Mas como enfrentar o grande dia? O Yoopies selecionou 10 dicas para que as crian\u00e7as comecem o ano letivo com o p\u00e9 direito!","breadcrumb":{"@id":"https:\/\/yoopies.pt\/c\/regresso-as-aulas-10-dicas-do-yoopies-para-o-inicio-do-ano-letivo\/#breadcrumb"},"inLanguage":"pt-PT","potentialAction":[{"@type":"ReadAction","target":["https:\/\/yoopies.pt\/c\/regresso-as-aulas-10-dicas-do-yoopies-para-o-inicio-do-ano-letivo\/"]}]},{"@type":"ImageObject","inLanguage":"pt-PT","@id":"https:\/\/yoopies.pt\/c\/regresso-as-aulas-10-dicas-do-yoopies-para-o-inicio-do-ano-letivo\/#primaryimage","url":"https:\/\/yoopies.pt\/c\/wp-content\/uploads\/sites\/15\/2019\/09\/cf0c616f0a1900a8be8d9e4e53c4e1440324d4ef-regresso-as-aulas-2019-yoopies.jpg","contentUrl":"https:\/\/yoopies.pt\/c\/wp-content\/uploads\/sites\/15\/2019\/09\/cf0c616f0a1900a8be8d9e4e53c4e1440324d4ef-regresso-as-aulas-2019-yoopies.jpg","width":1200,"height":800},{"@type":"BreadcrumbList","@id":"https:\/\/yoopies.pt\/c\/regresso-as-aulas-10-dicas-do-yoopies-para-o-inicio-do-ano-letivo\/#breadcrumb","itemListElement":[{"@type":"ListItem","position":1,"name":"Home","item":"https:\/\/yoopies.pt\/c\/"},{"@type":"ListItem","position":2,"name":"Regresso \u00e0s aulas: 10 dicas do Yoopies para o in\u00edcio do ano letivo"}]},{"@type":"WebSite","@id":"https:\/\/yoopies.pt\/c\/#website","url":"https:\/\/yoopies.pt\/c\/","name":"Yoopies Portugal","description":"","potentialAction":[{"@type":"SearchAction","target":{"@type":"EntryPoint","urlTemplate":"https:\/\/yoopies.pt\/c\/?s={search_term_string}"},"query-input":{"@type":"PropertyValueSpecification","valueRequired":true,"valueName":"search_term_string"}}],"inLanguage":"pt-PT"}]}},"_links":{"self":[{"href":"https:\/\/yoopies.pt\/c\/wp-json\/wp\/v2\/pages\/207","targetHints":{"allow":["GET"]}}],"collection":[{"href":"https:\/\/yoopies.pt\/c\/wp-json\/wp\/v2\/pages"}],"about":[{"href":"https:\/\/yoopies.pt\/c\/wp-json\/wp\/v2\/types\/page"}],"author":[{"embeddable":true,"href":"https:\/\/yoopies.pt\/c\/wp-json\/wp\/v2\/users\/10"}],"replies":[{"embeddable":true,"href":"https:\/\/yoopies.pt\/c\/wp-json\/wp\/v2\/comments?post=207"}],"version-history":[{"count":1,"href":"https:\/\/yoopies.pt\/c\/wp-json\/wp\/v2\/pages\/207\/revisions"}],"predecessor-version":[{"id":211,"href":"https:\/\/yoopies.pt\/c\/wp-json\/wp\/v2\/pages\/207\/revisions\/211"}],"wp:featuredmedia":[{"embeddable":true,"href":"https:\/\/yoopies.pt\/c\/wp-json\/wp\/v2\/media\/210"}],"wp:attachment":[{"href":"https:\/\/yoopies.pt\/c\/wp-json\/wp\/v2\/media?parent=207"}],"curies":[{"name":"wp","href":"https:\/\/api.w.org\/{rel}","templated":true}]}}