{"id":194,"date":"2020-03-09T14:46:52","date_gmt":"2020-03-09T14:46:52","guid":{"rendered":"https:\/\/blog.yoopies.pt\/servicos-de-limpeza\/"},"modified":"2025-06-12T08:50:12","modified_gmt":"2025-06-12T08:50:12","slug":"servicos-de-limpeza","status":"publish","type":"page","link":"https:\/\/yoopies.pt\/c\/servicos-de-limpeza\/","title":{"rendered":"Servi\u00e7os de limpeza"},"content":{"rendered":"<figure><img decoding=\"async\" src=\"https:\/\/yoopies.pt\/c\/wp-content\/uploads\/sites\/15\/2020\/03\/8e9dc40fad92bf6ba61faa462f9148e91ccd6a3c-done2-1.jpg\" \/><\/figure>\n<ul>\n<li><strong><a href=\"https:\/\/yoopies.pt\/c\/descubra-os-6-objetos-mais-sujos-que-tem-dentro-de-casa\">Descubra os 6 objetos mais sujos que tem dentro de casa<\/a><\/strong><br \/>\nAs coisas mais sujas na sua casa s&atilde;o aquelas que nunca imaginou! Descubra quais os itens mais negligenciados que precisa limpar e reduza significativamente o n&iacute;vel de sujeira em sua casa.<\/li>\n<\/ul>\n<ul>\n<li><strong><a href=\"https:\/\/yoopies.pt\/c\/organizar-guarda-roupa-seis-dicas-para-facilitar-a-sua-vida\">Organizar guarda-roupa: seis dicas para facilitar a sua vida <\/a><\/strong><br \/>\n&Eacute; hora de organizar o seu guarda-roupa e, claro, o <strong><a href=\"https:\/\/yoopies.pt\/\">Yoopies<\/a><\/strong> ir&aacute; ajud&aacute;-la nesta tarefa! Descubra as seis dicas que selecionamos para ajud&aacute;-la a ser a mais nova <strong>Marie Kondo<\/strong>! <\/li>\n<\/ul>\n<ul>\n<li><strong><a href=\"https:\/\/yoopies.pt\/c\/limpeza-como-arrumar-a-sua-casa-em-poucos-minutos\">Limpeza: como arrumar a sua casa em poucos minutos <\/a><\/strong><br \/>\nComo manter uma casa arrumada e limpa todos os dias? Para gastar menos tempo e energia, Yoopies reuniu alguns truques para que voc&ecirc; tenha a casa perfeita em alguns minutos.<\/li>\n<\/ul>\n<ul>\n<li><strong><a href=\"https:\/\/yoopies.pt\/c\/como-as-criancas-podem-ajudar-em-casa\">Como as crian&ccedil;as podem ajudar em casa?<\/a><\/strong><br \/>\n&Eacute; essencial transmitir aos nossos filhos a import&acirc;ncia da colabora&ccedil;&atilde;o em casa e distribuir tarefas dom&eacute;sticas de forma igualit&aacute;ria. Confira algumas dicas!&nbsp;<\/li>\n<\/ul>\n<ul>\n<li><strong><a href=\"https:\/\/yoopies.pt\/c\/6-dicas-de-limpeza\">6 Dicas para uma melhor limpeza<\/a><\/strong><br \/>\nManter a casa limpa e arrumada &eacute; uma maneira f&aacute;cil de reduzir o stress quotidiano, ansiedade e algumas poss&iacute;veis doen&ccedil;as. <\/li>\n<\/ul>\n","protected":false},"excerpt":{"rendered":"<p>Descubra os 6 objetos mais sujos que tem dentro de casa As coisas mais sujas &hellip; <\/p>\n","protected":false},"author":10,"featured_media":196,"parent":0,"menu_order":0,"comment_status":"closed","ping_status":"closed","template":"","meta":{"_acf_changed":false,"footnotes":""},"class_list":["post-194","page","type-page","status-publish","has-post-thumbnail","hentry"],"acf":[],"yoast_head":"<!-- This site is optimized with the Yoast SEO plugin v26.9 - https:\/\/yoast.com\/product\/yoast-seo-wordpress\/ -->\n<title>Servi\u00e7os de limpeza: leia os artigos do Yoopies e descubra as nossas dicas<\/title>\n<meta name=\"description\" content=\"Guias, conselhos, dicas e informa\u00e7\u00f5es: descubra os artigos do Yoopies sobre limpeza, babysitting, pet sitting, aulas particulares e apoio domicili\u00e1rio a idosos!\" \/>\n<meta name=\"robots\" content=\"index, follow, max-snippet:-1, max-image-preview:large, max-video-preview:-1\" \/>\n<link rel=\"canonical\" href=\"https:\/\/yoopies.pt\/c\/servicos-de-limpeza\/\" \/>\n<meta property=\"og:locale\" content=\"pt_PT\" \/>\n<meta property=\"og:type\" content=\"article\" \/>\n<meta property=\"og:title\" content=\"Servi\u00e7os de limpeza: leia os artigos do Yoopies e descubra as nossas dicas\" \/>\n<meta property=\"og:description\" content=\"Guias, conselhos, dicas e informa\u00e7\u00f5es: descubra os artigos do Yoopies sobre limpeza, babysitting, pet sitting, aulas particulares e apoio domicili\u00e1rio a idosos!\" \/>\n<meta property=\"og:url\" content=\"https:\/\/yoopies.pt\/c\/servicos-de-limpeza\/\" \/>\n<meta property=\"og:site_name\" content=\"Yoopies Portugal\" \/>\n<meta property=\"article:modified_time\" content=\"2025-06-12T08:50:12+00:00\" \/>\n<meta property=\"og:image\" content=\"https:\/\/yoopies.pt\/c\/wp-content\/uploads\/sites\/15\/2020\/03\/3b9b94e9c2eef34411fe16789c52bcdeb446e486-untitled-design-3.jpg\" \/>\n\t<meta property=\"og:image:width\" content=\"1200\" \/>\n\t<meta property=\"og:image:height\" content=\"675\" \/>\n\t<meta property=\"og:image:type\" content=\"image\/jpeg\" \/>\n<meta name=\"twitter:card\" content=\"summary_large_image\" \/>\n<meta name=\"twitter:label1\" content=\"Tempo estimado de leitura\" \/>\n\t<meta name=\"twitter:data1\" content=\"1 minuto\" \/>\n<script type=\"application\/ld+json\" class=\"yoast-schema-graph\">{\"@context\":\"https:\/\/schema.org\",\"@graph\":[{\"@type\":\"WebPage\",\"@id\":\"https:\/\/yoopies.pt\/c\/servicos-de-limpeza\/\",\"url\":\"https:\/\/yoopies.pt\/c\/servicos-de-limpeza\/\",\"name\":\"Servi\u00e7os de limpeza: leia os artigos do Yoopies e descubra as nossas dicas\",\"isPartOf\":{\"@id\":\"https:\/\/yoopies.pt\/c\/#website\"},\"primaryImageOfPage\":{\"@id\":\"https:\/\/yoopies.pt\/c\/servicos-de-limpeza\/#primaryimage\"},\"image\":{\"@id\":\"https:\/\/yoopies.pt\/c\/servicos-de-limpeza\/#primaryimage\"},\"thumbnailUrl\":\"https:\/\/yoopies.pt\/c\/wp-content\/uploads\/sites\/15\/2020\/03\/3b9b94e9c2eef34411fe16789c52bcdeb446e486-untitled-design-3.jpg\",\"datePublished\":\"2020-03-09T14:46:52+00:00\",\"dateModified\":\"2025-06-12T08:50:12+00:00\",\"description\":\"Guias, conselhos, dicas e informa\u00e7\u00f5es: descubra os artigos do Yoopies sobre limpeza, babysitting, pet sitting, aulas particulares e apoio domicili\u00e1rio a idosos!\",\"breadcrumb\":{\"@id\":\"https:\/\/yoopies.pt\/c\/servicos-de-limpeza\/#breadcrumb\"},\"inLanguage\":\"pt-PT\",\"potentialAction\":[{\"@type\":\"ReadAction\",\"target\":[\"https:\/\/yoopies.pt\/c\/servicos-de-limpeza\/\"]}]},{\"@type\":\"ImageObject\",\"inLanguage\":\"pt-PT\",\"@id\":\"https:\/\/yoopies.pt\/c\/servicos-de-limpeza\/#primaryimage\",\"url\":\"https:\/\/yoopies.pt\/c\/wp-content\/uploads\/sites\/15\/2020\/03\/3b9b94e9c2eef34411fe16789c52bcdeb446e486-untitled-design-3.jpg\",\"contentUrl\":\"https:\/\/yoopies.pt\/c\/wp-content\/uploads\/sites\/15\/2020\/03\/3b9b94e9c2eef34411fe16789c52bcdeb446e486-untitled-design-3.jpg\",\"width\":1200,\"height\":675},{\"@type\":\"BreadcrumbList\",\"@id\":\"https:\/\/yoopies.pt\/c\/servicos-de-limpeza\/#breadcrumb\",\"itemListElement\":[{\"@type\":\"ListItem\",\"position\":1,\"name\":\"Home\",\"item\":\"https:\/\/yoopies.pt\/c\/\"},{\"@type\":\"ListItem\",\"position\":2,\"name\":\"Servi\u00e7os de limpeza\"}]},{\"@type\":\"WebSite\",\"@id\":\"https:\/\/yoopies.pt\/c\/#website\",\"url\":\"https:\/\/yoopies.pt\/c\/\",\"name\":\"Yoopies Portugal\",\"description\":\"\",\"potentialAction\":[{\"@type\":\"SearchAction\",\"target\":{\"@type\":\"EntryPoint\",\"urlTemplate\":\"https:\/\/yoopies.pt\/c\/?s={search_term_string}\"},\"query-input\":{\"@type\":\"PropertyValueSpecification\",\"valueRequired\":true,\"valueName\":\"search_term_string\"}}],\"inLanguage\":\"pt-PT\"}]}<\/script>\n<!-- \/ Yoast SEO plugin. -->","yoast_head_json":{"title":"Servi\u00e7os de limpeza: leia os artigos do Yoopies e descubra as nossas dicas","description":"Guias, conselhos, dicas e informa\u00e7\u00f5es: descubra os artigos do Yoopies sobre limpeza, babysitting, pet sitting, aulas particulares e apoio domicili\u00e1rio a idosos!","robots":{"index":"index","follow":"follow","max-snippet":"max-snippet:-1","max-image-preview":"max-image-preview:large","max-video-preview":"max-video-preview:-1"},"canonical":"https:\/\/yoopies.pt\/c\/servicos-de-limpeza\/","og_locale":"pt_PT","og_type":"article","og_title":"Servi\u00e7os de limpeza: leia os artigos do Yoopies e descubra as nossas dicas","og_description":"Guias, conselhos, dicas e informa\u00e7\u00f5es: descubra os artigos do Yoopies sobre limpeza, babysitting, pet sitting, aulas particulares e apoio domicili\u00e1rio a idosos!","og_url":"https:\/\/yoopies.pt\/c\/servicos-de-limpeza\/","og_site_name":"Yoopies Portugal","article_modified_time":"2025-06-12T08:50:12+00:00","og_image":[{"width":1200,"height":675,"url":"https:\/\/yoopies.pt\/c\/wp-content\/uploads\/sites\/15\/2020\/03\/3b9b94e9c2eef34411fe16789c52bcdeb446e486-untitled-design-3.jpg","type":"image\/jpeg"}],"twitter_card":"summary_large_image","twitter_misc":{"Tempo estimado de leitura":"1 minuto"},"schema":{"@context":"https:\/\/schema.org","@graph":[{"@type":"WebPage","@id":"https:\/\/yoopies.pt\/c\/servicos-de-limpeza\/","url":"https:\/\/yoopies.pt\/c\/servicos-de-limpeza\/","name":"Servi\u00e7os de limpeza: leia os artigos do Yoopies e descubra as nossas dicas","isPartOf":{"@id":"https:\/\/yoopies.pt\/c\/#website"},"primaryImageOfPage":{"@id":"https:\/\/yoopies.pt\/c\/servicos-de-limpeza\/#primaryimage"},"image":{"@id":"https:\/\/yoopies.pt\/c\/servicos-de-limpeza\/#primaryimage"},"thumbnailUrl":"https:\/\/yoopies.pt\/c\/wp-content\/uploads\/sites\/15\/2020\/03\/3b9b94e9c2eef34411fe16789c52bcdeb446e486-untitled-design-3.jpg","datePublished":"2020-03-09T14:46:52+00:00","dateModified":"2025-06-12T08:50:12+00:00","description":"Guias, conselhos, dicas e informa\u00e7\u00f5es: descubra os artigos do Yoopies sobre limpeza, babysitting, pet sitting, aulas particulares e apoio domicili\u00e1rio a idosos!","breadcrumb":{"@id":"https:\/\/yoopies.pt\/c\/servicos-de-limpeza\/#breadcrumb"},"inLanguage":"pt-PT","potentialAction":[{"@type":"ReadAction","target":["https:\/\/yoopies.pt\/c\/servicos-de-limpeza\/"]}]},{"@type":"ImageObject","inLanguage":"pt-PT","@id":"https:\/\/yoopies.pt\/c\/servicos-de-limpeza\/#primaryimage","url":"https:\/\/yoopies.pt\/c\/wp-content\/uploads\/sites\/15\/2020\/03\/3b9b94e9c2eef34411fe16789c52bcdeb446e486-untitled-design-3.jpg","contentUrl":"https:\/\/yoopies.pt\/c\/wp-content\/uploads\/sites\/15\/2020\/03\/3b9b94e9c2eef34411fe16789c52bcdeb446e486-untitled-design-3.jpg","width":1200,"height":675},{"@type":"BreadcrumbList","@id":"https:\/\/yoopies.pt\/c\/servicos-de-limpeza\/#breadcrumb","itemListElement":[{"@type":"ListItem","position":1,"name":"Home","item":"https:\/\/yoopies.pt\/c\/"},{"@type":"ListItem","position":2,"name":"Servi\u00e7os de limpeza"}]},{"@type":"WebSite","@id":"https:\/\/yoopies.pt\/c\/#website","url":"https:\/\/yoopies.pt\/c\/","name":"Yoopies Portugal","description":"","potentialAction":[{"@type":"SearchAction","target":{"@type":"EntryPoint","urlTemplate":"https:\/\/yoopies.pt\/c\/?s={search_term_string}"},"query-input":{"@type":"PropertyValueSpecification","valueRequired":true,"valueName":"search_term_string"}}],"inLanguage":"pt-PT"}]}},"_links":{"self":[{"href":"https:\/\/yoopies.pt\/c\/wp-json\/wp\/v2\/pages\/194","targetHints":{"allow":["GET"]}}],"collection":[{"href":"https:\/\/yoopies.pt\/c\/wp-json\/wp\/v2\/pages"}],"about":[{"href":"https:\/\/yoopies.pt\/c\/wp-json\/wp\/v2\/types\/page"}],"author":[{"embeddable":true,"href":"https:\/\/yoopies.pt\/c\/wp-json\/wp\/v2\/users\/10"}],"replies":[{"embeddable":true,"href":"https:\/\/yoopies.pt\/c\/wp-json\/wp\/v2\/comments?post=194"}],"version-history":[{"count":1,"href":"https:\/\/yoopies.pt\/c\/wp-json\/wp\/v2\/pages\/194\/revisions"}],"predecessor-version":[{"id":197,"href":"https:\/\/yoopies.pt\/c\/wp-json\/wp\/v2\/pages\/194\/revisions\/197"}],"wp:featuredmedia":[{"embeddable":true,"href":"https:\/\/yoopies.pt\/c\/wp-json\/wp\/v2\/media\/196"}],"wp:attachment":[{"href":"https:\/\/yoopies.pt\/c\/wp-json\/wp\/v2\/media?parent=194"}],"curies":[{"name":"wp","href":"https:\/\/api.w.org\/{rel}","templated":true}]}}