{"id":190,"date":"2020-03-09T16:14:31","date_gmt":"2020-03-09T16:14:31","guid":{"rendered":"https:\/\/blog.yoopies.pt\/empregada-domestica-contrato-de-trabalho-domestico-e-obrigacoes-do-empregador\/"},"modified":"2025-06-12T08:50:11","modified_gmt":"2025-06-12T08:50:11","slug":"empregada-domestica-contrato-de-trabalho-domestico-e-obrigacoes-do-empregador","status":"publish","type":"page","link":"https:\/\/yoopies.pt\/c\/empregada-domestica-contrato-de-trabalho-domestico-e-obrigacoes-do-empregador\/","title":{"rendered":"Empregada dom\u00e9stica: contrato de trabalho dom\u00e9stico e obriga\u00e7\u00f5es do empregador"},"content":{"rendered":"<p><p>A tempo inteiro ou apenas algumas horas por semana, todas as<strong>&nbsp;empregadas dom&eacute;sticas<\/strong>&nbsp;t&ecirc;m direito a prote&ccedil;&atilde;o social, o que obriga os empregadores a assumir algumas obriga&ccedil;&otilde;es administrativas. Al&eacute;m da remunera&ccedil;&atilde;o acordada, &eacute; de extrema import&acirc;ncia que os empregadores saibam que h&aacute; de contar com as contribui&ccedil;&otilde;es para a Seguran&ccedil;a Social, os subs&iacute;dios de f&eacute;rias e Natal&nbsp;e o seguro.<\/p>\n<\/p>\n<figure><img decoding=\"async\" src=\"https:\/\/yoopies.pt\/c\/wp-content\/uploads\/sites\/15\/2020\/03\/70ab2230-9423-43d4-94e6-ee1826c9f0e3-empregadadomecc81stica-obrigaccca7occ83esdoempregador.jpg\" \/><\/figure>\n<p><p>1. O contrato de trabalho deve conter a identifica&ccedil;&atilde;o do empregador e do empregado, a dura&ccedil;&atilde;o do servi&ccedil;o, as tarefas, o s&iacute;tio onde o trabalho &eacute; realizado, o montante da remunera&ccedil;&atilde;o e as regras relativas a f&eacute;rias e feriados. O contrato deve ser assinado tanto pelo empregador como pelo empregado e ambos devem guardar uma c&oacute;pia. Al&eacute;m disso, o sal&aacute;rio deve ser acordado por hora, dia, semana ou m&ecirc;s.<\/p>\n<\/p>\n<p><p>2. Lembre-se que o subs&iacute;dio de f&eacute;rias e o subs&iacute;dio de Natal correspondem ao valor da remunera&ccedil;&atilde;o mensal.<\/p>\n<\/p>\n<p><p>3. O empregador deve contratar um seguro de acidentes de trabalho, que cobre poss&iacute;veis acidentes sofridos pelo empregado dom&eacute;stico durante a execu&ccedil;&atilde;o do servi&ccedil;o ou no percurso entre a sua casa e o local de trabalho.<\/p>\n<\/p>\n<p><p>4. &Eacute; muito importante apresentar o Modelo 10 nas Finan&ccedil;as at&eacute; o dia 10 de Fevereiro de cada ano, declarando os montantes pagos ao trabalhador no ano anterior, bem como as contribui&ccedil;&otilde;es pagas &agrave; Seguran&ccedil;a Social e, se aplic&aacute;vel, as dedu&ccedil;&otilde;es efectuadas para efeitos de IRS.<\/p>\n<\/p>\n<p><h2><strong>Contribui&ccedil;&atilde;o para a Seguran&ccedil;a Social<\/strong><\/h2>\n<\/p>\n<p><p><strong>Taxa da Seguran&ccedil;a Social do Servi&ccedil;o Dom&eacute;stico: <\/strong>&eacute; indispens&aacute;vel o registo do empregado do contrato de servi&ccedil;o dom&eacute;stico junto da Seguran&ccedil;a Social para o registo da remunera&ccedil;&atilde;o com descontos, independentemente do n&uacute;mero de horas trabalhadas.<\/p>\n<\/p>\n<p><p>\ud83d\udc49Para os trabalhadores com sal&aacute;rio mensal, o empregador deve contribuir com 18,9% e o empregado com 9,4% do valor do Indexante dos Apoios Sociais (IAS), que &eacute; de 438,81 euros. Corresponde a um total de &euro; 131,32 (&euro; 82,36 + &euro; 40,96). H&aacute; tamb&eacute;m a possibilidade de os descontos serem feitos sobre o valor efetivamente pago (o m&iacute;nimo correspondente ao sal&aacute;rio m&iacute;nimo nacional), mas as taxas sobem para 22,3% e 11%, respetivamente.<\/p>\n<\/p>\n<p><p>\ud83d\udc49No caso dos trabalhadores com sal&aacute;rio por hora, &eacute; preciso efetuar alguns c&aacute;lculos pr&eacute;vios. Primeiro, multiplica-se o valor de &euro; 438,81 (correspondente ao Indexante dos Apoios Sociais) por 12 para descobrir a remunera&ccedil;&atilde;o anual. Depois, divide o resultado obtido por 2080 horas para ent&atilde;o apurar a remunera&ccedil;&atilde;o hor&aacute;ria. Por fim, multiplique esse quociente pelo n&uacute;mero de horas de trabalho mensal, que ter&aacute; de ser, no m&iacute;nimo, de 30. O resultado corresponde &agrave; remunera&ccedil;&atilde;o mensal do trabalhador para efeitos de pagamento de contribui&ccedil;&otilde;es &agrave; Seguran&ccedil;a Social. A esse valor, ser&aacute; aplicada a taxa de 18,9%, a ser suportada pelo empregador, e de 9,4%, a serem pagos pelo trabalhador.<\/p>\n<\/p>\n<p><p>Lembre-se de que a contribui&ccedil;&atilde;o tem de ser paga entre os dias 10 e 20 de cada m&ecirc;s, referente ao trabalho prestado no m&ecirc;s anterior. Pode faz&ecirc;-lo nos balc&otilde;es da Seguran&ccedil;a Social, atrav&eacute;s do servi&ccedil;o de homebanking do seu banco ou nas caixas multibanco.<\/p>\n<\/p>\n<p><a class=\"button\" href=\"https:\/\/yoopies.pt\/limpeza-domestica\">Encontre a empregada de limpeza ideal para si e sua fam\u00edlia! <\/a><\/p>\n","protected":false},"excerpt":{"rendered":"<p>A tempo inteiro ou apenas algumas horas por semana, todas as&nbsp;empregadas dom&eacute;sticas&nbsp;t&ecirc;m direito a prote&ccedil;&atilde;o &hellip; <\/p>\n","protected":false},"author":10,"featured_media":192,"parent":0,"menu_order":0,"comment_status":"closed","ping_status":"closed","template":"","meta":{"_acf_changed":false,"footnotes":""},"class_list":["post-190","page","type-page","status-publish","has-post-thumbnail","hentry"],"acf":[],"yoast_head":"<!-- This site is optimized with the Yoast SEO plugin v26.9 - https:\/\/yoast.com\/product\/yoast-seo-wordpress\/ -->\n<title>Saiba mais sobre o contrato de trabalho dom\u00e9stico e as obriga\u00e7\u00f5es do empregador<\/title>\n<meta name=\"description\" content=\"Descubra os aspectos que deve realizar para contratar um empregado dom\u00e9stico: modelos de contrata\u00e7\u00e3o, dura\u00e7\u00e3o, causas de extin\u00e7\u00e3o, subs\u00eddio de f\u00e9rias, subs\u00eddio de Natal, contribui\u00e7\u00e3o para a Seguran\u00e7a Social, etc.\" \/>\n<meta name=\"robots\" content=\"index, follow, max-snippet:-1, max-image-preview:large, max-video-preview:-1\" \/>\n<link rel=\"canonical\" href=\"https:\/\/yoopies.pt\/c\/empregada-domestica-contrato-de-trabalho-domestico-e-obrigacoes-do-empregador\/\" \/>\n<meta property=\"og:locale\" content=\"pt_PT\" \/>\n<meta property=\"og:type\" content=\"article\" \/>\n<meta property=\"og:title\" content=\"Saiba mais sobre o contrato de trabalho dom\u00e9stico e as obriga\u00e7\u00f5es do empregador\" \/>\n<meta property=\"og:description\" content=\"Descubra os aspectos que deve realizar para contratar um empregado dom\u00e9stico: modelos de contrata\u00e7\u00e3o, dura\u00e7\u00e3o, causas de extin\u00e7\u00e3o, subs\u00eddio de f\u00e9rias, subs\u00eddio de Natal, contribui\u00e7\u00e3o para a Seguran\u00e7a Social, etc.\" \/>\n<meta property=\"og:url\" content=\"https:\/\/yoopies.pt\/c\/empregada-domestica-contrato-de-trabalho-domestico-e-obrigacoes-do-empregador\/\" \/>\n<meta property=\"og:site_name\" content=\"Yoopies Portugal\" \/>\n<meta property=\"article:modified_time\" content=\"2025-06-12T08:50:11+00:00\" \/>\n<meta property=\"og:image\" content=\"https:\/\/yoopies.pt\/c\/wp-content\/uploads\/sites\/15\/2020\/03\/yoopies-cms2f28e001ab-67c5-42ab-9993-3c7e704887df-shutterstock-1247629969-ld.jpg\" \/>\n\t<meta property=\"og:image:width\" content=\"1200\" \/>\n\t<meta property=\"og:image:height\" content=\"508\" \/>\n\t<meta property=\"og:image:type\" content=\"image\/jpeg\" \/>\n<meta name=\"twitter:card\" content=\"summary_large_image\" \/>\n<meta name=\"twitter:label1\" content=\"Tempo estimado de leitura\" \/>\n\t<meta name=\"twitter:data1\" content=\"3 minutos\" \/>\n<script type=\"application\/ld+json\" class=\"yoast-schema-graph\">{\"@context\":\"https:\/\/schema.org\",\"@graph\":[{\"@type\":\"WebPage\",\"@id\":\"https:\/\/yoopies.pt\/c\/empregada-domestica-contrato-de-trabalho-domestico-e-obrigacoes-do-empregador\/\",\"url\":\"https:\/\/yoopies.pt\/c\/empregada-domestica-contrato-de-trabalho-domestico-e-obrigacoes-do-empregador\/\",\"name\":\"Saiba mais sobre o contrato de trabalho dom\u00e9stico e as obriga\u00e7\u00f5es do empregador\",\"isPartOf\":{\"@id\":\"https:\/\/yoopies.pt\/c\/#website\"},\"primaryImageOfPage\":{\"@id\":\"https:\/\/yoopies.pt\/c\/empregada-domestica-contrato-de-trabalho-domestico-e-obrigacoes-do-empregador\/#primaryimage\"},\"image\":{\"@id\":\"https:\/\/yoopies.pt\/c\/empregada-domestica-contrato-de-trabalho-domestico-e-obrigacoes-do-empregador\/#primaryimage\"},\"thumbnailUrl\":\"https:\/\/yoopies.pt\/c\/wp-content\/uploads\/sites\/15\/2020\/03\/yoopies-cms2f28e001ab-67c5-42ab-9993-3c7e704887df-shutterstock-1247629969-ld.jpg\",\"datePublished\":\"2020-03-09T16:14:31+00:00\",\"dateModified\":\"2025-06-12T08:50:11+00:00\",\"description\":\"Descubra os aspectos que deve realizar para contratar um empregado dom\u00e9stico: modelos de contrata\u00e7\u00e3o, dura\u00e7\u00e3o, causas de extin\u00e7\u00e3o, subs\u00eddio de f\u00e9rias, subs\u00eddio de Natal, contribui\u00e7\u00e3o para a Seguran\u00e7a Social, etc.\",\"breadcrumb\":{\"@id\":\"https:\/\/yoopies.pt\/c\/empregada-domestica-contrato-de-trabalho-domestico-e-obrigacoes-do-empregador\/#breadcrumb\"},\"inLanguage\":\"pt-PT\",\"potentialAction\":[{\"@type\":\"ReadAction\",\"target\":[\"https:\/\/yoopies.pt\/c\/empregada-domestica-contrato-de-trabalho-domestico-e-obrigacoes-do-empregador\/\"]}]},{\"@type\":\"ImageObject\",\"inLanguage\":\"pt-PT\",\"@id\":\"https:\/\/yoopies.pt\/c\/empregada-domestica-contrato-de-trabalho-domestico-e-obrigacoes-do-empregador\/#primaryimage\",\"url\":\"https:\/\/yoopies.pt\/c\/wp-content\/uploads\/sites\/15\/2020\/03\/yoopies-cms2f28e001ab-67c5-42ab-9993-3c7e704887df-shutterstock-1247629969-ld.jpg\",\"contentUrl\":\"https:\/\/yoopies.pt\/c\/wp-content\/uploads\/sites\/15\/2020\/03\/yoopies-cms2f28e001ab-67c5-42ab-9993-3c7e704887df-shutterstock-1247629969-ld.jpg\",\"width\":1200,\"height\":508},{\"@type\":\"BreadcrumbList\",\"@id\":\"https:\/\/yoopies.pt\/c\/empregada-domestica-contrato-de-trabalho-domestico-e-obrigacoes-do-empregador\/#breadcrumb\",\"itemListElement\":[{\"@type\":\"ListItem\",\"position\":1,\"name\":\"Home\",\"item\":\"https:\/\/yoopies.pt\/c\/\"},{\"@type\":\"ListItem\",\"position\":2,\"name\":\"Empregada dom\u00e9stica: contrato de trabalho dom\u00e9stico e obriga\u00e7\u00f5es do empregador\"}]},{\"@type\":\"WebSite\",\"@id\":\"https:\/\/yoopies.pt\/c\/#website\",\"url\":\"https:\/\/yoopies.pt\/c\/\",\"name\":\"Yoopies Portugal\",\"description\":\"\",\"potentialAction\":[{\"@type\":\"SearchAction\",\"target\":{\"@type\":\"EntryPoint\",\"urlTemplate\":\"https:\/\/yoopies.pt\/c\/?s={search_term_string}\"},\"query-input\":{\"@type\":\"PropertyValueSpecification\",\"valueRequired\":true,\"valueName\":\"search_term_string\"}}],\"inLanguage\":\"pt-PT\"}]}<\/script>\n<!-- \/ Yoast SEO plugin. -->","yoast_head_json":{"title":"Saiba mais sobre o contrato de trabalho dom\u00e9stico e as obriga\u00e7\u00f5es do empregador","description":"Descubra os aspectos que deve realizar para contratar um empregado dom\u00e9stico: modelos de contrata\u00e7\u00e3o, dura\u00e7\u00e3o, causas de extin\u00e7\u00e3o, subs\u00eddio de f\u00e9rias, subs\u00eddio de Natal, contribui\u00e7\u00e3o para a Seguran\u00e7a Social, etc.","robots":{"index":"index","follow":"follow","max-snippet":"max-snippet:-1","max-image-preview":"max-image-preview:large","max-video-preview":"max-video-preview:-1"},"canonical":"https:\/\/yoopies.pt\/c\/empregada-domestica-contrato-de-trabalho-domestico-e-obrigacoes-do-empregador\/","og_locale":"pt_PT","og_type":"article","og_title":"Saiba mais sobre o contrato de trabalho dom\u00e9stico e as obriga\u00e7\u00f5es do empregador","og_description":"Descubra os aspectos que deve realizar para contratar um empregado dom\u00e9stico: modelos de contrata\u00e7\u00e3o, dura\u00e7\u00e3o, causas de extin\u00e7\u00e3o, subs\u00eddio de f\u00e9rias, subs\u00eddio de Natal, contribui\u00e7\u00e3o para a Seguran\u00e7a Social, etc.","og_url":"https:\/\/yoopies.pt\/c\/empregada-domestica-contrato-de-trabalho-domestico-e-obrigacoes-do-empregador\/","og_site_name":"Yoopies Portugal","article_modified_time":"2025-06-12T08:50:11+00:00","og_image":[{"width":1200,"height":508,"url":"https:\/\/yoopies.pt\/c\/wp-content\/uploads\/sites\/15\/2020\/03\/yoopies-cms2f28e001ab-67c5-42ab-9993-3c7e704887df-shutterstock-1247629969-ld.jpg","type":"image\/jpeg"}],"twitter_card":"summary_large_image","twitter_misc":{"Tempo estimado de leitura":"3 minutos"},"schema":{"@context":"https:\/\/schema.org","@graph":[{"@type":"WebPage","@id":"https:\/\/yoopies.pt\/c\/empregada-domestica-contrato-de-trabalho-domestico-e-obrigacoes-do-empregador\/","url":"https:\/\/yoopies.pt\/c\/empregada-domestica-contrato-de-trabalho-domestico-e-obrigacoes-do-empregador\/","name":"Saiba mais sobre o contrato de trabalho dom\u00e9stico e as obriga\u00e7\u00f5es do empregador","isPartOf":{"@id":"https:\/\/yoopies.pt\/c\/#website"},"primaryImageOfPage":{"@id":"https:\/\/yoopies.pt\/c\/empregada-domestica-contrato-de-trabalho-domestico-e-obrigacoes-do-empregador\/#primaryimage"},"image":{"@id":"https:\/\/yoopies.pt\/c\/empregada-domestica-contrato-de-trabalho-domestico-e-obrigacoes-do-empregador\/#primaryimage"},"thumbnailUrl":"https:\/\/yoopies.pt\/c\/wp-content\/uploads\/sites\/15\/2020\/03\/yoopies-cms2f28e001ab-67c5-42ab-9993-3c7e704887df-shutterstock-1247629969-ld.jpg","datePublished":"2020-03-09T16:14:31+00:00","dateModified":"2025-06-12T08:50:11+00:00","description":"Descubra os aspectos que deve realizar para contratar um empregado dom\u00e9stico: modelos de contrata\u00e7\u00e3o, dura\u00e7\u00e3o, causas de extin\u00e7\u00e3o, subs\u00eddio de f\u00e9rias, subs\u00eddio de Natal, contribui\u00e7\u00e3o para a Seguran\u00e7a Social, etc.","breadcrumb":{"@id":"https:\/\/yoopies.pt\/c\/empregada-domestica-contrato-de-trabalho-domestico-e-obrigacoes-do-empregador\/#breadcrumb"},"inLanguage":"pt-PT","potentialAction":[{"@type":"ReadAction","target":["https:\/\/yoopies.pt\/c\/empregada-domestica-contrato-de-trabalho-domestico-e-obrigacoes-do-empregador\/"]}]},{"@type":"ImageObject","inLanguage":"pt-PT","@id":"https:\/\/yoopies.pt\/c\/empregada-domestica-contrato-de-trabalho-domestico-e-obrigacoes-do-empregador\/#primaryimage","url":"https:\/\/yoopies.pt\/c\/wp-content\/uploads\/sites\/15\/2020\/03\/yoopies-cms2f28e001ab-67c5-42ab-9993-3c7e704887df-shutterstock-1247629969-ld.jpg","contentUrl":"https:\/\/yoopies.pt\/c\/wp-content\/uploads\/sites\/15\/2020\/03\/yoopies-cms2f28e001ab-67c5-42ab-9993-3c7e704887df-shutterstock-1247629969-ld.jpg","width":1200,"height":508},{"@type":"BreadcrumbList","@id":"https:\/\/yoopies.pt\/c\/empregada-domestica-contrato-de-trabalho-domestico-e-obrigacoes-do-empregador\/#breadcrumb","itemListElement":[{"@type":"ListItem","position":1,"name":"Home","item":"https:\/\/yoopies.pt\/c\/"},{"@type":"ListItem","position":2,"name":"Empregada dom\u00e9stica: contrato de trabalho dom\u00e9stico e obriga\u00e7\u00f5es do empregador"}]},{"@type":"WebSite","@id":"https:\/\/yoopies.pt\/c\/#website","url":"https:\/\/yoopies.pt\/c\/","name":"Yoopies Portugal","description":"","potentialAction":[{"@type":"SearchAction","target":{"@type":"EntryPoint","urlTemplate":"https:\/\/yoopies.pt\/c\/?s={search_term_string}"},"query-input":{"@type":"PropertyValueSpecification","valueRequired":true,"valueName":"search_term_string"}}],"inLanguage":"pt-PT"}]}},"_links":{"self":[{"href":"https:\/\/yoopies.pt\/c\/wp-json\/wp\/v2\/pages\/190","targetHints":{"allow":["GET"]}}],"collection":[{"href":"https:\/\/yoopies.pt\/c\/wp-json\/wp\/v2\/pages"}],"about":[{"href":"https:\/\/yoopies.pt\/c\/wp-json\/wp\/v2\/types\/page"}],"author":[{"embeddable":true,"href":"https:\/\/yoopies.pt\/c\/wp-json\/wp\/v2\/users\/10"}],"replies":[{"embeddable":true,"href":"https:\/\/yoopies.pt\/c\/wp-json\/wp\/v2\/comments?post=190"}],"version-history":[{"count":1,"href":"https:\/\/yoopies.pt\/c\/wp-json\/wp\/v2\/pages\/190\/revisions"}],"predecessor-version":[{"id":193,"href":"https:\/\/yoopies.pt\/c\/wp-json\/wp\/v2\/pages\/190\/revisions\/193"}],"wp:featuredmedia":[{"embeddable":true,"href":"https:\/\/yoopies.pt\/c\/wp-json\/wp\/v2\/media\/192"}],"wp:attachment":[{"href":"https:\/\/yoopies.pt\/c\/wp-json\/wp\/v2\/media?parent=190"}],"curies":[{"name":"wp","href":"https:\/\/api.w.org\/{rel}","templated":true}]}}