{"id":19,"date":"2022-04-28T11:36:17","date_gmt":"2022-04-28T11:36:17","guid":{"rendered":"https:\/\/blog.yoopies.pt\/empregado-domestico-o-guia-por-excelencia\/"},"modified":"2025-06-12T08:50:11","modified_gmt":"2025-06-12T08:50:11","slug":"empregado-domestico-o-guia-por-excelencia","status":"publish","type":"page","link":"https:\/\/yoopies.pt\/c\/empregado-domestico-o-guia-por-excelencia\/","title":{"rendered":"O Guia por Excel\u00eancia de Empregado Dom\u00e9stico"},"content":{"rendered":"<p><p>Os empregados dom&eacute;sticos e de limpeza s&atilde;o um <strong>excelente complemento a qualquer casa<\/strong> para assegurar o bom funcionamento de uma casa de fam&iacute;lia. H&aacute; muitos <strong>tipos diferentes de empregos dom&eacute;sticos<\/strong> que pode contratar, dependendo das suas necessidades individuais, desde as posi&ccedil;&otilde;es de limpeza para ajudar a fazer recados e manter-se a par das tarefas di&aacute;rias, um <strong>empregado dom&eacute;stico pode manter a organiza&ccedil;&atilde;o da sua casa.<\/strong> <\/p>\n<p class=\"block-img\"><img decoding=\"async\" src=\"https:\/\/yoopies.pt\/c\/wp-content\/uploads\/sites\/15\/2022\/04\/355e7ffe-f318-4cd4-adce-d412576c90da_jeshoots-com-__ZMnefoI3k-unsplash.jpg\" alt=\"\"><\/p>\n<h2><strong>&Iacute;ndice:<\/strong><\/h2>\n<ul>\n<li><a href=\"https:\/\/#h2-2\">O que &eacute; o emprego de limpeza e administra&ccedil;&atilde;o da casa?<\/a><\/li>\n<li><a href=\"https:\/\/#h2-3\">Encontrar um empregado dom&eacute;stico<\/a><\/li>\n<li><a href=\"https:\/\/#h2-4\">Custo m&eacute;dio de um empregado dom&eacute;stico<\/a><\/li>\n<\/ul>\n<h2><strong>O que &eacute; um emprego de limpeza e administra&ccedil;&atilde;o da casa?<\/strong><\/h2>\n<\/p>\n<p>Tradicionalmente, a palavra empregado dom&eacute;stico soa extremamente formal e grandiosa, mas de facto, contratar uma empregada pode significar qualquer coisa desde <strong>um assistente de limpeza<\/strong> at&eacute; <strong>&agrave; contrata&ccedil;&atilde;o de algu&eacute;m para exclusivamente ajudar com a passagem a ferro<\/strong>. O papel exato de uma governanta variar&aacute; de fam&iacute;lia para fam&iacute;lia, uma vez que o que conv&eacute;m a alguns pode n&atilde;o ser necess&aacute;rio a outros. Por exemplo, certas fam&iacute;lias podem necessitar de <strong>ajuda para fazer os recados<\/strong> e outras fam&iacute;lias podem preferir <strong>ajuda na limpeza<\/strong>. &nbsp;<\/p>\n<p>As tarefas dom&eacute;sticas podem ir al&eacute;m das simples tarefas de limpeza, se necess&aacute;rio, uma vez que muitos empregados dom&eacute;sticos tamb&eacute;m oferecem m&uacute;ltiplos servi&ccedil;os, tais como a guarda de crian&ccedil;as e de animais de estima&ccedil;&atilde;o. <a target=\"_blank\" rel=\"noopener\" href=\"https:\/\/yoopies.pt\/c\/empregada-domestica-perguntas-e-respostas\">O guia completo de como contratar um empregado dom&eacute;stico &eacute; explicado nas nossas perguntas e respostas frequentes<\/a>, que tem toda a informa&ccedil;&atilde;o necess&aacute;ria para contratar uma governanta para ajudar a sua fam&iacute;lia. &nbsp;<\/p>\n<\/p>\n<h2><strong>Encontrar um empregado dom&eacute;stico<\/strong><\/h2>\n<\/p>\n<p>Para aqueles que nunca contrataram um empregado dom&eacute;stico antes, ou qualquer tipo de ajuda dom&eacute;stica, o processo pode parecer assustador e avassalador, pois h&aacute; muitos lugares onde se pode procurar candidatos de grande qualidade e h&aacute; tanta escolha em oferta.<\/p>\n<p>O primeiro passo no processo &eacute; decidir o que precisa do seu empregado dom&eacute;stico <strong>e estabelecer uma lista de requisitos juntamente com um or&ccedil;amento e a quantidade de horas necess&aacute;rias.<\/strong> Depois de ter criado um perfil do seu candidato ideal, poder&aacute; come&ccedil;ar a procurar o empregado perfeita. H&aacute; muitas maneiras de encontrar uma pessoa adequada, como <strong>a boca a boca<\/strong>, atrav&eacute;s de uma <strong>ag&ecirc;ncia<\/strong> ou numa <strong>plataforma online<\/strong>, como a <a target=\"_blank\" rel=\"noopener\" href=\"https:\/\/yoopies.pt\/limpeza-domestica\">Yoopies<\/a>. &nbsp;<\/p>\n<p>Encontrar um &oacute;timo empregado pode levar tempo, mas uma vez encontrado o candidato perfeito, pode ser uma mais-valia inestim&aacute;vel para qualquer casa de fam&iacute;lia! Para toda a informa&ccedil;&atilde;o que precisa sobre todo o processo de contrata&ccedil;&atilde;o <a target=\"_blank\" rel=\"noopener\" href=\"https:\/\/yoopies.pt\/c\/empregada-domestica-contrato-de-trabalho-domestico-e-obrigacoes-do-empregador\">consulte o nosso guia sobre o contrato dom&eacute;stico aqui!<\/a><\/p>\n<\/p>\n<h2><strong>Custo m&eacute;dio de um empregado dom&eacute;stico<\/strong><\/h2>\n<\/p>\n<p>O<strong> custo da manuten&ccedil;&atilde;o da casa pode variar dependendo do tipo de servi&ccedil;o que necessita<\/strong>, uma vez que alguns empregados dom&eacute;sticos s&oacute; oferecem servi&ccedil;os de limpeza e outros desempenham uma posi&ccedil;&atilde;o mais completa na gest&atilde;o da casa. Outros fatores que podem afetar as taxas m&eacute;dias de empregados dom&eacute;sticos e de limpeza podem ser <strong>a sua localiza&ccedil;&atilde;o<\/strong>, bem como a <strong>quantidade de horas <\/strong>de trabalho que necessita do seu empregado tamb&eacute;m pode ter um impacto sobre o custo dos seus servi&ccedil;os. Para <strong>o empregado dom&eacute;stico em Lisboa, a tarifa hor&aacute;ria m&eacute;dia &eacute; de 6,00 &euro;<\/strong>, o que &eacute; ligeiramente superior &agrave; do <strong>resto do pa&iacute;s, a 5,40 &euro; por hora.<\/strong><\/p>\n<p>Contratar um empregado de limpeza atrav&eacute;s da Yoopies pode ser uma excelente escolha financeira, uma vez que permitimos aos nossos candidatos estabelecerem <strong>as suas pr&oacute;prias taxas<\/strong> e nunca aceitamos uma comiss&atilde;o dos mesmos, o que permite &agrave;s empregadas de limpeza no nosso website <strong>oferecer pre&ccedil;os competitivos. <\/strong>Vale a pena comparar as tarifas de alguns candidatos da mesma &aacute;rea para garantir que est&aacute; a pagar o sal&aacute;rio correto, mas lembre-se, aqueles com mais experi&ecirc;ncia podem oferecer um servi&ccedil;o <strong>de maior qualidade e, portanto, cobrar mais,<\/strong> o que poderia causar uma pequena varia&ccedil;&atilde;o nos pre&ccedil;os.<\/p>\n<p><a target=\"_blank\" rel=\"noopener\" href=\"https:\/\/yoopies.pt\/c\/empregada-domestica-contrato-de-trabalho-domestico-e-obrigacoes-do-empregador\">Consulte aqui o nosso guia completo de contrata&ccedil;&atilde;o e obriga&ccedil;&otilde;es fiscais dos empregadores aqui!<\/a><\/p>\n<\/p>\n<p><a class=\"button\" href=\"https:\/\/yoopies.pt\/limpeza-domestica\">Encontre-me um excelente empregado de limpeza!<\/a><\/p>\n","protected":false},"excerpt":{"rendered":"<p>Os empregados dom&eacute;sticos e de limpeza s&atilde;o um excelente complemento a qualquer casa para assegurar &hellip; <\/p>\n","protected":false},"author":10,"featured_media":21,"parent":0,"menu_order":0,"comment_status":"closed","ping_status":"closed","template":"","meta":{"_acf_changed":false,"footnotes":""},"class_list":["post-19","page","type-page","status-publish","has-post-thumbnail","hentry"],"acf":[],"yoast_head":"<!-- This site is optimized with the Yoast SEO plugin v26.9 - https:\/\/yoast.com\/product\/yoast-seo-wordpress\/ -->\n<title>Empregado Dom\u00e9stico: O Guia por Excel\u00eancia<\/title>\n<meta name=\"description\" content=\"Os empregados dom\u00e9sticos e de limpeza s\u00e3o um excelente complemento a qualquer casa para assegurar o bom funcionamento de uma casa de fam\u00edlia. H\u00e1 muitos tipos diferentes de empregos dom\u00e9sticos que pode contratar, dependendo das suas necessidades individuais, desde as posi\u00e7\u00f5es de limpeza para ajudar a fazer recados e manter-se a par das tarefas di\u00e1rias, um empregado dom\u00e9stico pode manter a organiza\u00e7\u00e3o da sua casa.\" \/>\n<meta name=\"robots\" content=\"index, follow, max-snippet:-1, max-image-preview:large, max-video-preview:-1\" \/>\n<link rel=\"canonical\" href=\"https:\/\/yoopies.pt\/c\/empregado-domestico-o-guia-por-excelencia\/\" \/>\n<meta property=\"og:locale\" content=\"pt_PT\" \/>\n<meta property=\"og:type\" content=\"article\" \/>\n<meta property=\"og:title\" content=\"Empregado Dom\u00e9stico: O Guia por Excel\u00eancia\" \/>\n<meta property=\"og:description\" content=\"Os empregados dom\u00e9sticos e de limpeza s\u00e3o um excelente complemento a qualquer casa para assegurar o bom funcionamento de uma casa de fam\u00edlia. H\u00e1 muitos tipos diferentes de empregos dom\u00e9sticos que pode contratar, dependendo das suas necessidades individuais, desde as posi\u00e7\u00f5es de limpeza para ajudar a fazer recados e manter-se a par das tarefas di\u00e1rias, um empregado dom\u00e9stico pode manter a organiza\u00e7\u00e3o da sua casa.\" \/>\n<meta property=\"og:url\" content=\"https:\/\/yoopies.pt\/c\/empregado-domestico-o-guia-por-excelencia\/\" \/>\n<meta property=\"og:site_name\" content=\"Yoopies Portugal\" \/>\n<meta property=\"article:modified_time\" content=\"2025-06-12T08:50:11+00:00\" \/>\n<meta property=\"og:image\" content=\"https:\/\/yoopies.pt\/c\/wp-content\/uploads\/sites\/15\/2022\/04\/355e7ffe-f318-4cd4-adce-d412576c90da-jeshoots-com-zmnefoi3k-unsplash.jpg\" \/>\n\t<meta property=\"og:image:width\" content=\"1200\" \/>\n\t<meta property=\"og:image:height\" content=\"800\" \/>\n\t<meta property=\"og:image:type\" content=\"image\/jpeg\" \/>\n<meta name=\"twitter:card\" content=\"summary_large_image\" \/>\n<meta name=\"twitter:label1\" content=\"Tempo estimado de leitura\" \/>\n\t<meta name=\"twitter:data1\" content=\"4 minutos\" \/>\n<script type=\"application\/ld+json\" class=\"yoast-schema-graph\">{\"@context\":\"https:\/\/schema.org\",\"@graph\":[{\"@type\":\"WebPage\",\"@id\":\"https:\/\/yoopies.pt\/c\/empregado-domestico-o-guia-por-excelencia\/\",\"url\":\"https:\/\/yoopies.pt\/c\/empregado-domestico-o-guia-por-excelencia\/\",\"name\":\"Empregado Dom\u00e9stico: O Guia por Excel\u00eancia\",\"isPartOf\":{\"@id\":\"https:\/\/yoopies.pt\/c\/#website\"},\"primaryImageOfPage\":{\"@id\":\"https:\/\/yoopies.pt\/c\/empregado-domestico-o-guia-por-excelencia\/#primaryimage\"},\"image\":{\"@id\":\"https:\/\/yoopies.pt\/c\/empregado-domestico-o-guia-por-excelencia\/#primaryimage\"},\"thumbnailUrl\":\"https:\/\/yoopies.pt\/c\/wp-content\/uploads\/sites\/15\/2022\/04\/355e7ffe-f318-4cd4-adce-d412576c90da-jeshoots-com-zmnefoi3k-unsplash.jpg\",\"datePublished\":\"2022-04-28T11:36:17+00:00\",\"dateModified\":\"2025-06-12T08:50:11+00:00\",\"description\":\"Os empregados dom\u00e9sticos e de limpeza s\u00e3o um excelente complemento a qualquer casa para assegurar o bom funcionamento de uma casa de fam\u00edlia. H\u00e1 muitos tipos diferentes de empregos dom\u00e9sticos que pode contratar, dependendo das suas necessidades individuais, desde as posi\u00e7\u00f5es de limpeza para ajudar a fazer recados e manter-se a par das tarefas di\u00e1rias, um empregado dom\u00e9stico pode manter a organiza\u00e7\u00e3o da sua casa.\",\"breadcrumb\":{\"@id\":\"https:\/\/yoopies.pt\/c\/empregado-domestico-o-guia-por-excelencia\/#breadcrumb\"},\"inLanguage\":\"pt-PT\",\"potentialAction\":[{\"@type\":\"ReadAction\",\"target\":[\"https:\/\/yoopies.pt\/c\/empregado-domestico-o-guia-por-excelencia\/\"]}]},{\"@type\":\"ImageObject\",\"inLanguage\":\"pt-PT\",\"@id\":\"https:\/\/yoopies.pt\/c\/empregado-domestico-o-guia-por-excelencia\/#primaryimage\",\"url\":\"https:\/\/yoopies.pt\/c\/wp-content\/uploads\/sites\/15\/2022\/04\/355e7ffe-f318-4cd4-adce-d412576c90da-jeshoots-com-zmnefoi3k-unsplash.jpg\",\"contentUrl\":\"https:\/\/yoopies.pt\/c\/wp-content\/uploads\/sites\/15\/2022\/04\/355e7ffe-f318-4cd4-adce-d412576c90da-jeshoots-com-zmnefoi3k-unsplash.jpg\",\"width\":1200,\"height\":800},{\"@type\":\"BreadcrumbList\",\"@id\":\"https:\/\/yoopies.pt\/c\/empregado-domestico-o-guia-por-excelencia\/#breadcrumb\",\"itemListElement\":[{\"@type\":\"ListItem\",\"position\":1,\"name\":\"Home\",\"item\":\"https:\/\/yoopies.pt\/c\/\"},{\"@type\":\"ListItem\",\"position\":2,\"name\":\"O Guia por Excel\u00eancia de Empregado Dom\u00e9stico\"}]},{\"@type\":\"WebSite\",\"@id\":\"https:\/\/yoopies.pt\/c\/#website\",\"url\":\"https:\/\/yoopies.pt\/c\/\",\"name\":\"Yoopies Portugal\",\"description\":\"\",\"potentialAction\":[{\"@type\":\"SearchAction\",\"target\":{\"@type\":\"EntryPoint\",\"urlTemplate\":\"https:\/\/yoopies.pt\/c\/?s={search_term_string}\"},\"query-input\":{\"@type\":\"PropertyValueSpecification\",\"valueRequired\":true,\"valueName\":\"search_term_string\"}}],\"inLanguage\":\"pt-PT\"}]}<\/script>\n<!-- \/ Yoast SEO plugin. -->","yoast_head_json":{"title":"Empregado Dom\u00e9stico: O Guia por Excel\u00eancia","description":"Os empregados dom\u00e9sticos e de limpeza s\u00e3o um excelente complemento a qualquer casa para assegurar o bom funcionamento de uma casa de fam\u00edlia. H\u00e1 muitos tipos diferentes de empregos dom\u00e9sticos que pode contratar, dependendo das suas necessidades individuais, desde as posi\u00e7\u00f5es de limpeza para ajudar a fazer recados e manter-se a par das tarefas di\u00e1rias, um empregado dom\u00e9stico pode manter a organiza\u00e7\u00e3o da sua casa.","robots":{"index":"index","follow":"follow","max-snippet":"max-snippet:-1","max-image-preview":"max-image-preview:large","max-video-preview":"max-video-preview:-1"},"canonical":"https:\/\/yoopies.pt\/c\/empregado-domestico-o-guia-por-excelencia\/","og_locale":"pt_PT","og_type":"article","og_title":"Empregado Dom\u00e9stico: O Guia por Excel\u00eancia","og_description":"Os empregados dom\u00e9sticos e de limpeza s\u00e3o um excelente complemento a qualquer casa para assegurar o bom funcionamento de uma casa de fam\u00edlia. H\u00e1 muitos tipos diferentes de empregos dom\u00e9sticos que pode contratar, dependendo das suas necessidades individuais, desde as posi\u00e7\u00f5es de limpeza para ajudar a fazer recados e manter-se a par das tarefas di\u00e1rias, um empregado dom\u00e9stico pode manter a organiza\u00e7\u00e3o da sua casa.","og_url":"https:\/\/yoopies.pt\/c\/empregado-domestico-o-guia-por-excelencia\/","og_site_name":"Yoopies Portugal","article_modified_time":"2025-06-12T08:50:11+00:00","og_image":[{"width":1200,"height":800,"url":"https:\/\/yoopies.pt\/c\/wp-content\/uploads\/sites\/15\/2022\/04\/355e7ffe-f318-4cd4-adce-d412576c90da-jeshoots-com-zmnefoi3k-unsplash.jpg","type":"image\/jpeg"}],"twitter_card":"summary_large_image","twitter_misc":{"Tempo estimado de leitura":"4 minutos"},"schema":{"@context":"https:\/\/schema.org","@graph":[{"@type":"WebPage","@id":"https:\/\/yoopies.pt\/c\/empregado-domestico-o-guia-por-excelencia\/","url":"https:\/\/yoopies.pt\/c\/empregado-domestico-o-guia-por-excelencia\/","name":"Empregado Dom\u00e9stico: O Guia por Excel\u00eancia","isPartOf":{"@id":"https:\/\/yoopies.pt\/c\/#website"},"primaryImageOfPage":{"@id":"https:\/\/yoopies.pt\/c\/empregado-domestico-o-guia-por-excelencia\/#primaryimage"},"image":{"@id":"https:\/\/yoopies.pt\/c\/empregado-domestico-o-guia-por-excelencia\/#primaryimage"},"thumbnailUrl":"https:\/\/yoopies.pt\/c\/wp-content\/uploads\/sites\/15\/2022\/04\/355e7ffe-f318-4cd4-adce-d412576c90da-jeshoots-com-zmnefoi3k-unsplash.jpg","datePublished":"2022-04-28T11:36:17+00:00","dateModified":"2025-06-12T08:50:11+00:00","description":"Os empregados dom\u00e9sticos e de limpeza s\u00e3o um excelente complemento a qualquer casa para assegurar o bom funcionamento de uma casa de fam\u00edlia. H\u00e1 muitos tipos diferentes de empregos dom\u00e9sticos que pode contratar, dependendo das suas necessidades individuais, desde as posi\u00e7\u00f5es de limpeza para ajudar a fazer recados e manter-se a par das tarefas di\u00e1rias, um empregado dom\u00e9stico pode manter a organiza\u00e7\u00e3o da sua casa.","breadcrumb":{"@id":"https:\/\/yoopies.pt\/c\/empregado-domestico-o-guia-por-excelencia\/#breadcrumb"},"inLanguage":"pt-PT","potentialAction":[{"@type":"ReadAction","target":["https:\/\/yoopies.pt\/c\/empregado-domestico-o-guia-por-excelencia\/"]}]},{"@type":"ImageObject","inLanguage":"pt-PT","@id":"https:\/\/yoopies.pt\/c\/empregado-domestico-o-guia-por-excelencia\/#primaryimage","url":"https:\/\/yoopies.pt\/c\/wp-content\/uploads\/sites\/15\/2022\/04\/355e7ffe-f318-4cd4-adce-d412576c90da-jeshoots-com-zmnefoi3k-unsplash.jpg","contentUrl":"https:\/\/yoopies.pt\/c\/wp-content\/uploads\/sites\/15\/2022\/04\/355e7ffe-f318-4cd4-adce-d412576c90da-jeshoots-com-zmnefoi3k-unsplash.jpg","width":1200,"height":800},{"@type":"BreadcrumbList","@id":"https:\/\/yoopies.pt\/c\/empregado-domestico-o-guia-por-excelencia\/#breadcrumb","itemListElement":[{"@type":"ListItem","position":1,"name":"Home","item":"https:\/\/yoopies.pt\/c\/"},{"@type":"ListItem","position":2,"name":"O Guia por Excel\u00eancia de Empregado Dom\u00e9stico"}]},{"@type":"WebSite","@id":"https:\/\/yoopies.pt\/c\/#website","url":"https:\/\/yoopies.pt\/c\/","name":"Yoopies Portugal","description":"","potentialAction":[{"@type":"SearchAction","target":{"@type":"EntryPoint","urlTemplate":"https:\/\/yoopies.pt\/c\/?s={search_term_string}"},"query-input":{"@type":"PropertyValueSpecification","valueRequired":true,"valueName":"search_term_string"}}],"inLanguage":"pt-PT"}]}},"_links":{"self":[{"href":"https:\/\/yoopies.pt\/c\/wp-json\/wp\/v2\/pages\/19","targetHints":{"allow":["GET"]}}],"collection":[{"href":"https:\/\/yoopies.pt\/c\/wp-json\/wp\/v2\/pages"}],"about":[{"href":"https:\/\/yoopies.pt\/c\/wp-json\/wp\/v2\/types\/page"}],"author":[{"embeddable":true,"href":"https:\/\/yoopies.pt\/c\/wp-json\/wp\/v2\/users\/10"}],"replies":[{"embeddable":true,"href":"https:\/\/yoopies.pt\/c\/wp-json\/wp\/v2\/comments?post=19"}],"version-history":[{"count":1,"href":"https:\/\/yoopies.pt\/c\/wp-json\/wp\/v2\/pages\/19\/revisions"}],"predecessor-version":[{"id":22,"href":"https:\/\/yoopies.pt\/c\/wp-json\/wp\/v2\/pages\/19\/revisions\/22"}],"wp:featuredmedia":[{"embeddable":true,"href":"https:\/\/yoopies.pt\/c\/wp-json\/wp\/v2\/media\/21"}],"wp:attachment":[{"href":"https:\/\/yoopies.pt\/c\/wp-json\/wp\/v2\/media?parent=19"}],"curies":[{"name":"wp","href":"https:\/\/api.w.org\/{rel}","templated":true}]}}