{"id":186,"date":"2020-03-10T15:27:00","date_gmt":"2020-03-10T15:27:00","guid":{"rendered":"https:\/\/blog.yoopies.pt\/babysitting-portugal\/"},"modified":"2025-06-12T08:50:11","modified_gmt":"2025-06-12T08:50:11","slug":"babysitting-portugal","status":"publish","type":"page","link":"https:\/\/yoopies.pt\/c\/babysitting-portugal\/","title":{"rendered":"Fam\u00edlias com crian\u00e7as"},"content":{"rendered":"<figure><img decoding=\"async\" src=\"https:\/\/yoopies.pt\/c\/wp-content\/uploads\/sites\/15\/2020\/03\/ac4726e7d2f3f20d4466119d7d41f66af14c783b-done1-1.jpg\" \/><\/figure>\n<ul>\n<li><strong><a href=\"https:\/\/yoopies.pt\/c\/coronavirus-como-explicar-e-orientar-as-criancas\">Coronav&iacute;rus: como explicar e orientar as crian&ccedil;as <\/a><\/strong><br \/>\nO que &eacute; o Coronav&iacute;rus? Compreender isso n&atilde;o &eacute; f&aacute;cil, nem mesmo para os adultos. Por esta raz&atilde;o, a Yoopies criou um guia ilustrado que explica e resume, atrav&eacute;s de alguns conceitos simples, o v&iacute;rus COVID-19 e apresenta formas criativas e l&uacute;dicas de prevenir as crian&ccedil;as contra a doen&ccedil;a.<\/li>\n<\/ul>\n<ul>\n<li><strong><a href=\"https:\/\/yoopies.pt\/c\/regresso-as-aulas-10-dicas-do-yoopies-para-o-inicio-do-ano-letivo\">Regresso &agrave;s aulas: 10 dicas do Yoopies para o in&iacute;cio do ano letivo<\/a><br \/>\n<\/strong>Setembro &eacute; sin&oacute;nimo de regresso &agrave;s aulas e, por isso, o Yoopies selecionou 10 dicas que v&atilde;o ajudar o seu filho a come&ccedil;ar o ano letivo com o p&eacute; direito!<\/li>\n<\/ul>\n<ul>\n<li><strong><a href=\"https:\/\/yoopies.pt\/c\/como-encontrar-uma-babysitter\">Como encontrar a babysitter ideal para si<\/a><\/strong><\/li>\n<\/ul>\n<p>Em nossa plataforma &eacute; poss&iacute;vel encontrar uma grande variedade de bab&aacute;s com diferentes backgrounds, disponibilidades e compet&ecirc;ncias. <\/p>\n<\/p>\n<ul>\n<li><strong><a href=\"https:\/\/yoopies.pt\/c\/entrevista-com-a-babysitter-perguntas-e-conselhos\">Entrevista com a babysitter: perguntas e conselhos<\/a><\/strong><\/li>\n<\/ul>\n<p>O Yoopies selecionou algumas perguntas para fazer &agrave; babysitter e que podem ajudar-lhe a saber se ela &eacute; ideal para si. <\/p>\n<\/p>\n<ul>\n<li><strong><a href=\"https:\/\/yoopies.pt\/c\/quatro-caracteristicas-basicas-que-toda-babysitter-precisa-ter\">Quatro caracter&iacute;sticas b&aacute;sicas que toda babysitter precisa ter<\/a><\/strong><\/li>\n<\/ul>\n<p>Encontrar a babysitter perfeita nunca &eacute; f&aacute;cil. Mas para facilitar esta busca, o Yoopies selecionou quatro caracter&iacute;sticas fundamentais que toda babysitter precisa ter! <\/p>\n<\/p>\n<ul>\n<li><strong><a href=\"https:\/\/yoopies.pt\/c\/jogos-de-viagem-para-as-criancas-veja-como-entreter-o-seu-filho\">Jogos de viagem para as crian&ccedil;as: veja como entreter o seu filho<\/a><\/strong><\/li>\n<\/ul>\n<p>Uma &uacute;nica pergunta, repetida intermitentemente, pode tornar a viagem cansativa: &#8220;M&atilde;e, quanto tempo falta?&#8221;. Confira alguns jogos de viagem propostos pelo Yoopies! <\/p>\n<\/p>\n<ul>\n<li><strong><a href=\"https:\/\/yoopies.pt\/c\/como-conseguir-que-a-verdade-seja-dita-pelo-seu-filho\">Como conseguir que a verdade seja dita pelo seu filho? <\/a><\/strong><\/li>\n<\/ul>\n<p>Confira alguns truques de como obter o m&aacute;ximo de informa&ccedil;&otilde;es poss&iacute;veis sobre o dia do seu filho na escola. A dica &eacute; simples: fa&ccedil;a as perguntas certas!<\/p><\/p>\n","protected":false},"excerpt":{"rendered":"<p>Coronav&iacute;rus: como explicar e orientar as crian&ccedil;as O que &eacute; o Coronav&iacute;rus? Compreender isso n&atilde;o &hellip; <\/p>\n","protected":false},"author":10,"featured_media":188,"parent":0,"menu_order":0,"comment_status":"closed","ping_status":"closed","template":"","meta":{"_acf_changed":false,"footnotes":""},"class_list":["post-186","page","type-page","status-publish","has-post-thumbnail","hentry"],"acf":[],"yoast_head":"<!-- This site is optimized with the Yoast SEO plugin v26.9 - https:\/\/yoast.com\/product\/yoast-seo-wordpress\/ -->\n<title>Fam\u00edlias com crian\u00e7as: descubra as dicas do Yoopies sobre babysitting<\/title>\n<meta name=\"description\" content=\"Guias, conselhos, dicas e informa\u00e7\u00f5es: descubra os artigos do Yoopies sobre limpeza, babysitting, pet sitting, aulas particulares e apoio domicili\u00e1rio a idosos!\" \/>\n<meta name=\"robots\" content=\"index, follow, max-snippet:-1, max-image-preview:large, max-video-preview:-1\" \/>\n<link rel=\"canonical\" href=\"https:\/\/yoopies.pt\/c\/babysitting-portugal\/\" \/>\n<meta property=\"og:locale\" content=\"pt_PT\" \/>\n<meta property=\"og:type\" content=\"article\" \/>\n<meta property=\"og:title\" content=\"Fam\u00edlias com crian\u00e7as: descubra as dicas do Yoopies sobre babysitting\" \/>\n<meta property=\"og:description\" content=\"Guias, conselhos, dicas e informa\u00e7\u00f5es: descubra os artigos do Yoopies sobre limpeza, babysitting, pet sitting, aulas particulares e apoio domicili\u00e1rio a idosos!\" \/>\n<meta property=\"og:url\" content=\"https:\/\/yoopies.pt\/c\/babysitting-portugal\/\" \/>\n<meta property=\"og:site_name\" content=\"Yoopies Portugal\" \/>\n<meta property=\"article:modified_time\" content=\"2025-06-12T08:50:11+00:00\" \/>\n<meta property=\"og:image\" content=\"https:\/\/yoopies.pt\/c\/wp-content\/uploads\/sites\/15\/2020\/03\/4d710b13fd80133f139dad96e9575b492252bd62-prismic-babys.jpg\" \/>\n\t<meta property=\"og:image:width\" content=\"1200\" \/>\n\t<meta property=\"og:image:height\" content=\"675\" \/>\n\t<meta property=\"og:image:type\" content=\"image\/jpeg\" \/>\n<meta name=\"twitter:card\" content=\"summary_large_image\" \/>\n<meta name=\"twitter:label1\" content=\"Tempo estimado de leitura\" \/>\n\t<meta name=\"twitter:data1\" content=\"2 minutos\" \/>\n<script type=\"application\/ld+json\" class=\"yoast-schema-graph\">{\"@context\":\"https:\/\/schema.org\",\"@graph\":[{\"@type\":\"WebPage\",\"@id\":\"https:\/\/yoopies.pt\/c\/babysitting-portugal\/\",\"url\":\"https:\/\/yoopies.pt\/c\/babysitting-portugal\/\",\"name\":\"Fam\u00edlias com crian\u00e7as: descubra as dicas do Yoopies sobre babysitting\",\"isPartOf\":{\"@id\":\"https:\/\/yoopies.pt\/c\/#website\"},\"primaryImageOfPage\":{\"@id\":\"https:\/\/yoopies.pt\/c\/babysitting-portugal\/#primaryimage\"},\"image\":{\"@id\":\"https:\/\/yoopies.pt\/c\/babysitting-portugal\/#primaryimage\"},\"thumbnailUrl\":\"https:\/\/yoopies.pt\/c\/wp-content\/uploads\/sites\/15\/2020\/03\/4d710b13fd80133f139dad96e9575b492252bd62-prismic-babys.jpg\",\"datePublished\":\"2020-03-10T15:27:00+00:00\",\"dateModified\":\"2025-06-12T08:50:11+00:00\",\"description\":\"Guias, conselhos, dicas e informa\u00e7\u00f5es: descubra os artigos do Yoopies sobre limpeza, babysitting, pet sitting, aulas particulares e apoio domicili\u00e1rio a idosos!\",\"breadcrumb\":{\"@id\":\"https:\/\/yoopies.pt\/c\/babysitting-portugal\/#breadcrumb\"},\"inLanguage\":\"pt-PT\",\"potentialAction\":[{\"@type\":\"ReadAction\",\"target\":[\"https:\/\/yoopies.pt\/c\/babysitting-portugal\/\"]}]},{\"@type\":\"ImageObject\",\"inLanguage\":\"pt-PT\",\"@id\":\"https:\/\/yoopies.pt\/c\/babysitting-portugal\/#primaryimage\",\"url\":\"https:\/\/yoopies.pt\/c\/wp-content\/uploads\/sites\/15\/2020\/03\/4d710b13fd80133f139dad96e9575b492252bd62-prismic-babys.jpg\",\"contentUrl\":\"https:\/\/yoopies.pt\/c\/wp-content\/uploads\/sites\/15\/2020\/03\/4d710b13fd80133f139dad96e9575b492252bd62-prismic-babys.jpg\",\"width\":1200,\"height\":675},{\"@type\":\"BreadcrumbList\",\"@id\":\"https:\/\/yoopies.pt\/c\/babysitting-portugal\/#breadcrumb\",\"itemListElement\":[{\"@type\":\"ListItem\",\"position\":1,\"name\":\"Home\",\"item\":\"https:\/\/yoopies.pt\/c\/\"},{\"@type\":\"ListItem\",\"position\":2,\"name\":\"Fam\u00edlias com crian\u00e7as\"}]},{\"@type\":\"WebSite\",\"@id\":\"https:\/\/yoopies.pt\/c\/#website\",\"url\":\"https:\/\/yoopies.pt\/c\/\",\"name\":\"Yoopies Portugal\",\"description\":\"\",\"potentialAction\":[{\"@type\":\"SearchAction\",\"target\":{\"@type\":\"EntryPoint\",\"urlTemplate\":\"https:\/\/yoopies.pt\/c\/?s={search_term_string}\"},\"query-input\":{\"@type\":\"PropertyValueSpecification\",\"valueRequired\":true,\"valueName\":\"search_term_string\"}}],\"inLanguage\":\"pt-PT\"}]}<\/script>\n<!-- \/ Yoast SEO plugin. -->","yoast_head_json":{"title":"Fam\u00edlias com crian\u00e7as: descubra as dicas do Yoopies sobre babysitting","description":"Guias, conselhos, dicas e informa\u00e7\u00f5es: descubra os artigos do Yoopies sobre limpeza, babysitting, pet sitting, aulas particulares e apoio domicili\u00e1rio a idosos!","robots":{"index":"index","follow":"follow","max-snippet":"max-snippet:-1","max-image-preview":"max-image-preview:large","max-video-preview":"max-video-preview:-1"},"canonical":"https:\/\/yoopies.pt\/c\/babysitting-portugal\/","og_locale":"pt_PT","og_type":"article","og_title":"Fam\u00edlias com crian\u00e7as: descubra as dicas do Yoopies sobre babysitting","og_description":"Guias, conselhos, dicas e informa\u00e7\u00f5es: descubra os artigos do Yoopies sobre limpeza, babysitting, pet sitting, aulas particulares e apoio domicili\u00e1rio a idosos!","og_url":"https:\/\/yoopies.pt\/c\/babysitting-portugal\/","og_site_name":"Yoopies Portugal","article_modified_time":"2025-06-12T08:50:11+00:00","og_image":[{"width":1200,"height":675,"url":"https:\/\/yoopies.pt\/c\/wp-content\/uploads\/sites\/15\/2020\/03\/4d710b13fd80133f139dad96e9575b492252bd62-prismic-babys.jpg","type":"image\/jpeg"}],"twitter_card":"summary_large_image","twitter_misc":{"Tempo estimado de leitura":"2 minutos"},"schema":{"@context":"https:\/\/schema.org","@graph":[{"@type":"WebPage","@id":"https:\/\/yoopies.pt\/c\/babysitting-portugal\/","url":"https:\/\/yoopies.pt\/c\/babysitting-portugal\/","name":"Fam\u00edlias com crian\u00e7as: descubra as dicas do Yoopies sobre babysitting","isPartOf":{"@id":"https:\/\/yoopies.pt\/c\/#website"},"primaryImageOfPage":{"@id":"https:\/\/yoopies.pt\/c\/babysitting-portugal\/#primaryimage"},"image":{"@id":"https:\/\/yoopies.pt\/c\/babysitting-portugal\/#primaryimage"},"thumbnailUrl":"https:\/\/yoopies.pt\/c\/wp-content\/uploads\/sites\/15\/2020\/03\/4d710b13fd80133f139dad96e9575b492252bd62-prismic-babys.jpg","datePublished":"2020-03-10T15:27:00+00:00","dateModified":"2025-06-12T08:50:11+00:00","description":"Guias, conselhos, dicas e informa\u00e7\u00f5es: descubra os artigos do Yoopies sobre limpeza, babysitting, pet sitting, aulas particulares e apoio domicili\u00e1rio a idosos!","breadcrumb":{"@id":"https:\/\/yoopies.pt\/c\/babysitting-portugal\/#breadcrumb"},"inLanguage":"pt-PT","potentialAction":[{"@type":"ReadAction","target":["https:\/\/yoopies.pt\/c\/babysitting-portugal\/"]}]},{"@type":"ImageObject","inLanguage":"pt-PT","@id":"https:\/\/yoopies.pt\/c\/babysitting-portugal\/#primaryimage","url":"https:\/\/yoopies.pt\/c\/wp-content\/uploads\/sites\/15\/2020\/03\/4d710b13fd80133f139dad96e9575b492252bd62-prismic-babys.jpg","contentUrl":"https:\/\/yoopies.pt\/c\/wp-content\/uploads\/sites\/15\/2020\/03\/4d710b13fd80133f139dad96e9575b492252bd62-prismic-babys.jpg","width":1200,"height":675},{"@type":"BreadcrumbList","@id":"https:\/\/yoopies.pt\/c\/babysitting-portugal\/#breadcrumb","itemListElement":[{"@type":"ListItem","position":1,"name":"Home","item":"https:\/\/yoopies.pt\/c\/"},{"@type":"ListItem","position":2,"name":"Fam\u00edlias com crian\u00e7as"}]},{"@type":"WebSite","@id":"https:\/\/yoopies.pt\/c\/#website","url":"https:\/\/yoopies.pt\/c\/","name":"Yoopies Portugal","description":"","potentialAction":[{"@type":"SearchAction","target":{"@type":"EntryPoint","urlTemplate":"https:\/\/yoopies.pt\/c\/?s={search_term_string}"},"query-input":{"@type":"PropertyValueSpecification","valueRequired":true,"valueName":"search_term_string"}}],"inLanguage":"pt-PT"}]}},"_links":{"self":[{"href":"https:\/\/yoopies.pt\/c\/wp-json\/wp\/v2\/pages\/186","targetHints":{"allow":["GET"]}}],"collection":[{"href":"https:\/\/yoopies.pt\/c\/wp-json\/wp\/v2\/pages"}],"about":[{"href":"https:\/\/yoopies.pt\/c\/wp-json\/wp\/v2\/types\/page"}],"author":[{"embeddable":true,"href":"https:\/\/yoopies.pt\/c\/wp-json\/wp\/v2\/users\/10"}],"replies":[{"embeddable":true,"href":"https:\/\/yoopies.pt\/c\/wp-json\/wp\/v2\/comments?post=186"}],"version-history":[{"count":1,"href":"https:\/\/yoopies.pt\/c\/wp-json\/wp\/v2\/pages\/186\/revisions"}],"predecessor-version":[{"id":189,"href":"https:\/\/yoopies.pt\/c\/wp-json\/wp\/v2\/pages\/186\/revisions\/189"}],"wp:featuredmedia":[{"embeddable":true,"href":"https:\/\/yoopies.pt\/c\/wp-json\/wp\/v2\/media\/188"}],"wp:attachment":[{"href":"https:\/\/yoopies.pt\/c\/wp-json\/wp\/v2\/media?parent=186"}],"curies":[{"name":"wp","href":"https:\/\/api.w.org\/{rel}","templated":true}]}}