{"id":152,"date":"2020-04-07T15:32:28","date_gmt":"2020-04-07T15:32:28","guid":{"rendered":"https:\/\/blog.yoopies.pt\/coronavirus-como-explicar-e-orientar-as-criancas\/"},"modified":"2025-06-12T08:50:11","modified_gmt":"2025-06-12T08:50:11","slug":"coronavirus-como-explicar-e-orientar-as-criancas","status":"publish","type":"page","link":"https:\/\/yoopies.pt\/c\/coronavirus-como-explicar-e-orientar-as-criancas\/","title":{"rendered":"Coronav\u00edrus: como explicar e orientar as crian\u00e7as"},"content":{"rendered":"<p><p><em>O que &eacute; o COVID-19? Como nos prevenir contra o v&iacute;rus? Como tratar deste assunto sem grande alarde? Esta &eacute; uma tarefa &aacute;rdua e de dif&iacute;cil entendimento at&eacute; mesmo para os adultos. Por esta raz&atilde;o, a Yoopies criou um guia ilustrado que explica e resume, atrav&eacute;s de alguns conceitos simples, o coronav&iacute;rus e apresenta formas criativas e l&uacute;dicas de prevenir as crian&ccedil;as contra a doen&ccedil;a.<\/em><\/p>\n<\/p>\n<p><p>O n&uacute;mero de casos de coronav&iacute;rus confirmados em Portugal continua a aumentar, a Organiza&ccedil;&atilde;o Mundial de Sa&uacute;de j&aacute; declarou o estado de pandemia, escolas e institui&ccedil;&otilde;es de ensino querem maiores medidas para evitar o cont&aacute;gio, directores pedem que as f&eacute;rias da P&aacute;scoa sejam antecipadas, mas o Conselho Nacional de Sa&uacute;de P&uacute;blica afastou o cen&aacute;rio de encerramento generalizado dos estabelecimentos de ensino.&nbsp;<\/p>\n<\/p>\n<p><p>Diante da incerteza e dos crescente n&uacute;mero de casos n&atilde;o s&oacute; em Portugal, mas na Europa, torna-se dif&iacute;cil controlar as fake news e os rumores e as informa&ccedil;&otilde;es exageradas come&ccedil;am a se espalhar, o que pode pausar p&acirc;nico n&atilde;o s&oacute; nos adultos, mas tamb&eacute;m nas crian&ccedil;as. Por esta raz&atilde;o, a Yoopies &#8211; maior plataforma de acolhimento infantil da Europa &#8211; criou um guia infantil sobre o coronav&iacute;rus de forma a ajudar os pais e os educadores a lidar sobre o assunto junto aos mais pequenos. O guia explica de forma simples e objetiva o que &eacute; o novo v&iacute;rus, os sintomas e as formas de transmiss&atilde;o e mostra que a preven&ccedil;&atilde;o das crian&ccedil;as pode ser feita de maneira criativa e a partir de tarefas l&uacute;dicas.&nbsp;<\/p>\n<\/p>\n<figure><img decoding=\"async\" src=\"https:\/\/yoopies.pt\/c\/wp-content\/uploads\/sites\/15\/2020\/04\/4bafd803-5c4d-4b4b-bc40-5818d85174e5-coronavirus-guia-infantil-yoopies-1.jpg\" \/><\/figure>\n<figure><img decoding=\"async\" src=\"https:\/\/yoopies.pt\/c\/wp-content\/uploads\/sites\/15\/2020\/04\/a07b91a0-6f3b-4574-93c1-9ed738780b2e-coronavirus-guia-infantil-yoopies-2.jpg\" \/><\/figure>\n<figure><img decoding=\"async\" src=\"https:\/\/yoopies.pt\/c\/wp-content\/uploads\/sites\/15\/2020\/04\/831886e5-b8eb-4817-b7ce-497ec3a102c4-coronavirus-guia-infantil-yoopies-3.jpg\" \/><\/figure>\n<figure><img decoding=\"async\" src=\"https:\/\/yoopies.pt\/c\/wp-content\/uploads\/sites\/15\/2020\/04\/6c54a470-01f3-4b4c-8036-eb8ca8f0f4f0-coronavirus-guia-infantil-yoopies-4.jpg\" \/><\/figure>\n<p class=\"highlighted\">\n<p>Qualquer publica&ccedil;&atilde;o parcial ou total do guia deve mencionar a Yoopies!<\/p>\n<\/p>\n<p class=\"highlighted\">\n<p>Informa&ccedil;&otilde;es de contacto: Marina Chiarelli<br \/>\nmarina@yoopies.com<br \/>\n+351 308 812 547&nbsp;<\/p>\n<\/p>\n<p class=\"highlighted\">\n<p><strong>Sobre a Yoopies:<\/strong> Criada em 2012 por Benjamin Suchar e Jessica Cymerman, a Yoopies rapidamente tornou-se a principal plataforma de acolhimento infantil da Europa. Sediada em Paris e presente em 16 pa&iacute;ses, a start-up expandiu suas atividades de modo a incluir&nbsp; servi&ccedil;os de limpeza, apoio domiciliar a idosos e pessoas dependentes, pet sitting e apoio escolar. Com base na recomenda&ccedil;&atilde;o social de mais de 3 milh&otilde;es de membros, a Yoopies permite que os seus usu&aacute;rios escolham o seu funcion&aacute;rio com total confian&ccedil;a. A Yoopies tamb&eacute;m disponibiliza uma oferta corporativa, a YoopiesAtWork, que permite &agrave;s empresas oferecer uma ajuda concreta diante dos desafios dom&eacute;sticos enfrentados diariamente e assim, melhorar o equil&iacute;brio entre a vida profissional e pessoal dos seus colaboradores.<\/p><\/p>\n","protected":false},"excerpt":{"rendered":"<p>O que &eacute; o COVID-19? Como nos prevenir contra o v&iacute;rus? Como tratar deste assunto &hellip; <\/p>\n","protected":false},"author":10,"featured_media":157,"parent":0,"menu_order":0,"comment_status":"closed","ping_status":"closed","template":"","meta":{"_acf_changed":false,"footnotes":""},"class_list":["post-152","page","type-page","status-publish","has-post-thumbnail","hentry"],"acf":[],"yoast_head":"<!-- This site is optimized with the Yoast SEO plugin v26.9 - https:\/\/yoast.com\/product\/yoast-seo-wordpress\/ -->\n<title>Coronav\u00edrus: como explicar e orientar as crian\u00e7as<\/title>\n<meta name=\"description\" content=\"Compreender o Coronav\u00edrus n\u00e3o \u00e9 f\u00e1cil nem mesmo para adultos. A Yoopies criou um guia ilustrado que explica e resume, atrav\u00e9s de alguns conceitos simples, o v\u00edrus COVID-19.\" \/>\n<meta name=\"robots\" content=\"index, follow, max-snippet:-1, max-image-preview:large, max-video-preview:-1\" \/>\n<link rel=\"canonical\" href=\"https:\/\/yoopies.pt\/c\/coronavirus-como-explicar-e-orientar-as-criancas\/\" \/>\n<meta property=\"og:locale\" content=\"pt_PT\" \/>\n<meta property=\"og:type\" content=\"article\" \/>\n<meta property=\"og:title\" content=\"Coronav\u00edrus: como explicar e orientar as crian\u00e7as\" \/>\n<meta property=\"og:description\" content=\"Compreender o Coronav\u00edrus n\u00e3o \u00e9 f\u00e1cil nem mesmo para adultos. A Yoopies criou um guia ilustrado que explica e resume, atrav\u00e9s de alguns conceitos simples, o v\u00edrus COVID-19.\" \/>\n<meta property=\"og:url\" content=\"https:\/\/yoopies.pt\/c\/coronavirus-como-explicar-e-orientar-as-criancas\/\" \/>\n<meta property=\"og:site_name\" content=\"Yoopies Portugal\" \/>\n<meta property=\"article:modified_time\" content=\"2025-06-12T08:50:11+00:00\" \/>\n<meta property=\"og:image\" content=\"https:\/\/yoopies.pt\/c\/wp-content\/uploads\/sites\/15\/2020\/04\/73a44903-d001-40af-a53a-43f61dbe47d7-untitleddesign28129.png\" \/>\n\t<meta property=\"og:image:width\" content=\"1200\" \/>\n\t<meta property=\"og:image:height\" content=\"1697\" \/>\n\t<meta property=\"og:image:type\" content=\"image\/png\" \/>\n<meta name=\"twitter:card\" content=\"summary_large_image\" \/>\n<meta name=\"twitter:label1\" content=\"Tempo estimado de leitura\" \/>\n\t<meta name=\"twitter:data1\" content=\"2 minutos\" \/>\n<script type=\"application\/ld+json\" class=\"yoast-schema-graph\">{\"@context\":\"https:\/\/schema.org\",\"@graph\":[{\"@type\":\"WebPage\",\"@id\":\"https:\/\/yoopies.pt\/c\/coronavirus-como-explicar-e-orientar-as-criancas\/\",\"url\":\"https:\/\/yoopies.pt\/c\/coronavirus-como-explicar-e-orientar-as-criancas\/\",\"name\":\"Coronav\u00edrus: como explicar e orientar as crian\u00e7as\",\"isPartOf\":{\"@id\":\"https:\/\/yoopies.pt\/c\/#website\"},\"primaryImageOfPage\":{\"@id\":\"https:\/\/yoopies.pt\/c\/coronavirus-como-explicar-e-orientar-as-criancas\/#primaryimage\"},\"image\":{\"@id\":\"https:\/\/yoopies.pt\/c\/coronavirus-como-explicar-e-orientar-as-criancas\/#primaryimage\"},\"thumbnailUrl\":\"https:\/\/yoopies.pt\/c\/wp-content\/uploads\/sites\/15\/2020\/04\/73a44903-d001-40af-a53a-43f61dbe47d7-untitleddesign28129.png\",\"datePublished\":\"2020-04-07T15:32:28+00:00\",\"dateModified\":\"2025-06-12T08:50:11+00:00\",\"description\":\"Compreender o Coronav\u00edrus n\u00e3o \u00e9 f\u00e1cil nem mesmo para adultos. A Yoopies criou um guia ilustrado que explica e resume, atrav\u00e9s de alguns conceitos simples, o v\u00edrus COVID-19.\",\"breadcrumb\":{\"@id\":\"https:\/\/yoopies.pt\/c\/coronavirus-como-explicar-e-orientar-as-criancas\/#breadcrumb\"},\"inLanguage\":\"pt-PT\",\"potentialAction\":[{\"@type\":\"ReadAction\",\"target\":[\"https:\/\/yoopies.pt\/c\/coronavirus-como-explicar-e-orientar-as-criancas\/\"]}]},{\"@type\":\"ImageObject\",\"inLanguage\":\"pt-PT\",\"@id\":\"https:\/\/yoopies.pt\/c\/coronavirus-como-explicar-e-orientar-as-criancas\/#primaryimage\",\"url\":\"https:\/\/yoopies.pt\/c\/wp-content\/uploads\/sites\/15\/2020\/04\/73a44903-d001-40af-a53a-43f61dbe47d7-untitleddesign28129.png\",\"contentUrl\":\"https:\/\/yoopies.pt\/c\/wp-content\/uploads\/sites\/15\/2020\/04\/73a44903-d001-40af-a53a-43f61dbe47d7-untitleddesign28129.png\",\"width\":1200,\"height\":1697},{\"@type\":\"BreadcrumbList\",\"@id\":\"https:\/\/yoopies.pt\/c\/coronavirus-como-explicar-e-orientar-as-criancas\/#breadcrumb\",\"itemListElement\":[{\"@type\":\"ListItem\",\"position\":1,\"name\":\"Home\",\"item\":\"https:\/\/yoopies.pt\/c\/\"},{\"@type\":\"ListItem\",\"position\":2,\"name\":\"Coronav\u00edrus: como explicar e orientar as crian\u00e7as\"}]},{\"@type\":\"WebSite\",\"@id\":\"https:\/\/yoopies.pt\/c\/#website\",\"url\":\"https:\/\/yoopies.pt\/c\/\",\"name\":\"Yoopies Portugal\",\"description\":\"\",\"potentialAction\":[{\"@type\":\"SearchAction\",\"target\":{\"@type\":\"EntryPoint\",\"urlTemplate\":\"https:\/\/yoopies.pt\/c\/?s={search_term_string}\"},\"query-input\":{\"@type\":\"PropertyValueSpecification\",\"valueRequired\":true,\"valueName\":\"search_term_string\"}}],\"inLanguage\":\"pt-PT\"}]}<\/script>\n<!-- \/ Yoast SEO plugin. -->","yoast_head_json":{"title":"Coronav\u00edrus: como explicar e orientar as crian\u00e7as","description":"Compreender o Coronav\u00edrus n\u00e3o \u00e9 f\u00e1cil nem mesmo para adultos. A Yoopies criou um guia ilustrado que explica e resume, atrav\u00e9s de alguns conceitos simples, o v\u00edrus COVID-19.","robots":{"index":"index","follow":"follow","max-snippet":"max-snippet:-1","max-image-preview":"max-image-preview:large","max-video-preview":"max-video-preview:-1"},"canonical":"https:\/\/yoopies.pt\/c\/coronavirus-como-explicar-e-orientar-as-criancas\/","og_locale":"pt_PT","og_type":"article","og_title":"Coronav\u00edrus: como explicar e orientar as crian\u00e7as","og_description":"Compreender o Coronav\u00edrus n\u00e3o \u00e9 f\u00e1cil nem mesmo para adultos. A Yoopies criou um guia ilustrado que explica e resume, atrav\u00e9s de alguns conceitos simples, o v\u00edrus COVID-19.","og_url":"https:\/\/yoopies.pt\/c\/coronavirus-como-explicar-e-orientar-as-criancas\/","og_site_name":"Yoopies Portugal","article_modified_time":"2025-06-12T08:50:11+00:00","og_image":[{"width":1200,"height":1697,"url":"https:\/\/yoopies.pt\/c\/wp-content\/uploads\/sites\/15\/2020\/04\/73a44903-d001-40af-a53a-43f61dbe47d7-untitleddesign28129.png","type":"image\/png"}],"twitter_card":"summary_large_image","twitter_misc":{"Tempo estimado de leitura":"2 minutos"},"schema":{"@context":"https:\/\/schema.org","@graph":[{"@type":"WebPage","@id":"https:\/\/yoopies.pt\/c\/coronavirus-como-explicar-e-orientar-as-criancas\/","url":"https:\/\/yoopies.pt\/c\/coronavirus-como-explicar-e-orientar-as-criancas\/","name":"Coronav\u00edrus: como explicar e orientar as crian\u00e7as","isPartOf":{"@id":"https:\/\/yoopies.pt\/c\/#website"},"primaryImageOfPage":{"@id":"https:\/\/yoopies.pt\/c\/coronavirus-como-explicar-e-orientar-as-criancas\/#primaryimage"},"image":{"@id":"https:\/\/yoopies.pt\/c\/coronavirus-como-explicar-e-orientar-as-criancas\/#primaryimage"},"thumbnailUrl":"https:\/\/yoopies.pt\/c\/wp-content\/uploads\/sites\/15\/2020\/04\/73a44903-d001-40af-a53a-43f61dbe47d7-untitleddesign28129.png","datePublished":"2020-04-07T15:32:28+00:00","dateModified":"2025-06-12T08:50:11+00:00","description":"Compreender o Coronav\u00edrus n\u00e3o \u00e9 f\u00e1cil nem mesmo para adultos. A Yoopies criou um guia ilustrado que explica e resume, atrav\u00e9s de alguns conceitos simples, o v\u00edrus COVID-19.","breadcrumb":{"@id":"https:\/\/yoopies.pt\/c\/coronavirus-como-explicar-e-orientar-as-criancas\/#breadcrumb"},"inLanguage":"pt-PT","potentialAction":[{"@type":"ReadAction","target":["https:\/\/yoopies.pt\/c\/coronavirus-como-explicar-e-orientar-as-criancas\/"]}]},{"@type":"ImageObject","inLanguage":"pt-PT","@id":"https:\/\/yoopies.pt\/c\/coronavirus-como-explicar-e-orientar-as-criancas\/#primaryimage","url":"https:\/\/yoopies.pt\/c\/wp-content\/uploads\/sites\/15\/2020\/04\/73a44903-d001-40af-a53a-43f61dbe47d7-untitleddesign28129.png","contentUrl":"https:\/\/yoopies.pt\/c\/wp-content\/uploads\/sites\/15\/2020\/04\/73a44903-d001-40af-a53a-43f61dbe47d7-untitleddesign28129.png","width":1200,"height":1697},{"@type":"BreadcrumbList","@id":"https:\/\/yoopies.pt\/c\/coronavirus-como-explicar-e-orientar-as-criancas\/#breadcrumb","itemListElement":[{"@type":"ListItem","position":1,"name":"Home","item":"https:\/\/yoopies.pt\/c\/"},{"@type":"ListItem","position":2,"name":"Coronav\u00edrus: como explicar e orientar as crian\u00e7as"}]},{"@type":"WebSite","@id":"https:\/\/yoopies.pt\/c\/#website","url":"https:\/\/yoopies.pt\/c\/","name":"Yoopies Portugal","description":"","potentialAction":[{"@type":"SearchAction","target":{"@type":"EntryPoint","urlTemplate":"https:\/\/yoopies.pt\/c\/?s={search_term_string}"},"query-input":{"@type":"PropertyValueSpecification","valueRequired":true,"valueName":"search_term_string"}}],"inLanguage":"pt-PT"}]}},"_links":{"self":[{"href":"https:\/\/yoopies.pt\/c\/wp-json\/wp\/v2\/pages\/152","targetHints":{"allow":["GET"]}}],"collection":[{"href":"https:\/\/yoopies.pt\/c\/wp-json\/wp\/v2\/pages"}],"about":[{"href":"https:\/\/yoopies.pt\/c\/wp-json\/wp\/v2\/types\/page"}],"author":[{"embeddable":true,"href":"https:\/\/yoopies.pt\/c\/wp-json\/wp\/v2\/users\/10"}],"replies":[{"embeddable":true,"href":"https:\/\/yoopies.pt\/c\/wp-json\/wp\/v2\/comments?post=152"}],"version-history":[{"count":1,"href":"https:\/\/yoopies.pt\/c\/wp-json\/wp\/v2\/pages\/152\/revisions"}],"predecessor-version":[{"id":158,"href":"https:\/\/yoopies.pt\/c\/wp-json\/wp\/v2\/pages\/152\/revisions\/158"}],"wp:featuredmedia":[{"embeddable":true,"href":"https:\/\/yoopies.pt\/c\/wp-json\/wp\/v2\/media\/157"}],"wp:attachment":[{"href":"https:\/\/yoopies.pt\/c\/wp-json\/wp\/v2\/media?parent=152"}],"curies":[{"name":"wp","href":"https:\/\/api.w.org\/{rel}","templated":true}]}}