{"id":150,"date":"2020-04-07T16:26:03","date_gmt":"2020-04-07T16:26:03","guid":{"rendered":"https:\/\/blog.yoopies.pt\/covid-19-os-trabalhadores-domesticos-estao-a-ser-esquecidos\/"},"modified":"2025-06-12T08:50:11","modified_gmt":"2025-06-12T08:50:11","slug":"covid-19-os-trabalhadores-domesticos-estao-a-ser-esquecidos","status":"publish","type":"page","link":"https:\/\/yoopies.pt\/c\/covid-19-os-trabalhadores-domesticos-estao-a-ser-esquecidos\/","title":{"rendered":"Covid-19: Os trabalhadores dom\u00e9sticos est\u00e3o a ser esquecidos?"},"content":{"rendered":"<p class=\"highlighted\">\n<p>A Yoopies destaca as medidas de apoio que est&atilde;o a ser tomadas nos pa&iacute;ses europeus<\/p>\n<\/p>\n<p><p><em>Ajuda econ&oacute;mica, fundos especiais, direito ao desemprego, apelo &agrave; solidariedade das fam&iacute;lias empregadoras&hellip; Os pa&iacute;ses europeus confrontam-se agora com a situa&ccedil;&atilde;o de emerg&ecirc;ncia de milh&otilde;es de trabalhadores dom&eacute;sticos que est&atilde;o sem trabalho devido &agrave; crise de sa&uacute;de. A <a href=\"https:\/\/yoopies.pt\/\">Yoopies<\/a>, plataforma internacional que facilita a procura e a oferta de servi&ccedil;os dom&eacute;sticos, apresenta uma vis&atilde;o geral das medidas que est&atilde;o a ser tomadas nos diferentes pa&iacute;ses. <a href=\"https:\/\/yoopies.pt\/c\/covid-19-milhoes-de-trabalhadores-domesticos-desempregados\">Clique aqui<\/a> e aceda ao artigo completo.&nbsp;<\/em><\/p>\n<\/p>\n<p><p>Enquanto a <strong>Fran&ccedil;a<\/strong>, a <strong>Alemanha<\/strong> e a <strong>Espanha<\/strong> j&aacute; implementaram medidas espec&iacute;ficas para proteger os trabalhadores dom&eacute;sticos, que continuam a ser essenciais para apoiar as fam&iacute;lias europeias na presta&ccedil;&atilde;o de cuidados e assist&ecirc;ncia &agrave;s camadas mais jovens e mais velhas da popula&ccedil;&atilde;o, a <strong>It&aacute;lia<\/strong> e <strong>Portugal<\/strong> ainda n&atilde;o aprovaram ajudas sociais para satisfazer plenamente as necessidades do sector, embora tenham implementado medidas pr&aacute;ticas de apoio em casos espec&iacute;ficos. No entanto, um ponto comum entre os pa&iacute;ses analisados, que est&aacute; a ser discutido nos diferentes governos, &eacute; a oportunidade de favorecer e incentivar a regulariza&ccedil;&atilde;o laboral destes trabalhadores.<\/p>\n<\/p>\n<p><p>No caso da <strong>Fran&ccedil;a<\/strong>, o Minist&eacute;rio da Economia lan&ccedil;ou uma nova medida que permite aos empregadores solicitarem o desemprego parcial dos seus trabalhadores dom&eacute;sticos. A fim de evitar que algumas pessoas interrompam o pagamento do sal&aacute;rio por horas n&atilde;o trabalhadas, os empregadores podem declarar as horas efetivamente trabalhadas, indicar as horas que n&atilde;o foram cumpridas e pagar ao empregado&nbsp; 80% do sal&aacute;rio l&iacute;quido pelas horas n&atilde;o trabalhadas &#8211; valor que ser&aacute; reembolsado pelo Estado em cerca de 15 dias. Por outro lado, os empregados dom&eacute;sticos com contrato de trabalho na <strong>Alemanha<\/strong> e que n&atilde;o possam trabalhar 10% ou mais do seu hor&aacute;rio de trabalho por causa da crise do Covid-19, tem direito a receber uma compensa&ccedil;&atilde;o de curto prazo. O montante equivale a 60% do sal&aacute;rio l&iacute;quido e 67% para aqueles que t&ecirc;m filhos. Em <strong>Espanha<\/strong>, o Governo aprovou a cria&ccedil;&atilde;o de um subs&iacute;dio especial de desemprego, ao qual os trabalhadores dom&eacute;sticos podem ter acesso se forem despedidos ou se o seu hor&aacute;rio de trabalho for reduzido. Esta presta&ccedil;&atilde;o, 70% da base contributiva, destina-se a quem j&aacute; estava regularmente inscrito na seguran&ccedil;a social antes do estado de emerg&ecirc;ncia.&nbsp;<\/p>\n<\/p>\n<p><p><strong>Portugal: trabalhadores dom&eacute;sticos contam com a &#8220;boa vontade&#8221; dos empregadores&nbsp;<\/strong><\/p>\n<\/p>\n<p><p>Em <strong>Portugal<\/strong>, os trabalhadores dom&eacute;sticos que tenham de deixar de trabalhar por motivo de doen&ccedil;a, isolamento profil&aacute;tico ou presta&ccedil;&atilde;o de assist&ecirc;ncia a filho ou outro dependente menor de 12 anos ou que, independentemente da idade, tenha alguma defici&ecirc;ncia ou doen&ccedil;a cr&oacute;nica, t&ecirc;m direito a receber o apoio financeiro que corresponde a \u2154 (66%) da sua remunera&ccedil;&atilde;o &#8211; valor referente a retribui&ccedil;&atilde;o mensal declarada perante a Seguran&ccedil;a Social. Por&eacute;m, nos casos em que as crian&ccedil;as tenham 12, ou mais, anos de idade n&atilde;o ser&aacute; poss&iacute;vel recorrer ao aux&iacute;lio. Por outro lado, no cen&aacute;rio em que &eacute; a fam&iacute;lia que deseja interromper o servi&ccedil;o por medo de cont&aacute;gio, por exemplo, o trabalho pode ser rescindido e o trabalhador despedido de acordo com os termos e condi&ccedil;&otilde;es estipulados no contrato de trabalho. No entanto, mediante acordo entre as partes, os empregadores podem recorrer a f&eacute;rias antecipadas ou bancos de horas como alternativas para manter a remunera&ccedil;&atilde;o do funcion&aacute;rio.&nbsp;<\/p>\n<\/p>\n<p><p>&#8220;Temos mais de 50.000 trabalhadores dom&eacute;sticos registados e na incerteza se ir&atilde;o receber sal&aacute;rios nas pr&oacute;ximas semanas ou meses. Muitos escrevem-nos a pedir ajuda para conseguir um novo emprego porque n&atilde;o sabem como ir&atilde;o cobrir todas as suas despesas durante o per&iacute;odo de crise. Por este motivo, tendo em conta as medidas de prote&ccedil;&atilde;o acima referidas, esperamos saber se a categoria dos trabalhadores dom&eacute;sticos poder&aacute; ser benefici&aacute;ria de um aux&iacute;lio emergencial em caso de demiss&atilde;o ou impossibilidade de recorrer &agrave; ajuda j&aacute; anunciada pelo Governo&#8221;, comenta Marina Chiarelli, Country Manager da Yoopies em Portugal.<\/p>\n<\/p>\n<p><p>&#8211; Para mais informa&ccedil;&otilde;es e uma an&aacute;lise completa das medidas de apoio que est&atilde;o a ser tomadas nos pa&iacute;ses europeus, por favor <a href=\"https:\/\/yoopies.pt\/c\/covid-19-milhoes-de-trabalhadores-domesticos-desempregados\">clique aqui<\/a> e aceda ao artigo da Yoopies.&nbsp;<\/p>\n<\/p>\n<p class=\"highlighted\">\n<p>Informa&ccedil;&otilde;es de contacto: Marina Chiarelli<br \/>\nmarina@yoopies.com<br \/>\n+351 308 812 547&nbsp;<\/p>\n<\/p>\n<p class=\"highlighted\">\n<p><strong>Sobre a Yoopies:<\/strong> Criada em 2012 por Benjamin Suchar e Jessica Cymerman, a Yoopies rapidamente tornou-se a principal plataforma de acolhimento infantil da Europa. Sediada em Paris e presente em 16 pa&iacute;ses, a start-up expandiu suas atividades de modo a incluir&nbsp; servi&ccedil;os de limpeza, apoio domiciliar a idosos e pessoas dependentes, pet sitting e apoio escolar. Com base na recomenda&ccedil;&atilde;o social de mais de 3 milh&otilde;es de membros, a Yoopies permite que os seus usu&aacute;rios escolham o seu funcion&aacute;rio com total confian&ccedil;a. A Yoopies tamb&eacute;m disponibiliza uma oferta corporativa, a YoopiesAtWork, que permite &agrave;s empresas oferecer uma ajuda concreta diante dos desafios dom&eacute;sticos enfrentados diariamente e assim, melhorar o equil&iacute;brio entre a vida profissional e pessoal dos seus colaboradores.<\/p><\/p>\n","protected":false},"excerpt":{"rendered":"<p>A Yoopies destaca as medidas de apoio que est&atilde;o a ser tomadas nos pa&iacute;ses europeus &hellip; <\/p>\n","protected":false},"author":10,"featured_media":0,"parent":0,"menu_order":0,"comment_status":"closed","ping_status":"closed","template":"","meta":{"_acf_changed":false,"footnotes":""},"class_list":["post-150","page","type-page","status-publish","hentry"],"acf":[],"yoast_head":"<!-- This site is optimized with the Yoast SEO plugin v26.9 - https:\/\/yoast.com\/product\/yoast-seo-wordpress\/ -->\n<title>Covid-19: Os trabalhadores dom\u00e9sticos est\u00e3o a ser esquecidos?<\/title>\n<meta name=\"description\" content=\"Yoopies destaca as medidas de apoio que os pa\u00edses europeus est\u00e3o a tomar para ajudar os trabalhadores dom\u00e9stico.\" \/>\n<meta name=\"robots\" content=\"index, follow, max-snippet:-1, max-image-preview:large, max-video-preview:-1\" \/>\n<link rel=\"canonical\" href=\"https:\/\/yoopies.pt\/c\/covid-19-os-trabalhadores-domesticos-estao-a-ser-esquecidos\/\" \/>\n<meta property=\"og:locale\" content=\"pt_PT\" \/>\n<meta property=\"og:type\" content=\"article\" \/>\n<meta property=\"og:title\" content=\"Covid-19: Os trabalhadores dom\u00e9sticos est\u00e3o a ser esquecidos?\" \/>\n<meta property=\"og:description\" content=\"Yoopies destaca as medidas de apoio que os pa\u00edses europeus est\u00e3o a tomar para ajudar os trabalhadores dom\u00e9stico.\" \/>\n<meta property=\"og:url\" content=\"https:\/\/yoopies.pt\/c\/covid-19-os-trabalhadores-domesticos-estao-a-ser-esquecidos\/\" \/>\n<meta property=\"og:site_name\" content=\"Yoopies Portugal\" \/>\n<meta property=\"article:modified_time\" content=\"2025-06-12T08:50:11+00:00\" \/>\n<meta name=\"twitter:card\" content=\"summary_large_image\" \/>\n<meta name=\"twitter:label1\" content=\"Tempo estimado de leitura\" \/>\n\t<meta name=\"twitter:data1\" content=\"5 minutos\" \/>\n<script type=\"application\/ld+json\" class=\"yoast-schema-graph\">{\"@context\":\"https:\/\/schema.org\",\"@graph\":[{\"@type\":\"WebPage\",\"@id\":\"https:\/\/yoopies.pt\/c\/covid-19-os-trabalhadores-domesticos-estao-a-ser-esquecidos\/\",\"url\":\"https:\/\/yoopies.pt\/c\/covid-19-os-trabalhadores-domesticos-estao-a-ser-esquecidos\/\",\"name\":\"Covid-19: Os trabalhadores dom\u00e9sticos est\u00e3o a ser esquecidos?\",\"isPartOf\":{\"@id\":\"https:\/\/yoopies.pt\/c\/#website\"},\"datePublished\":\"2020-04-07T16:26:03+00:00\",\"dateModified\":\"2025-06-12T08:50:11+00:00\",\"description\":\"Yoopies destaca as medidas de apoio que os pa\u00edses europeus est\u00e3o a tomar para ajudar os trabalhadores dom\u00e9stico.\",\"breadcrumb\":{\"@id\":\"https:\/\/yoopies.pt\/c\/covid-19-os-trabalhadores-domesticos-estao-a-ser-esquecidos\/#breadcrumb\"},\"inLanguage\":\"pt-PT\",\"potentialAction\":[{\"@type\":\"ReadAction\",\"target\":[\"https:\/\/yoopies.pt\/c\/covid-19-os-trabalhadores-domesticos-estao-a-ser-esquecidos\/\"]}]},{\"@type\":\"BreadcrumbList\",\"@id\":\"https:\/\/yoopies.pt\/c\/covid-19-os-trabalhadores-domesticos-estao-a-ser-esquecidos\/#breadcrumb\",\"itemListElement\":[{\"@type\":\"ListItem\",\"position\":1,\"name\":\"Home\",\"item\":\"https:\/\/yoopies.pt\/c\/\"},{\"@type\":\"ListItem\",\"position\":2,\"name\":\"Covid-19: Os trabalhadores dom\u00e9sticos est\u00e3o a ser esquecidos?\"}]},{\"@type\":\"WebSite\",\"@id\":\"https:\/\/yoopies.pt\/c\/#website\",\"url\":\"https:\/\/yoopies.pt\/c\/\",\"name\":\"Yoopies Portugal\",\"description\":\"\",\"potentialAction\":[{\"@type\":\"SearchAction\",\"target\":{\"@type\":\"EntryPoint\",\"urlTemplate\":\"https:\/\/yoopies.pt\/c\/?s={search_term_string}\"},\"query-input\":{\"@type\":\"PropertyValueSpecification\",\"valueRequired\":true,\"valueName\":\"search_term_string\"}}],\"inLanguage\":\"pt-PT\"}]}<\/script>\n<!-- \/ Yoast SEO plugin. -->","yoast_head_json":{"title":"Covid-19: Os trabalhadores dom\u00e9sticos est\u00e3o a ser esquecidos?","description":"Yoopies destaca as medidas de apoio que os pa\u00edses europeus est\u00e3o a tomar para ajudar os trabalhadores dom\u00e9stico.","robots":{"index":"index","follow":"follow","max-snippet":"max-snippet:-1","max-image-preview":"max-image-preview:large","max-video-preview":"max-video-preview:-1"},"canonical":"https:\/\/yoopies.pt\/c\/covid-19-os-trabalhadores-domesticos-estao-a-ser-esquecidos\/","og_locale":"pt_PT","og_type":"article","og_title":"Covid-19: Os trabalhadores dom\u00e9sticos est\u00e3o a ser esquecidos?","og_description":"Yoopies destaca as medidas de apoio que os pa\u00edses europeus est\u00e3o a tomar para ajudar os trabalhadores dom\u00e9stico.","og_url":"https:\/\/yoopies.pt\/c\/covid-19-os-trabalhadores-domesticos-estao-a-ser-esquecidos\/","og_site_name":"Yoopies Portugal","article_modified_time":"2025-06-12T08:50:11+00:00","twitter_card":"summary_large_image","twitter_misc":{"Tempo estimado de leitura":"5 minutos"},"schema":{"@context":"https:\/\/schema.org","@graph":[{"@type":"WebPage","@id":"https:\/\/yoopies.pt\/c\/covid-19-os-trabalhadores-domesticos-estao-a-ser-esquecidos\/","url":"https:\/\/yoopies.pt\/c\/covid-19-os-trabalhadores-domesticos-estao-a-ser-esquecidos\/","name":"Covid-19: Os trabalhadores dom\u00e9sticos est\u00e3o a ser esquecidos?","isPartOf":{"@id":"https:\/\/yoopies.pt\/c\/#website"},"datePublished":"2020-04-07T16:26:03+00:00","dateModified":"2025-06-12T08:50:11+00:00","description":"Yoopies destaca as medidas de apoio que os pa\u00edses europeus est\u00e3o a tomar para ajudar os trabalhadores dom\u00e9stico.","breadcrumb":{"@id":"https:\/\/yoopies.pt\/c\/covid-19-os-trabalhadores-domesticos-estao-a-ser-esquecidos\/#breadcrumb"},"inLanguage":"pt-PT","potentialAction":[{"@type":"ReadAction","target":["https:\/\/yoopies.pt\/c\/covid-19-os-trabalhadores-domesticos-estao-a-ser-esquecidos\/"]}]},{"@type":"BreadcrumbList","@id":"https:\/\/yoopies.pt\/c\/covid-19-os-trabalhadores-domesticos-estao-a-ser-esquecidos\/#breadcrumb","itemListElement":[{"@type":"ListItem","position":1,"name":"Home","item":"https:\/\/yoopies.pt\/c\/"},{"@type":"ListItem","position":2,"name":"Covid-19: Os trabalhadores dom\u00e9sticos est\u00e3o a ser esquecidos?"}]},{"@type":"WebSite","@id":"https:\/\/yoopies.pt\/c\/#website","url":"https:\/\/yoopies.pt\/c\/","name":"Yoopies Portugal","description":"","potentialAction":[{"@type":"SearchAction","target":{"@type":"EntryPoint","urlTemplate":"https:\/\/yoopies.pt\/c\/?s={search_term_string}"},"query-input":{"@type":"PropertyValueSpecification","valueRequired":true,"valueName":"search_term_string"}}],"inLanguage":"pt-PT"}]}},"_links":{"self":[{"href":"https:\/\/yoopies.pt\/c\/wp-json\/wp\/v2\/pages\/150","targetHints":{"allow":["GET"]}}],"collection":[{"href":"https:\/\/yoopies.pt\/c\/wp-json\/wp\/v2\/pages"}],"about":[{"href":"https:\/\/yoopies.pt\/c\/wp-json\/wp\/v2\/types\/page"}],"author":[{"embeddable":true,"href":"https:\/\/yoopies.pt\/c\/wp-json\/wp\/v2\/users\/10"}],"replies":[{"embeddable":true,"href":"https:\/\/yoopies.pt\/c\/wp-json\/wp\/v2\/comments?post=150"}],"version-history":[{"count":1,"href":"https:\/\/yoopies.pt\/c\/wp-json\/wp\/v2\/pages\/150\/revisions"}],"predecessor-version":[{"id":151,"href":"https:\/\/yoopies.pt\/c\/wp-json\/wp\/v2\/pages\/150\/revisions\/151"}],"wp:attachment":[{"href":"https:\/\/yoopies.pt\/c\/wp-json\/wp\/v2\/media?parent=150"}],"curies":[{"name":"wp","href":"https:\/\/api.w.org\/{rel}","templated":true}]}}