{"id":148,"date":"2020-04-07T16:12:30","date_gmt":"2020-04-07T16:12:30","guid":{"rendered":"https:\/\/blog.yoopies.pt\/voluntarios-face-a-crise-do-covid-19\/"},"modified":"2025-06-12T08:50:12","modified_gmt":"2025-06-12T08:50:12","slug":"voluntarios-face-a-crise-do-covid-19","status":"publish","type":"page","link":"https:\/\/yoopies.pt\/c\/voluntarios-face-a-crise-do-covid-19\/","title":{"rendered":"Volunt\u00e1rios face \u00e0 crise do Covid-19"},"content":{"rendered":"<p class=\"highlighted\">\n<p>Yoopies apela &agrave; solidariedade nos pa&iacute;ses europeus e lan&ccedil;a recurso na plataforma que permite oferecer cuidados infantis gratuitos aos profissionais da &aacute;rea de sa&uacute;de!<\/p>\n<\/p>\n<p><p><em>No contexto da grave crise de sa&uacute;de que os pa&iacute;ses europeus enfrentam e face ao encerramento das creches e escolas portuguesas a partir desta segunda-feira, 16\/03, a <a href=\"https:\/\/yoopies.pt\">Yoopies<\/a> ajuda nos esfor&ccedil;os de apoio aos profissionais da &aacute;rea de sa&uacute;de e lan&ccedil;a novo recurso que permite encontrar facilmente volunt&aacute;rios imediatamente dispon&iacute;veis e que est&atilde;o a oferecer servi&ccedil;os de babytitting gratuitamente. Portanto, todos aqueles que est&atilde;o a trabalhar no combate ao coronav&iacute;rus e procuram cuidados infantis t&ecirc;m acesso gratuito &agrave; plataforma e as pessoas qualificadas que desejam contribuir voluntariamente para o cuidado domiciliar dos filhos dos profissionais de sa&uacute;de podem registar-se a partir deste link:&nbsp;<\/em><a href=\"https:\/\/yoopies.pt\/info\/voluntariado-covid19\/\"><strong>https:\/\/yoopies.pt\/info\/voluntariado-covid19\/<\/strong><\/a><\/p>\n<\/p>\n<p><p><strong>Apoio &agrave;s fam&iacute;lias que lutam na linha da frente pela nossa sa&uacute;de<\/strong><\/p>\n<\/p>\n<p><p>Numa altura em que os trabalhadores dos servi&ccedil;os de sa&uacute;de dos nossos pa&iacute;ses, tanto p&uacute;blicos como privados, est&atilde;o a ser chamados a trabalhar a um ritmo apertado e dif&iacute;cil para combater a infec&ccedil;&atilde;o e salvar o maior n&uacute;mero de vidas poss&iacute;vel, cuidar dos filhos destes trabalhadores &eacute; uma prioridade. Sem a possibilidade de tirar licen&ccedil;a parental e sem a ajuda dos av&oacute;s, dados os perigos do v&iacute;rus Covid-19 para os idosos e pessoas com doen&ccedil;as cr&oacute;nicas, estes trabalhadores arriscam-se a n&atilde;o saber a quem confiar os seus filhos, acrescentando uma carga adicional de stress e apreens&atilde;o.&nbsp;<\/p>\n<\/p>\n<p><p><strong>Uma iniciativa de solidariedade internacional<\/strong><\/p>\n<\/p>\n<p><p>Por esta raz&atilde;o e ap&oacute;s uma explos&atilde;o de solidariedade nascida dos usu&aacute;rios registados na nossa comunidade, a <a href=\"https:\/\/yoopies.pt\">Yoopies<\/a> lan&ccedil;a um apelo aos estudantes e profissionais de sa&uacute;de dos principais pa&iacute;ses europeus &#8211; Fran&ccedil;a, It&aacute;lia, Espanha e Portugal &#8211; para contribu&iacute;rem gratuitamente para o cuidado domicili&aacute;rio dos filhos dos profissionais de sa&uacute;de. Um &iacute;mpeto de solidariedade que pode fazer a diferen&ccedil;a, permitindo que m&eacute;dicos, enfermeiros e equipa administrativa de hospitais continuem a cuidar dos doentes. Todos os profissionais de cuidados infantis e educadores que tiveram que parar de trabalhar e, em geral, todos aqueles que querem oferecer ajuda e apoio gratuitos &agrave;s fam&iacute;lias dos trabalhadores do servi&ccedil;o de sa&uacute;de podem registar-se a partir deste link:<a href=\"https:\/\/yoopies.pt\/info\/voluntariado-covid19\/\"><strong>https:\/\/yoopies.pt\/info\/voluntariado-covid19\/<\/strong><\/a><\/p>\n<\/p>\n<p><p>A equipa <a href=\"https:\/\/yoopies.pt\">Yoopies<\/a> afixar&aacute; o carimbo &lsquo;&rsquo;Volunt&aacute;rio face &agrave; crise do Covid-19&rsquo;&rsquo; nos perfis correspondentes. Todos aqueles registados nas plataformas Yoopies em todos os pa&iacute;ses tamb&eacute;m ser&atilde;o treinados em medidas preventivas contra o coronav&iacute;rus. No mais, a <a href=\"https:\/\/yoopies.pt\/\">Yoopies<\/a> tamb&eacute;m disponibiliza um <a href=\"https:\/\/yoopies.pt\/c\/coronavirus-como-explicar-e-orientar-as-criancas\">guia infantil<\/a> para ajudar os pais e educadores a falar sobre o surto de Covid-19 com as crian&ccedil;as. A inten&ccedil;&atilde;o &eacute; explicar de forma simples e objetiva o que &eacute; o novo v&iacute;rus, os sintomas e as formas de transmiss&atilde;o e mostrar que a preven&ccedil;&atilde;o das crian&ccedil;as pode ser feita de forma criativa e a partir de tarefas l&uacute;dicas.&nbsp;<\/p>\n<\/p>\n<p><p><a href=\"https:\/\/yoopies.pt\/c\/coronavirus-como-explicar-e-orientar-as-criancas\">Clique aqui<\/a> e aceda ao guia infantil criado exclusivamente pela <a href=\"https:\/\/yoopies.pt\/\">Yoopies<\/a>.&nbsp;<\/p>\n<\/p>\n<p><p>A Yoopies tamb&eacute;m apela &agrave; sua comunidade de babysitting para ajudar outros trabalhadores &#8211; al&eacute;m de m&eacute;dicos, enfermeiros e pessoal administrativo hospitalar &#8211; tais como trabalhadores do sector energ&eacute;tico, farm&aacute;cias e supermercados, por exemplo, que continuam a trabalhar normalmente, apesar da situa&ccedil;&atilde;o de emerg&ecirc;ncia que encontramo-nos. Por isto,&nbsp; n&atilde;o hesite em<a href=\"https:\/\/yoopies.pt\/registration\/childcare\/applicant\"> clicar aqui<\/a> e registar-se como candidato na<a href=\"https:\/\/yoopies.pt\"> Yoopies.pt<\/a><\/p>\n<\/p>\n<p><p>*Qualquer refer&ecirc;ncia ou reprodu&ccedil;&atilde;o deste artigo ou do guia infantil, por favor, cite a Yoopies e incluia o link: <a href=\"http:\/\/www.yoopies.pt\">www.yoopies.pt<\/a><\/p>\n<\/p>\n<p class=\"highlighted\">\n<p>Informa&ccedil;&otilde;es de contacto: Marina Chiarelli<br \/>\nmarina@yoopies.com<br \/>\n+351 308 812 547&nbsp;<\/p>\n<\/p>\n<p class=\"highlighted\">\n<p><strong>Sobre a Yoopies:<\/strong> Criada em 2012 por Benjamin Suchar e Jessica Cymerman, a Yoopies rapidamente tornou-se a principal plataforma de acolhimento infantil da Europa. Sediada em Paris e presente em 16 pa&iacute;ses, a start-up expandiu suas atividades de modo a incluir&nbsp; servi&ccedil;os de limpeza, apoio domiciliar a idosos e pessoas dependentes, pet sitting e apoio escolar. Com base na recomenda&ccedil;&atilde;o social de mais de 3 milh&otilde;es de membros, a Yoopies permite que os seus usu&aacute;rios escolham o seu funcion&aacute;rio com total confian&ccedil;a. A Yoopies tamb&eacute;m disponibiliza uma oferta corporativa, a YoopiesAtWork, que permite &agrave;s empresas oferecer uma ajuda concreta diante dos desafios dom&eacute;sticos enfrentados diariamente e assim, melhorar o equil&iacute;brio entre a vida profissional e pessoal dos seus colaboradores.<\/p><\/p>\n","protected":false},"excerpt":{"rendered":"<p>Yoopies apela &agrave; solidariedade nos pa&iacute;ses europeus e lan&ccedil;a recurso na plataforma que permite oferecer &hellip; <\/p>\n","protected":false},"author":10,"featured_media":0,"parent":0,"menu_order":0,"comment_status":"closed","ping_status":"closed","template":"","meta":{"_acf_changed":false,"footnotes":""},"class_list":["post-148","page","type-page","status-publish","hentry"],"acf":[],"yoast_head":"<!-- This site is optimized with the Yoast SEO plugin v26.9 - https:\/\/yoast.com\/product\/yoast-seo-wordpress\/ -->\n<title>Volunt\u00e1rios face \u00e0 crise do Covid-19<\/title>\n<meta name=\"description\" content=\"Yoopies apela \u00e0 solidariedade nos pa\u00edses europeus e lan\u00e7a recurso na plataforma que permite oferecer cuidados infantis gratuitos aos profissionais da \u00e1rea de sa\u00fade!\" \/>\n<meta name=\"robots\" content=\"index, follow, max-snippet:-1, max-image-preview:large, max-video-preview:-1\" \/>\n<link rel=\"canonical\" href=\"https:\/\/yoopies.pt\/c\/voluntarios-face-a-crise-do-covid-19\/\" \/>\n<meta property=\"og:locale\" content=\"pt_PT\" \/>\n<meta property=\"og:type\" content=\"article\" \/>\n<meta property=\"og:title\" content=\"Volunt\u00e1rios face \u00e0 crise do Covid-19\" \/>\n<meta property=\"og:description\" content=\"Yoopies apela \u00e0 solidariedade nos pa\u00edses europeus e lan\u00e7a recurso na plataforma que permite oferecer cuidados infantis gratuitos aos profissionais da \u00e1rea de sa\u00fade!\" \/>\n<meta property=\"og:url\" content=\"https:\/\/yoopies.pt\/c\/voluntarios-face-a-crise-do-covid-19\/\" \/>\n<meta property=\"og:site_name\" content=\"Yoopies Portugal\" \/>\n<meta property=\"article:modified_time\" content=\"2025-06-12T08:50:12+00:00\" \/>\n<meta name=\"twitter:card\" content=\"summary_large_image\" \/>\n<meta name=\"twitter:label1\" content=\"Tempo estimado de leitura\" \/>\n\t<meta name=\"twitter:data1\" content=\"4 minutos\" \/>\n<script type=\"application\/ld+json\" class=\"yoast-schema-graph\">{\"@context\":\"https:\/\/schema.org\",\"@graph\":[{\"@type\":\"WebPage\",\"@id\":\"https:\/\/yoopies.pt\/c\/voluntarios-face-a-crise-do-covid-19\/\",\"url\":\"https:\/\/yoopies.pt\/c\/voluntarios-face-a-crise-do-covid-19\/\",\"name\":\"Volunt\u00e1rios face \u00e0 crise do Covid-19\",\"isPartOf\":{\"@id\":\"https:\/\/yoopies.pt\/c\/#website\"},\"datePublished\":\"2020-04-07T16:12:30+00:00\",\"dateModified\":\"2025-06-12T08:50:12+00:00\",\"description\":\"Yoopies apela \u00e0 solidariedade nos pa\u00edses europeus e lan\u00e7a recurso na plataforma que permite oferecer cuidados infantis gratuitos aos profissionais da \u00e1rea de sa\u00fade!\",\"breadcrumb\":{\"@id\":\"https:\/\/yoopies.pt\/c\/voluntarios-face-a-crise-do-covid-19\/#breadcrumb\"},\"inLanguage\":\"pt-PT\",\"potentialAction\":[{\"@type\":\"ReadAction\",\"target\":[\"https:\/\/yoopies.pt\/c\/voluntarios-face-a-crise-do-covid-19\/\"]}]},{\"@type\":\"BreadcrumbList\",\"@id\":\"https:\/\/yoopies.pt\/c\/voluntarios-face-a-crise-do-covid-19\/#breadcrumb\",\"itemListElement\":[{\"@type\":\"ListItem\",\"position\":1,\"name\":\"Home\",\"item\":\"https:\/\/yoopies.pt\/c\/\"},{\"@type\":\"ListItem\",\"position\":2,\"name\":\"Volunt\u00e1rios face \u00e0 crise do Covid-19\"}]},{\"@type\":\"WebSite\",\"@id\":\"https:\/\/yoopies.pt\/c\/#website\",\"url\":\"https:\/\/yoopies.pt\/c\/\",\"name\":\"Yoopies Portugal\",\"description\":\"\",\"potentialAction\":[{\"@type\":\"SearchAction\",\"target\":{\"@type\":\"EntryPoint\",\"urlTemplate\":\"https:\/\/yoopies.pt\/c\/?s={search_term_string}\"},\"query-input\":{\"@type\":\"PropertyValueSpecification\",\"valueRequired\":true,\"valueName\":\"search_term_string\"}}],\"inLanguage\":\"pt-PT\"}]}<\/script>\n<!-- \/ Yoast SEO plugin. -->","yoast_head_json":{"title":"Volunt\u00e1rios face \u00e0 crise do Covid-19","description":"Yoopies apela \u00e0 solidariedade nos pa\u00edses europeus e lan\u00e7a recurso na plataforma que permite oferecer cuidados infantis gratuitos aos profissionais da \u00e1rea de sa\u00fade!","robots":{"index":"index","follow":"follow","max-snippet":"max-snippet:-1","max-image-preview":"max-image-preview:large","max-video-preview":"max-video-preview:-1"},"canonical":"https:\/\/yoopies.pt\/c\/voluntarios-face-a-crise-do-covid-19\/","og_locale":"pt_PT","og_type":"article","og_title":"Volunt\u00e1rios face \u00e0 crise do Covid-19","og_description":"Yoopies apela \u00e0 solidariedade nos pa\u00edses europeus e lan\u00e7a recurso na plataforma que permite oferecer cuidados infantis gratuitos aos profissionais da \u00e1rea de sa\u00fade!","og_url":"https:\/\/yoopies.pt\/c\/voluntarios-face-a-crise-do-covid-19\/","og_site_name":"Yoopies Portugal","article_modified_time":"2025-06-12T08:50:12+00:00","twitter_card":"summary_large_image","twitter_misc":{"Tempo estimado de leitura":"4 minutos"},"schema":{"@context":"https:\/\/schema.org","@graph":[{"@type":"WebPage","@id":"https:\/\/yoopies.pt\/c\/voluntarios-face-a-crise-do-covid-19\/","url":"https:\/\/yoopies.pt\/c\/voluntarios-face-a-crise-do-covid-19\/","name":"Volunt\u00e1rios face \u00e0 crise do Covid-19","isPartOf":{"@id":"https:\/\/yoopies.pt\/c\/#website"},"datePublished":"2020-04-07T16:12:30+00:00","dateModified":"2025-06-12T08:50:12+00:00","description":"Yoopies apela \u00e0 solidariedade nos pa\u00edses europeus e lan\u00e7a recurso na plataforma que permite oferecer cuidados infantis gratuitos aos profissionais da \u00e1rea de sa\u00fade!","breadcrumb":{"@id":"https:\/\/yoopies.pt\/c\/voluntarios-face-a-crise-do-covid-19\/#breadcrumb"},"inLanguage":"pt-PT","potentialAction":[{"@type":"ReadAction","target":["https:\/\/yoopies.pt\/c\/voluntarios-face-a-crise-do-covid-19\/"]}]},{"@type":"BreadcrumbList","@id":"https:\/\/yoopies.pt\/c\/voluntarios-face-a-crise-do-covid-19\/#breadcrumb","itemListElement":[{"@type":"ListItem","position":1,"name":"Home","item":"https:\/\/yoopies.pt\/c\/"},{"@type":"ListItem","position":2,"name":"Volunt\u00e1rios face \u00e0 crise do Covid-19"}]},{"@type":"WebSite","@id":"https:\/\/yoopies.pt\/c\/#website","url":"https:\/\/yoopies.pt\/c\/","name":"Yoopies Portugal","description":"","potentialAction":[{"@type":"SearchAction","target":{"@type":"EntryPoint","urlTemplate":"https:\/\/yoopies.pt\/c\/?s={search_term_string}"},"query-input":{"@type":"PropertyValueSpecification","valueRequired":true,"valueName":"search_term_string"}}],"inLanguage":"pt-PT"}]}},"_links":{"self":[{"href":"https:\/\/yoopies.pt\/c\/wp-json\/wp\/v2\/pages\/148","targetHints":{"allow":["GET"]}}],"collection":[{"href":"https:\/\/yoopies.pt\/c\/wp-json\/wp\/v2\/pages"}],"about":[{"href":"https:\/\/yoopies.pt\/c\/wp-json\/wp\/v2\/types\/page"}],"author":[{"embeddable":true,"href":"https:\/\/yoopies.pt\/c\/wp-json\/wp\/v2\/users\/10"}],"replies":[{"embeddable":true,"href":"https:\/\/yoopies.pt\/c\/wp-json\/wp\/v2\/comments?post=148"}],"version-history":[{"count":1,"href":"https:\/\/yoopies.pt\/c\/wp-json\/wp\/v2\/pages\/148\/revisions"}],"predecessor-version":[{"id":149,"href":"https:\/\/yoopies.pt\/c\/wp-json\/wp\/v2\/pages\/148\/revisions\/149"}],"wp:attachment":[{"href":"https:\/\/yoopies.pt\/c\/wp-json\/wp\/v2\/media?parent=148"}],"curies":[{"name":"wp","href":"https:\/\/api.w.org\/{rel}","templated":true}]}}