{"id":140,"date":"2020-04-07T15:10:42","date_gmt":"2020-04-07T15:10:42","guid":{"rendered":"https:\/\/blog.yoopies.pt\/licenca-de-trabalho-parcial-remunerada-para-pais-e-maes\/"},"modified":"2025-06-12T08:50:11","modified_gmt":"2025-06-12T08:50:11","slug":"licenca-de-trabalho-parcial-remunerada-para-pais-e-maes","status":"publish","type":"page","link":"https:\/\/yoopies.pt\/c\/licenca-de-trabalho-parcial-remunerada-para-pais-e-maes\/","title":{"rendered":"Governo quer implementar licen\u00e7a de trabalho parcial remunerada para pais e m\u00e3es no primeiro ano dos filhos"},"content":{"rendered":"<p><p><em>Pesquisa exclusiva da <strong><a href=\"https:\/\/yoopies.pt\/\">Yoopies <\/a><\/strong>revela que 94% dos trabalhadores inquiridos est&atilde;o a gerir algum aspeto da vida privada no hor&aacute;rio de trabalho e que 78% dos assuntos est&atilde;o relacionados aos filhos.&nbsp;<\/em><\/p>\n<\/p>\n<p><p>O Governo Portugu&ecirc;s deseja implementar uma licen&ccedil;a de trabalho parcial remunerada para pais e m&atilde;es de crian&ccedil;as no seu primeiro ano de vida, como parte do programa de concilia&ccedil;&atilde;o da vida profissional, familiar e pessoal. A medida, ainda sem muitos detalhes ou calend&aacute;rio definido, foi apresentada esta semana aos parceiros sociais numa reuni&atilde;o do grupo de trabalho criado no &acirc;mbito da concerta&ccedil;&atilde;o social para a concilia&ccedil;&atilde;o entre trabalho a vida pessoal e familiar, pela Ministra de Estado e da Presid&ecirc;ncia, Mariana Vieira da Silva.&nbsp;<\/p>\n<\/p>\n<p><p>A medida concorda com a pesquisa realizada exclusivamente pela Yoopies, em colabora&ccedil;&atilde;o com o LabRh, que envolveu 1.322 trabalhadores de ambos os sexos e pertencentes a diferentes setores profissionais e faixas et&aacute;rias, e que analisa como a carga mental &#8211; termo usado para descrever uma situa&ccedil;&atilde;o de press&atilde;o psicol&oacute;gica dada a sobrecarga de responsabilidades dom&eacute;sticas, familiares e pessoais &#8211; afecta a nossa vida profissional.&nbsp;<\/p>\n<\/p>\n<p><p>Uma vez que a concilia&ccedil;&atilde;o da vida profissional, familiar e pessoal &eacute; um tema dominante quando se fala em ter filhos ou crescer uma fam&iacute;lia, a pesquisa mostra que<strong> 94% dos trabalhadores entrevistados est&atilde;o a gerir algum aspeto da vida privada no hor&aacute;rio de trabalho<\/strong> e que <strong>78% dos assuntos geridos est&atilde;o relacionados aos filhos<\/strong>. Entre a gest&atilde;o de servi&ccedil;os dedicados &agrave;s crian&ccedil;as e que consomem imenso tempo dos pais trabalhadores, destacam-se os seguintes aspetos:&nbsp;<\/p>\n<\/p>\n<ul>\n<li>74% procuram por prestadores de cuidados infantis e escolas&nbsp;<\/li>\n<li>66% interagem com as amas e babysitters&nbsp;<\/li>\n<li>62% administram assuntos relacionados a doen&ccedil;as, acidentes ou emerg&ecirc;ncias&nbsp;<\/li>\n<li>52% realizam tarefas administrativas&nbsp;<\/li>\n<li>44% organizam as f&eacute;rias&nbsp;<\/li>\n<li>38% organizam actividades extracurriculares <\/li>\n<\/ul>\n<p><p>Ao mesmo tempo, os direitos de maternidade e paternidade acentuam uma disparidade relativamente aos dias que as m&atilde;es e os pais reservam para os cuidados dos seus filhos. Atualmente, a licen&ccedil;a parental exclusiva da m&atilde;e, de gozo obrigat&oacute;rio, &eacute; de seis semanas consecutivas ap&oacute;s o parto, enquanto a licen&ccedil;a parental inicial &eacute; de 120, 150 ou 180 dias consecutivos. Esta situa&ccedil;&atilde;o alerta para o esgotamento di&aacute;rio como um dos efeitos do absentismo no trabalho e pode ter uma influ&ecirc;ncia negativa nas taxas de natalidade e div&oacute;rcio, al&eacute;m de representar um obst&aacute;culo para o avan&ccedil;o e evolu&ccedil;&atilde;o da carreira profissional das mulheres.&nbsp;<\/p>\n<\/p>\n<p><p>Dos funcion&aacute;rios entrevistados pela <strong><a href=\"https:\/\/yoopies.pt\/\">Yoopies<\/a><\/strong>, <strong>87% dizem que sofrem consequ&ecirc;ncias ao gerir os aspectos pessoais no ambiente de trabalho<\/strong> e sinalizam que sofrem de stress, maior cansa&ccedil;o e menor motiva&ccedil;&atilde;o: <strong>67% dos empregados acreditam que os problemas pessoais afetam a efici&ecirc;ncia e a produtividade no trabalho<\/strong>, <strong>44% dos funcion&aacute;rios j&aacute; atrasaram a conclus&atilde;o de um trabalho devido a um problema pessoal<\/strong> e <strong>29% dos empregados acreditam que a gest&atilde;o de assuntos pessoais interfere negativamente no desenvolvimento profissional.<\/strong><\/p>\n<\/p>\n<p><p><a href=\"https:\/\/yoopies.pt\/c\/como-a-carga-mental-afecta-as-nossas-vidas-profissionais-um-estudo-de-yoopies-novembro-de-2019\">Clique aqui<\/a> e descubra a pesquisa e o infogr&aacute;fico completos sobre o impacto da carga mental nas nossas vidas profissionais&nbsp;<\/p>\n<\/p>\n<p class=\"highlighted\">\n<p>Informa&ccedil;&otilde;es de contacto: Marina Chiarelli<br \/>\nmarina@yoopies.com<br \/>\n+351 308 812 547&nbsp;<\/p>\n<\/p>\n<p class=\"highlighted\">\n<p><strong>Sobre a Yoopies:<\/strong> Criada em 2012 por Benjamin Suchar e Jessica Cymerman, a Yoopies rapidamente tornou-se a principal plataforma de acolhimento infantil da Europa. Sediada em Paris e presente em 16 pa&iacute;ses, a start-up expandiu suas atividades de modo a incluir&nbsp; servi&ccedil;os de limpeza, apoio domiciliar a idosos e pessoas dependentes, pet sitting e apoio escolar. Com base na recomenda&ccedil;&atilde;o social de mais de 3 milh&otilde;es de membros, a Yoopies permite que os seus usu&aacute;rios escolham o seu funcion&aacute;rio com total confian&ccedil;a. A Yoopies tamb&eacute;m disponibiliza uma oferta corporativa, a YoopiesAtWork, que permite &agrave;s empresas oferecer uma ajuda concreta diante dos desafios dom&eacute;sticos enfrentados diariamente e assim, melhorar o equil&iacute;brio entre a vida profissional e pessoal dos seus colaboradores.<\/p><\/p>\n","protected":false},"excerpt":{"rendered":"<p>Pesquisa exclusiva da Yoopies revela que 94% dos trabalhadores inquiridos est&atilde;o a gerir algum aspeto &hellip; <\/p>\n","protected":false},"author":10,"featured_media":141,"parent":0,"menu_order":0,"comment_status":"closed","ping_status":"closed","template":"","meta":{"_acf_changed":false,"footnotes":""},"class_list":["post-140","page","type-page","status-publish","has-post-thumbnail","hentry"],"acf":[],"yoast_head":"<!-- This site is optimized with the Yoast SEO plugin v26.9 - https:\/\/yoast.com\/product\/yoast-seo-wordpress\/ -->\n<title>Licen\u00e7a de trabalho parcial remunerada para pais e m\u00e3es<\/title>\n<meta name=\"description\" content=\"Pesquisa da Yoopies revela que 94% dos trabalhadores inquiridos est\u00e3o a gerir algum aspeto da vida privada no hor\u00e1rio de trabalho.\" \/>\n<meta name=\"robots\" content=\"index, follow, max-snippet:-1, max-image-preview:large, max-video-preview:-1\" \/>\n<link rel=\"canonical\" href=\"https:\/\/yoopies.pt\/c\/licenca-de-trabalho-parcial-remunerada-para-pais-e-maes\/\" \/>\n<meta property=\"og:locale\" content=\"pt_PT\" \/>\n<meta property=\"og:type\" content=\"article\" \/>\n<meta property=\"og:title\" content=\"Licen\u00e7a de trabalho parcial remunerada para pais e m\u00e3es\" \/>\n<meta property=\"og:description\" content=\"Pesquisa da Yoopies revela que 94% dos trabalhadores inquiridos est\u00e3o a gerir algum aspeto da vida privada no hor\u00e1rio de trabalho.\" \/>\n<meta property=\"og:url\" content=\"https:\/\/yoopies.pt\/c\/licenca-de-trabalho-parcial-remunerada-para-pais-e-maes\/\" \/>\n<meta property=\"og:site_name\" content=\"Yoopies Portugal\" \/>\n<meta property=\"article:modified_time\" content=\"2025-06-12T08:50:11+00:00\" \/>\n<meta property=\"og:image\" content=\"https:\/\/yoopies.pt\/c\/wp-content\/uploads\/sites\/15\/2020\/04\/d82ba684-0de6-43d0-9265-f4bdb6b4ae0a-licenccca7adetrabalhoparcialremuneradaparapaisemacc83es-yoopies.jpg\" \/>\n\t<meta property=\"og:image:width\" content=\"1200\" \/>\n\t<meta property=\"og:image:height\" content=\"675\" \/>\n\t<meta property=\"og:image:type\" content=\"image\/jpeg\" \/>\n<meta name=\"twitter:card\" content=\"summary_large_image\" \/>\n<meta name=\"twitter:label1\" content=\"Tempo estimado de leitura\" \/>\n\t<meta name=\"twitter:data1\" content=\"4 minutos\" \/>\n<script type=\"application\/ld+json\" class=\"yoast-schema-graph\">{\"@context\":\"https:\/\/schema.org\",\"@graph\":[{\"@type\":\"WebPage\",\"@id\":\"https:\/\/yoopies.pt\/c\/licenca-de-trabalho-parcial-remunerada-para-pais-e-maes\/\",\"url\":\"https:\/\/yoopies.pt\/c\/licenca-de-trabalho-parcial-remunerada-para-pais-e-maes\/\",\"name\":\"Licen\u00e7a de trabalho parcial remunerada para pais e m\u00e3es\",\"isPartOf\":{\"@id\":\"https:\/\/yoopies.pt\/c\/#website\"},\"primaryImageOfPage\":{\"@id\":\"https:\/\/yoopies.pt\/c\/licenca-de-trabalho-parcial-remunerada-para-pais-e-maes\/#primaryimage\"},\"image\":{\"@id\":\"https:\/\/yoopies.pt\/c\/licenca-de-trabalho-parcial-remunerada-para-pais-e-maes\/#primaryimage\"},\"thumbnailUrl\":\"https:\/\/yoopies.pt\/c\/wp-content\/uploads\/sites\/15\/2020\/04\/d82ba684-0de6-43d0-9265-f4bdb6b4ae0a-licenccca7adetrabalhoparcialremuneradaparapaisemacc83es-yoopies.jpg\",\"datePublished\":\"2020-04-07T15:10:42+00:00\",\"dateModified\":\"2025-06-12T08:50:11+00:00\",\"description\":\"Pesquisa da Yoopies revela que 94% dos trabalhadores inquiridos est\u00e3o a gerir algum aspeto da vida privada no hor\u00e1rio de trabalho.\",\"breadcrumb\":{\"@id\":\"https:\/\/yoopies.pt\/c\/licenca-de-trabalho-parcial-remunerada-para-pais-e-maes\/#breadcrumb\"},\"inLanguage\":\"pt-PT\",\"potentialAction\":[{\"@type\":\"ReadAction\",\"target\":[\"https:\/\/yoopies.pt\/c\/licenca-de-trabalho-parcial-remunerada-para-pais-e-maes\/\"]}]},{\"@type\":\"ImageObject\",\"inLanguage\":\"pt-PT\",\"@id\":\"https:\/\/yoopies.pt\/c\/licenca-de-trabalho-parcial-remunerada-para-pais-e-maes\/#primaryimage\",\"url\":\"https:\/\/yoopies.pt\/c\/wp-content\/uploads\/sites\/15\/2020\/04\/d82ba684-0de6-43d0-9265-f4bdb6b4ae0a-licenccca7adetrabalhoparcialremuneradaparapaisemacc83es-yoopies.jpg\",\"contentUrl\":\"https:\/\/yoopies.pt\/c\/wp-content\/uploads\/sites\/15\/2020\/04\/d82ba684-0de6-43d0-9265-f4bdb6b4ae0a-licenccca7adetrabalhoparcialremuneradaparapaisemacc83es-yoopies.jpg\",\"width\":1200,\"height\":675},{\"@type\":\"BreadcrumbList\",\"@id\":\"https:\/\/yoopies.pt\/c\/licenca-de-trabalho-parcial-remunerada-para-pais-e-maes\/#breadcrumb\",\"itemListElement\":[{\"@type\":\"ListItem\",\"position\":1,\"name\":\"Home\",\"item\":\"https:\/\/yoopies.pt\/c\/\"},{\"@type\":\"ListItem\",\"position\":2,\"name\":\"Governo quer implementar licen\u00e7a de trabalho parcial remunerada para pais e m\u00e3es no primeiro ano dos filhos\"}]},{\"@type\":\"WebSite\",\"@id\":\"https:\/\/yoopies.pt\/c\/#website\",\"url\":\"https:\/\/yoopies.pt\/c\/\",\"name\":\"Yoopies Portugal\",\"description\":\"\",\"potentialAction\":[{\"@type\":\"SearchAction\",\"target\":{\"@type\":\"EntryPoint\",\"urlTemplate\":\"https:\/\/yoopies.pt\/c\/?s={search_term_string}\"},\"query-input\":{\"@type\":\"PropertyValueSpecification\",\"valueRequired\":true,\"valueName\":\"search_term_string\"}}],\"inLanguage\":\"pt-PT\"}]}<\/script>\n<!-- \/ Yoast SEO plugin. -->","yoast_head_json":{"title":"Licen\u00e7a de trabalho parcial remunerada para pais e m\u00e3es","description":"Pesquisa da Yoopies revela que 94% dos trabalhadores inquiridos est\u00e3o a gerir algum aspeto da vida privada no hor\u00e1rio de trabalho.","robots":{"index":"index","follow":"follow","max-snippet":"max-snippet:-1","max-image-preview":"max-image-preview:large","max-video-preview":"max-video-preview:-1"},"canonical":"https:\/\/yoopies.pt\/c\/licenca-de-trabalho-parcial-remunerada-para-pais-e-maes\/","og_locale":"pt_PT","og_type":"article","og_title":"Licen\u00e7a de trabalho parcial remunerada para pais e m\u00e3es","og_description":"Pesquisa da Yoopies revela que 94% dos trabalhadores inquiridos est\u00e3o a gerir algum aspeto da vida privada no hor\u00e1rio de trabalho.","og_url":"https:\/\/yoopies.pt\/c\/licenca-de-trabalho-parcial-remunerada-para-pais-e-maes\/","og_site_name":"Yoopies Portugal","article_modified_time":"2025-06-12T08:50:11+00:00","og_image":[{"width":1200,"height":675,"url":"https:\/\/yoopies.pt\/c\/wp-content\/uploads\/sites\/15\/2020\/04\/d82ba684-0de6-43d0-9265-f4bdb6b4ae0a-licenccca7adetrabalhoparcialremuneradaparapaisemacc83es-yoopies.jpg","type":"image\/jpeg"}],"twitter_card":"summary_large_image","twitter_misc":{"Tempo estimado de leitura":"4 minutos"},"schema":{"@context":"https:\/\/schema.org","@graph":[{"@type":"WebPage","@id":"https:\/\/yoopies.pt\/c\/licenca-de-trabalho-parcial-remunerada-para-pais-e-maes\/","url":"https:\/\/yoopies.pt\/c\/licenca-de-trabalho-parcial-remunerada-para-pais-e-maes\/","name":"Licen\u00e7a de trabalho parcial remunerada para pais e m\u00e3es","isPartOf":{"@id":"https:\/\/yoopies.pt\/c\/#website"},"primaryImageOfPage":{"@id":"https:\/\/yoopies.pt\/c\/licenca-de-trabalho-parcial-remunerada-para-pais-e-maes\/#primaryimage"},"image":{"@id":"https:\/\/yoopies.pt\/c\/licenca-de-trabalho-parcial-remunerada-para-pais-e-maes\/#primaryimage"},"thumbnailUrl":"https:\/\/yoopies.pt\/c\/wp-content\/uploads\/sites\/15\/2020\/04\/d82ba684-0de6-43d0-9265-f4bdb6b4ae0a-licenccca7adetrabalhoparcialremuneradaparapaisemacc83es-yoopies.jpg","datePublished":"2020-04-07T15:10:42+00:00","dateModified":"2025-06-12T08:50:11+00:00","description":"Pesquisa da Yoopies revela que 94% dos trabalhadores inquiridos est\u00e3o a gerir algum aspeto da vida privada no hor\u00e1rio de trabalho.","breadcrumb":{"@id":"https:\/\/yoopies.pt\/c\/licenca-de-trabalho-parcial-remunerada-para-pais-e-maes\/#breadcrumb"},"inLanguage":"pt-PT","potentialAction":[{"@type":"ReadAction","target":["https:\/\/yoopies.pt\/c\/licenca-de-trabalho-parcial-remunerada-para-pais-e-maes\/"]}]},{"@type":"ImageObject","inLanguage":"pt-PT","@id":"https:\/\/yoopies.pt\/c\/licenca-de-trabalho-parcial-remunerada-para-pais-e-maes\/#primaryimage","url":"https:\/\/yoopies.pt\/c\/wp-content\/uploads\/sites\/15\/2020\/04\/d82ba684-0de6-43d0-9265-f4bdb6b4ae0a-licenccca7adetrabalhoparcialremuneradaparapaisemacc83es-yoopies.jpg","contentUrl":"https:\/\/yoopies.pt\/c\/wp-content\/uploads\/sites\/15\/2020\/04\/d82ba684-0de6-43d0-9265-f4bdb6b4ae0a-licenccca7adetrabalhoparcialremuneradaparapaisemacc83es-yoopies.jpg","width":1200,"height":675},{"@type":"BreadcrumbList","@id":"https:\/\/yoopies.pt\/c\/licenca-de-trabalho-parcial-remunerada-para-pais-e-maes\/#breadcrumb","itemListElement":[{"@type":"ListItem","position":1,"name":"Home","item":"https:\/\/yoopies.pt\/c\/"},{"@type":"ListItem","position":2,"name":"Governo quer implementar licen\u00e7a de trabalho parcial remunerada para pais e m\u00e3es no primeiro ano dos filhos"}]},{"@type":"WebSite","@id":"https:\/\/yoopies.pt\/c\/#website","url":"https:\/\/yoopies.pt\/c\/","name":"Yoopies Portugal","description":"","potentialAction":[{"@type":"SearchAction","target":{"@type":"EntryPoint","urlTemplate":"https:\/\/yoopies.pt\/c\/?s={search_term_string}"},"query-input":{"@type":"PropertyValueSpecification","valueRequired":true,"valueName":"search_term_string"}}],"inLanguage":"pt-PT"}]}},"_links":{"self":[{"href":"https:\/\/yoopies.pt\/c\/wp-json\/wp\/v2\/pages\/140","targetHints":{"allow":["GET"]}}],"collection":[{"href":"https:\/\/yoopies.pt\/c\/wp-json\/wp\/v2\/pages"}],"about":[{"href":"https:\/\/yoopies.pt\/c\/wp-json\/wp\/v2\/types\/page"}],"author":[{"embeddable":true,"href":"https:\/\/yoopies.pt\/c\/wp-json\/wp\/v2\/users\/10"}],"replies":[{"embeddable":true,"href":"https:\/\/yoopies.pt\/c\/wp-json\/wp\/v2\/comments?post=140"}],"version-history":[{"count":1,"href":"https:\/\/yoopies.pt\/c\/wp-json\/wp\/v2\/pages\/140\/revisions"}],"predecessor-version":[{"id":142,"href":"https:\/\/yoopies.pt\/c\/wp-json\/wp\/v2\/pages\/140\/revisions\/142"}],"wp:featuredmedia":[{"embeddable":true,"href":"https:\/\/yoopies.pt\/c\/wp-json\/wp\/v2\/media\/141"}],"wp:attachment":[{"href":"https:\/\/yoopies.pt\/c\/wp-json\/wp\/v2\/media?parent=140"}],"curies":[{"name":"wp","href":"https:\/\/api.w.org\/{rel}","templated":true}]}}