{"id":137,"date":"2020-04-07T15:24:48","date_gmt":"2020-04-07T15:24:48","guid":{"rendered":"https:\/\/blog.yoopies.pt\/77-dos-inquiridos-consideram-que-a-igualdade-de-genero\/"},"modified":"2025-06-12T08:50:10","modified_gmt":"2025-06-12T08:50:10","slug":"77-dos-inquiridos-consideram-que-a-igualdade-de-genero","status":"publish","type":"page","link":"https:\/\/yoopies.pt\/c\/77-dos-inquiridos-consideram-que-a-igualdade-de-genero\/","title":{"rendered":"77% dos inquiridos consideram que a igualdade de g\u00e9nero no local de trabalho n\u00e3o \u00e9 alcan\u00e7ada"},"content":{"rendered":"<p><p><em>&Agrave;s v&eacute;speras do dia 8 de Mar&ccedil;o, Dia Internacional dos Direitos da Mulher, a <a href=\"https:\/\/yoopies.pt\/\">Yoopies<\/a> publica os resultados do seu estudo sobre a igualdade profissional entre mulheres e homens. Perante a desigualdade, qual a realidade de Portugal e que medidas o Governo est&aacute; a tomar?<\/em><\/p>\n<\/p>\n<p><p><strong>Resultados da pesquisa <a href=\"https:\/\/yoopies.pt\/\">Yoopies<\/a> sobre igualdade de g&ecirc;nero no local de trabalho<\/strong><\/p>\n<\/p>\n<p><p>Dificuldades em conciliar vida pessoal e profissional, disparidades salariais, dificuldades em aceder aos cargos de maior responsabilidade&#8230; Todas estas s&atilde;o &aacute;reas em que a igualdade de g&eacute;nero no local de trabalho n&atilde;o &eacute; alcan&ccedil;ada, como sugerem os resultados de uma pesquisa realizada pela Yoopies com 1.061 inquiridos:<\/p>\n<\/p>\n<ul>\n<li>77% dos inquiridos consideram que a igualdade de g&eacute;nero no local de trabalho n&atilde;o foi alcan&ccedil;ada.<\/li>\n<li>No entanto, 50% acreditam que nos &uacute;ltimos 5 anos a sociedade portuguesa avan&ccedil;ou para uma maior igualdade, enquanto 47% acreditam que n&atilde;o houve mudan&ccedil;a.&nbsp;<\/li>\n<li>De acordo com os inquiridos, as desigualdades permanecem principalmente no acesso a cargos de responsabilidade (80%) e nas disparidades salariais (79%). Entre as mulheres, 53% afirmam que j&aacute; enfrentaram diferen&ccedil;as salariais com colegas do sexo oposto, para o mesmo emprego.&nbsp;<\/li>\n<li>63 % das mulheres consideram que t&ecirc;m tido dificuldades em progredir profissionalmente devido ao seu g&eacute;nero.<\/li>\n<li>59 % notam a falta de respeito pelas suas decis&otilde;es e autoridade, e 68 % relatam ter sido v&iacute;timas de coment&aacute;rios sexistas.<\/li>\n<li>81% das mulheres tiveram dificuldades em conciliar trabalho e vida pessoal, em compara&ccedil;&atilde;o com 64% dos homens. Por este motivo, 58% das mulheres j&aacute; tiveram de ajustar o seu hor&aacute;rio de trabalho em compara&ccedil;&atilde;o a 17% dos homens, e 23% das mulheres j&aacute; recusaram cargos de responsabilidade contra 5% dos homens.<\/li>\n<li>Finalmente, ter filhos foi sentido como uma barreira significativa ao desenvolvimento profissional para 83% dos entrevistados.<\/li>\n<\/ul>\n<p><p>Em todas as quest&otilde;es, as mulheres mostram-se mais exigentes do que os homens e expressam um sentimento de progresso no sentido de maior igualdade, mas com maior dificuldade. A quest&atilde;o da desigualdade de g&eacute;nero no trabalho &eacute; um desafio particular na sociedade e 98% dos inquiridos consideram que a empresa tem um papel importante a desempenhar na evolu&ccedil;&atilde;o para uma maior igualdade de g&eacute;nero no local de trabalho.<\/p>\n<\/p>\n<p><p><strong>Fosso salarial entre homens e mulheres, fosso salarial entre pais e m&atilde;es ou ambos?&nbsp;<\/strong><\/p>\n<\/p>\n<p><p>A disparidade salarial entre homens e mulheres tem sido tema constante nas &uacute;ltimas d&eacute;cadas, e muito tem sido feito para reduzir esta diferen&ccedil;a. Mas, infelizmente, segundo a Organiza&ccedil;&atilde;o Internacional do Trabalho (OIT), a realidade &eacute; que os homens portugueses continuam a ganhar em m&eacute;dia mais 22,1% do que as mulheres. S&oacute; o Chile (23,7%) e a Est&oacute;nia (25,7%) t&ecirc;m fosso salarial pior que o de Portugal, sendo a m&eacute;dia mundial de 18,8%.<\/p>\n<\/p>\n<p><p>Por outro lado, o Instituto Europeu para a Igualdade de G&eacute;nero (EIGE), divulgou que Portugal foi o pa&iacute;s da Uni&atilde;o Europeia que mais progrediu em mat&eacute;ria de igualdade de g&eacute;nero mas continua abaixo da m&eacute;dia e muito distante dos pa&iacute;ses escandinavos. Portugal subiu sete lugares nos &uacute;ltimos 12 anos: em 2015 estava em 21.&ordm; e agora est&aacute; 16.&ordm;, no total dos 28 Estados-membros.&nbsp;<\/p>\n<\/p>\n<p><p>Das principais iniciativas legislativas para combater a disparidade salarial destaca-se a Lei n.&ordm; 60\/2018, que estabelece novas dimens&otilde;es no contexto da pol&iacute;tica de transpar&ecirc;ncia salarial, sendo um dos mecanismos para a igualdade de remunera&ccedil;&atilde;o o direito a qualquer trabalhador de solicitar &agrave; Comiss&atilde;o para a Igualdade no Trabalho e no Emprego um parecer sobre a exist&ecirc;ncia de discrimina&ccedil;&atilde;o salarial em raz&atilde;o do sexo.<\/p>\n<\/p>\n<p><p><strong>Desigualdade em casa traduz-se em desigualdade no local de trabalho: cerca de 74% das tarefas dom&eacute;sticas s&atilde;o realizadas por mulheres<\/strong><\/p>\n<\/p>\n<p><p>Outra proposta recentemente apresentada pelo Governo &eacute; a licen&ccedil;a de trabalho parcial remunerada para pais e m&atilde;es no primeiro ano dos filhos. A medida, ainda sem muitos detalhes ou calend&aacute;rio definido, foi apresentada pela Ministra de Estado e da Presid&ecirc;ncia, Mariana Vieira da Silva, e faz parte do programa de concilia&ccedil;&atilde;o da vida profissional, familiar e pessoal. Atualmente, a licen&ccedil;a parental exclusiva da m&atilde;e, de gozo obrigat&oacute;rio, &eacute; de seis semanas consecutivas ap&oacute;s o parto, enquanto a licen&ccedil;a parental inicial &eacute; de 120, 150 ou 180 dias consecutivos. Esta situa&ccedil;&atilde;o alerta para o esgotamento di&aacute;rio como um dos efeitos do absentismo no trabalho e pode ter uma influ&ecirc;ncia negativa nas taxas de natalidade e div&oacute;rcio, al&eacute;m de representar um obst&aacute;culo para o avan&ccedil;o e evolu&ccedil;&atilde;o da carreira profissional das mulheres.&nbsp;<\/p>\n<\/p>\n<p><p>Segundo a Organiza&ccedil;&atilde;o para a Coopera&ccedil;&atilde;o e Desenvolvimento Econ&oacute;mico, Portugal &eacute;, desde 2011, um dos pa&iacute;ses onde existe a maior diferen&ccedil;a de g&eacute;nero na divis&atilde;o das tarefas dom&eacute;sticas e o problema contribui para a desigualdade que as mulheres sofrem na progress&atilde;o das suas carreiras. De acordo com a Funda&ccedil;&atilde;o Francisco Manuel dos Santos, as mulheres continuam a fazer 74% das tarefas dom&eacute;sticas e isto evidencia a realidade de muitas mulheres que acumulam diversas tarefas e esfor&ccedil;am-se pela concilia&ccedil;&atilde;o da vida pessoal, familiar e profissional.&nbsp;<\/p>\n<\/p>\n<p><p><a href=\"https:\/\/yoopies.pt\/c\/como-a-carga-mental-afecta-as-nossas-vidas-profissionais-um-estudo-de-yoopies-novembro-de-2019\">Clique aqui<\/a> e aceda a outra pesquisa exclusiva realizada pela Yoopies: <strong>&lsquo;&rsquo;Como a carga mental afeta as nossas vidas profissionais?&rsquo;&rsquo;<\/strong>. O estudo, publicado em Novembro, explora a raz&atilde;o pelo qual o equil&iacute;brio entre a vida familiar e profissional continua a ser um desafio para homens e, principalmente, mulheres portuguesas.&nbsp;<\/p>\n<\/p>\n<p class=\"highlighted\">\n<p>Informa&ccedil;&otilde;es de contacto: Marina Chiarelli<br \/>\nmarina@yoopies.com<br \/>\n+351 308 812 547&nbsp;<\/p>\n<\/p>\n<p class=\"highlighted\">\n<p><strong>Sobre a Yoopies:<\/strong> Criada em 2012 por Benjamin Suchar e Jessica Cymerman, a Yoopies rapidamente tornou-se a principal plataforma de acolhimento infantil da Europa. Sediada em Paris e presente em 16 pa&iacute;ses, a start-up expandiu suas atividades de modo a incluir&nbsp; servi&ccedil;os de limpeza, apoio domiciliar a idosos e pessoas dependentes, pet sitting e apoio escolar. Com base na recomenda&ccedil;&atilde;o social de mais de 3 milh&otilde;es de membros, a Yoopies permite que os seus usu&aacute;rios escolham o seu funcion&aacute;rio com total confian&ccedil;a. A Yoopies tamb&eacute;m disponibiliza uma oferta corporativa, a YoopiesAtWork, que permite &agrave;s empresas oferecer uma ajuda concreta diante dos desafios dom&eacute;sticos enfrentados diariamente e assim, melhorar o equil&iacute;brio entre a vida profissional e pessoal dos seus colaboradores.<\/p><\/p>\n","protected":false},"excerpt":{"rendered":"<p>&Agrave;s v&eacute;speras do dia 8 de Mar&ccedil;o, Dia Internacional dos Direitos da Mulher, a Yoopies &hellip; <\/p>\n","protected":false},"author":10,"featured_media":138,"parent":0,"menu_order":0,"comment_status":"closed","ping_status":"closed","template":"","meta":{"_acf_changed":false,"footnotes":""},"class_list":["post-137","page","type-page","status-publish","has-post-thumbnail","hentry"],"acf":[],"yoast_head":"<!-- This site is optimized with the Yoast SEO plugin v26.9 - https:\/\/yoast.com\/product\/yoast-seo-wordpress\/ -->\n<title>Dia Internacional dos Direitos da Mulher: estudo exclusivo da Yoopies<\/title>\n<meta name=\"description\" content=\"No Dia Internacional dos Direitos da Mulher, a Yoopies publica os resultados do seu estudo sobre a igualdade profissional entre mulheres e homens.\" \/>\n<meta name=\"robots\" content=\"index, follow, max-snippet:-1, max-image-preview:large, max-video-preview:-1\" \/>\n<link rel=\"canonical\" href=\"https:\/\/yoopies.pt\/c\/77-dos-inquiridos-consideram-que-a-igualdade-de-genero\/\" \/>\n<meta property=\"og:locale\" content=\"pt_PT\" \/>\n<meta property=\"og:type\" content=\"article\" \/>\n<meta property=\"og:title\" content=\"Dia Internacional dos Direitos da Mulher: estudo exclusivo da Yoopies\" \/>\n<meta property=\"og:description\" content=\"No Dia Internacional dos Direitos da Mulher, a Yoopies publica os resultados do seu estudo sobre a igualdade profissional entre mulheres e homens.\" \/>\n<meta property=\"og:url\" content=\"https:\/\/yoopies.pt\/c\/77-dos-inquiridos-consideram-que-a-igualdade-de-genero\/\" \/>\n<meta property=\"og:site_name\" content=\"Yoopies Portugal\" \/>\n<meta property=\"article:modified_time\" content=\"2025-06-12T08:50:10+00:00\" \/>\n<meta property=\"og:image\" content=\"https:\/\/yoopies.pt\/c\/wp-content\/uploads\/sites\/15\/2020\/04\/c0fa7628-3ca6-4b20-9d22-77cb901e620c-diainternacionaldasmulheres-yoopies.jpg\" \/>\n\t<meta property=\"og:image:width\" content=\"1200\" \/>\n\t<meta property=\"og:image:height\" content=\"845\" \/>\n\t<meta property=\"og:image:type\" content=\"image\/jpeg\" \/>\n<meta name=\"twitter:card\" content=\"summary_large_image\" \/>\n<meta name=\"twitter:label1\" content=\"Tempo estimado de leitura\" \/>\n\t<meta name=\"twitter:data1\" content=\"6 minutos\" \/>\n<script type=\"application\/ld+json\" class=\"yoast-schema-graph\">{\"@context\":\"https:\/\/schema.org\",\"@graph\":[{\"@type\":\"WebPage\",\"@id\":\"https:\/\/yoopies.pt\/c\/77-dos-inquiridos-consideram-que-a-igualdade-de-genero\/\",\"url\":\"https:\/\/yoopies.pt\/c\/77-dos-inquiridos-consideram-que-a-igualdade-de-genero\/\",\"name\":\"Dia Internacional dos Direitos da Mulher: estudo exclusivo da Yoopies\",\"isPartOf\":{\"@id\":\"https:\/\/yoopies.pt\/c\/#website\"},\"primaryImageOfPage\":{\"@id\":\"https:\/\/yoopies.pt\/c\/77-dos-inquiridos-consideram-que-a-igualdade-de-genero\/#primaryimage\"},\"image\":{\"@id\":\"https:\/\/yoopies.pt\/c\/77-dos-inquiridos-consideram-que-a-igualdade-de-genero\/#primaryimage\"},\"thumbnailUrl\":\"https:\/\/yoopies.pt\/c\/wp-content\/uploads\/sites\/15\/2020\/04\/c0fa7628-3ca6-4b20-9d22-77cb901e620c-diainternacionaldasmulheres-yoopies.jpg\",\"datePublished\":\"2020-04-07T15:24:48+00:00\",\"dateModified\":\"2025-06-12T08:50:10+00:00\",\"description\":\"No Dia Internacional dos Direitos da Mulher, a Yoopies publica os resultados do seu estudo sobre a igualdade profissional entre mulheres e homens.\",\"breadcrumb\":{\"@id\":\"https:\/\/yoopies.pt\/c\/77-dos-inquiridos-consideram-que-a-igualdade-de-genero\/#breadcrumb\"},\"inLanguage\":\"pt-PT\",\"potentialAction\":[{\"@type\":\"ReadAction\",\"target\":[\"https:\/\/yoopies.pt\/c\/77-dos-inquiridos-consideram-que-a-igualdade-de-genero\/\"]}]},{\"@type\":\"ImageObject\",\"inLanguage\":\"pt-PT\",\"@id\":\"https:\/\/yoopies.pt\/c\/77-dos-inquiridos-consideram-que-a-igualdade-de-genero\/#primaryimage\",\"url\":\"https:\/\/yoopies.pt\/c\/wp-content\/uploads\/sites\/15\/2020\/04\/c0fa7628-3ca6-4b20-9d22-77cb901e620c-diainternacionaldasmulheres-yoopies.jpg\",\"contentUrl\":\"https:\/\/yoopies.pt\/c\/wp-content\/uploads\/sites\/15\/2020\/04\/c0fa7628-3ca6-4b20-9d22-77cb901e620c-diainternacionaldasmulheres-yoopies.jpg\",\"width\":1200,\"height\":845},{\"@type\":\"BreadcrumbList\",\"@id\":\"https:\/\/yoopies.pt\/c\/77-dos-inquiridos-consideram-que-a-igualdade-de-genero\/#breadcrumb\",\"itemListElement\":[{\"@type\":\"ListItem\",\"position\":1,\"name\":\"Home\",\"item\":\"https:\/\/yoopies.pt\/c\/\"},{\"@type\":\"ListItem\",\"position\":2,\"name\":\"77% dos inquiridos consideram que a igualdade de g\u00e9nero no local de trabalho n\u00e3o \u00e9 alcan\u00e7ada\"}]},{\"@type\":\"WebSite\",\"@id\":\"https:\/\/yoopies.pt\/c\/#website\",\"url\":\"https:\/\/yoopies.pt\/c\/\",\"name\":\"Yoopies Portugal\",\"description\":\"\",\"potentialAction\":[{\"@type\":\"SearchAction\",\"target\":{\"@type\":\"EntryPoint\",\"urlTemplate\":\"https:\/\/yoopies.pt\/c\/?s={search_term_string}\"},\"query-input\":{\"@type\":\"PropertyValueSpecification\",\"valueRequired\":true,\"valueName\":\"search_term_string\"}}],\"inLanguage\":\"pt-PT\"}]}<\/script>\n<!-- \/ Yoast SEO plugin. -->","yoast_head_json":{"title":"Dia Internacional dos Direitos da Mulher: estudo exclusivo da Yoopies","description":"No Dia Internacional dos Direitos da Mulher, a Yoopies publica os resultados do seu estudo sobre a igualdade profissional entre mulheres e homens.","robots":{"index":"index","follow":"follow","max-snippet":"max-snippet:-1","max-image-preview":"max-image-preview:large","max-video-preview":"max-video-preview:-1"},"canonical":"https:\/\/yoopies.pt\/c\/77-dos-inquiridos-consideram-que-a-igualdade-de-genero\/","og_locale":"pt_PT","og_type":"article","og_title":"Dia Internacional dos Direitos da Mulher: estudo exclusivo da Yoopies","og_description":"No Dia Internacional dos Direitos da Mulher, a Yoopies publica os resultados do seu estudo sobre a igualdade profissional entre mulheres e homens.","og_url":"https:\/\/yoopies.pt\/c\/77-dos-inquiridos-consideram-que-a-igualdade-de-genero\/","og_site_name":"Yoopies Portugal","article_modified_time":"2025-06-12T08:50:10+00:00","og_image":[{"width":1200,"height":845,"url":"https:\/\/yoopies.pt\/c\/wp-content\/uploads\/sites\/15\/2020\/04\/c0fa7628-3ca6-4b20-9d22-77cb901e620c-diainternacionaldasmulheres-yoopies.jpg","type":"image\/jpeg"}],"twitter_card":"summary_large_image","twitter_misc":{"Tempo estimado de leitura":"6 minutos"},"schema":{"@context":"https:\/\/schema.org","@graph":[{"@type":"WebPage","@id":"https:\/\/yoopies.pt\/c\/77-dos-inquiridos-consideram-que-a-igualdade-de-genero\/","url":"https:\/\/yoopies.pt\/c\/77-dos-inquiridos-consideram-que-a-igualdade-de-genero\/","name":"Dia Internacional dos Direitos da Mulher: estudo exclusivo da Yoopies","isPartOf":{"@id":"https:\/\/yoopies.pt\/c\/#website"},"primaryImageOfPage":{"@id":"https:\/\/yoopies.pt\/c\/77-dos-inquiridos-consideram-que-a-igualdade-de-genero\/#primaryimage"},"image":{"@id":"https:\/\/yoopies.pt\/c\/77-dos-inquiridos-consideram-que-a-igualdade-de-genero\/#primaryimage"},"thumbnailUrl":"https:\/\/yoopies.pt\/c\/wp-content\/uploads\/sites\/15\/2020\/04\/c0fa7628-3ca6-4b20-9d22-77cb901e620c-diainternacionaldasmulheres-yoopies.jpg","datePublished":"2020-04-07T15:24:48+00:00","dateModified":"2025-06-12T08:50:10+00:00","description":"No Dia Internacional dos Direitos da Mulher, a Yoopies publica os resultados do seu estudo sobre a igualdade profissional entre mulheres e homens.","breadcrumb":{"@id":"https:\/\/yoopies.pt\/c\/77-dos-inquiridos-consideram-que-a-igualdade-de-genero\/#breadcrumb"},"inLanguage":"pt-PT","potentialAction":[{"@type":"ReadAction","target":["https:\/\/yoopies.pt\/c\/77-dos-inquiridos-consideram-que-a-igualdade-de-genero\/"]}]},{"@type":"ImageObject","inLanguage":"pt-PT","@id":"https:\/\/yoopies.pt\/c\/77-dos-inquiridos-consideram-que-a-igualdade-de-genero\/#primaryimage","url":"https:\/\/yoopies.pt\/c\/wp-content\/uploads\/sites\/15\/2020\/04\/c0fa7628-3ca6-4b20-9d22-77cb901e620c-diainternacionaldasmulheres-yoopies.jpg","contentUrl":"https:\/\/yoopies.pt\/c\/wp-content\/uploads\/sites\/15\/2020\/04\/c0fa7628-3ca6-4b20-9d22-77cb901e620c-diainternacionaldasmulheres-yoopies.jpg","width":1200,"height":845},{"@type":"BreadcrumbList","@id":"https:\/\/yoopies.pt\/c\/77-dos-inquiridos-consideram-que-a-igualdade-de-genero\/#breadcrumb","itemListElement":[{"@type":"ListItem","position":1,"name":"Home","item":"https:\/\/yoopies.pt\/c\/"},{"@type":"ListItem","position":2,"name":"77% dos inquiridos consideram que a igualdade de g\u00e9nero no local de trabalho n\u00e3o \u00e9 alcan\u00e7ada"}]},{"@type":"WebSite","@id":"https:\/\/yoopies.pt\/c\/#website","url":"https:\/\/yoopies.pt\/c\/","name":"Yoopies Portugal","description":"","potentialAction":[{"@type":"SearchAction","target":{"@type":"EntryPoint","urlTemplate":"https:\/\/yoopies.pt\/c\/?s={search_term_string}"},"query-input":{"@type":"PropertyValueSpecification","valueRequired":true,"valueName":"search_term_string"}}],"inLanguage":"pt-PT"}]}},"_links":{"self":[{"href":"https:\/\/yoopies.pt\/c\/wp-json\/wp\/v2\/pages\/137","targetHints":{"allow":["GET"]}}],"collection":[{"href":"https:\/\/yoopies.pt\/c\/wp-json\/wp\/v2\/pages"}],"about":[{"href":"https:\/\/yoopies.pt\/c\/wp-json\/wp\/v2\/types\/page"}],"author":[{"embeddable":true,"href":"https:\/\/yoopies.pt\/c\/wp-json\/wp\/v2\/users\/10"}],"replies":[{"embeddable":true,"href":"https:\/\/yoopies.pt\/c\/wp-json\/wp\/v2\/comments?post=137"}],"version-history":[{"count":1,"href":"https:\/\/yoopies.pt\/c\/wp-json\/wp\/v2\/pages\/137\/revisions"}],"predecessor-version":[{"id":139,"href":"https:\/\/yoopies.pt\/c\/wp-json\/wp\/v2\/pages\/137\/revisions\/139"}],"wp:featuredmedia":[{"embeddable":true,"href":"https:\/\/yoopies.pt\/c\/wp-json\/wp\/v2\/media\/138"}],"wp:attachment":[{"href":"https:\/\/yoopies.pt\/c\/wp-json\/wp\/v2\/media?parent=137"}],"curies":[{"name":"wp","href":"https:\/\/api.w.org\/{rel}","templated":true}]}}