{"id":134,"date":"2020-04-07T16:05:50","date_gmt":"2020-04-07T16:05:50","guid":{"rendered":"https:\/\/blog.yoopies.pt\/plataforma-digital-de-acolhimento-infantil-torna-se\/"},"modified":"2025-06-12T08:50:12","modified_gmt":"2025-06-12T08:50:12","slug":"plataforma-digital-de-acolhimento-infantil-torna-se","status":"publish","type":"page","link":"https:\/\/yoopies.pt\/c\/plataforma-digital-de-acolhimento-infantil-torna-se\/","title":{"rendered":"Plataforma digital de acolhimento infantil torna-se solu\u00e7\u00e3o para fam\u00edlias e alunos afetados pela suspens\u00e3o das aulas devido ao surto de Covid-19"},"content":{"rendered":"<p><p><em>A suspens&atilde;o das escolas portuguesas devido ao Coronav&iacute;rus torna-se um grande problema para pais e m&atilde;es que continuam a trabalhar e n&atilde;o t&ecirc;m ningu&eacute;m com quem deixar os seus filhos. Face a esta situa&ccedil;&atilde;o, a <a href=\"https:\/\/yoopies.pt\/\">Yoopies<\/a>, a principal plataforma de cuidados domicili&aacute;rios da Europa, &eacute; a solu&ccedil;&atilde;o ideal para todas as fam&iacute;lias que precisam de uma babysitter para cuidar dos seus filhos e at&eacute; uma oportunidade de emprego para os estudantes universit&aacute;rios afetados pelo encerramento das institui&ccedil;&otilde;es de ensino. Al&eacute;m disso, a <a href=\"https:\/\/yoopies.pt\/\">Yoopies<\/a> tamb&eacute;m fornece um guia infantil ilustrado para ajudar os pais e educadores a falar sobre o assunto com as crian&ccedil;as e apresenta ideias criativas e l&uacute;dicas para prevenir os mais novos contra o v&iacute;rus.&nbsp;<\/em><\/p>\n<\/p>\n<p><p>A situa&ccedil;&atilde;o de preocupa&ccedil;&atilde;o e incerteza em que nos encontramos devido &agrave; propaga&ccedil;&atilde;o do Covid-19 e ao estado de alerta anunciado pelo Governo afetam as fam&iacute;lias que continuam a trabalhar e n&atilde;o sabem com quem devem deixar os seus filhos, uma vez que todas as escolas do pa&iacute;s estar&atilde;o fechadas a partir de segunda-feira e, pelo menos, at&eacute; 13 de Abril. Embora as crian&ccedil;as sejam o grupo populacional com menor taxa de infec&ccedil;&atilde;o, &eacute; essencial escolher rigorosamente as pessoas com quem elas devem ter contacto, pois deix&aacute;-las com os av&oacute;s ou parentes pr&oacute;ximos &eacute; a primeira op&ccedil;&atilde;o para muitas fam&iacute;lias portuguesas mas, infelizmente, deve ser evitada neste momento de crise, j&aacute; que os idosos e as pessoas com doen&ccedil;as cr&oacute;nicas fazem parte dos grandes grupos de risco, como informou o presidente da Associa&ccedil;&atilde;o Nacional de M&eacute;dicos de Sa&uacute;de P&uacute;blica, Ricardo Mexia.&nbsp;<\/p>\n<\/p>\n<p><p>Por esta raz&atilde;o, e dado que a procura de cuidados infantis ir&aacute; aumentar durante o per&iacute;odo de alerta estipulado pelo Governo, a Yoopies est&aacute; a promover a inscri&ccedil;&atilde;o de estudantes universit&aacute;rios que est&atilde;o dispon&iacute;veis e que oferecem servi&ccedil;os de babysitting, o que lhes permitir&aacute; ter uma renda extra e, por sua vez, ajudar a lidar com a dif&iacute;cil situa&ccedil;&atilde;o em que muitas fam&iacute;lias se encontram. Da mesma forma, para satisfazer as necessidades de acolhimento de crian&ccedil;as quando ambos os pais est&atilde;o a trabalhar, a <a href=\"https:\/\/yoopies.pt\/\">Yoopies<\/a> permite &agrave;s fam&iacute;lias encontrar rapidamente babysitters na sua &aacute;rea de resid&ecirc;ncia atrav&eacute;s de diversas ferramentas de pesquisa avan&ccedil;adas.<\/p>\n<\/p>\n<p><p>A <a href=\"https:\/\/yoopies.pt\/\">Yoopies<\/a> d&aacute; particular import&acirc;ncia &agrave; qualidade dos perfis registados no site. A oferta de acolhimento inclui perfis que s&atilde;o cuidadosamente verificados, bem como as avalia&ccedil;&otilde;es dos pais nos perfis dos candidatos. Al&eacute;m disso, o processo de procura e pagamento torna-se ainda mais f&aacute;cil e eficiente gra&ccedil;as &agrave; reserva online, o que permite que o custo do servi&ccedil;o de babysitting seja transferido facilmente e com 100% de seguran&ccedil;a para a conta banc&aacute;ria do funcion&aacute;rio, sem qualquer comiss&atilde;o da plataforma.&nbsp;&nbsp;&nbsp;<\/p>\n<\/p>\n<p><p>No mais, perante o enorme cen&aacute;rio de incerteza e o n&uacute;mero crescente de casos de pessoas infectadas pelo v&iacute;rus, n&atilde;o s&oacute; em Portugal, mas tamb&eacute;m na Europa, est&atilde;o a surgir muitas d&uacute;vidas e, sobretudo, <em>fake news<\/em>, rumores e informa&ccedil;&otilde;es exageradas, que podem causar p&acirc;nico n&atilde;o s&oacute; entre os adultos, mas tamb&eacute;m entre as crian&ccedil;as. Por esta raz&atilde;o, a <a href=\"https:\/\/yoopies.pt\/\">Yoopies<\/a> criou um <a href=\"https:\/\/yoopies.pt\/c\/coronavirus-como-explicar-e-orientar-as-criancas\">guia infantil<\/a> ilustrado para ajudar os pais e educadores a falar sobre o surto de coronav&iacute;rus com as crian&ccedil;as. A inten&ccedil;&atilde;o &eacute; explicar de forma simples e objetiva o que &eacute; o novo v&iacute;rus, os sintomas e as formas de transmiss&atilde;o e mostrar que a preven&ccedil;&atilde;o das crian&ccedil;as pode ser feita de forma criativa e a partir de tarefas l&uacute;dicas.&nbsp;<\/p>\n<\/p>\n<p><p><a href=\"https:\/\/yoopies.pt\/c\/coronavirus-como-explicar-e-orientar-as-criancas\">Clique aqui<\/a> e aceda ao guia infantil criado exclusivamente pela <a href=\"https:\/\/yoopies.pt\/\">Yoopies<\/a>.&nbsp;<\/p>\n<\/p>\n<p><p>*Qualquer refer&ecirc;ncia ou reprodu&ccedil;&atilde;o deste artigo ou do guia infantil, por favor, cite a Yoopies e incluia o link: <a href=\"http:\/\/www.yoopies.pt\">www.yoopies.pt<\/a><\/p>\n<\/p>\n<p class=\"highlighted\">\n<p>Informa&ccedil;&otilde;es de contacto: Marina Chiarelli<br \/>\nmarina@yoopies.com<br \/>\n+351 308 812 547&nbsp;<\/p>\n<\/p>\n<p class=\"highlighted\">\n<p><strong>Sobre a Yoopies:<\/strong> Criada em 2012 por Benjamin Suchar e Jessica Cymerman, a Yoopies rapidamente tornou-se a principal plataforma de acolhimento infantil da Europa. Sediada em Paris e presente em 16 pa&iacute;ses, a start-up expandiu suas atividades de modo a incluir&nbsp; servi&ccedil;os de limpeza, apoio domiciliar a idosos e pessoas dependentes, pet sitting e apoio escolar. Com base na recomenda&ccedil;&atilde;o social de mais de 3 milh&otilde;es de membros, a Yoopies permite que os seus usu&aacute;rios escolham o seu funcion&aacute;rio com total confian&ccedil;a. A Yoopies tamb&eacute;m disponibiliza uma oferta corporativa, a YoopiesAtWork, que permite &agrave;s empresas oferecer uma ajuda concreta diante dos desafios dom&eacute;sticos enfrentados diariamente e assim, melhorar o equil&iacute;brio entre a vida profissional e pessoal dos seus colaboradores.<\/p><\/p>\n","protected":false},"excerpt":{"rendered":"<p>A suspens&atilde;o das escolas portuguesas devido ao Coronav&iacute;rus torna-se um grande problema para pais e &hellip; <\/p>\n","protected":false},"author":10,"featured_media":135,"parent":0,"menu_order":0,"comment_status":"closed","ping_status":"closed","template":"","meta":{"_acf_changed":false,"footnotes":""},"class_list":["post-134","page","type-page","status-publish","has-post-thumbnail","hentry"],"acf":[],"yoast_head":"<!-- This site is optimized with the Yoast SEO plugin v26.9 - https:\/\/yoast.com\/product\/yoast-seo-wordpress\/ -->\n<title>Covid-19: apoio escolar online \u00e9 solu\u00e7\u00e3o<\/title>\n<meta name=\"description\" content=\"Yoopies: Plataforma digital de acolhimento infantil torna-se solu\u00e7\u00e3o para fam\u00edlias e alunos afetados pela suspens\u00e3o das aulas devido ao surto de Covid-19.\" \/>\n<meta name=\"robots\" content=\"index, follow, max-snippet:-1, max-image-preview:large, max-video-preview:-1\" \/>\n<link rel=\"canonical\" href=\"https:\/\/yoopies.pt\/c\/plataforma-digital-de-acolhimento-infantil-torna-se\/\" \/>\n<meta property=\"og:locale\" content=\"pt_PT\" \/>\n<meta property=\"og:type\" content=\"article\" \/>\n<meta property=\"og:title\" content=\"Covid-19: apoio escolar online \u00e9 solu\u00e7\u00e3o\" \/>\n<meta property=\"og:description\" content=\"Yoopies: Plataforma digital de acolhimento infantil torna-se solu\u00e7\u00e3o para fam\u00edlias e alunos afetados pela suspens\u00e3o das aulas devido ao surto de Covid-19.\" \/>\n<meta property=\"og:url\" content=\"https:\/\/yoopies.pt\/c\/plataforma-digital-de-acolhimento-infantil-torna-se\/\" \/>\n<meta property=\"og:site_name\" content=\"Yoopies Portugal\" \/>\n<meta property=\"article:modified_time\" content=\"2025-06-12T08:50:12+00:00\" \/>\n<meta property=\"og:image\" content=\"https:\/\/yoopies.pt\/c\/wp-content\/uploads\/sites\/15\/2020\/04\/02467ce6-2888-4d51-84f1-00226c76a804-apoioescolaradistancia2b-yoopies.jpg\" \/>\n\t<meta property=\"og:image:width\" content=\"1200\" \/>\n\t<meta property=\"og:image:height\" content=\"1295\" \/>\n\t<meta property=\"og:image:type\" content=\"image\/jpeg\" \/>\n<meta name=\"twitter:card\" content=\"summary_large_image\" \/>\n<meta name=\"twitter:label1\" content=\"Tempo estimado de leitura\" \/>\n\t<meta name=\"twitter:data1\" content=\"5 minutos\" \/>\n<script type=\"application\/ld+json\" class=\"yoast-schema-graph\">{\"@context\":\"https:\/\/schema.org\",\"@graph\":[{\"@type\":\"WebPage\",\"@id\":\"https:\/\/yoopies.pt\/c\/plataforma-digital-de-acolhimento-infantil-torna-se\/\",\"url\":\"https:\/\/yoopies.pt\/c\/plataforma-digital-de-acolhimento-infantil-torna-se\/\",\"name\":\"Covid-19: apoio escolar online \u00e9 solu\u00e7\u00e3o\",\"isPartOf\":{\"@id\":\"https:\/\/yoopies.pt\/c\/#website\"},\"primaryImageOfPage\":{\"@id\":\"https:\/\/yoopies.pt\/c\/plataforma-digital-de-acolhimento-infantil-torna-se\/#primaryimage\"},\"image\":{\"@id\":\"https:\/\/yoopies.pt\/c\/plataforma-digital-de-acolhimento-infantil-torna-se\/#primaryimage\"},\"thumbnailUrl\":\"https:\/\/yoopies.pt\/c\/wp-content\/uploads\/sites\/15\/2020\/04\/02467ce6-2888-4d51-84f1-00226c76a804-apoioescolaradistancia2b-yoopies.jpg\",\"datePublished\":\"2020-04-07T16:05:50+00:00\",\"dateModified\":\"2025-06-12T08:50:12+00:00\",\"description\":\"Yoopies: Plataforma digital de acolhimento infantil torna-se solu\u00e7\u00e3o para fam\u00edlias e alunos afetados pela suspens\u00e3o das aulas devido ao surto de Covid-19.\",\"breadcrumb\":{\"@id\":\"https:\/\/yoopies.pt\/c\/plataforma-digital-de-acolhimento-infantil-torna-se\/#breadcrumb\"},\"inLanguage\":\"pt-PT\",\"potentialAction\":[{\"@type\":\"ReadAction\",\"target\":[\"https:\/\/yoopies.pt\/c\/plataforma-digital-de-acolhimento-infantil-torna-se\/\"]}]},{\"@type\":\"ImageObject\",\"inLanguage\":\"pt-PT\",\"@id\":\"https:\/\/yoopies.pt\/c\/plataforma-digital-de-acolhimento-infantil-torna-se\/#primaryimage\",\"url\":\"https:\/\/yoopies.pt\/c\/wp-content\/uploads\/sites\/15\/2020\/04\/02467ce6-2888-4d51-84f1-00226c76a804-apoioescolaradistancia2b-yoopies.jpg\",\"contentUrl\":\"https:\/\/yoopies.pt\/c\/wp-content\/uploads\/sites\/15\/2020\/04\/02467ce6-2888-4d51-84f1-00226c76a804-apoioescolaradistancia2b-yoopies.jpg\",\"width\":1200,\"height\":1295},{\"@type\":\"BreadcrumbList\",\"@id\":\"https:\/\/yoopies.pt\/c\/plataforma-digital-de-acolhimento-infantil-torna-se\/#breadcrumb\",\"itemListElement\":[{\"@type\":\"ListItem\",\"position\":1,\"name\":\"Home\",\"item\":\"https:\/\/yoopies.pt\/c\/\"},{\"@type\":\"ListItem\",\"position\":2,\"name\":\"Plataforma digital de acolhimento infantil torna-se solu\u00e7\u00e3o para fam\u00edlias e alunos afetados pela suspens\u00e3o das aulas devido ao surto de Covid-19\"}]},{\"@type\":\"WebSite\",\"@id\":\"https:\/\/yoopies.pt\/c\/#website\",\"url\":\"https:\/\/yoopies.pt\/c\/\",\"name\":\"Yoopies Portugal\",\"description\":\"\",\"potentialAction\":[{\"@type\":\"SearchAction\",\"target\":{\"@type\":\"EntryPoint\",\"urlTemplate\":\"https:\/\/yoopies.pt\/c\/?s={search_term_string}\"},\"query-input\":{\"@type\":\"PropertyValueSpecification\",\"valueRequired\":true,\"valueName\":\"search_term_string\"}}],\"inLanguage\":\"pt-PT\"}]}<\/script>\n<!-- \/ Yoast SEO plugin. -->","yoast_head_json":{"title":"Covid-19: apoio escolar online \u00e9 solu\u00e7\u00e3o","description":"Yoopies: Plataforma digital de acolhimento infantil torna-se solu\u00e7\u00e3o para fam\u00edlias e alunos afetados pela suspens\u00e3o das aulas devido ao surto de Covid-19.","robots":{"index":"index","follow":"follow","max-snippet":"max-snippet:-1","max-image-preview":"max-image-preview:large","max-video-preview":"max-video-preview:-1"},"canonical":"https:\/\/yoopies.pt\/c\/plataforma-digital-de-acolhimento-infantil-torna-se\/","og_locale":"pt_PT","og_type":"article","og_title":"Covid-19: apoio escolar online \u00e9 solu\u00e7\u00e3o","og_description":"Yoopies: Plataforma digital de acolhimento infantil torna-se solu\u00e7\u00e3o para fam\u00edlias e alunos afetados pela suspens\u00e3o das aulas devido ao surto de Covid-19.","og_url":"https:\/\/yoopies.pt\/c\/plataforma-digital-de-acolhimento-infantil-torna-se\/","og_site_name":"Yoopies Portugal","article_modified_time":"2025-06-12T08:50:12+00:00","og_image":[{"width":1200,"height":1295,"url":"https:\/\/yoopies.pt\/c\/wp-content\/uploads\/sites\/15\/2020\/04\/02467ce6-2888-4d51-84f1-00226c76a804-apoioescolaradistancia2b-yoopies.jpg","type":"image\/jpeg"}],"twitter_card":"summary_large_image","twitter_misc":{"Tempo estimado de leitura":"5 minutos"},"schema":{"@context":"https:\/\/schema.org","@graph":[{"@type":"WebPage","@id":"https:\/\/yoopies.pt\/c\/plataforma-digital-de-acolhimento-infantil-torna-se\/","url":"https:\/\/yoopies.pt\/c\/plataforma-digital-de-acolhimento-infantil-torna-se\/","name":"Covid-19: apoio escolar online \u00e9 solu\u00e7\u00e3o","isPartOf":{"@id":"https:\/\/yoopies.pt\/c\/#website"},"primaryImageOfPage":{"@id":"https:\/\/yoopies.pt\/c\/plataforma-digital-de-acolhimento-infantil-torna-se\/#primaryimage"},"image":{"@id":"https:\/\/yoopies.pt\/c\/plataforma-digital-de-acolhimento-infantil-torna-se\/#primaryimage"},"thumbnailUrl":"https:\/\/yoopies.pt\/c\/wp-content\/uploads\/sites\/15\/2020\/04\/02467ce6-2888-4d51-84f1-00226c76a804-apoioescolaradistancia2b-yoopies.jpg","datePublished":"2020-04-07T16:05:50+00:00","dateModified":"2025-06-12T08:50:12+00:00","description":"Yoopies: Plataforma digital de acolhimento infantil torna-se solu\u00e7\u00e3o para fam\u00edlias e alunos afetados pela suspens\u00e3o das aulas devido ao surto de Covid-19.","breadcrumb":{"@id":"https:\/\/yoopies.pt\/c\/plataforma-digital-de-acolhimento-infantil-torna-se\/#breadcrumb"},"inLanguage":"pt-PT","potentialAction":[{"@type":"ReadAction","target":["https:\/\/yoopies.pt\/c\/plataforma-digital-de-acolhimento-infantil-torna-se\/"]}]},{"@type":"ImageObject","inLanguage":"pt-PT","@id":"https:\/\/yoopies.pt\/c\/plataforma-digital-de-acolhimento-infantil-torna-se\/#primaryimage","url":"https:\/\/yoopies.pt\/c\/wp-content\/uploads\/sites\/15\/2020\/04\/02467ce6-2888-4d51-84f1-00226c76a804-apoioescolaradistancia2b-yoopies.jpg","contentUrl":"https:\/\/yoopies.pt\/c\/wp-content\/uploads\/sites\/15\/2020\/04\/02467ce6-2888-4d51-84f1-00226c76a804-apoioescolaradistancia2b-yoopies.jpg","width":1200,"height":1295},{"@type":"BreadcrumbList","@id":"https:\/\/yoopies.pt\/c\/plataforma-digital-de-acolhimento-infantil-torna-se\/#breadcrumb","itemListElement":[{"@type":"ListItem","position":1,"name":"Home","item":"https:\/\/yoopies.pt\/c\/"},{"@type":"ListItem","position":2,"name":"Plataforma digital de acolhimento infantil torna-se solu\u00e7\u00e3o para fam\u00edlias e alunos afetados pela suspens\u00e3o das aulas devido ao surto de Covid-19"}]},{"@type":"WebSite","@id":"https:\/\/yoopies.pt\/c\/#website","url":"https:\/\/yoopies.pt\/c\/","name":"Yoopies Portugal","description":"","potentialAction":[{"@type":"SearchAction","target":{"@type":"EntryPoint","urlTemplate":"https:\/\/yoopies.pt\/c\/?s={search_term_string}"},"query-input":{"@type":"PropertyValueSpecification","valueRequired":true,"valueName":"search_term_string"}}],"inLanguage":"pt-PT"}]}},"_links":{"self":[{"href":"https:\/\/yoopies.pt\/c\/wp-json\/wp\/v2\/pages\/134","targetHints":{"allow":["GET"]}}],"collection":[{"href":"https:\/\/yoopies.pt\/c\/wp-json\/wp\/v2\/pages"}],"about":[{"href":"https:\/\/yoopies.pt\/c\/wp-json\/wp\/v2\/types\/page"}],"author":[{"embeddable":true,"href":"https:\/\/yoopies.pt\/c\/wp-json\/wp\/v2\/users\/10"}],"replies":[{"embeddable":true,"href":"https:\/\/yoopies.pt\/c\/wp-json\/wp\/v2\/comments?post=134"}],"version-history":[{"count":1,"href":"https:\/\/yoopies.pt\/c\/wp-json\/wp\/v2\/pages\/134\/revisions"}],"predecessor-version":[{"id":136,"href":"https:\/\/yoopies.pt\/c\/wp-json\/wp\/v2\/pages\/134\/revisions\/136"}],"wp:featuredmedia":[{"embeddable":true,"href":"https:\/\/yoopies.pt\/c\/wp-json\/wp\/v2\/media\/135"}],"wp:attachment":[{"href":"https:\/\/yoopies.pt\/c\/wp-json\/wp\/v2\/media?parent=134"}],"curies":[{"name":"wp","href":"https:\/\/api.w.org\/{rel}","templated":true}]}}