{"id":131,"date":"2020-04-07T15:03:26","date_gmt":"2020-04-07T15:03:26","guid":{"rendered":"https:\/\/blog.yoopies.pt\/procura-por-apoio-domiciliario-a-idosos-novas-tendencias\/"},"modified":"2025-06-12T08:50:10","modified_gmt":"2025-06-12T08:50:10","slug":"procura-por-apoio-domiciliario-a-idosos-novas-tendencias","status":"publish","type":"page","link":"https:\/\/yoopies.pt\/c\/procura-por-apoio-domiciliario-a-idosos-novas-tendencias\/","title":{"rendered":"A procura por apoio domicili\u00e1rio a idosos est\u00e1 mais avan\u00e7ada e mostra novas tend\u00eancias"},"content":{"rendered":"<p class=\"highlighted\">\n<p>Al&eacute;m de enfermeiros e cuidadores, fam&iacute;lias tamb&eacute;m est&atilde;o &agrave; procura de profissionais que ofere&ccedil;am entretenimento de forma interativa e estimulante: passeios, atividades culturais, conversas &agrave; tarde e idas ao cinema<\/p>\n<\/p>\n<p><p><em>Com o envelhecimento da popula&ccedil;&atilde;o portuguesa cada vez mais r&aacute;pido devido ao aumento da esperan&ccedil;a de vida e baixa taxa de natalidade, os cuidados domicili&aacute;rios surgem como solu&ccedil;&atilde;o para os idosos que dependem de cuidados especiais e rejeitam a institucionaliza&ccedil;&atilde;o em casas de repouso. Na <a href=\"https:\/\/yoopies.pt\/apoio-domiciliario\">Yoopies<\/a>, principal plataforma de cuidados dom&eacute;sticos da Europa, os cuidadores e acompanhantes t&ecirc;m a op&ccedil;&atilde;o de indicar as v&aacute;rias atividades que podem desempenhar e desta forma aliviar a dif&iacute;cil situa&ccedil;&atilde;o dos mais de 41 mil idosos que vivem sozinhos em Portugal.&nbsp;<\/em><\/p>\n<\/p>\n<p><p><strong>Envelhecimento e atual situa&ccedil;&atilde;o dos idosos&nbsp;<\/strong><\/p>\n<\/p>\n<p><p>Ano novo, nova d&eacute;cada e novas tend&ecirc;ncias. J&aacute; t&iacute;nhamos falado &#8211; por vezes &#8211; do cuidado infantil, mas os dados obtidos pela <a href=\"https:\/\/yoopies.pt\/apoio-domiciliario\">Yoopies<\/a> na primeira quinzena de 2020 revelam a expans&atilde;o de uma nova tend&ecirc;ncia relacionada aos servi&ccedil;os dom&eacute;sticos: o apoio domicili&aacute;rio aos idosos.&nbsp;&nbsp;<\/p>\n<\/p>\n<p><p>O aumento da esperan&ccedil;a de vida em dez anos e a baixa taxa de natalidade est&atilde;o a provocar um crescimento acelerado do n&uacute;mero de idosos e, consequentemente, o <strong>aumento acelerado do envelhecimento da popula&ccedil;&atilde;o portuguesa<\/strong>. Segundo um estudo da Pordata, dos <strong>10,2 milh&otilde;es de portugueses, apenas 13,9% da popula&ccedil;&atilde;o tem menos de 15 anos <\/strong>e j&aacute; existem <strong>153 idosos para cada 100 jovens<\/strong>. Al&eacute;m disso, a Organiza&ccedil;&atilde;o Internacional do Trabalho revelou que <strong>20% da popula&ccedil;&atilde;o portuguesa &eacute; idosa<\/strong> e estima-se que o <strong>n&uacute;mero duplique para 40% nos pr&oacute;ximos 60 anos<\/strong>.&nbsp;<\/p>\n<\/p>\n<p><p>Infelizmente, os dados divulgados pela Guarda Nacional Republicana como parte da Opera&ccedil;&atilde;o S&eacute;nior de 2019 agravam o cen&aacute;rio, uma vez que, atualmente, <strong>mais de 41.000 pessoas idosas vivem sozinhas ou isoladas em todo o pa&iacute;s<\/strong>. Para al&eacute;m disto, estat&iacute;sticas da mesma pesquisa, referentes ao ano de 2018, revelam que cerca de <strong>40% da popula&ccedil;&atilde;o portuguesa com mais de 65 anos permanece sozinha durante 8 ou mais horas por dia.&nbsp;<\/strong><\/p>\n<\/p>\n<p><p>Os dados mostram o grande n&uacute;mero de pessoas que est&atilde;o em situa&ccedil;&atilde;o de solid&atilde;o ou isolamento, um problema que afeta tanto homens quanto mulheres, especialmente com baixo n&iacute;vel educacional e idade avan&ccedil;ada. Os n&uacute;meros s&atilde;o alarmantes, pois a solid&atilde;o e isolamento social dos mais velhos pode causar sofrimento e ter repercuss&otilde;es em problemas relacionados com a falta de interesse e depress&atilde;o. A situa&ccedil;&atilde;o, por&eacute;m, &eacute; ainda pior em certas &eacute;pocas do ano, pois infelizmente o abandono das pessoas idosas &eacute; muitas vezes desencadeado perto do ver&atilde;o e das f&eacute;rias de fim de ano.&nbsp;<\/p>\n<\/p>\n<p><p><strong>Falta de prote&ccedil;&atilde;o aos idosos: apoio domicili&aacute;rio surge como alternativa&nbsp;<\/strong><\/p>\n<\/p>\n<p><p>Ainda h&aacute; muito a fazer para melhorar este problema, uma vez que Portugal foi classificado pela Organiza&ccedil;&atilde;o Mundial de Sa&uacute;de como um dos piores pa&iacute;ses da Europa para o tratamento de idosos. <strong>Portugal continua na lista dos pa&iacute;ses europeus que mais abandona idosos e o quinto, de um grupo de 53 pa&iacute;ses, que oferece o pior tratamento para pessoas mais velhas<\/strong>, segundo estudos realizados pela Organiza&ccedil;&atilde;o Internacional do Trabalho e pela Organiza&ccedil;&atilde;o Mundial de Sa&uacute;de, respectivamente.&nbsp;<\/p>\n<\/p>\n<p><p>Diante disto, a institucionaliza&ccedil;&atilde;o nos lares de idosos &eacute; cada vez mais utilizada pelas fam&iacute;lias portuguesas: <strong>71 mil pessoas idosas j&aacute; vivem em lares de repouso<\/strong>, como prev&ecirc;em os relat&oacute;rios dispon&iacute;veis no site da Carta Social. Mas esta n&atilde;o &eacute; a &uacute;nica solu&ccedil;&atilde;o, o <strong>apoio domicili&aacute;rio surge como alternativa aos que se op&otilde;em aos lares de idosos ou &agrave;s ag&ecirc;ncias de <em>home care<\/em><\/strong>. Estat&iacute;sticas da Associa&ccedil;&atilde;o de Apoio Domicili&aacute;rio, Lares e Casas de Idosos em Portugal, indicam que a <strong>procura de prestadores de cuidados domicili&aacute;rios ir&aacute; aumentar 38,1% at&eacute; 2025<\/strong>. A informa&ccedil;&atilde;o est&aacute; de acordo com os dados registados pela <a href=\"https:\/\/yoopies.pt\/apoio-domiciliario\">Yoopies<\/a>, plataforma l&iacute;der na presta&ccedil;&atilde;o de servi&ccedil;os dom&eacute;sticos e que no m&ecirc;s de dezembro registou um aumento de 10% no n&uacute;mero de utilizadores que procuraram cuidados para parentes idosos perto do Natal e da passagem de ano.&nbsp;<\/p>\n<\/p>\n<p><p><strong>Yoopies oferece mais de 25 crit&eacute;rios para encontrar o cuidador ideal&nbsp;<\/strong><\/p>\n<\/p>\n<p><p>Ao mesmo tempo em que &eacute; verdade que os cuidados especializados s&atilde;o indispens&aacute;veis nos casos em que falta sa&uacute;de mental ou f&iacute;sica, tamb&eacute;m &eacute; verdade que <strong>muitos idosos auto-suficientes passam a maior parte do seu tempo sozinhas<\/strong>. Quando os compromissos di&aacute;rios nos impedem de estar perto dos nossos entes queridos, por exemplo, &eacute; necess&aacute;rio procurar aux&iacute;lio de terceiros. Por esta raz&atilde;o, <strong>cada vez mais fam&iacute;lias procuram pessoas que possam prestar n&atilde;o s&oacute; cuidados espec&iacute;ficos, mas tamb&eacute;m entretenimento de forma interactiva e estimulante<\/strong>, <strong>como passeios, visitas a museus e atividades culturais, ou simplesmente tardes de conversas ou idas ao cinema<\/strong>.&nbsp;<\/p>\n<\/p>\n<p><p>Portanto, a fim de atender &agrave;s necessidades cada vez mais diversas das fam&iacute;lias e pessoas que necessitam de cuidados especiais, a <strong><a href=\"https:\/\/yoopies.pt\/apoio-domiciliario\">Yoopies<\/a><\/strong> <strong>introduziu uma nova funcionalidade que permite aos candidatos relatar suas diferentes especializa&ccedil;&otilde;es na &aacute;rea de assist&ecirc;ncia domiciliar, tanto de enfermagem como de entretenimento<\/strong> &#8211; tudo isto para responder de forma ainda mais precisa &agrave;s necessidades do mercado.&nbsp;<\/p>\n<\/p>\n<p><p>Al&eacute;m disso, <a href=\"https:\/\/yoopies.pt\/apoio-domiciliario\">Yoopies<\/a> continua a utilizar v&aacute;rios crit&eacute;rios que detalham ainda mais a busca de cuidadores, aceleram as entrevistas com poss&iacute;veis candidatos e, consequentemente, a escolha do profissional ideal. A ajuda prestada pela <a href=\"https:\/\/yoopies.pt\/apoio-domiciliario\">Yoopies<\/a> satisfaz as necessidades di&aacute;rias, como o acompanhamento em atividades (caminhadas, visitas ao m&eacute;dico, compras&#8230;) e tarefas dom&eacute;sticas atrav&eacute;s de profissionais cada vez mais qualificados que podem oferecer n&atilde;o s&oacute; cuidados di&aacute;rios para pessoas com doen&ccedil;as mentais ou problemas f&iacute;sicos, mas tamb&eacute;m assist&ecirc;ncia administrativa a pessoas com idade avan&ccedil;ada.<\/p>\n<\/p>\n<p><p>*Qualquer refer&ecirc;ncia ou reprodu&ccedil;&atilde;o, mesmo parcial, deste artigo deve citar Yoopies e incluir o link: <a href=\"http:\/\/www.yoopies.pt\">www.yoopies.pt<\/a><\/p>\n<\/p>\n<p><p><a href=\"https:\/\/yoopies.pt\/c\/apoio-domiciliario-ou-lar-de-idosos-qual-e-o-melhor\">Clique aqui<\/a> e descubra as vantagens oferecidas pelo servi&ccedil;o de assist&ecirc;ncia domiciliar para idosos em compara&ccedil;&atilde;o aos lares de terceira idade<\/p>\n<\/p>\n<p class=\"highlighted\">\n<p>Contacto: Marina Chiarelli<br \/>\nmarina@yoopies.com<br \/>\n+351 308 812 547&nbsp;<\/p>\n<\/p>\n<p class=\"highlighted\">\n<p><strong>Sobre a Yoopies:<\/strong> Criada em 2012 por Benjamin Suchar e Jessica Cymerman, a Yoopies rapidamente tornou-se a principal plataforma de acolhimento infantil da Europa. Sediada em Paris e presente em 16 pa&iacute;ses, a start-up expandiu suas atividades de modo a incluir&nbsp; servi&ccedil;os de limpeza, apoio domiciliar a idosos e pessoas dependentes, pet sitting e apoio escolar. Com base na recomenda&ccedil;&atilde;o social de mais de 3 milh&otilde;es de membros, a Yoopies permite que os seus usu&aacute;rios escolham o seu funcion&aacute;rio com total confian&ccedil;a. A Yoopies tamb&eacute;m disponibiliza uma oferta corporativa, a YoopiesAtWork, que permite &agrave;s empresas oferecer uma ajuda concreta diante dos desafios dom&eacute;sticos enfrentados diariamente e assim, melhorar o equil&iacute;brio entre a vida profissional e pessoal dos seus colaboradores.<\/p><\/p>\n","protected":false},"excerpt":{"rendered":"<p>Al&eacute;m de enfermeiros e cuidadores, fam&iacute;lias tamb&eacute;m est&atilde;o &agrave; procura de profissionais que ofere&ccedil;am entretenimento &hellip; <\/p>\n","protected":false},"author":10,"featured_media":132,"parent":0,"menu_order":0,"comment_status":"closed","ping_status":"closed","template":"","meta":{"_acf_changed":false,"footnotes":""},"class_list":["post-131","page","type-page","status-publish","has-post-thumbnail","hentry"],"acf":[],"yoast_head":"<!-- This site is optimized with the Yoast SEO plugin v26.9 - https:\/\/yoast.com\/product\/yoast-seo-wordpress\/ -->\n<title>Apoio domicili\u00e1rio a idosos apresenta novas tend\u00eancias<\/title>\n<meta name=\"description\" content=\"Fam\u00edlias procuram profissionais que ofere\u00e7am entretenimento interativo estimulante: passeios, atividades culturais, conversas, idas ao cinema, etc.\" \/>\n<meta name=\"robots\" content=\"index, follow, max-snippet:-1, max-image-preview:large, max-video-preview:-1\" \/>\n<link rel=\"canonical\" href=\"https:\/\/yoopies.pt\/c\/procura-por-apoio-domiciliario-a-idosos-novas-tendencias\/\" \/>\n<meta property=\"og:locale\" content=\"pt_PT\" \/>\n<meta property=\"og:type\" content=\"article\" \/>\n<meta property=\"og:title\" content=\"Apoio domicili\u00e1rio a idosos apresenta novas tend\u00eancias\" \/>\n<meta property=\"og:description\" content=\"Fam\u00edlias procuram profissionais que ofere\u00e7am entretenimento interativo estimulante: passeios, atividades culturais, conversas, idas ao cinema, etc.\" \/>\n<meta property=\"og:url\" content=\"https:\/\/yoopies.pt\/c\/procura-por-apoio-domiciliario-a-idosos-novas-tendencias\/\" \/>\n<meta property=\"og:site_name\" content=\"Yoopies Portugal\" \/>\n<meta property=\"article:modified_time\" content=\"2025-06-12T08:50:10+00:00\" \/>\n<meta property=\"og:image\" content=\"https:\/\/yoopies.pt\/c\/wp-content\/uploads\/sites\/15\/2020\/04\/3b9e1cb7-b956-4dbf-a608-9ba82d2843fb-apoiodomiciliarioaidososyoopies.jpg\" \/>\n\t<meta property=\"og:image:width\" content=\"1200\" \/>\n\t<meta property=\"og:image:height\" content=\"815\" \/>\n\t<meta property=\"og:image:type\" content=\"image\/jpeg\" \/>\n<meta name=\"twitter:card\" content=\"summary_large_image\" \/>\n<meta name=\"twitter:label1\" content=\"Tempo estimado de leitura\" \/>\n\t<meta name=\"twitter:data1\" content=\"7 minutos\" \/>\n<script type=\"application\/ld+json\" class=\"yoast-schema-graph\">{\"@context\":\"https:\/\/schema.org\",\"@graph\":[{\"@type\":\"WebPage\",\"@id\":\"https:\/\/yoopies.pt\/c\/procura-por-apoio-domiciliario-a-idosos-novas-tendencias\/\",\"url\":\"https:\/\/yoopies.pt\/c\/procura-por-apoio-domiciliario-a-idosos-novas-tendencias\/\",\"name\":\"Apoio domicili\u00e1rio a idosos apresenta novas tend\u00eancias\",\"isPartOf\":{\"@id\":\"https:\/\/yoopies.pt\/c\/#website\"},\"primaryImageOfPage\":{\"@id\":\"https:\/\/yoopies.pt\/c\/procura-por-apoio-domiciliario-a-idosos-novas-tendencias\/#primaryimage\"},\"image\":{\"@id\":\"https:\/\/yoopies.pt\/c\/procura-por-apoio-domiciliario-a-idosos-novas-tendencias\/#primaryimage\"},\"thumbnailUrl\":\"https:\/\/yoopies.pt\/c\/wp-content\/uploads\/sites\/15\/2020\/04\/3b9e1cb7-b956-4dbf-a608-9ba82d2843fb-apoiodomiciliarioaidososyoopies.jpg\",\"datePublished\":\"2020-04-07T15:03:26+00:00\",\"dateModified\":\"2025-06-12T08:50:10+00:00\",\"description\":\"Fam\u00edlias procuram profissionais que ofere\u00e7am entretenimento interativo estimulante: passeios, atividades culturais, conversas, idas ao cinema, etc.\",\"breadcrumb\":{\"@id\":\"https:\/\/yoopies.pt\/c\/procura-por-apoio-domiciliario-a-idosos-novas-tendencias\/#breadcrumb\"},\"inLanguage\":\"pt-PT\",\"potentialAction\":[{\"@type\":\"ReadAction\",\"target\":[\"https:\/\/yoopies.pt\/c\/procura-por-apoio-domiciliario-a-idosos-novas-tendencias\/\"]}]},{\"@type\":\"ImageObject\",\"inLanguage\":\"pt-PT\",\"@id\":\"https:\/\/yoopies.pt\/c\/procura-por-apoio-domiciliario-a-idosos-novas-tendencias\/#primaryimage\",\"url\":\"https:\/\/yoopies.pt\/c\/wp-content\/uploads\/sites\/15\/2020\/04\/3b9e1cb7-b956-4dbf-a608-9ba82d2843fb-apoiodomiciliarioaidososyoopies.jpg\",\"contentUrl\":\"https:\/\/yoopies.pt\/c\/wp-content\/uploads\/sites\/15\/2020\/04\/3b9e1cb7-b956-4dbf-a608-9ba82d2843fb-apoiodomiciliarioaidososyoopies.jpg\",\"width\":1200,\"height\":815},{\"@type\":\"BreadcrumbList\",\"@id\":\"https:\/\/yoopies.pt\/c\/procura-por-apoio-domiciliario-a-idosos-novas-tendencias\/#breadcrumb\",\"itemListElement\":[{\"@type\":\"ListItem\",\"position\":1,\"name\":\"Home\",\"item\":\"https:\/\/yoopies.pt\/c\/\"},{\"@type\":\"ListItem\",\"position\":2,\"name\":\"A procura por apoio domicili\u00e1rio a idosos est\u00e1 mais avan\u00e7ada e mostra novas tend\u00eancias\"}]},{\"@type\":\"WebSite\",\"@id\":\"https:\/\/yoopies.pt\/c\/#website\",\"url\":\"https:\/\/yoopies.pt\/c\/\",\"name\":\"Yoopies Portugal\",\"description\":\"\",\"potentialAction\":[{\"@type\":\"SearchAction\",\"target\":{\"@type\":\"EntryPoint\",\"urlTemplate\":\"https:\/\/yoopies.pt\/c\/?s={search_term_string}\"},\"query-input\":{\"@type\":\"PropertyValueSpecification\",\"valueRequired\":true,\"valueName\":\"search_term_string\"}}],\"inLanguage\":\"pt-PT\"}]}<\/script>\n<!-- \/ Yoast SEO plugin. -->","yoast_head_json":{"title":"Apoio domicili\u00e1rio a idosos apresenta novas tend\u00eancias","description":"Fam\u00edlias procuram profissionais que ofere\u00e7am entretenimento interativo estimulante: passeios, atividades culturais, conversas, idas ao cinema, etc.","robots":{"index":"index","follow":"follow","max-snippet":"max-snippet:-1","max-image-preview":"max-image-preview:large","max-video-preview":"max-video-preview:-1"},"canonical":"https:\/\/yoopies.pt\/c\/procura-por-apoio-domiciliario-a-idosos-novas-tendencias\/","og_locale":"pt_PT","og_type":"article","og_title":"Apoio domicili\u00e1rio a idosos apresenta novas tend\u00eancias","og_description":"Fam\u00edlias procuram profissionais que ofere\u00e7am entretenimento interativo estimulante: passeios, atividades culturais, conversas, idas ao cinema, etc.","og_url":"https:\/\/yoopies.pt\/c\/procura-por-apoio-domiciliario-a-idosos-novas-tendencias\/","og_site_name":"Yoopies Portugal","article_modified_time":"2025-06-12T08:50:10+00:00","og_image":[{"width":1200,"height":815,"url":"https:\/\/yoopies.pt\/c\/wp-content\/uploads\/sites\/15\/2020\/04\/3b9e1cb7-b956-4dbf-a608-9ba82d2843fb-apoiodomiciliarioaidososyoopies.jpg","type":"image\/jpeg"}],"twitter_card":"summary_large_image","twitter_misc":{"Tempo estimado de leitura":"7 minutos"},"schema":{"@context":"https:\/\/schema.org","@graph":[{"@type":"WebPage","@id":"https:\/\/yoopies.pt\/c\/procura-por-apoio-domiciliario-a-idosos-novas-tendencias\/","url":"https:\/\/yoopies.pt\/c\/procura-por-apoio-domiciliario-a-idosos-novas-tendencias\/","name":"Apoio domicili\u00e1rio a idosos apresenta novas tend\u00eancias","isPartOf":{"@id":"https:\/\/yoopies.pt\/c\/#website"},"primaryImageOfPage":{"@id":"https:\/\/yoopies.pt\/c\/procura-por-apoio-domiciliario-a-idosos-novas-tendencias\/#primaryimage"},"image":{"@id":"https:\/\/yoopies.pt\/c\/procura-por-apoio-domiciliario-a-idosos-novas-tendencias\/#primaryimage"},"thumbnailUrl":"https:\/\/yoopies.pt\/c\/wp-content\/uploads\/sites\/15\/2020\/04\/3b9e1cb7-b956-4dbf-a608-9ba82d2843fb-apoiodomiciliarioaidososyoopies.jpg","datePublished":"2020-04-07T15:03:26+00:00","dateModified":"2025-06-12T08:50:10+00:00","description":"Fam\u00edlias procuram profissionais que ofere\u00e7am entretenimento interativo estimulante: passeios, atividades culturais, conversas, idas ao cinema, etc.","breadcrumb":{"@id":"https:\/\/yoopies.pt\/c\/procura-por-apoio-domiciliario-a-idosos-novas-tendencias\/#breadcrumb"},"inLanguage":"pt-PT","potentialAction":[{"@type":"ReadAction","target":["https:\/\/yoopies.pt\/c\/procura-por-apoio-domiciliario-a-idosos-novas-tendencias\/"]}]},{"@type":"ImageObject","inLanguage":"pt-PT","@id":"https:\/\/yoopies.pt\/c\/procura-por-apoio-domiciliario-a-idosos-novas-tendencias\/#primaryimage","url":"https:\/\/yoopies.pt\/c\/wp-content\/uploads\/sites\/15\/2020\/04\/3b9e1cb7-b956-4dbf-a608-9ba82d2843fb-apoiodomiciliarioaidososyoopies.jpg","contentUrl":"https:\/\/yoopies.pt\/c\/wp-content\/uploads\/sites\/15\/2020\/04\/3b9e1cb7-b956-4dbf-a608-9ba82d2843fb-apoiodomiciliarioaidososyoopies.jpg","width":1200,"height":815},{"@type":"BreadcrumbList","@id":"https:\/\/yoopies.pt\/c\/procura-por-apoio-domiciliario-a-idosos-novas-tendencias\/#breadcrumb","itemListElement":[{"@type":"ListItem","position":1,"name":"Home","item":"https:\/\/yoopies.pt\/c\/"},{"@type":"ListItem","position":2,"name":"A procura por apoio domicili\u00e1rio a idosos est\u00e1 mais avan\u00e7ada e mostra novas tend\u00eancias"}]},{"@type":"WebSite","@id":"https:\/\/yoopies.pt\/c\/#website","url":"https:\/\/yoopies.pt\/c\/","name":"Yoopies Portugal","description":"","potentialAction":[{"@type":"SearchAction","target":{"@type":"EntryPoint","urlTemplate":"https:\/\/yoopies.pt\/c\/?s={search_term_string}"},"query-input":{"@type":"PropertyValueSpecification","valueRequired":true,"valueName":"search_term_string"}}],"inLanguage":"pt-PT"}]}},"_links":{"self":[{"href":"https:\/\/yoopies.pt\/c\/wp-json\/wp\/v2\/pages\/131","targetHints":{"allow":["GET"]}}],"collection":[{"href":"https:\/\/yoopies.pt\/c\/wp-json\/wp\/v2\/pages"}],"about":[{"href":"https:\/\/yoopies.pt\/c\/wp-json\/wp\/v2\/types\/page"}],"author":[{"embeddable":true,"href":"https:\/\/yoopies.pt\/c\/wp-json\/wp\/v2\/users\/10"}],"replies":[{"embeddable":true,"href":"https:\/\/yoopies.pt\/c\/wp-json\/wp\/v2\/comments?post=131"}],"version-history":[{"count":1,"href":"https:\/\/yoopies.pt\/c\/wp-json\/wp\/v2\/pages\/131\/revisions"}],"predecessor-version":[{"id":133,"href":"https:\/\/yoopies.pt\/c\/wp-json\/wp\/v2\/pages\/131\/revisions\/133"}],"wp:featuredmedia":[{"embeddable":true,"href":"https:\/\/yoopies.pt\/c\/wp-json\/wp\/v2\/media\/132"}],"wp:attachment":[{"href":"https:\/\/yoopies.pt\/c\/wp-json\/wp\/v2\/media?parent=131"}],"curies":[{"name":"wp","href":"https:\/\/api.w.org\/{rel}","templated":true}]}}