{"id":127,"date":"2020-04-07T14:04:21","date_gmt":"2020-04-07T14:04:21","guid":{"rendered":"https:\/\/blog.yoopies.pt\/pet-sitting-durante-as-ferias-explosao-do-fenomeno\/"},"modified":"2025-06-12T08:50:12","modified_gmt":"2025-06-12T08:50:12","slug":"pet-sitting-durante-as-ferias-explosao-do-fenomeno","status":"publish","type":"page","link":"https:\/\/yoopies.pt\/c\/pet-sitting-durante-as-ferias-explosao-do-fenomeno\/","title":{"rendered":"Pet sitting durante as f\u00e9rias: explos\u00e3o do fen\u00f3meno em 2019 &#8211; Cuidados personalizados a pre\u00e7os acess\u00edveis"},"content":{"rendered":"<figure><img decoding=\"async\" src=\"https:\/\/yoopies.pt\/c\/wp-content\/uploads\/sites\/15\/2020\/04\/439f7bbf-3db2-46d7-87b7-f4c363c81599-petsittingemportugal-yoopies.jpg\" \/><\/figure>\n<p class=\"highlighted\">\n<p>O n&uacute;mero de pet sitters em Portugal est&aacute; a crescer exponencialmente!<\/p>\n<\/p>\n<p><p><strong>Neste ver&atilde;o 2019 os servi&ccedil;os de pet sitting e cuidados com animais de estima&ccedil;&atilde;o est&atilde;o em grande expans&atilde;o.<\/strong>&nbsp; Anteriormente, as &uacute;nicas op&ccedil;&otilde;es eram os canis ou hot&eacute;is para cachorros, mas o Yoopies veio facilitar a vida dos donos que v&atilde;o de f&eacute;rias. Na plataforma est&atilde;o dispon&iacute;veis pet sitters espalhados por todo o pa&iacute;s. <strong>Os pre&ccedil;os variam de acordo com a regi&atilde;o, sendo a taxa m&eacute;dia di&aacute;ria de 12,87 &euro;<\/strong>, significativamente inferior a taxa cobrada pelos hot&eacute;is, que varia entre os 15 e 30&euro; por dia. <\/p>\n<\/p>\n<p><p>Associados a este fen&oacute;meno, diferentes tend&ecirc;ncias est&atilde;o a surgir em Portugal, fazendo com que o servi&ccedil;o se torne cada vez mais personalizado. Est&atilde;o &agrave; sua disposi&ccedil;&atilde;o tradicionais cuidados de alimenta&ccedil;&atilde;o, banho, tosa e escova&ccedil;&atilde;o, servi&ccedil;o de pet sitting na casa do dono ou do pr&oacute;prio pet sitter e passeios e brincadeiras indispens&aacute;veis para o bem estar do animal. Para al&eacute;m disso, os nossos candidatos muitas vezes se oferecem para cuidar de outros tipos de animais, como coelhos, hamsters ou iguanas. Assim, os nossos pet sitters oferecem-lhe um servi&ccedil;o que vai ao acordo das necessidades do dono e do seu animal.&nbsp;<\/p>\n<\/p>\n<p><p>De acordo com o relat&oacute;rio anual realizado pelo Yoopies no in&iacute;cio de&nbsp; 2019, os cuidados com os animais dom&eacute;sticos s&atilde;o uma nova tend&ecirc;ncia: &ldquo;<strong>J&aacute; temos 14.467 pet sitters registados<\/strong> na nossa plataforma <strong><a href=\"https:\/\/yoopies.pt\/pet-sitting\">Yoopies.pt<\/a><\/strong> e esperamos que este n&uacute;mero aumente at&eacute; ao final do ano!&#8221;, diz Marina Chiarelli, Country Manager de Portugal.&nbsp;<\/p>\n<\/p>\n<p><p>O nosso estudo revelou outras dados bastante interessantes. Nas grandes regi&otilde;es de Lisboa e Porto, por exemplo, os pre&ccedil;os podem ser o dobro dos pre&ccedil;os do interior do pa&iacute;s. A explica&ccedil;&atilde;o &eacute; que nestas regi&otilde;es a procura est&aacute; a aumentar, assim como o n&uacute;mero de animais em lares portugueses, fazendo com que os pet-sitters tamb&eacute;m aumentem as suas taxas. Entretanto, prevemos que nos pr&oacute;ximos anos os pre&ccedil;os destas duas grandes regi&otilde;es baixem para que o aumento do n&uacute;mero de pet sitters satisfa&ccedil;a a procura. <strong>De momento a regi&atilde;o mais cara &eacute; Oeiras<\/strong>, com pre&ccedil;o m&eacute;dio de 17,96&euro; por dia, <strong>sendo Oleiros a regi&atilde;o mais barata<\/strong>, que apresenta um pre&ccedil;o m&eacute;dio de 6,53&euro; por dia.&nbsp;<\/p>\n<\/p>\n<p><p>Para responder eficazmente a esta elevada procura <strong>o Yoopies encontrou a solu&ccedil;&atilde;o ideal.<\/strong> O nosso site permite que os donos dos animais de estima&ccedil;&atilde;o consigam encontrar um pet-sitter antes das suas f&eacute;rias. Basta aceder &agrave; nossa plataforma, indicar o seu c&oacute;digo postal, qual o tipo de animal e as datas desejadas ao servi&ccedil;o. A verifica&ccedil;&atilde;o de perfis e opini&otilde;es das fam&iacute;lias permite que voc&ecirc; escolha um petsitter de confian&ccedil;a.<\/p>\n<\/p>\n<p class=\"highlighted\">\n<p>Informa&ccedil;&otilde;es de contacto: Marina Chiarelli<br \/>\nmarina@yoopies.com<br \/>\n+351 308 812 547&nbsp;<\/p>\n<\/p>\n<p class=\"highlighted\">\n<p><strong>Sobre a Yoopies:<\/strong> Criada em 2012 por Benjamin Suchar e Jessica Cymerman, a Yoopies rapidamente tornou-se a principal plataforma de acolhimento infantil da Europa. Sediada em Paris e presente em 16 pa&iacute;ses, a start-up expandiu suas atividades de modo a incluir&nbsp; servi&ccedil;os de limpeza, apoio domiciliar a idosos e pessoas dependentes, pet sitting e apoio escolar. Com base na recomenda&ccedil;&atilde;o social de mais de 3 milh&otilde;es de membros, a Yoopies permite que os seus usu&aacute;rios escolham o seu funcion&aacute;rio com total confian&ccedil;a. A Yoopies tamb&eacute;m disponibiliza uma oferta corporativa, a YoopiesAtWork, que permite &agrave;s empresas oferecer uma ajuda concreta diante dos desafios dom&eacute;sticos enfrentados diariamente e assim, melhorar o equil&iacute;brio entre a vida profissional e pessoal dos seus colaboradores.<\/p><\/p>\n","protected":false},"excerpt":{"rendered":"<p>O n&uacute;mero de pet sitters em Portugal est&aacute; a crescer exponencialmente! Neste ver&atilde;o 2019 os &hellip; <\/p>\n","protected":false},"author":10,"featured_media":129,"parent":0,"menu_order":0,"comment_status":"closed","ping_status":"closed","template":"","meta":{"_acf_changed":false,"footnotes":""},"class_list":["post-127","page","type-page","status-publish","has-post-thumbnail","hentry"],"acf":[],"yoast_head":"<!-- This site is optimized with the Yoast SEO plugin v26.9 - https:\/\/yoast.com\/product\/yoast-seo-wordpress\/ -->\n<title>Pet sitting nas f\u00e9rias de ver\u00e3o<\/title>\n<meta name=\"description\" content=\"Neste ver\u00e3o 2019 os servi\u00e7os de pet sitting e cuidados com animais de estima\u00e7\u00e3o est\u00e3o em grande expans\u00e3o.\u00a0A Yoopies fez uma pesquisa e apresenta os pre\u00e7os por regi\u00e3o.\" \/>\n<meta name=\"robots\" content=\"index, follow, max-snippet:-1, max-image-preview:large, max-video-preview:-1\" \/>\n<link rel=\"canonical\" href=\"https:\/\/yoopies.pt\/c\/pet-sitting-durante-as-ferias-explosao-do-fenomeno\/\" \/>\n<meta property=\"og:locale\" content=\"pt_PT\" \/>\n<meta property=\"og:type\" content=\"article\" \/>\n<meta property=\"og:title\" content=\"Pet sitting nas f\u00e9rias de ver\u00e3o\" \/>\n<meta property=\"og:description\" content=\"Neste ver\u00e3o 2019 os servi\u00e7os de pet sitting e cuidados com animais de estima\u00e7\u00e3o est\u00e3o em grande expans\u00e3o.\u00a0A Yoopies fez uma pesquisa e apresenta os pre\u00e7os por regi\u00e3o.\" \/>\n<meta property=\"og:url\" content=\"https:\/\/yoopies.pt\/c\/pet-sitting-durante-as-ferias-explosao-do-fenomeno\/\" \/>\n<meta property=\"og:site_name\" content=\"Yoopies Portugal\" \/>\n<meta property=\"article:modified_time\" content=\"2025-06-12T08:50:12+00:00\" \/>\n<meta property=\"og:image\" content=\"https:\/\/yoopies.pt\/c\/wp-content\/uploads\/sites\/15\/2020\/04\/439f7bbf-3db2-46d7-87b7-f4c363c81599-petsittingemportugal-yoopies-1.jpg\" \/>\n\t<meta property=\"og:image:width\" content=\"1200\" \/>\n\t<meta property=\"og:image:height\" content=\"2788\" \/>\n\t<meta property=\"og:image:type\" content=\"image\/jpeg\" \/>\n<meta name=\"twitter:card\" content=\"summary_large_image\" \/>\n<meta name=\"twitter:label1\" content=\"Tempo estimado de leitura\" \/>\n\t<meta name=\"twitter:data1\" content=\"4 minutos\" \/>\n<script type=\"application\/ld+json\" class=\"yoast-schema-graph\">{\"@context\":\"https:\/\/schema.org\",\"@graph\":[{\"@type\":\"WebPage\",\"@id\":\"https:\/\/yoopies.pt\/c\/pet-sitting-durante-as-ferias-explosao-do-fenomeno\/\",\"url\":\"https:\/\/yoopies.pt\/c\/pet-sitting-durante-as-ferias-explosao-do-fenomeno\/\",\"name\":\"Pet sitting nas f\u00e9rias de ver\u00e3o\",\"isPartOf\":{\"@id\":\"https:\/\/yoopies.pt\/c\/#website\"},\"primaryImageOfPage\":{\"@id\":\"https:\/\/yoopies.pt\/c\/pet-sitting-durante-as-ferias-explosao-do-fenomeno\/#primaryimage\"},\"image\":{\"@id\":\"https:\/\/yoopies.pt\/c\/pet-sitting-durante-as-ferias-explosao-do-fenomeno\/#primaryimage\"},\"thumbnailUrl\":\"https:\/\/yoopies.pt\/c\/wp-content\/uploads\/sites\/15\/2020\/04\/439f7bbf-3db2-46d7-87b7-f4c363c81599-petsittingemportugal-yoopies-1.jpg\",\"datePublished\":\"2020-04-07T14:04:21+00:00\",\"dateModified\":\"2025-06-12T08:50:12+00:00\",\"description\":\"Neste ver\u00e3o 2019 os servi\u00e7os de pet sitting e cuidados com animais de estima\u00e7\u00e3o est\u00e3o em grande expans\u00e3o.\u00a0A Yoopies fez uma pesquisa e apresenta os pre\u00e7os por regi\u00e3o.\",\"breadcrumb\":{\"@id\":\"https:\/\/yoopies.pt\/c\/pet-sitting-durante-as-ferias-explosao-do-fenomeno\/#breadcrumb\"},\"inLanguage\":\"pt-PT\",\"potentialAction\":[{\"@type\":\"ReadAction\",\"target\":[\"https:\/\/yoopies.pt\/c\/pet-sitting-durante-as-ferias-explosao-do-fenomeno\/\"]}]},{\"@type\":\"ImageObject\",\"inLanguage\":\"pt-PT\",\"@id\":\"https:\/\/yoopies.pt\/c\/pet-sitting-durante-as-ferias-explosao-do-fenomeno\/#primaryimage\",\"url\":\"https:\/\/yoopies.pt\/c\/wp-content\/uploads\/sites\/15\/2020\/04\/439f7bbf-3db2-46d7-87b7-f4c363c81599-petsittingemportugal-yoopies-1.jpg\",\"contentUrl\":\"https:\/\/yoopies.pt\/c\/wp-content\/uploads\/sites\/15\/2020\/04\/439f7bbf-3db2-46d7-87b7-f4c363c81599-petsittingemportugal-yoopies-1.jpg\",\"width\":1200,\"height\":2788},{\"@type\":\"BreadcrumbList\",\"@id\":\"https:\/\/yoopies.pt\/c\/pet-sitting-durante-as-ferias-explosao-do-fenomeno\/#breadcrumb\",\"itemListElement\":[{\"@type\":\"ListItem\",\"position\":1,\"name\":\"Home\",\"item\":\"https:\/\/yoopies.pt\/c\/\"},{\"@type\":\"ListItem\",\"position\":2,\"name\":\"Pet sitting durante as f\u00e9rias: explos\u00e3o do fen\u00f3meno em 2019 &#8211; Cuidados personalizados a pre\u00e7os acess\u00edveis\"}]},{\"@type\":\"WebSite\",\"@id\":\"https:\/\/yoopies.pt\/c\/#website\",\"url\":\"https:\/\/yoopies.pt\/c\/\",\"name\":\"Yoopies Portugal\",\"description\":\"\",\"potentialAction\":[{\"@type\":\"SearchAction\",\"target\":{\"@type\":\"EntryPoint\",\"urlTemplate\":\"https:\/\/yoopies.pt\/c\/?s={search_term_string}\"},\"query-input\":{\"@type\":\"PropertyValueSpecification\",\"valueRequired\":true,\"valueName\":\"search_term_string\"}}],\"inLanguage\":\"pt-PT\"}]}<\/script>\n<!-- \/ Yoast SEO plugin. -->","yoast_head_json":{"title":"Pet sitting nas f\u00e9rias de ver\u00e3o","description":"Neste ver\u00e3o 2019 os servi\u00e7os de pet sitting e cuidados com animais de estima\u00e7\u00e3o est\u00e3o em grande expans\u00e3o.\u00a0A Yoopies fez uma pesquisa e apresenta os pre\u00e7os por regi\u00e3o.","robots":{"index":"index","follow":"follow","max-snippet":"max-snippet:-1","max-image-preview":"max-image-preview:large","max-video-preview":"max-video-preview:-1"},"canonical":"https:\/\/yoopies.pt\/c\/pet-sitting-durante-as-ferias-explosao-do-fenomeno\/","og_locale":"pt_PT","og_type":"article","og_title":"Pet sitting nas f\u00e9rias de ver\u00e3o","og_description":"Neste ver\u00e3o 2019 os servi\u00e7os de pet sitting e cuidados com animais de estima\u00e7\u00e3o est\u00e3o em grande expans\u00e3o.\u00a0A Yoopies fez uma pesquisa e apresenta os pre\u00e7os por regi\u00e3o.","og_url":"https:\/\/yoopies.pt\/c\/pet-sitting-durante-as-ferias-explosao-do-fenomeno\/","og_site_name":"Yoopies Portugal","article_modified_time":"2025-06-12T08:50:12+00:00","og_image":[{"width":1200,"height":2788,"url":"https:\/\/yoopies.pt\/c\/wp-content\/uploads\/sites\/15\/2020\/04\/439f7bbf-3db2-46d7-87b7-f4c363c81599-petsittingemportugal-yoopies-1.jpg","type":"image\/jpeg"}],"twitter_card":"summary_large_image","twitter_misc":{"Tempo estimado de leitura":"4 minutos"},"schema":{"@context":"https:\/\/schema.org","@graph":[{"@type":"WebPage","@id":"https:\/\/yoopies.pt\/c\/pet-sitting-durante-as-ferias-explosao-do-fenomeno\/","url":"https:\/\/yoopies.pt\/c\/pet-sitting-durante-as-ferias-explosao-do-fenomeno\/","name":"Pet sitting nas f\u00e9rias de ver\u00e3o","isPartOf":{"@id":"https:\/\/yoopies.pt\/c\/#website"},"primaryImageOfPage":{"@id":"https:\/\/yoopies.pt\/c\/pet-sitting-durante-as-ferias-explosao-do-fenomeno\/#primaryimage"},"image":{"@id":"https:\/\/yoopies.pt\/c\/pet-sitting-durante-as-ferias-explosao-do-fenomeno\/#primaryimage"},"thumbnailUrl":"https:\/\/yoopies.pt\/c\/wp-content\/uploads\/sites\/15\/2020\/04\/439f7bbf-3db2-46d7-87b7-f4c363c81599-petsittingemportugal-yoopies-1.jpg","datePublished":"2020-04-07T14:04:21+00:00","dateModified":"2025-06-12T08:50:12+00:00","description":"Neste ver\u00e3o 2019 os servi\u00e7os de pet sitting e cuidados com animais de estima\u00e7\u00e3o est\u00e3o em grande expans\u00e3o.\u00a0A Yoopies fez uma pesquisa e apresenta os pre\u00e7os por regi\u00e3o.","breadcrumb":{"@id":"https:\/\/yoopies.pt\/c\/pet-sitting-durante-as-ferias-explosao-do-fenomeno\/#breadcrumb"},"inLanguage":"pt-PT","potentialAction":[{"@type":"ReadAction","target":["https:\/\/yoopies.pt\/c\/pet-sitting-durante-as-ferias-explosao-do-fenomeno\/"]}]},{"@type":"ImageObject","inLanguage":"pt-PT","@id":"https:\/\/yoopies.pt\/c\/pet-sitting-durante-as-ferias-explosao-do-fenomeno\/#primaryimage","url":"https:\/\/yoopies.pt\/c\/wp-content\/uploads\/sites\/15\/2020\/04\/439f7bbf-3db2-46d7-87b7-f4c363c81599-petsittingemportugal-yoopies-1.jpg","contentUrl":"https:\/\/yoopies.pt\/c\/wp-content\/uploads\/sites\/15\/2020\/04\/439f7bbf-3db2-46d7-87b7-f4c363c81599-petsittingemportugal-yoopies-1.jpg","width":1200,"height":2788},{"@type":"BreadcrumbList","@id":"https:\/\/yoopies.pt\/c\/pet-sitting-durante-as-ferias-explosao-do-fenomeno\/#breadcrumb","itemListElement":[{"@type":"ListItem","position":1,"name":"Home","item":"https:\/\/yoopies.pt\/c\/"},{"@type":"ListItem","position":2,"name":"Pet sitting durante as f\u00e9rias: explos\u00e3o do fen\u00f3meno em 2019 &#8211; Cuidados personalizados a pre\u00e7os acess\u00edveis"}]},{"@type":"WebSite","@id":"https:\/\/yoopies.pt\/c\/#website","url":"https:\/\/yoopies.pt\/c\/","name":"Yoopies Portugal","description":"","potentialAction":[{"@type":"SearchAction","target":{"@type":"EntryPoint","urlTemplate":"https:\/\/yoopies.pt\/c\/?s={search_term_string}"},"query-input":{"@type":"PropertyValueSpecification","valueRequired":true,"valueName":"search_term_string"}}],"inLanguage":"pt-PT"}]}},"_links":{"self":[{"href":"https:\/\/yoopies.pt\/c\/wp-json\/wp\/v2\/pages\/127","targetHints":{"allow":["GET"]}}],"collection":[{"href":"https:\/\/yoopies.pt\/c\/wp-json\/wp\/v2\/pages"}],"about":[{"href":"https:\/\/yoopies.pt\/c\/wp-json\/wp\/v2\/types\/page"}],"author":[{"embeddable":true,"href":"https:\/\/yoopies.pt\/c\/wp-json\/wp\/v2\/users\/10"}],"replies":[{"embeddable":true,"href":"https:\/\/yoopies.pt\/c\/wp-json\/wp\/v2\/comments?post=127"}],"version-history":[{"count":1,"href":"https:\/\/yoopies.pt\/c\/wp-json\/wp\/v2\/pages\/127\/revisions"}],"predecessor-version":[{"id":130,"href":"https:\/\/yoopies.pt\/c\/wp-json\/wp\/v2\/pages\/127\/revisions\/130"}],"wp:featuredmedia":[{"embeddable":true,"href":"https:\/\/yoopies.pt\/c\/wp-json\/wp\/v2\/media\/129"}],"wp:attachment":[{"href":"https:\/\/yoopies.pt\/c\/wp-json\/wp\/v2\/media?parent=127"}],"curies":[{"name":"wp","href":"https:\/\/api.w.org\/{rel}","templated":true}]}}