{"id":119,"date":"2020-04-07T14:18:31","date_gmt":"2020-04-07T14:18:31","guid":{"rendered":"https:\/\/blog.yoopies.pt\/volta-as-aulas-2019-novas-tendencias\/"},"modified":"2025-06-12T08:50:12","modified_gmt":"2025-06-12T08:50:12","slug":"volta-as-aulas-2019-novas-tendencias","status":"publish","type":"page","link":"https:\/\/yoopies.pt\/c\/volta-as-aulas-2019-novas-tendencias\/","title":{"rendered":"Volta \u00e0s aulas 2019: novas tend\u00eancias &#8211; Babysitters bil\u00edngues, treinadas em primeiros socorros e com habilidades art\u00edsticas, mas a que pre\u00e7o?"},"content":{"rendered":"<p><p><em>A<strong> <a href=\"https:\/\/yoopies.pt\">Yoopies<\/a> <\/strong>publica o primeiro relat&oacute;rio sobre cuidados infantis em Portugal e revela a tarifa m&eacute;dia de babysitting nos distritos portugueses. Al&eacute;m disso, diante do menor apoio de pol&iacute;ticas p&uacute;blicas e da maior busca por babysitters especializadas e com habilidades diferenciadas, o Yoopies torna-se a solu&ccedil;&atilde;o ideal para as fam&iacute;lias que n&atilde;o s&oacute; querem que os seus filhos sejam bem cuidadas, como tamb&eacute;m desejam que eles melhorem as compet&ecirc;ncias lingu&iacute;sticas, art&iacute;sticas e musicais. <\/em><\/p>\n<\/p>\n<figure><img decoding=\"async\" src=\"https:\/\/yoopies.pt\/c\/wp-content\/uploads\/sites\/15\/2020\/04\/65a49ac6-0332-4b25-96f0-4912c8962651-preccca7obabysittingportugal.jpg\" alt=\"Voltas \u00e0s aulas: novas tend\u00eancias \" \/><\/figure>\n<p><p><em><strong>Tarifas est&aacute;veis, menos aux&iacute;lios estatais&nbsp;<\/strong><\/em><\/p>\n<\/p>\n<p><p>Muitas fam&iacute;lias procuram uma babysitter no fim do ver&atilde;o com a inten&ccedil;&atilde;o de ter a colaboradora ideal logo no in&iacute;cio do ano escolar. Entretanto, a remunera&ccedil;&atilde;o de uma babysitter baseada em seu perfil, hor&aacute;rio, flexibilidade, habilidades, horas extras e tarefas solicitadas &eacute; uma quest&atilde;o complexa e um problema para algumas fam&iacute;lias. Em paralelo a isto, o vazio legal sobre a profiss&atilde;o de babysitter em Portugal tamb&eacute;m dificulta a situa&ccedil;&atilde;o, j&aacute; que a &uacute;nica refer&ecirc;ncia oficial reconhecida pelo Estado e prevista pela Seguran&ccedil;a Social &eacute; a profiss&atilde;o de ama, aquela que cuida de crian&ccedil;as dos 3 meses aos 3 anos de idade e cuja remunera&ccedil;&atilde;o &eacute; acordada diretamente com as fam&iacute;lias. Portanto, n&atilde;o h&aacute; um sal&aacute;rio m&iacute;nimo estabelecido por lei que considere as vari&aacute;veis mencionadas acima ou as diferen&ccedil;as regionais e, com isso, a tarifa por hora trabalhada &#8211; seja por uma babysitter ou ama &#8211; &eacute; negociada entre as fam&iacute;lias e as profissionais e o pre&ccedil;o varia de acordo com a oferta e demanda de cada cidade.&nbsp;<\/p>\n<\/p>\n<p><p>Com base nas mais de 200 mil babysitters registadas na plataforma, a <strong><a href=\"https:\/\/yoopies.pt\">Yoopies<\/a> <\/strong>publica o primeiro relat&oacute;rio sobre cuidados infantis em Portugal e oferece uma vis&atilde;o concreta dos pre&ccedil;os de babysitting em nosso pa&iacute;s. Em 2019, a tarifa m&eacute;dia de assist&ecirc;ncia infantil &eacute; de <strong>7,52&euro;\/hora. <\/strong>No que diz respeito aos dados obtidos nos distritos portugueses, observamos que <strong>&Eacute;vora <\/strong>(8,50&euro;\/hora), <strong>Portalegre <\/strong>(8,10&euro;\/hora) e <strong>Castelo Branco<\/strong> (8,10\/hora) apresentam as tarifas mais caras, enquanto <strong>Guarda <\/strong>(6,60&euro;\/hora), <strong>Beja <\/strong>(6,50&euro;\/hora) e <strong>Vila Real<\/strong> (6,50&euro;\/hora) t&ecirc;m as tarifas mais baratas. Quanto &agrave;s cidades, <strong>Lisboa <\/strong>(8,40&euro;\/hora), <strong>Porto <\/strong>(8,16&euro;\/hora) e <strong>Coimbra <\/strong>(7,45&euro;\/hora) oferecem as taxas mais elevadas e <strong>Montijo <\/strong>(6,00&euro;\/hora), <strong>Barcelos <\/strong>(6,08&euro;\/hora) e <strong>Santo Tirso<\/strong> (6,37\/hora) s&atilde;o as tr&ecirc;s cidades com as taxas mais baratas.&nbsp;<\/p>\n<\/p>\n<p><p><em><strong>&Agrave; procura da babysitter perfeita: confira algumas exig&ecirc;ncias solicitadas<\/strong><\/em><\/p>\n<\/p>\n<p><p>A lista de vari&aacute;veis que influenciam a remunera&ccedil;&atilde;o de uma babysitter &eacute; numerosa e depende das necessidades individuais de cada fam&iacute;lia: o n&uacute;mero de horas trabalhadas por m&ecirc;s, o n&uacute;mero de crian&ccedil;as a cuidar, desloca&ccedil;&otilde;es para a escola, cursos extracurriculares realizados &agrave; tarde, ajuda na limpeza dom&eacute;stica, cuidados com os animais de estima&ccedil;&atilde;o e ajuda com o dever de casa s&atilde;o apenas alguns exemplo. Para al&eacute;m das tradicionais tarefas executadas durante o servi&ccedil;o, existem alguns requisitos cada vez mais solicitados e que, embora n&atilde;o acompanhem o aumento das tarifas por hora trabalhada, s&atilde;o fundamentais para que as babysitters possam destacar-se e conseguir o emprego desejado. Os requisitos indispens&aacute;veis para as fam&iacute;lias registadas na <a href=\"https:\/\/yoopies.pt\">Yoopies<\/a> e que apresentam significativo aumento desde 2017 s&atilde;o: <\/p>\n<\/p>\n<ul>\n<li><strong>N&iacute;vel intermedi&aacute;rio de ingl&ecirc;s<\/strong> (+39%);<\/li>\n<li>Certificado de <strong>primeiros socorros<\/strong> (+23%);<\/li>\n<li>Forma&ccedil;&atilde;o oficial como <strong>Educador<\/strong> ou T&eacute;cnico em <strong>Educa&ccedil;&atilde;o Infantil<\/strong> (+8%). <\/li>\n<\/ul>\n<p><p><strong>Foco na l&iacute;ngua inglesa<\/strong> &#8211;&nbsp; A maioria dos pais acredita que falar ingl&ecirc;s &eacute; indispens&aacute;vel para o futuro profissional dos filhos. Al&eacute;m disso, os benef&iacute;cios de conhecer uma segunda l&iacute;ngua s&atilde;o m&uacute;ltiplos para as crian&ccedil;as, tanto para o desenvolvimento intelectual como para o enriquecimento cultural. &#8220;Devido &agrave; falta de colaboradores nativos da l&iacute;ngua inglesa em nosso pa&iacute;s, muitos pais registados no <a href=\"https:\/\/yoopies.pt\">Yoopies<\/a> optam por babysitters portuguesas com elevado conhecimento de ingl&ecirc;s (seguido do franc&ecirc;s) atestado por uma licenciatura em filologia inglesa, exames de Cambridge ou experi&ecirc;ncia comprovada no estrangeiro&#8221;, explica Marina Chiarelli, country manager do Yoopies em Portugal. &ldquo;Quando as crian&ccedil;as t&ecirc;m entre 5 e 8 anos de idade, os pais procuram por babysitters que possam falar em ingl&ecirc;s durante as brincadeiras. Para al&eacute;m dos 8 anos de idade, as crian&ccedil;as j&aacute; precisam de ajuda lingu&iacute;stica com os deveres escolares.&nbsp;<\/p>\n<\/p>\n<p><p><em><strong>Tend&ecirc;ncias nas grandes cidades com o custo mais elevado<\/strong><\/em><\/p>\n<\/p>\n<p><p><strong>Arte e m&uacute;sica <\/strong>&#8211; Ao analisar os an&uacute;ncios e os pedidos das fam&iacute;lias que vivem nas grandes cidades &#8211; primeiramente em Lisboa, mas tamb&eacute;m no Porto, Coimbra, Braga e Faro &#8211; notamos que o conhecimento art&iacute;stico e musical surgiu como nova habilidade requisitada. Este fen&oacute;meno come&ccedil;ou nos pa&iacute;ses anglo-sax&oacute;nicos e em particular em Nova Iorque, onde h&aacute; algum tempo as fam&iacute;lias d&atilde;o especial import&acirc;ncia aos benef&iacute;cios oferecidos pelas disciplinas art&iacute;sticas e criativas, como o desenvolvimento do pensamento cr&iacute;tico, da imagina&ccedil;&atilde;o e da coordena&ccedil;&atilde;o motora. Nos Estados Unidos e na Gr&atilde;-Bretanha, por exemplo, existem plataformas que permitem procurar uma babysitter que trabalhe simultaneamente no meio art&iacute;stico e que, portanto, tenha interesse em levar as crian&ccedil;as para passeios culturais em museus ou exposi&ccedil;&otilde;es. A tend&ecirc;ncia est&aacute; a chegar lentamente em Portugal e na <a href=\"https:\/\/yoopies.pt\">Yoopies<\/a> j&aacute; aparecem os primeiros pais &agrave; procura de babysitters com habilidades art&iacute;sticas ou musicais e dispostos a pagar um <strong>pre&ccedil;o mais elevado<\/strong>, cerca de <strong>15\/18 &euro; por hora<\/strong>.<\/p>\n<\/p>\n<p><p><em><strong>Babysitter noturna <\/strong><\/em>&#8211; Cerca de <strong>6% das fam&iacute;lias<\/strong> registadas na <a href=\"https:\/\/yoopies.pt\">Yoopies<\/a> procuram uma babysitter dispon&iacute;vel &agrave; noite para ficar com as crian&ccedil;as mais novas. Normalmente, esta &eacute; uma necessidade ocasional, vinculada &agrave; aus&ecirc;ncia dos pais em casa e ao cuidado de crian&ccedil;as que j&aacute; frequentam a escola. Mas diferente, por&eacute;m, &eacute; a solicita&ccedil;&atilde;o de bab&aacute;s especializadas em ajudar rec&eacute;m-nascidos ou crian&ccedil;as menores de 3 anos a estabelecer o ciclo de sono correto. Esta profissional, totalmente nova, surgiu recentemente em Portugal e segue o modelo do consultor profissional que a curto prazo realiza um plano personalizado com as fam&iacute;lias e ensina como as crian&ccedil;as podem ter boas noites de sono.&nbsp;<\/p>\n<\/p>\n<p><p>Dada esta considera&ccedil;&atilde;o inicial, esperamos que dentro de alguns anos o dom&iacute;nio destes m&eacute;todos e estrat&eacute;gias para que a crian&ccedil;as durmam melhor (e os pais possam descansar) &agrave; noite tornem-se compet&ecirc;ncias acrescentadas no curr&iacute;culo de uma babysitter e valorizadas pela fam&iacute;lias.&nbsp;<\/p>\n<\/p>\n<p><p><em><strong>A Yoopies oferece mais de 30 crit&eacute;rios para encontrar a babysitter ideal<\/strong><\/em><\/p>\n<\/p>\n<p><p>No sentido de atender &agrave;s necessidades cada vez mais diversas entre as fam&iacute;lias, a <a href=\"https:\/\/yoopies.pt\">Yoopies <\/a>utiliza in&uacute;meros crit&eacute;rios que detalham ainda mais a procura por babysitters, agilizam as entrevistas com poss&iacute;veis candidatas e, consequentemente, facilitam a escolha da profissional ideal.&nbsp;<\/p>\n<\/p>\n<p class=\"highlighted\">\n<p>Informa&ccedil;&otilde;es de contacto: Marina Chiarelli<br \/>\nmarina@yoopies.com<br \/>\n+351 308 812 547&nbsp;<\/p>\n<\/p>\n<p class=\"highlighted\">\n<p><strong>Sobre a Yoopies:<\/strong> Criada em 2012 por Benjamin Suchar e Jessica Cymerman, a Yoopies rapidamente tornou-se a principal plataforma de acolhimento infantil da Europa. Sediada em Paris e presente em 16 pa&iacute;ses, a start-up expandiu suas atividades de modo a incluir&nbsp; servi&ccedil;os de limpeza, apoio domiciliar a idosos e pessoas dependentes, pet sitting e apoio escolar. Com base na recomenda&ccedil;&atilde;o social de mais de 3 milh&otilde;es de membros, a Yoopies permite que os seus usu&aacute;rios escolham o seu funcion&aacute;rio com total confian&ccedil;a. A Yoopies tamb&eacute;m disponibiliza uma oferta corporativa, a YoopiesAtWork, que permite &agrave;s empresas oferecer uma ajuda concreta diante dos desafios dom&eacute;sticos enfrentados diariamente e assim, melhorar o equil&iacute;brio entre a vida profissional e pessoal dos seus colaboradores.<\/p><\/p>\n","protected":false},"excerpt":{"rendered":"<p>A Yoopies publica o primeiro relat&oacute;rio sobre cuidados infantis em Portugal e revela a tarifa &hellip; <\/p>\n","protected":false},"author":10,"featured_media":121,"parent":0,"menu_order":0,"comment_status":"closed","ping_status":"closed","template":"","meta":{"_acf_changed":false,"footnotes":""},"class_list":["post-119","page","type-page","status-publish","has-post-thumbnail","hentry"],"acf":[],"yoast_head":"<!-- This site is optimized with the Yoast SEO plugin v26.9 - https:\/\/yoast.com\/product\/yoast-seo-wordpress\/ -->\n<title>Voltas \u00e0s aulas 2019: novas tend\u00eancias<\/title>\n<meta name=\"description\" content=\"A Yoopies publica o primeiro relat\u00f3rio sobre cuidados infantis em Portugal e revela a tarifa m\u00e9dia de babysitting nos distritos portugueses.\" \/>\n<meta name=\"robots\" content=\"index, follow, max-snippet:-1, max-image-preview:large, max-video-preview:-1\" \/>\n<link rel=\"canonical\" href=\"https:\/\/yoopies.pt\/c\/volta-as-aulas-2019-novas-tendencias\/\" \/>\n<meta property=\"og:locale\" content=\"pt_PT\" \/>\n<meta property=\"og:type\" content=\"article\" \/>\n<meta property=\"og:title\" content=\"Voltas \u00e0s aulas 2019: novas tend\u00eancias\" \/>\n<meta property=\"og:description\" content=\"A Yoopies publica o primeiro relat\u00f3rio sobre cuidados infantis em Portugal e revela a tarifa m\u00e9dia de babysitting nos distritos portugueses.\" \/>\n<meta property=\"og:url\" content=\"https:\/\/yoopies.pt\/c\/volta-as-aulas-2019-novas-tendencias\/\" \/>\n<meta property=\"og:site_name\" content=\"Yoopies Portugal\" \/>\n<meta property=\"article:modified_time\" content=\"2025-06-12T08:50:12+00:00\" \/>\n<meta property=\"og:image\" content=\"https:\/\/yoopies.pt\/c\/wp-content\/uploads\/sites\/15\/2020\/04\/65a49ac6-0332-4b25-96f0-4912c8962651-preccca7obabysittingportugal-1.jpg\" \/>\n\t<meta property=\"og:image:width\" content=\"1200\" \/>\n\t<meta property=\"og:image:height\" content=\"2179\" \/>\n\t<meta property=\"og:image:type\" content=\"image\/jpeg\" \/>\n<meta name=\"twitter:card\" content=\"summary_large_image\" \/>\n<meta name=\"twitter:label1\" content=\"Tempo estimado de leitura\" \/>\n\t<meta name=\"twitter:data1\" content=\"7 minutos\" \/>\n<script type=\"application\/ld+json\" class=\"yoast-schema-graph\">{\"@context\":\"https:\/\/schema.org\",\"@graph\":[{\"@type\":\"WebPage\",\"@id\":\"https:\/\/yoopies.pt\/c\/volta-as-aulas-2019-novas-tendencias\/\",\"url\":\"https:\/\/yoopies.pt\/c\/volta-as-aulas-2019-novas-tendencias\/\",\"name\":\"Voltas \u00e0s aulas 2019: novas tend\u00eancias\",\"isPartOf\":{\"@id\":\"https:\/\/yoopies.pt\/c\/#website\"},\"primaryImageOfPage\":{\"@id\":\"https:\/\/yoopies.pt\/c\/volta-as-aulas-2019-novas-tendencias\/#primaryimage\"},\"image\":{\"@id\":\"https:\/\/yoopies.pt\/c\/volta-as-aulas-2019-novas-tendencias\/#primaryimage\"},\"thumbnailUrl\":\"https:\/\/yoopies.pt\/c\/wp-content\/uploads\/sites\/15\/2020\/04\/65a49ac6-0332-4b25-96f0-4912c8962651-preccca7obabysittingportugal-1.jpg\",\"datePublished\":\"2020-04-07T14:18:31+00:00\",\"dateModified\":\"2025-06-12T08:50:12+00:00\",\"description\":\"A Yoopies publica o primeiro relat\u00f3rio sobre cuidados infantis em Portugal e revela a tarifa m\u00e9dia de babysitting nos distritos portugueses.\",\"breadcrumb\":{\"@id\":\"https:\/\/yoopies.pt\/c\/volta-as-aulas-2019-novas-tendencias\/#breadcrumb\"},\"inLanguage\":\"pt-PT\",\"potentialAction\":[{\"@type\":\"ReadAction\",\"target\":[\"https:\/\/yoopies.pt\/c\/volta-as-aulas-2019-novas-tendencias\/\"]}]},{\"@type\":\"ImageObject\",\"inLanguage\":\"pt-PT\",\"@id\":\"https:\/\/yoopies.pt\/c\/volta-as-aulas-2019-novas-tendencias\/#primaryimage\",\"url\":\"https:\/\/yoopies.pt\/c\/wp-content\/uploads\/sites\/15\/2020\/04\/65a49ac6-0332-4b25-96f0-4912c8962651-preccca7obabysittingportugal-1.jpg\",\"contentUrl\":\"https:\/\/yoopies.pt\/c\/wp-content\/uploads\/sites\/15\/2020\/04\/65a49ac6-0332-4b25-96f0-4912c8962651-preccca7obabysittingportugal-1.jpg\",\"width\":1200,\"height\":2179},{\"@type\":\"BreadcrumbList\",\"@id\":\"https:\/\/yoopies.pt\/c\/volta-as-aulas-2019-novas-tendencias\/#breadcrumb\",\"itemListElement\":[{\"@type\":\"ListItem\",\"position\":1,\"name\":\"Home\",\"item\":\"https:\/\/yoopies.pt\/c\/\"},{\"@type\":\"ListItem\",\"position\":2,\"name\":\"Volta \u00e0s aulas 2019: novas tend\u00eancias &#8211; Babysitters bil\u00edngues, treinadas em primeiros socorros e com habilidades art\u00edsticas, mas a que pre\u00e7o?\"}]},{\"@type\":\"WebSite\",\"@id\":\"https:\/\/yoopies.pt\/c\/#website\",\"url\":\"https:\/\/yoopies.pt\/c\/\",\"name\":\"Yoopies Portugal\",\"description\":\"\",\"potentialAction\":[{\"@type\":\"SearchAction\",\"target\":{\"@type\":\"EntryPoint\",\"urlTemplate\":\"https:\/\/yoopies.pt\/c\/?s={search_term_string}\"},\"query-input\":{\"@type\":\"PropertyValueSpecification\",\"valueRequired\":true,\"valueName\":\"search_term_string\"}}],\"inLanguage\":\"pt-PT\"}]}<\/script>\n<!-- \/ Yoast SEO plugin. -->","yoast_head_json":{"title":"Voltas \u00e0s aulas 2019: novas tend\u00eancias","description":"A Yoopies publica o primeiro relat\u00f3rio sobre cuidados infantis em Portugal e revela a tarifa m\u00e9dia de babysitting nos distritos portugueses.","robots":{"index":"index","follow":"follow","max-snippet":"max-snippet:-1","max-image-preview":"max-image-preview:large","max-video-preview":"max-video-preview:-1"},"canonical":"https:\/\/yoopies.pt\/c\/volta-as-aulas-2019-novas-tendencias\/","og_locale":"pt_PT","og_type":"article","og_title":"Voltas \u00e0s aulas 2019: novas tend\u00eancias","og_description":"A Yoopies publica o primeiro relat\u00f3rio sobre cuidados infantis em Portugal e revela a tarifa m\u00e9dia de babysitting nos distritos portugueses.","og_url":"https:\/\/yoopies.pt\/c\/volta-as-aulas-2019-novas-tendencias\/","og_site_name":"Yoopies Portugal","article_modified_time":"2025-06-12T08:50:12+00:00","og_image":[{"width":1200,"height":2179,"url":"https:\/\/yoopies.pt\/c\/wp-content\/uploads\/sites\/15\/2020\/04\/65a49ac6-0332-4b25-96f0-4912c8962651-preccca7obabysittingportugal-1.jpg","type":"image\/jpeg"}],"twitter_card":"summary_large_image","twitter_misc":{"Tempo estimado de leitura":"7 minutos"},"schema":{"@context":"https:\/\/schema.org","@graph":[{"@type":"WebPage","@id":"https:\/\/yoopies.pt\/c\/volta-as-aulas-2019-novas-tendencias\/","url":"https:\/\/yoopies.pt\/c\/volta-as-aulas-2019-novas-tendencias\/","name":"Voltas \u00e0s aulas 2019: novas tend\u00eancias","isPartOf":{"@id":"https:\/\/yoopies.pt\/c\/#website"},"primaryImageOfPage":{"@id":"https:\/\/yoopies.pt\/c\/volta-as-aulas-2019-novas-tendencias\/#primaryimage"},"image":{"@id":"https:\/\/yoopies.pt\/c\/volta-as-aulas-2019-novas-tendencias\/#primaryimage"},"thumbnailUrl":"https:\/\/yoopies.pt\/c\/wp-content\/uploads\/sites\/15\/2020\/04\/65a49ac6-0332-4b25-96f0-4912c8962651-preccca7obabysittingportugal-1.jpg","datePublished":"2020-04-07T14:18:31+00:00","dateModified":"2025-06-12T08:50:12+00:00","description":"A Yoopies publica o primeiro relat\u00f3rio sobre cuidados infantis em Portugal e revela a tarifa m\u00e9dia de babysitting nos distritos portugueses.","breadcrumb":{"@id":"https:\/\/yoopies.pt\/c\/volta-as-aulas-2019-novas-tendencias\/#breadcrumb"},"inLanguage":"pt-PT","potentialAction":[{"@type":"ReadAction","target":["https:\/\/yoopies.pt\/c\/volta-as-aulas-2019-novas-tendencias\/"]}]},{"@type":"ImageObject","inLanguage":"pt-PT","@id":"https:\/\/yoopies.pt\/c\/volta-as-aulas-2019-novas-tendencias\/#primaryimage","url":"https:\/\/yoopies.pt\/c\/wp-content\/uploads\/sites\/15\/2020\/04\/65a49ac6-0332-4b25-96f0-4912c8962651-preccca7obabysittingportugal-1.jpg","contentUrl":"https:\/\/yoopies.pt\/c\/wp-content\/uploads\/sites\/15\/2020\/04\/65a49ac6-0332-4b25-96f0-4912c8962651-preccca7obabysittingportugal-1.jpg","width":1200,"height":2179},{"@type":"BreadcrumbList","@id":"https:\/\/yoopies.pt\/c\/volta-as-aulas-2019-novas-tendencias\/#breadcrumb","itemListElement":[{"@type":"ListItem","position":1,"name":"Home","item":"https:\/\/yoopies.pt\/c\/"},{"@type":"ListItem","position":2,"name":"Volta \u00e0s aulas 2019: novas tend\u00eancias &#8211; Babysitters bil\u00edngues, treinadas em primeiros socorros e com habilidades art\u00edsticas, mas a que pre\u00e7o?"}]},{"@type":"WebSite","@id":"https:\/\/yoopies.pt\/c\/#website","url":"https:\/\/yoopies.pt\/c\/","name":"Yoopies Portugal","description":"","potentialAction":[{"@type":"SearchAction","target":{"@type":"EntryPoint","urlTemplate":"https:\/\/yoopies.pt\/c\/?s={search_term_string}"},"query-input":{"@type":"PropertyValueSpecification","valueRequired":true,"valueName":"search_term_string"}}],"inLanguage":"pt-PT"}]}},"_links":{"self":[{"href":"https:\/\/yoopies.pt\/c\/wp-json\/wp\/v2\/pages\/119","targetHints":{"allow":["GET"]}}],"collection":[{"href":"https:\/\/yoopies.pt\/c\/wp-json\/wp\/v2\/pages"}],"about":[{"href":"https:\/\/yoopies.pt\/c\/wp-json\/wp\/v2\/types\/page"}],"author":[{"embeddable":true,"href":"https:\/\/yoopies.pt\/c\/wp-json\/wp\/v2\/users\/10"}],"replies":[{"embeddable":true,"href":"https:\/\/yoopies.pt\/c\/wp-json\/wp\/v2\/comments?post=119"}],"version-history":[{"count":1,"href":"https:\/\/yoopies.pt\/c\/wp-json\/wp\/v2\/pages\/119\/revisions"}],"predecessor-version":[{"id":122,"href":"https:\/\/yoopies.pt\/c\/wp-json\/wp\/v2\/pages\/119\/revisions\/122"}],"wp:featuredmedia":[{"embeddable":true,"href":"https:\/\/yoopies.pt\/c\/wp-json\/wp\/v2\/media\/121"}],"wp:attachment":[{"href":"https:\/\/yoopies.pt\/c\/wp-json\/wp\/v2\/media?parent=119"}],"curies":[{"name":"wp","href":"https:\/\/api.w.org\/{rel}","templated":true}]}}