{"id":117,"date":"2020-04-06T10:21:21","date_gmt":"2020-04-06T10:21:21","guid":{"rendered":"https:\/\/blog.yoopies.pt\/covid-19-descubra-as-medidas-do-estado-de-emergencia\/"},"modified":"2025-06-12T08:50:11","modified_gmt":"2025-06-12T08:50:11","slug":"covid-19-descubra-as-medidas-do-estado-de-emergencia","status":"publish","type":"page","link":"https:\/\/yoopies.pt\/c\/covid-19-descubra-as-medidas-do-estado-de-emergencia\/","title":{"rendered":"Covid-19: descubra o que pode e o que n\u00e3o pode fazer durante o estado de emerg\u00eancia"},"content":{"rendered":"<p><p>A pandemia provocada pelo novo coronav&iacute;rus levou o Presidente da Rep&uacute;blica a decretar estado de emerg&ecirc;ncia em Portugal. Diante deste cen&aacute;rio, a Yoopies resume as novas regras sobre o que pode e o que n&atilde;o pode fazer. <\/p>\n<\/p>\n<p><p><strong>1. Estou contaminado com Covid-19 (ou sob vigil&acirc;ncia activa por decis&atilde;o da autoridade sanit&aacute;ria). Posso ir &agrave; rua?<\/strong><\/p>\n<p>N&atilde;o. Durante o estado de emerg&ecirc;ncia fica imposto o isolamento obrigat&oacute;rio para estas pessoas (no hospital ou em casa).&nbsp;A viola&ccedil;&atilde;o desta regra &eacute; considerada um crime de desobedi&ecirc;ncia civil e as autoridades que identificarem algu&eacute;m nesta situa&ccedil;&atilde;o podem encaminhar pessoa a casa ou ao hospital<\/p>\n<\/p>\n<p><p><strong>2. Tenho mais de 70 anos e, por isso, fa&ccedil;o parte de um grupo de risco. Posso sair de casa?<\/strong><br \/>\nEstas pessoas s&atilde;o aconselhadas a permanecerem em auto-isolamento prolongado. S&oacute; devem sair em circunst&acirc;ncias muito excepcionais e estritamente necess&aacute;rias. Se precisar de ir ao supermercado ou &agrave; farm&aacute;cia, por exemplo, certifique-se de que algu&eacute;m o pode fazer por si: um familiar, um vizinho, etc. Na <a target=\"_blank\" rel=\"noopener\" href=\"https:\/\/yoopies.pt\/\">Yoopies<\/a>, centenas de volunt&aacute;rios est&atilde;o dispon&iacute;veis para ajudar as pessoas do grupo de risco. H&aacute; o selo &#8220;<strong>Volunt&aacute;rios face &agrave; crise do Covid-19<\/strong>&#8221; que permite identificar os perfis dos volunt&aacute;rios.<\/p>\n<\/p>\n<p><p><strong>3. Posso ir ao banco ou aos CTT tratar da reforma?<\/strong><br \/>\nSim. Essas s&atilde;o das situa&ccedil;&otilde;es consideradas muito excepcionais e estritamente necess&aacute;rias. <\/p>\n<\/p>\n<p><p><strong>4. Quais s&atilde;o as outras circunst&acirc;ncias muito excepcionais e estritamente necess&aacute;rias? <\/strong><\/p>\n<p>O primeiro-ministro explicou que pode ir ao centro de sa&uacute;de, fazer &ldquo;pequenos passeios higi&eacute;nicos nas imedia&ccedil;&otilde;es da resid&ecirc;ncia&rdquo; ou passear os animais de companhia. Fora destas situa&ccedil;&otilde;es, as pessoas com mais de 70 anos ou com doen&ccedil;as cr&oacute;nicas devem permanecer em casa.&nbsp;<\/p>\n<\/p>\n<p><p><strong>5. Que dever se aplica &agrave; popula&ccedil;&atilde;o em geral?<\/strong><\/p>\n<p>A popula&ccedil;&atilde;o em geral deve respeitar o <strong>recolhimento domicili&aacute;rio<\/strong>. Ou seja, deve evitar sair de casa al&eacute;m do necess&aacute;rio.  <\/p>\n<\/p>\n<p><p><strong>6. Posso sair para trabalhar? <\/strong><\/p>\n<p>Sim, embora o teletrabalho seja recomendado a todos os trabalhadores que o possam fazer. Muitas empresas, inclusive, j&aacute; est&atilde;o com os seus funcion&aacute;rios em teletrabalho.  <\/p>\n<\/p>\n<p><p><strong>7. Os transportes p&uacute;blicos continuam a funcionar? <\/strong><\/p>\n<p>Sim. No entanto, a lota&ccedil;&atilde;o dos transportes p&uacute;blicos de passageiros vai ser reduzida para evitar acumula&ccedil;&atilde;o de pessoas e permitir o distanciamento social. <\/p>\n<\/p>\n<p><p><strong>8. Posso sair de carro?<\/strong><br \/>\nOs postos de gasolina est&atilde;o a funcionar, mas as desloca&ccedil;&otilde;es em carros particulares s&oacute; podem acontecer para cumprir um dos fins permitidos para circular na via p&uacute;blica. Ou seja, se for comprar comida pode ir de carro. Se for a passeio, n&atilde;o. <\/p>\n<\/p>\n<p><p><strong>9. Posso levar os meus filhos &agrave; rua para brincar? <\/strong><\/p>\n<p>Sim. O primeiro-ministro explicou que as pessoas podem sair de casa para &ldquo;acompanhamento de menores em per&iacute;odos de recrea&ccedil;&atilde;o ao ar livre de curta dura&ccedil;&atilde;o&rdquo;. <\/p>\n<\/p>\n<p><p><strong>10. Partilho a guarda dos meus filhos. Posso ir lev&aacute;-los ou receb&ecirc;-los tal como sempre fiz at&eacute; agora?<\/strong><br \/>\nSim. As normas aprovadas pelo Governo estabelecem que, por raz&otilde;es de assist&ecirc;ncia &agrave; fam&iacute;lia, se possa ir &agrave; rua.&nbsp;<\/p>\n<\/p>\n<p><p><strong>11. Posso continuar a ajudar os meus pais?<\/strong><br \/>\nSim. A resolu&ccedil;&atilde;o do Governo prev&ecirc; que por raz&otilde;es de assist&ecirc;ncia a familiares possa haver sa&iacute;das &agrave; rua.&nbsp;<\/p>\n<\/p>\n<p><p><strong>12. Posso levar o c&atilde;o &agrave; rua?<\/strong><br \/>\nSim, mas a desloca&ccedil;&atilde;o tem de ser de curta dura&ccedil;&atilde;o. <\/p>\n<\/p>\n<p><p><strong>13. Posso ir ao banco?<\/strong><br \/>\nSim. Os bancos est&atilde;o abertos. No entanto, os bancos t&ecirc;m aconselhado os clientes a recorrer aos servi&ccedil;os online, no que for poss&iacute;vel.&nbsp;<\/p>\n<\/p>\n<p><p><strong>14. Posso ir correr?<\/strong><br \/>\nSim. Tamb&eacute;m pode continuar a faz&ecirc;-lo, mas t&ecirc;m de ser desloca&ccedil;&otilde;es de curta dura&ccedil;&atilde;o e sozinho. <\/p>\n<\/p>\n<p><p><strong>15. Centros comerciais, padarias, mercearias e farm&aacute;cias est&atilde;o abertos? <\/strong><\/p>\n<p>Os centros comerciais ser&atilde;o encerrados, excepto os supermercados ou quiosques que fazem parte do centro comercial, porque vendem produtos considerados essenciais, tais como alimentos, bebidas, jornais e tabaco. Algumas padarias e mercearias podem estar abertas se estiverem a vender bens ou servi&ccedil;os essenciais &agrave; vida das pessoas.<\/p>\n<\/p>\n<p><p><strong>16. Posso ir ao caf&eacute; ou ao restaurante? <\/strong><\/p>\n<p>Pode n&atilde;o encontrar um aberto. O Governo recomendou que a restaura&ccedil;&atilde;o feche o atendimento ao p&uacute;blico, mas alguns restaurantes e caf&eacute;s mas alguns restaurantes e caf&eacute;s podem estar a funcionar apenas se respeitarem a condi&ccedil;&atilde;o de n&atilde;o estarem lotados ou com multid&otilde;es de clientes. Mas n&atilde;o se esque&ccedil;a que muitos restaurantes est&atilde;o fechados para o atendimento directo ao p&uacute;blico, mas continuam a funcionar em regime de take-away e entregas ao domic&iacute;lio. <\/p>\n<\/p>\n<p><p><strong>17. Posso encomendar comida ou pedir online? <\/strong><\/p>\n<p>Sim. Como explicado anteriormente, muitos restaurantes est&atilde;o fechados para o atendimento directo ao p&uacute;blico, mas continuam a funcionar em regime de take-away e entregas ao domic&iacute;lio. <\/p>\n<\/p>\n<p><p><strong>18. Posso ir ao supermercado? <\/strong><\/p>\n<p>Sim. &Eacute; permitido sair &agrave; rua para comprar bens de alimenta&ccedil;&atilde;o. Estes ter&atilde;o, no entanto, que continuar a respeitar os limites de n&uacute;mero de pessoas dentro do estabelecimento e a recorrer a novas formas de venda mais protegidas. Mas lembre-se sempre de higienizar as suas m&atilde;os, os produtos, as embalagens, quando chegar a casa.<\/p>\n<\/p>\n<p><p><strong>19. Posso tratar do cart&atilde;o do cidad&atilde;o?<\/strong><br \/>\nAs lojas do cidad&atilde;o v&atilde;o estar encerradas por concentrarem muitas pessoas e portanto representam um risco maior. Contudo, h&aacute; postos de atendimento aos cidad&atilde;os descentralizados.&nbsp;<\/p>\n<\/p>\n<p><p><strong>20. Mas o meu cart&atilde;o perdeu a validade. Consigo revalid&aacute;-lo?<\/strong><br \/>\nAt&eacute; 30 de Junho, isso n&atilde;o ser&aacute; necess&aacute;rio. O Governo j&aacute; tinha informado que at&eacute; essa data ser&aacute; legalmente aceite qualquer documento &ndash; carta de condu&ccedil;&atilde;o, cart&atilde;o do cidad&atilde;o, certid&otilde;es, etc. &ndash; que tenha caducado ap&oacute;s 24 de Fevereiro. Os servi&ccedil;os p&uacute;blicos apenas funcionam por marca&ccedil;&atilde;o.&nbsp;<\/p>\n<\/p>\n<p><p><strong>21. Ainda posso ir &agrave; missa?<\/strong><\/p>\n<p>S&atilde;o proibidas as celebra&ccedil;&otilde;es religiosas e outras que envolvam uma multid&atilde;o de pessoas.<\/p>\n<\/p>\n<p><p><strong>22. O que acontece se eu n&atilde;o respeitar alguma destas regras? <\/strong><\/p>\n<p>As autoridades far&atilde;o um tipo de fiscaliza&ccedil;&atilde;o pedag&oacute;gica, explicando as regras a quem n&atilde;o as respeitar.<\/p>\n<\/p>\n<p><p>Para mais informa&ccedil;&otilde;es, <a target=\"_blank\" rel=\"noopener\" href=\"https:\/\/covid19.min-saude.pt\/perguntas-frequentes\/\">clique aqui<\/a> para acessar o site da Dire&ccedil;&atilde;o-Geral da Sa&uacute;de e descobrir as perguntas b&aacute;sicas sobre o Covid-19.<\/p><\/p>\n","protected":false},"excerpt":{"rendered":"<p>A pandemia provocada pelo novo coronav&iacute;rus levou o Presidente da Rep&uacute;blica a decretar estado de &hellip; <\/p>\n","protected":false},"author":10,"featured_media":0,"parent":0,"menu_order":0,"comment_status":"closed","ping_status":"closed","template":"","meta":{"_acf_changed":false,"footnotes":""},"class_list":["post-117","page","type-page","status-publish","hentry"],"acf":[],"yoast_head":"<!-- This site is optimized with the Yoast SEO plugin v26.9 - https:\/\/yoast.com\/product\/yoast-seo-wordpress\/ -->\n<title>Covid-19: descubra as medidas do estado de emerg\u00eancia<\/title>\n<meta name=\"description\" content=\"Face \u00e0 crise do Covid-19, a Yoopies resume as novas regras sobre o que pode e o que n\u00e3o pode fazer durante o estado de emerg\u00eancia.\" \/>\n<meta name=\"robots\" content=\"index, follow, max-snippet:-1, max-image-preview:large, max-video-preview:-1\" \/>\n<link rel=\"canonical\" href=\"https:\/\/yoopies.pt\/c\/covid-19-descubra-as-medidas-do-estado-de-emergencia\/\" \/>\n<meta property=\"og:locale\" content=\"pt_PT\" \/>\n<meta property=\"og:type\" content=\"article\" \/>\n<meta property=\"og:title\" content=\"Covid-19: descubra as medidas do estado de emerg\u00eancia\" \/>\n<meta property=\"og:description\" content=\"Face \u00e0 crise do Covid-19, a Yoopies resume as novas regras sobre o que pode e o que n\u00e3o pode fazer durante o estado de emerg\u00eancia.\" \/>\n<meta property=\"og:url\" content=\"https:\/\/yoopies.pt\/c\/covid-19-descubra-as-medidas-do-estado-de-emergencia\/\" \/>\n<meta property=\"og:site_name\" content=\"Yoopies Portugal\" \/>\n<meta property=\"article:modified_time\" content=\"2025-06-12T08:50:11+00:00\" \/>\n<meta name=\"twitter:card\" content=\"summary_large_image\" \/>\n<meta name=\"twitter:label1\" content=\"Tempo estimado de leitura\" \/>\n\t<meta name=\"twitter:data1\" content=\"6 minutos\" \/>\n<script type=\"application\/ld+json\" class=\"yoast-schema-graph\">{\"@context\":\"https:\/\/schema.org\",\"@graph\":[{\"@type\":\"WebPage\",\"@id\":\"https:\/\/yoopies.pt\/c\/covid-19-descubra-as-medidas-do-estado-de-emergencia\/\",\"url\":\"https:\/\/yoopies.pt\/c\/covid-19-descubra-as-medidas-do-estado-de-emergencia\/\",\"name\":\"Covid-19: descubra as medidas do estado de emerg\u00eancia\",\"isPartOf\":{\"@id\":\"https:\/\/yoopies.pt\/c\/#website\"},\"datePublished\":\"2020-04-06T10:21:21+00:00\",\"dateModified\":\"2025-06-12T08:50:11+00:00\",\"description\":\"Face \u00e0 crise do Covid-19, a Yoopies resume as novas regras sobre o que pode e o que n\u00e3o pode fazer durante o estado de emerg\u00eancia.\",\"breadcrumb\":{\"@id\":\"https:\/\/yoopies.pt\/c\/covid-19-descubra-as-medidas-do-estado-de-emergencia\/#breadcrumb\"},\"inLanguage\":\"pt-PT\",\"potentialAction\":[{\"@type\":\"ReadAction\",\"target\":[\"https:\/\/yoopies.pt\/c\/covid-19-descubra-as-medidas-do-estado-de-emergencia\/\"]}]},{\"@type\":\"BreadcrumbList\",\"@id\":\"https:\/\/yoopies.pt\/c\/covid-19-descubra-as-medidas-do-estado-de-emergencia\/#breadcrumb\",\"itemListElement\":[{\"@type\":\"ListItem\",\"position\":1,\"name\":\"Home\",\"item\":\"https:\/\/yoopies.pt\/c\/\"},{\"@type\":\"ListItem\",\"position\":2,\"name\":\"Covid-19: descubra o que pode e o que n\u00e3o pode fazer durante o estado de emerg\u00eancia\"}]},{\"@type\":\"WebSite\",\"@id\":\"https:\/\/yoopies.pt\/c\/#website\",\"url\":\"https:\/\/yoopies.pt\/c\/\",\"name\":\"Yoopies Portugal\",\"description\":\"\",\"potentialAction\":[{\"@type\":\"SearchAction\",\"target\":{\"@type\":\"EntryPoint\",\"urlTemplate\":\"https:\/\/yoopies.pt\/c\/?s={search_term_string}\"},\"query-input\":{\"@type\":\"PropertyValueSpecification\",\"valueRequired\":true,\"valueName\":\"search_term_string\"}}],\"inLanguage\":\"pt-PT\"}]}<\/script>\n<!-- \/ Yoast SEO plugin. -->","yoast_head_json":{"title":"Covid-19: descubra as medidas do estado de emerg\u00eancia","description":"Face \u00e0 crise do Covid-19, a Yoopies resume as novas regras sobre o que pode e o que n\u00e3o pode fazer durante o estado de emerg\u00eancia.","robots":{"index":"index","follow":"follow","max-snippet":"max-snippet:-1","max-image-preview":"max-image-preview:large","max-video-preview":"max-video-preview:-1"},"canonical":"https:\/\/yoopies.pt\/c\/covid-19-descubra-as-medidas-do-estado-de-emergencia\/","og_locale":"pt_PT","og_type":"article","og_title":"Covid-19: descubra as medidas do estado de emerg\u00eancia","og_description":"Face \u00e0 crise do Covid-19, a Yoopies resume as novas regras sobre o que pode e o que n\u00e3o pode fazer durante o estado de emerg\u00eancia.","og_url":"https:\/\/yoopies.pt\/c\/covid-19-descubra-as-medidas-do-estado-de-emergencia\/","og_site_name":"Yoopies Portugal","article_modified_time":"2025-06-12T08:50:11+00:00","twitter_card":"summary_large_image","twitter_misc":{"Tempo estimado de leitura":"6 minutos"},"schema":{"@context":"https:\/\/schema.org","@graph":[{"@type":"WebPage","@id":"https:\/\/yoopies.pt\/c\/covid-19-descubra-as-medidas-do-estado-de-emergencia\/","url":"https:\/\/yoopies.pt\/c\/covid-19-descubra-as-medidas-do-estado-de-emergencia\/","name":"Covid-19: descubra as medidas do estado de emerg\u00eancia","isPartOf":{"@id":"https:\/\/yoopies.pt\/c\/#website"},"datePublished":"2020-04-06T10:21:21+00:00","dateModified":"2025-06-12T08:50:11+00:00","description":"Face \u00e0 crise do Covid-19, a Yoopies resume as novas regras sobre o que pode e o que n\u00e3o pode fazer durante o estado de emerg\u00eancia.","breadcrumb":{"@id":"https:\/\/yoopies.pt\/c\/covid-19-descubra-as-medidas-do-estado-de-emergencia\/#breadcrumb"},"inLanguage":"pt-PT","potentialAction":[{"@type":"ReadAction","target":["https:\/\/yoopies.pt\/c\/covid-19-descubra-as-medidas-do-estado-de-emergencia\/"]}]},{"@type":"BreadcrumbList","@id":"https:\/\/yoopies.pt\/c\/covid-19-descubra-as-medidas-do-estado-de-emergencia\/#breadcrumb","itemListElement":[{"@type":"ListItem","position":1,"name":"Home","item":"https:\/\/yoopies.pt\/c\/"},{"@type":"ListItem","position":2,"name":"Covid-19: descubra o que pode e o que n\u00e3o pode fazer durante o estado de emerg\u00eancia"}]},{"@type":"WebSite","@id":"https:\/\/yoopies.pt\/c\/#website","url":"https:\/\/yoopies.pt\/c\/","name":"Yoopies Portugal","description":"","potentialAction":[{"@type":"SearchAction","target":{"@type":"EntryPoint","urlTemplate":"https:\/\/yoopies.pt\/c\/?s={search_term_string}"},"query-input":{"@type":"PropertyValueSpecification","valueRequired":true,"valueName":"search_term_string"}}],"inLanguage":"pt-PT"}]}},"_links":{"self":[{"href":"https:\/\/yoopies.pt\/c\/wp-json\/wp\/v2\/pages\/117","targetHints":{"allow":["GET"]}}],"collection":[{"href":"https:\/\/yoopies.pt\/c\/wp-json\/wp\/v2\/pages"}],"about":[{"href":"https:\/\/yoopies.pt\/c\/wp-json\/wp\/v2\/types\/page"}],"author":[{"embeddable":true,"href":"https:\/\/yoopies.pt\/c\/wp-json\/wp\/v2\/users\/10"}],"replies":[{"embeddable":true,"href":"https:\/\/yoopies.pt\/c\/wp-json\/wp\/v2\/comments?post=117"}],"version-history":[{"count":1,"href":"https:\/\/yoopies.pt\/c\/wp-json\/wp\/v2\/pages\/117\/revisions"}],"predecessor-version":[{"id":118,"href":"https:\/\/yoopies.pt\/c\/wp-json\/wp\/v2\/pages\/117\/revisions\/118"}],"wp:attachment":[{"href":"https:\/\/yoopies.pt\/c\/wp-json\/wp\/v2\/media?parent=117"}],"curies":[{"name":"wp","href":"https:\/\/api.w.org\/{rel}","templated":true}]}}