{"id":113,"date":"2020-04-07T13:41:49","date_gmt":"2020-04-07T13:41:49","guid":{"rendered":"https:\/\/blog.yoopies.pt\/area-de-imprensa-yoopies-portugal\/"},"modified":"2025-06-12T08:50:10","modified_gmt":"2025-06-12T08:50:10","slug":"area-de-imprensa-yoopies-portugal","status":"publish","type":"page","link":"https:\/\/yoopies.pt\/c\/area-de-imprensa-yoopies-portugal\/","title":{"rendered":"\u00c1rea de imprensa &#8211; Yoopies Portugal"},"content":{"rendered":"<figure><img decoding=\"async\" src=\"https:\/\/yoopies.pt\/c\/wp-content\/uploads\/sites\/15\/2020\/04\/2479b040-86af-4ebd-93ca-713e214ed93f-rawpixel-191157-unsplash-ld.jpg\" alt=\"\u00c1rea de imprensa - Yoopies Portugal\" \/><\/figure>\n<ul>\n<li><a href=\"https:\/\/yoopies.pt\/c\/comunicados-de-imprensa-yoopies-portugal\">Comunicados de imprensa<\/a><\/li>\n<li>Yoopies na m&iacute;dia <\/li>\n<\/ul>\n","protected":false},"excerpt":{"rendered":"<p>Comunicados de imprensa Yoopies na m&iacute;dia<\/p>\n","protected":false},"author":10,"featured_media":115,"parent":0,"menu_order":0,"comment_status":"closed","ping_status":"closed","template":"","meta":{"_acf_changed":false,"footnotes":""},"class_list":["post-113","page","type-page","status-publish","has-post-thumbnail","hentry"],"acf":[],"yoast_head":"<!-- This site is optimized with the Yoast SEO plugin v26.9 - https:\/\/yoast.com\/product\/yoast-seo-wordpress\/ -->\n<title>\u00c1rea de imprensa - Yoopies Portugal<\/title>\n<meta name=\"description\" content=\"A \u00e1rea de imprensa da Yoopies cont\u00e9m informa\u00e7\u00f5es sobre os comunicados de imprensa, os artigos j\u00e1 publicados sobre a Yoopies na imprensa portuguesa e detalhes sobre como contactar-nos.\" \/>\n<meta name=\"robots\" content=\"index, follow, max-snippet:-1, max-image-preview:large, max-video-preview:-1\" \/>\n<link rel=\"canonical\" href=\"https:\/\/yoopies.pt\/c\/area-de-imprensa-yoopies-portugal\/\" \/>\n<meta property=\"og:locale\" content=\"pt_PT\" \/>\n<meta property=\"og:type\" content=\"article\" \/>\n<meta property=\"og:title\" content=\"\u00c1rea de imprensa - Yoopies Portugal\" \/>\n<meta property=\"og:description\" content=\"A \u00e1rea de imprensa da Yoopies cont\u00e9m informa\u00e7\u00f5es sobre os comunicados de imprensa, os artigos j\u00e1 publicados sobre a Yoopies na imprensa portuguesa e detalhes sobre como contactar-nos.\" \/>\n<meta property=\"og:url\" content=\"https:\/\/yoopies.pt\/c\/area-de-imprensa-yoopies-portugal\/\" \/>\n<meta property=\"og:site_name\" content=\"Yoopies Portugal\" \/>\n<meta property=\"article:modified_time\" content=\"2025-06-12T08:50:10+00:00\" \/>\n<meta property=\"og:image\" content=\"https:\/\/yoopies.pt\/c\/wp-content\/uploads\/sites\/15\/2020\/04\/2479b040-86af-4ebd-93ca-713e214ed93f-rawpixel-191157-unsplash-ld-1.jpg\" \/>\n\t<meta property=\"og:image:width\" content=\"1200\" \/>\n\t<meta property=\"og:image:height\" content=\"859\" \/>\n\t<meta property=\"og:image:type\" content=\"image\/jpeg\" \/>\n<meta name=\"twitter:card\" content=\"summary_large_image\" \/>\n<script type=\"application\/ld+json\" class=\"yoast-schema-graph\">{\"@context\":\"https:\/\/schema.org\",\"@graph\":[{\"@type\":\"WebPage\",\"@id\":\"https:\/\/yoopies.pt\/c\/area-de-imprensa-yoopies-portugal\/\",\"url\":\"https:\/\/yoopies.pt\/c\/area-de-imprensa-yoopies-portugal\/\",\"name\":\"\u00c1rea de imprensa - Yoopies Portugal\",\"isPartOf\":{\"@id\":\"https:\/\/yoopies.pt\/c\/#website\"},\"primaryImageOfPage\":{\"@id\":\"https:\/\/yoopies.pt\/c\/area-de-imprensa-yoopies-portugal\/#primaryimage\"},\"image\":{\"@id\":\"https:\/\/yoopies.pt\/c\/area-de-imprensa-yoopies-portugal\/#primaryimage\"},\"thumbnailUrl\":\"https:\/\/yoopies.pt\/c\/wp-content\/uploads\/sites\/15\/2020\/04\/2479b040-86af-4ebd-93ca-713e214ed93f-rawpixel-191157-unsplash-ld-1.jpg\",\"datePublished\":\"2020-04-07T13:41:49+00:00\",\"dateModified\":\"2025-06-12T08:50:10+00:00\",\"description\":\"A \u00e1rea de imprensa da Yoopies cont\u00e9m informa\u00e7\u00f5es sobre os comunicados de imprensa, os artigos j\u00e1 publicados sobre a Yoopies na imprensa portuguesa e detalhes sobre como contactar-nos.\",\"breadcrumb\":{\"@id\":\"https:\/\/yoopies.pt\/c\/area-de-imprensa-yoopies-portugal\/#breadcrumb\"},\"inLanguage\":\"pt-PT\",\"potentialAction\":[{\"@type\":\"ReadAction\",\"target\":[\"https:\/\/yoopies.pt\/c\/area-de-imprensa-yoopies-portugal\/\"]}]},{\"@type\":\"ImageObject\",\"inLanguage\":\"pt-PT\",\"@id\":\"https:\/\/yoopies.pt\/c\/area-de-imprensa-yoopies-portugal\/#primaryimage\",\"url\":\"https:\/\/yoopies.pt\/c\/wp-content\/uploads\/sites\/15\/2020\/04\/2479b040-86af-4ebd-93ca-713e214ed93f-rawpixel-191157-unsplash-ld-1.jpg\",\"contentUrl\":\"https:\/\/yoopies.pt\/c\/wp-content\/uploads\/sites\/15\/2020\/04\/2479b040-86af-4ebd-93ca-713e214ed93f-rawpixel-191157-unsplash-ld-1.jpg\",\"width\":1200,\"height\":859},{\"@type\":\"BreadcrumbList\",\"@id\":\"https:\/\/yoopies.pt\/c\/area-de-imprensa-yoopies-portugal\/#breadcrumb\",\"itemListElement\":[{\"@type\":\"ListItem\",\"position\":1,\"name\":\"Home\",\"item\":\"https:\/\/yoopies.pt\/c\/\"},{\"@type\":\"ListItem\",\"position\":2,\"name\":\"\u00c1rea de imprensa &#8211; Yoopies Portugal\"}]},{\"@type\":\"WebSite\",\"@id\":\"https:\/\/yoopies.pt\/c\/#website\",\"url\":\"https:\/\/yoopies.pt\/c\/\",\"name\":\"Yoopies Portugal\",\"description\":\"\",\"potentialAction\":[{\"@type\":\"SearchAction\",\"target\":{\"@type\":\"EntryPoint\",\"urlTemplate\":\"https:\/\/yoopies.pt\/c\/?s={search_term_string}\"},\"query-input\":{\"@type\":\"PropertyValueSpecification\",\"valueRequired\":true,\"valueName\":\"search_term_string\"}}],\"inLanguage\":\"pt-PT\"}]}<\/script>\n<!-- \/ Yoast SEO plugin. -->","yoast_head_json":{"title":"\u00c1rea de imprensa - Yoopies Portugal","description":"A \u00e1rea de imprensa da Yoopies cont\u00e9m informa\u00e7\u00f5es sobre os comunicados de imprensa, os artigos j\u00e1 publicados sobre a Yoopies na imprensa portuguesa e detalhes sobre como contactar-nos.","robots":{"index":"index","follow":"follow","max-snippet":"max-snippet:-1","max-image-preview":"max-image-preview:large","max-video-preview":"max-video-preview:-1"},"canonical":"https:\/\/yoopies.pt\/c\/area-de-imprensa-yoopies-portugal\/","og_locale":"pt_PT","og_type":"article","og_title":"\u00c1rea de imprensa - Yoopies Portugal","og_description":"A \u00e1rea de imprensa da Yoopies cont\u00e9m informa\u00e7\u00f5es sobre os comunicados de imprensa, os artigos j\u00e1 publicados sobre a Yoopies na imprensa portuguesa e detalhes sobre como contactar-nos.","og_url":"https:\/\/yoopies.pt\/c\/area-de-imprensa-yoopies-portugal\/","og_site_name":"Yoopies Portugal","article_modified_time":"2025-06-12T08:50:10+00:00","og_image":[{"width":1200,"height":859,"url":"https:\/\/yoopies.pt\/c\/wp-content\/uploads\/sites\/15\/2020\/04\/2479b040-86af-4ebd-93ca-713e214ed93f-rawpixel-191157-unsplash-ld-1.jpg","type":"image\/jpeg"}],"twitter_card":"summary_large_image","schema":{"@context":"https:\/\/schema.org","@graph":[{"@type":"WebPage","@id":"https:\/\/yoopies.pt\/c\/area-de-imprensa-yoopies-portugal\/","url":"https:\/\/yoopies.pt\/c\/area-de-imprensa-yoopies-portugal\/","name":"\u00c1rea de imprensa - Yoopies Portugal","isPartOf":{"@id":"https:\/\/yoopies.pt\/c\/#website"},"primaryImageOfPage":{"@id":"https:\/\/yoopies.pt\/c\/area-de-imprensa-yoopies-portugal\/#primaryimage"},"image":{"@id":"https:\/\/yoopies.pt\/c\/area-de-imprensa-yoopies-portugal\/#primaryimage"},"thumbnailUrl":"https:\/\/yoopies.pt\/c\/wp-content\/uploads\/sites\/15\/2020\/04\/2479b040-86af-4ebd-93ca-713e214ed93f-rawpixel-191157-unsplash-ld-1.jpg","datePublished":"2020-04-07T13:41:49+00:00","dateModified":"2025-06-12T08:50:10+00:00","description":"A \u00e1rea de imprensa da Yoopies cont\u00e9m informa\u00e7\u00f5es sobre os comunicados de imprensa, os artigos j\u00e1 publicados sobre a Yoopies na imprensa portuguesa e detalhes sobre como contactar-nos.","breadcrumb":{"@id":"https:\/\/yoopies.pt\/c\/area-de-imprensa-yoopies-portugal\/#breadcrumb"},"inLanguage":"pt-PT","potentialAction":[{"@type":"ReadAction","target":["https:\/\/yoopies.pt\/c\/area-de-imprensa-yoopies-portugal\/"]}]},{"@type":"ImageObject","inLanguage":"pt-PT","@id":"https:\/\/yoopies.pt\/c\/area-de-imprensa-yoopies-portugal\/#primaryimage","url":"https:\/\/yoopies.pt\/c\/wp-content\/uploads\/sites\/15\/2020\/04\/2479b040-86af-4ebd-93ca-713e214ed93f-rawpixel-191157-unsplash-ld-1.jpg","contentUrl":"https:\/\/yoopies.pt\/c\/wp-content\/uploads\/sites\/15\/2020\/04\/2479b040-86af-4ebd-93ca-713e214ed93f-rawpixel-191157-unsplash-ld-1.jpg","width":1200,"height":859},{"@type":"BreadcrumbList","@id":"https:\/\/yoopies.pt\/c\/area-de-imprensa-yoopies-portugal\/#breadcrumb","itemListElement":[{"@type":"ListItem","position":1,"name":"Home","item":"https:\/\/yoopies.pt\/c\/"},{"@type":"ListItem","position":2,"name":"\u00c1rea de imprensa &#8211; Yoopies Portugal"}]},{"@type":"WebSite","@id":"https:\/\/yoopies.pt\/c\/#website","url":"https:\/\/yoopies.pt\/c\/","name":"Yoopies Portugal","description":"","potentialAction":[{"@type":"SearchAction","target":{"@type":"EntryPoint","urlTemplate":"https:\/\/yoopies.pt\/c\/?s={search_term_string}"},"query-input":{"@type":"PropertyValueSpecification","valueRequired":true,"valueName":"search_term_string"}}],"inLanguage":"pt-PT"}]}},"_links":{"self":[{"href":"https:\/\/yoopies.pt\/c\/wp-json\/wp\/v2\/pages\/113","targetHints":{"allow":["GET"]}}],"collection":[{"href":"https:\/\/yoopies.pt\/c\/wp-json\/wp\/v2\/pages"}],"about":[{"href":"https:\/\/yoopies.pt\/c\/wp-json\/wp\/v2\/types\/page"}],"author":[{"embeddable":true,"href":"https:\/\/yoopies.pt\/c\/wp-json\/wp\/v2\/users\/10"}],"replies":[{"embeddable":true,"href":"https:\/\/yoopies.pt\/c\/wp-json\/wp\/v2\/comments?post=113"}],"version-history":[{"count":1,"href":"https:\/\/yoopies.pt\/c\/wp-json\/wp\/v2\/pages\/113\/revisions"}],"predecessor-version":[{"id":116,"href":"https:\/\/yoopies.pt\/c\/wp-json\/wp\/v2\/pages\/113\/revisions\/116"}],"wp:featuredmedia":[{"embeddable":true,"href":"https:\/\/yoopies.pt\/c\/wp-json\/wp\/v2\/media\/115"}],"wp:attachment":[{"href":"https:\/\/yoopies.pt\/c\/wp-json\/wp\/v2\/media?parent=113"}],"curies":[{"name":"wp","href":"https:\/\/api.w.org\/{rel}","templated":true}]}}