{"id":110,"date":"2020-04-07T14:48:34","date_gmt":"2020-04-07T14:48:34","guid":{"rendered":"https:\/\/blog.yoopies.pt\/apoio-domiciliario-a-idosos-cresce-no-fim-do-ano\/"},"modified":"2025-06-12T08:50:10","modified_gmt":"2025-06-12T08:50:10","slug":"apoio-domiciliario-a-idosos-cresce-no-fim-do-ano","status":"publish","type":"page","link":"https:\/\/yoopies.pt\/c\/apoio-domiciliario-a-idosos-cresce-no-fim-do-ano\/","title":{"rendered":"A procura por apoio domicili\u00e1rio a idosos cresce neste fim de ano &#8211; Pre\u00e7o cobrado por cuidadores e acompanhantes pode aumentar em 15%"},"content":{"rendered":"<p><p><em>O apoio domiciliar surge como solu&ccedil;&atilde;o para idosos que dependem de cuidados especiais e rejeitam a institucionaliza&ccedil;&atilde;o em casas de repouso. Na<a href=\"https:\/\/yoopies.pt\/apoio-domiciliario\"> <strong>Yoopies<\/strong><\/a>, principal plataforma de cuidados dom&eacute;sticos da Europa, prestadores de servi&ccedil;os manifestam disponibilidade para trabalhar no Natal e na Passagem de Ano, sendo esta uma alternativa para os mais de 41 mil idosos que vivem sozinhos ou isolados em Portugal.<\/em><\/p>\n<\/p>\n<p><p>Para muitos, a &eacute;poca de Natal e Passagem de Ano &eacute; sin&oacute;nimo de uni&atilde;o, festa e partilha entre amigos e familiares. Mas, infelizmente, esta n&atilde;o &eacute; a realidade para mais de <strong>41 mil idosos que vivem sozinhos ou isolados em todo o pa&iacute;s<\/strong>, segundo dados divulgados pela Guarda Nacional Republicana, no &acirc;mbito da opera&ccedil;&atilde;o <em>Censos S&eacute;nior<\/em> <em>2019<\/em>. Estat&iacute;sticas do ano anterior revelam que cerca de 40% da popula&ccedil;&atilde;o portuguesa com mais de 65 anos permanece sozinha durante 8 horas ou mais por dia. Isto quer dizer que quase <strong>um milh&atilde;o de idosos est&aacute; em situa&ccedil;&atilde;o de solid&atilde;o ou isolamento<\/strong>, problema que afeta homens e mulheres, principalmente, com baixo n&iacute;vel de escolaridade e idade avan&ccedil;ada.&nbsp;<\/p>\n<\/p>\n<p><p>Os n&uacute;meros s&atilde;o alarmantes visto que solid&atilde;o e isolamento social dos mais velhos pode repercutir em problemas de <strong>sofrimento, des&acirc;nimo, desinteresse pela vida e casos fatais de depress&atilde;o<\/strong>. O problema torna-se ainda mais grave nesta &eacute;poca do ano, pr&oacute;ximo ao Natal e Passagem de Ano. Infelizmente, pessoas mais vulner&aacute;veis, seja no aspeto f&iacute;sico, psicol&oacute;gico ou de intera&ccedil;&atilde;o social, s&atilde;o literalmente largadas &agrave; porta dos hospitais e acabam internadas sem uma raz&atilde;o cl&iacute;nica. H&aacute; casos, inclusive, de idosos que s&atilde;o deixados &agrave; porta de hospitais com moradas e n&uacute;meros de telefone incorretos.&nbsp;<\/p>\n<\/p>\n<p><p><strong>Falta de prote&ccedil;&atilde;o aos idosos: apoio domicili&aacute;rio surge como alternativa&nbsp;<\/strong><\/p>\n<\/p>\n<p><p>Muito ainda precisa ser feito para melhorar este problema, visto que Portugal foi classificado pela Organiza&ccedil;&atilde;o Mundial da Sa&uacute;de como um dos piores pa&iacute;ses da Europa em rela&ccedil;&atilde;o ao tratamento dos mais velhos. <strong>Portugal continua na lista dos pa&iacute;ses europeus que mais abandona idosos<\/strong> e o quinto, em um grupo de 53 pa&iacute;ses, que <strong>pior trata os mais velhos<\/strong>, segundo estudos realizados pela Organiza&ccedil;&atilde;o Internacional do Trabalho e pela Organiza&ccedil;&atilde;o Mundial de Sa&uacute;de, respetivamente.&nbsp;<\/p>\n<\/p>\n<p><p>A falta de prote&ccedil;&atilde;o tamb&eacute;m &eacute; evidente na baixa percentagem do PIB (Produto Interno Bruto) investido nos cuidados dos idosos. Segundo o estudo &#8220;Prote&ccedil;&atilde;o continuada a idosos: uma revis&atilde;o de d&eacute;fice de cobertura em 46 pa&iacute;ses, realizado pela OIT, Portugal decida apenas 0.1 do PIB, o valor mais baixo dos pa&iacute;ses europeus. Nos &uacute;ltimos anos, os noruegueses, por exemplo, contribu&iacute;ram com cerca de 8.000 d&oacute;lares para encargos relacionados com a qualidade de vida dos idosos, enquanto em Portugal, pa&iacute;s que j&aacute; tem 20% da popula&ccedil;&atilde;o idosa &#8211; o n&uacute;mero deve atingir os 40% nos pr&oacute;ximos 60 anos &#8211; e 157 idosos para 100 jovens, a contribui&ccedil;&atilde;o &eacute; de cerca de 136 d&oacute;lares.&nbsp;<\/p>\n<\/p>\n<p><p>O mesmo estudo, que envolveu 80% da popula&ccedil;&atilde;o com mais de 65 anos, aponta que mais da metade dos idosos do mundo n&atilde;o tem acesso a cuidados de longa dura&ccedil;&atilde;o, o que comprova aus&ecirc;ncia de cuidados duradouros na maioria dos sistemas de seguran&ccedil;a social &#8211; s&oacute; 5,6% da popula&ccedil;&atilde;o mundial vive em pa&iacute;ses que oferecem uma cobertura universal de cuidados de longa dura&ccedil;&atilde;o. Em Portugal, 90,4% das pessoas com mais de 65 anos n&atilde;o tem acesso a servi&ccedil;os cont&iacute;nuos de qualidade.&nbsp;<\/p>\n<\/p>\n<p><p>Diante disto, a institucionaliza&ccedil;&atilde;o em lares de terceira idade acaba por ser um recurso cada vez mais utilizado pelas fam&iacute;lias portuguesas &#8211; 71 mil idosos j&aacute; residem em lares de terceira idade, como prev&ecirc; relat&oacute;rios dispon&iacute;veis no site da Carta Social. Mas esta n&atilde;o &eacute; a &uacute;nica solu&ccedil;&atilde;o, o apoio domicili&aacute;rio surge como alternativa aos que se op&otilde;em aos lares de idosos ou ag&ecirc;ncias de <em>home care<\/em>. Estat&iacute;sticas da Associa&ccedil;&atilde;o de Apoio Domicili&aacute;rio, de Lares e Casas de Repouso de Idosos em Portugal, indicam que a procura por prestadores de cuidados no domic&iacute;lio vai subir 38,1% at&eacute; 2025.&nbsp;<\/p>\n<\/p>\n<p><p>A informa&ccedil;&atilde;o est&aacute; de acordo com os dados registados pela<a href=\"https:\/\/yoopies.pt\/apoio-domiciliario\"> <strong>Yoopies<\/strong>,<\/a> principal plataforma de presta&ccedil;&atilde;o de servi&ccedil;os dom&eacute;sticos, com mais de 3.000 cuidadores de idosos registados. No &uacute;ltimo m&ecirc;s, a<a href=\"https:\/\/yoopies.pt\/apoio-domiciliario\"> <strong>Yoopies<\/strong><\/a> registou um crescimento de 10% no n&uacute;mero de utilizadores que procuram prestadores de cuidados para datas festivas como Natal e Passagem de Ano. A procura revelou-se favor&aacute;vel e necess&aacute;ria, uma vez que as fam&iacute;lias est&atilde;o dispostas a pagar um pouco mais pelos profissionais dispon&iacute;veis nas datas comemorativas de fim de ano. O pre&ccedil;o m&eacute;dio cobrado por hora para um acompanhante ou cuidador &eacute; de 10&euro;\/hora e estima-se que o valor possa sofrer um aumento de 15%.<\/p>\n<\/p>\n<p><p><strong>Yoopies oferece mais de 25 crit&eacute;rios para encontrar o cuidador ideal&nbsp;<\/strong><\/p>\n<\/p>\n<p><p>No sentido de atender &agrave;s necessidades cada vez mais diversas das fam&iacute;lias e das pessoas que necessitam de cuidados especiais, a<a href=\"https:\/\/yoopies.pt\/apoio-domiciliario\"> <strong>Yoopies<\/strong><\/a> utiliza diversos crit&eacute;rios que detalham ainda mais a procura por cuidadores, agilizam entrevistas com poss&iacute;veis candidatos e, consequentemente, a escolha pelo profissional ideal. A ajuda disponibilizada pela<a href=\"https:\/\/yoopies.pt\/apoio-domiciliario\"> <strong>Yoopies<\/strong><\/a> atende necessidades di&aacute;rias como acompanhamento em atividades externas e tarefas dom&eacute;sticas at&eacute; profissionais mais especializados que podem oferecer n&atilde;o s&oacute; cuidados do dia a dia, mas aux&iacute;lio administrativo a pessoas com idade avan&ccedil;ada e\/ou doen&ccedil;as mentais.<\/p>\n<\/p>\n<p><p><a href=\"https:\/\/yoopies.pt\/c\/apoio-domiciliario-ou-lar-de-idosos-qual-e-o-melhor\">Clique aqui<\/a> e descubra as vantagens oferecidas pelo servi&ccedil;o de apoio domicili&aacute;rio a idosos em compara&ccedil;&atilde;o as casas de repouso<\/p>\n<\/p>\n<p class=\"highlighted\">\n<p>Contacto: Marina Chiarelli<br \/>\nmarina@yoopies.com<br \/>\n+351 308 812 547&nbsp;<\/p>\n<\/p>\n<p class=\"highlighted\">\n<p><strong>Sobre a Yoopies:<\/strong> Criada em 2012 por Benjamin Suchar e Jessica Cymerman, a Yoopies rapidamente tornou-se a principal plataforma de acolhimento infantil da Europa. Sediada em Paris e presente em 16 pa&iacute;ses, a start-up expandiu suas atividades de modo a incluir&nbsp; servi&ccedil;os de limpeza, apoio domiciliar a idosos e pessoas dependentes, pet sitting e apoio escolar. Com base na recomenda&ccedil;&atilde;o social de mais de 3 milh&otilde;es de membros, a Yoopies permite que os seus usu&aacute;rios escolham o seu funcion&aacute;rio com total confian&ccedil;a. A Yoopies tamb&eacute;m disponibiliza uma oferta corporativa, a YoopiesAtWork, que permite &agrave;s empresas oferecer uma ajuda concreta diante dos desafios dom&eacute;sticos enfrentados diariamente e assim, melhorar o equil&iacute;brio entre a vida profissional e pessoal dos seus colaboradores.<\/p><\/p>\n","protected":false},"excerpt":{"rendered":"<p>O apoio domiciliar surge como solu&ccedil;&atilde;o para idosos que dependem de cuidados especiais e rejeitam &hellip; <\/p>\n","protected":false},"author":10,"featured_media":111,"parent":0,"menu_order":0,"comment_status":"closed","ping_status":"closed","template":"","meta":{"_acf_changed":false,"footnotes":""},"class_list":["post-110","page","type-page","status-publish","has-post-thumbnail","hentry"],"acf":[],"yoast_head":"<!-- This site is optimized with the Yoast SEO plugin v26.9 - https:\/\/yoast.com\/product\/yoast-seo-wordpress\/ -->\n<title>Apoio domicili\u00e1rio a idosos cresce neste fim de ano<\/title>\n<meta name=\"description\" content=\"O apoio domiciliar surge como solu\u00e7\u00e3o para idosos que dependem de cuidados especiais e rejeitam a institucionaliza\u00e7\u00e3o em casas de repouso.\" \/>\n<meta name=\"robots\" content=\"index, follow, max-snippet:-1, max-image-preview:large, max-video-preview:-1\" \/>\n<link rel=\"canonical\" href=\"https:\/\/yoopies.pt\/c\/apoio-domiciliario-a-idosos-cresce-no-fim-do-ano\/\" \/>\n<meta property=\"og:locale\" content=\"pt_PT\" \/>\n<meta property=\"og:type\" content=\"article\" \/>\n<meta property=\"og:title\" content=\"Apoio domicili\u00e1rio a idosos cresce neste fim de ano\" \/>\n<meta property=\"og:description\" content=\"O apoio domiciliar surge como solu\u00e7\u00e3o para idosos que dependem de cuidados especiais e rejeitam a institucionaliza\u00e7\u00e3o em casas de repouso.\" \/>\n<meta property=\"og:url\" content=\"https:\/\/yoopies.pt\/c\/apoio-domiciliario-a-idosos-cresce-no-fim-do-ano\/\" \/>\n<meta property=\"og:site_name\" content=\"Yoopies Portugal\" \/>\n<meta property=\"article:modified_time\" content=\"2025-06-12T08:50:10+00:00\" \/>\n<meta property=\"og:image\" content=\"https:\/\/yoopies.pt\/c\/wp-content\/uploads\/sites\/15\/2020\/04\/yoopies-cms2f288cbceb-e010-4d42-ae38-f5da1c63c657-shutterstock-135196346.jpg\" \/>\n\t<meta property=\"og:image:width\" content=\"1200\" \/>\n\t<meta property=\"og:image:height\" content=\"1142\" \/>\n\t<meta property=\"og:image:type\" content=\"image\/jpeg\" \/>\n<meta name=\"twitter:card\" content=\"summary_large_image\" \/>\n<meta name=\"twitter:label1\" content=\"Tempo estimado de leitura\" \/>\n\t<meta name=\"twitter:data1\" content=\"6 minutos\" \/>\n<script type=\"application\/ld+json\" class=\"yoast-schema-graph\">{\"@context\":\"https:\/\/schema.org\",\"@graph\":[{\"@type\":\"WebPage\",\"@id\":\"https:\/\/yoopies.pt\/c\/apoio-domiciliario-a-idosos-cresce-no-fim-do-ano\/\",\"url\":\"https:\/\/yoopies.pt\/c\/apoio-domiciliario-a-idosos-cresce-no-fim-do-ano\/\",\"name\":\"Apoio domicili\u00e1rio a idosos cresce neste fim de ano\",\"isPartOf\":{\"@id\":\"https:\/\/yoopies.pt\/c\/#website\"},\"primaryImageOfPage\":{\"@id\":\"https:\/\/yoopies.pt\/c\/apoio-domiciliario-a-idosos-cresce-no-fim-do-ano\/#primaryimage\"},\"image\":{\"@id\":\"https:\/\/yoopies.pt\/c\/apoio-domiciliario-a-idosos-cresce-no-fim-do-ano\/#primaryimage\"},\"thumbnailUrl\":\"https:\/\/yoopies.pt\/c\/wp-content\/uploads\/sites\/15\/2020\/04\/yoopies-cms2f288cbceb-e010-4d42-ae38-f5da1c63c657-shutterstock-135196346.jpg\",\"datePublished\":\"2020-04-07T14:48:34+00:00\",\"dateModified\":\"2025-06-12T08:50:10+00:00\",\"description\":\"O apoio domiciliar surge como solu\u00e7\u00e3o para idosos que dependem de cuidados especiais e rejeitam a institucionaliza\u00e7\u00e3o em casas de repouso.\",\"breadcrumb\":{\"@id\":\"https:\/\/yoopies.pt\/c\/apoio-domiciliario-a-idosos-cresce-no-fim-do-ano\/#breadcrumb\"},\"inLanguage\":\"pt-PT\",\"potentialAction\":[{\"@type\":\"ReadAction\",\"target\":[\"https:\/\/yoopies.pt\/c\/apoio-domiciliario-a-idosos-cresce-no-fim-do-ano\/\"]}]},{\"@type\":\"ImageObject\",\"inLanguage\":\"pt-PT\",\"@id\":\"https:\/\/yoopies.pt\/c\/apoio-domiciliario-a-idosos-cresce-no-fim-do-ano\/#primaryimage\",\"url\":\"https:\/\/yoopies.pt\/c\/wp-content\/uploads\/sites\/15\/2020\/04\/yoopies-cms2f288cbceb-e010-4d42-ae38-f5da1c63c657-shutterstock-135196346.jpg\",\"contentUrl\":\"https:\/\/yoopies.pt\/c\/wp-content\/uploads\/sites\/15\/2020\/04\/yoopies-cms2f288cbceb-e010-4d42-ae38-f5da1c63c657-shutterstock-135196346.jpg\",\"width\":1200,\"height\":1142},{\"@type\":\"BreadcrumbList\",\"@id\":\"https:\/\/yoopies.pt\/c\/apoio-domiciliario-a-idosos-cresce-no-fim-do-ano\/#breadcrumb\",\"itemListElement\":[{\"@type\":\"ListItem\",\"position\":1,\"name\":\"Home\",\"item\":\"https:\/\/yoopies.pt\/c\/\"},{\"@type\":\"ListItem\",\"position\":2,\"name\":\"A procura por apoio domicili\u00e1rio a idosos cresce neste fim de ano &#8211; Pre\u00e7o cobrado por cuidadores e acompanhantes pode aumentar em 15%\"}]},{\"@type\":\"WebSite\",\"@id\":\"https:\/\/yoopies.pt\/c\/#website\",\"url\":\"https:\/\/yoopies.pt\/c\/\",\"name\":\"Yoopies Portugal\",\"description\":\"\",\"potentialAction\":[{\"@type\":\"SearchAction\",\"target\":{\"@type\":\"EntryPoint\",\"urlTemplate\":\"https:\/\/yoopies.pt\/c\/?s={search_term_string}\"},\"query-input\":{\"@type\":\"PropertyValueSpecification\",\"valueRequired\":true,\"valueName\":\"search_term_string\"}}],\"inLanguage\":\"pt-PT\"}]}<\/script>\n<!-- \/ Yoast SEO plugin. -->","yoast_head_json":{"title":"Apoio domicili\u00e1rio a idosos cresce neste fim de ano","description":"O apoio domiciliar surge como solu\u00e7\u00e3o para idosos que dependem de cuidados especiais e rejeitam a institucionaliza\u00e7\u00e3o em casas de repouso.","robots":{"index":"index","follow":"follow","max-snippet":"max-snippet:-1","max-image-preview":"max-image-preview:large","max-video-preview":"max-video-preview:-1"},"canonical":"https:\/\/yoopies.pt\/c\/apoio-domiciliario-a-idosos-cresce-no-fim-do-ano\/","og_locale":"pt_PT","og_type":"article","og_title":"Apoio domicili\u00e1rio a idosos cresce neste fim de ano","og_description":"O apoio domiciliar surge como solu\u00e7\u00e3o para idosos que dependem de cuidados especiais e rejeitam a institucionaliza\u00e7\u00e3o em casas de repouso.","og_url":"https:\/\/yoopies.pt\/c\/apoio-domiciliario-a-idosos-cresce-no-fim-do-ano\/","og_site_name":"Yoopies Portugal","article_modified_time":"2025-06-12T08:50:10+00:00","og_image":[{"width":1200,"height":1142,"url":"https:\/\/yoopies.pt\/c\/wp-content\/uploads\/sites\/15\/2020\/04\/yoopies-cms2f288cbceb-e010-4d42-ae38-f5da1c63c657-shutterstock-135196346.jpg","type":"image\/jpeg"}],"twitter_card":"summary_large_image","twitter_misc":{"Tempo estimado de leitura":"6 minutos"},"schema":{"@context":"https:\/\/schema.org","@graph":[{"@type":"WebPage","@id":"https:\/\/yoopies.pt\/c\/apoio-domiciliario-a-idosos-cresce-no-fim-do-ano\/","url":"https:\/\/yoopies.pt\/c\/apoio-domiciliario-a-idosos-cresce-no-fim-do-ano\/","name":"Apoio domicili\u00e1rio a idosos cresce neste fim de ano","isPartOf":{"@id":"https:\/\/yoopies.pt\/c\/#website"},"primaryImageOfPage":{"@id":"https:\/\/yoopies.pt\/c\/apoio-domiciliario-a-idosos-cresce-no-fim-do-ano\/#primaryimage"},"image":{"@id":"https:\/\/yoopies.pt\/c\/apoio-domiciliario-a-idosos-cresce-no-fim-do-ano\/#primaryimage"},"thumbnailUrl":"https:\/\/yoopies.pt\/c\/wp-content\/uploads\/sites\/15\/2020\/04\/yoopies-cms2f288cbceb-e010-4d42-ae38-f5da1c63c657-shutterstock-135196346.jpg","datePublished":"2020-04-07T14:48:34+00:00","dateModified":"2025-06-12T08:50:10+00:00","description":"O apoio domiciliar surge como solu\u00e7\u00e3o para idosos que dependem de cuidados especiais e rejeitam a institucionaliza\u00e7\u00e3o em casas de repouso.","breadcrumb":{"@id":"https:\/\/yoopies.pt\/c\/apoio-domiciliario-a-idosos-cresce-no-fim-do-ano\/#breadcrumb"},"inLanguage":"pt-PT","potentialAction":[{"@type":"ReadAction","target":["https:\/\/yoopies.pt\/c\/apoio-domiciliario-a-idosos-cresce-no-fim-do-ano\/"]}]},{"@type":"ImageObject","inLanguage":"pt-PT","@id":"https:\/\/yoopies.pt\/c\/apoio-domiciliario-a-idosos-cresce-no-fim-do-ano\/#primaryimage","url":"https:\/\/yoopies.pt\/c\/wp-content\/uploads\/sites\/15\/2020\/04\/yoopies-cms2f288cbceb-e010-4d42-ae38-f5da1c63c657-shutterstock-135196346.jpg","contentUrl":"https:\/\/yoopies.pt\/c\/wp-content\/uploads\/sites\/15\/2020\/04\/yoopies-cms2f288cbceb-e010-4d42-ae38-f5da1c63c657-shutterstock-135196346.jpg","width":1200,"height":1142},{"@type":"BreadcrumbList","@id":"https:\/\/yoopies.pt\/c\/apoio-domiciliario-a-idosos-cresce-no-fim-do-ano\/#breadcrumb","itemListElement":[{"@type":"ListItem","position":1,"name":"Home","item":"https:\/\/yoopies.pt\/c\/"},{"@type":"ListItem","position":2,"name":"A procura por apoio domicili\u00e1rio a idosos cresce neste fim de ano &#8211; Pre\u00e7o cobrado por cuidadores e acompanhantes pode aumentar em 15%"}]},{"@type":"WebSite","@id":"https:\/\/yoopies.pt\/c\/#website","url":"https:\/\/yoopies.pt\/c\/","name":"Yoopies Portugal","description":"","potentialAction":[{"@type":"SearchAction","target":{"@type":"EntryPoint","urlTemplate":"https:\/\/yoopies.pt\/c\/?s={search_term_string}"},"query-input":{"@type":"PropertyValueSpecification","valueRequired":true,"valueName":"search_term_string"}}],"inLanguage":"pt-PT"}]}},"_links":{"self":[{"href":"https:\/\/yoopies.pt\/c\/wp-json\/wp\/v2\/pages\/110","targetHints":{"allow":["GET"]}}],"collection":[{"href":"https:\/\/yoopies.pt\/c\/wp-json\/wp\/v2\/pages"}],"about":[{"href":"https:\/\/yoopies.pt\/c\/wp-json\/wp\/v2\/types\/page"}],"author":[{"embeddable":true,"href":"https:\/\/yoopies.pt\/c\/wp-json\/wp\/v2\/users\/10"}],"replies":[{"embeddable":true,"href":"https:\/\/yoopies.pt\/c\/wp-json\/wp\/v2\/comments?post=110"}],"version-history":[{"count":1,"href":"https:\/\/yoopies.pt\/c\/wp-json\/wp\/v2\/pages\/110\/revisions"}],"predecessor-version":[{"id":112,"href":"https:\/\/yoopies.pt\/c\/wp-json\/wp\/v2\/pages\/110\/revisions\/112"}],"wp:featuredmedia":[{"embeddable":true,"href":"https:\/\/yoopies.pt\/c\/wp-json\/wp\/v2\/media\/111"}],"wp:attachment":[{"href":"https:\/\/yoopies.pt\/c\/wp-json\/wp\/v2\/media?parent=110"}],"curies":[{"name":"wp","href":"https:\/\/api.w.org\/{rel}","templated":true}]}}