{"id":107,"date":"2020-05-11T10:32:04","date_gmt":"2020-05-11T10:32:04","guid":{"rendered":"https:\/\/blog.yoopies.pt\/covid-19-a-fase-de-desconfinamento-das-familias-com-criancas\/"},"modified":"2025-06-12T08:50:11","modified_gmt":"2025-06-12T08:50:11","slug":"covid-19-a-fase-de-desconfinamento-das-familias-com-criancas","status":"publish","type":"page","link":"https:\/\/yoopies.pt\/c\/covid-19-a-fase-de-desconfinamento-das-familias-com-criancas\/","title":{"rendered":"COVID-19: A FASE DE DESCONFINAMENTO DAS FAM\u00cdLIAS COM CRIAN\u00c7AS"},"content":{"rendered":"<p><p><em><strong>O dilema do regresso ao trabalho com as creches e escolas fechadas<\/strong><\/em><\/p>\n<\/p>\n<p><p><em>A fase de desconfinamento da crise do coronav&iacute;rus traz novos desafios para as fam&iacute;lias portuguesas que t&ecirc;m crian&ccedil;as. Em breve, muitos pais que deixar&atilde;o o regime de teletrablho para finalmente regressarem aos escrit&oacute;rios e empregos &#8211; mesmo a tempo parcial &#8211; ter&atilde;o de pensar em alternativas vi&aacute;veis para o per&iacute;odo em que n&atilde;o podem ficar em casa a cuidar dos filhos, uma vez que as escolas e creches permanecer&atilde;o fechadas (pelo menos) at&eacute; ao dia 1 de Junho e o regresso dos alunos &agrave;s aulas presenciais ser&aacute; diferenciado de acordo com os ciclos. Face a isto, a <a target=\"_blank\" rel=\"noopener\" href=\"https:\/\/yoopies.pt\/\">Yoopies<\/a> &#8211; uma plataforma internacional que facilita o contacto entre a oferta e a procura de babysitting e servi&ccedil;os dom&eacute;sticos &#8211; perguntou como &eacute; que a sua comunidade familiar est&aacute; a lidar com a situa&ccedil;&atilde;o actual.&nbsp;<\/em><\/p>\n<\/p>\n<figure><img decoding=\"async\" src=\"https:\/\/yoopies.pt\/c\/wp-content\/uploads\/sites\/15\/2020\/05\/31e01b54-107a-4bf0-a231-f379b17396e6-desconfinamento-inquecc81rito-yoopies.jpg\" alt=\"Coronav\u00edrus: como as fam\u00edlias com crian\u00e7as est\u00e3o a lidar com a fase de desconfinamento?\" \/><\/figure>\n<p><h2><strong>Leia tamb&eacute;m: <\/strong><\/h2>\n<ul>\n<li><a target=\"_blank\" rel=\"noopener\" href=\"https:\/\/yoopies.pt\/c\/guia-para-os-pais-durante-o-isolamento-social-do-covid19\">Isolamento social com as crian&ccedil;as: um guia completo para os pais<\/a><\/li>\n<li><a target=\"_blank\" rel=\"noopener\" href=\"https:\/\/yoopies.pt\/c\/coronavirus-que-cuidados-devemos-ter-com-caes-e-gatos\">Em &eacute;poca de coronav&iacute;rus, que cuidamos devemos ter com c&atilde;es e gatos? Conselhos de uma veterin&aacute;ria!<\/a><\/li>\n<\/ul>\n","protected":false},"excerpt":{"rendered":"<p>O dilema do regresso ao trabalho com as creches e escolas fechadas A fase de &hellip; <\/p>\n","protected":false},"author":10,"featured_media":0,"parent":0,"menu_order":0,"comment_status":"closed","ping_status":"closed","template":"","meta":{"_acf_changed":false,"footnotes":""},"class_list":["post-107","page","type-page","status-publish","hentry"],"acf":[],"yoast_head":"<!-- This site is optimized with the Yoast SEO plugin v26.9 - https:\/\/yoast.com\/product\/yoast-seo-wordpress\/ -->\n<title>Covid-19: como ser\u00e1 o desconfinamento das fam\u00edlias?<\/title>\n<meta name=\"description\" content=\"Yoopies realizou um estudo exclusivo para saber como as fam\u00edlias est\u00e3o a lidar com a fase de desconfinamento, uma vez que escolas e creches continuam fechadas.\" \/>\n<meta name=\"robots\" content=\"index, follow, max-snippet:-1, max-image-preview:large, max-video-preview:-1\" \/>\n<link rel=\"canonical\" href=\"https:\/\/yoopies.pt\/c\/covid-19-a-fase-de-desconfinamento-das-familias-com-criancas\/\" \/>\n<meta property=\"og:locale\" content=\"pt_PT\" \/>\n<meta property=\"og:type\" content=\"article\" \/>\n<meta property=\"og:title\" content=\"Covid-19: como ser\u00e1 o desconfinamento das fam\u00edlias?\" \/>\n<meta property=\"og:description\" content=\"Yoopies realizou um estudo exclusivo para saber como as fam\u00edlias est\u00e3o a lidar com a fase de desconfinamento, uma vez que escolas e creches continuam fechadas.\" \/>\n<meta property=\"og:url\" content=\"https:\/\/yoopies.pt\/c\/covid-19-a-fase-de-desconfinamento-das-familias-com-criancas\/\" \/>\n<meta property=\"og:site_name\" content=\"Yoopies Portugal\" \/>\n<meta property=\"article:modified_time\" content=\"2025-06-12T08:50:11+00:00\" \/>\n<meta property=\"og:image\" content=\"https:\/\/yoopies.pt\/c\/wp-content\/uploads\/sites\/15\/2020\/05\/31e01b54-107a-4bf0-a231-f379b17396e6-desconfinamento-inquecc81rito-yoopies.jpg\" \/>\n<meta name=\"twitter:card\" content=\"summary_large_image\" \/>\n<meta name=\"twitter:label1\" content=\"Tempo estimado de leitura\" \/>\n\t<meta name=\"twitter:data1\" content=\"1 minuto\" \/>\n<script type=\"application\/ld+json\" class=\"yoast-schema-graph\">{\"@context\":\"https:\/\/schema.org\",\"@graph\":[{\"@type\":\"WebPage\",\"@id\":\"https:\/\/yoopies.pt\/c\/covid-19-a-fase-de-desconfinamento-das-familias-com-criancas\/\",\"url\":\"https:\/\/yoopies.pt\/c\/covid-19-a-fase-de-desconfinamento-das-familias-com-criancas\/\",\"name\":\"Covid-19: como ser\u00e1 o desconfinamento das fam\u00edlias?\",\"isPartOf\":{\"@id\":\"https:\/\/yoopies.pt\/c\/#website\"},\"primaryImageOfPage\":{\"@id\":\"https:\/\/yoopies.pt\/c\/covid-19-a-fase-de-desconfinamento-das-familias-com-criancas\/#primaryimage\"},\"image\":{\"@id\":\"https:\/\/yoopies.pt\/c\/covid-19-a-fase-de-desconfinamento-das-familias-com-criancas\/#primaryimage\"},\"thumbnailUrl\":\"https:\/\/yoopies.pt\/c\/wp-content\/uploads\/sites\/15\/2020\/05\/31e01b54-107a-4bf0-a231-f379b17396e6-desconfinamento-inquecc81rito-yoopies.jpg\",\"datePublished\":\"2020-05-11T10:32:04+00:00\",\"dateModified\":\"2025-06-12T08:50:11+00:00\",\"description\":\"Yoopies realizou um estudo exclusivo para saber como as fam\u00edlias est\u00e3o a lidar com a fase de desconfinamento, uma vez que escolas e creches continuam fechadas.\",\"breadcrumb\":{\"@id\":\"https:\/\/yoopies.pt\/c\/covid-19-a-fase-de-desconfinamento-das-familias-com-criancas\/#breadcrumb\"},\"inLanguage\":\"pt-PT\",\"potentialAction\":[{\"@type\":\"ReadAction\",\"target\":[\"https:\/\/yoopies.pt\/c\/covid-19-a-fase-de-desconfinamento-das-familias-com-criancas\/\"]}]},{\"@type\":\"ImageObject\",\"inLanguage\":\"pt-PT\",\"@id\":\"https:\/\/yoopies.pt\/c\/covid-19-a-fase-de-desconfinamento-das-familias-com-criancas\/#primaryimage\",\"url\":\"https:\/\/yoopies.pt\/c\/wp-content\/uploads\/sites\/15\/2020\/05\/31e01b54-107a-4bf0-a231-f379b17396e6-desconfinamento-inquecc81rito-yoopies.jpg\",\"contentUrl\":\"https:\/\/yoopies.pt\/c\/wp-content\/uploads\/sites\/15\/2020\/05\/31e01b54-107a-4bf0-a231-f379b17396e6-desconfinamento-inquecc81rito-yoopies.jpg\",\"width\":1200,\"height\":5250},{\"@type\":\"BreadcrumbList\",\"@id\":\"https:\/\/yoopies.pt\/c\/covid-19-a-fase-de-desconfinamento-das-familias-com-criancas\/#breadcrumb\",\"itemListElement\":[{\"@type\":\"ListItem\",\"position\":1,\"name\":\"Home\",\"item\":\"https:\/\/yoopies.pt\/c\/\"},{\"@type\":\"ListItem\",\"position\":2,\"name\":\"COVID-19: A FASE DE DESCONFINAMENTO DAS FAM\u00cdLIAS COM CRIAN\u00c7AS\"}]},{\"@type\":\"WebSite\",\"@id\":\"https:\/\/yoopies.pt\/c\/#website\",\"url\":\"https:\/\/yoopies.pt\/c\/\",\"name\":\"Yoopies Portugal\",\"description\":\"\",\"potentialAction\":[{\"@type\":\"SearchAction\",\"target\":{\"@type\":\"EntryPoint\",\"urlTemplate\":\"https:\/\/yoopies.pt\/c\/?s={search_term_string}\"},\"query-input\":{\"@type\":\"PropertyValueSpecification\",\"valueRequired\":true,\"valueName\":\"search_term_string\"}}],\"inLanguage\":\"pt-PT\"}]}<\/script>\n<!-- \/ Yoast SEO plugin. -->","yoast_head_json":{"title":"Covid-19: como ser\u00e1 o desconfinamento das fam\u00edlias?","description":"Yoopies realizou um estudo exclusivo para saber como as fam\u00edlias est\u00e3o a lidar com a fase de desconfinamento, uma vez que escolas e creches continuam fechadas.","robots":{"index":"index","follow":"follow","max-snippet":"max-snippet:-1","max-image-preview":"max-image-preview:large","max-video-preview":"max-video-preview:-1"},"canonical":"https:\/\/yoopies.pt\/c\/covid-19-a-fase-de-desconfinamento-das-familias-com-criancas\/","og_locale":"pt_PT","og_type":"article","og_title":"Covid-19: como ser\u00e1 o desconfinamento das fam\u00edlias?","og_description":"Yoopies realizou um estudo exclusivo para saber como as fam\u00edlias est\u00e3o a lidar com a fase de desconfinamento, uma vez que escolas e creches continuam fechadas.","og_url":"https:\/\/yoopies.pt\/c\/covid-19-a-fase-de-desconfinamento-das-familias-com-criancas\/","og_site_name":"Yoopies Portugal","article_modified_time":"2025-06-12T08:50:11+00:00","og_image":[{"url":"https:\/\/yoopies.pt\/c\/wp-content\/uploads\/sites\/15\/2020\/05\/31e01b54-107a-4bf0-a231-f379b17396e6-desconfinamento-inquecc81rito-yoopies.jpg","type":"","width":"","height":""}],"twitter_card":"summary_large_image","twitter_misc":{"Tempo estimado de leitura":"1 minuto"},"schema":{"@context":"https:\/\/schema.org","@graph":[{"@type":"WebPage","@id":"https:\/\/yoopies.pt\/c\/covid-19-a-fase-de-desconfinamento-das-familias-com-criancas\/","url":"https:\/\/yoopies.pt\/c\/covid-19-a-fase-de-desconfinamento-das-familias-com-criancas\/","name":"Covid-19: como ser\u00e1 o desconfinamento das fam\u00edlias?","isPartOf":{"@id":"https:\/\/yoopies.pt\/c\/#website"},"primaryImageOfPage":{"@id":"https:\/\/yoopies.pt\/c\/covid-19-a-fase-de-desconfinamento-das-familias-com-criancas\/#primaryimage"},"image":{"@id":"https:\/\/yoopies.pt\/c\/covid-19-a-fase-de-desconfinamento-das-familias-com-criancas\/#primaryimage"},"thumbnailUrl":"https:\/\/yoopies.pt\/c\/wp-content\/uploads\/sites\/15\/2020\/05\/31e01b54-107a-4bf0-a231-f379b17396e6-desconfinamento-inquecc81rito-yoopies.jpg","datePublished":"2020-05-11T10:32:04+00:00","dateModified":"2025-06-12T08:50:11+00:00","description":"Yoopies realizou um estudo exclusivo para saber como as fam\u00edlias est\u00e3o a lidar com a fase de desconfinamento, uma vez que escolas e creches continuam fechadas.","breadcrumb":{"@id":"https:\/\/yoopies.pt\/c\/covid-19-a-fase-de-desconfinamento-das-familias-com-criancas\/#breadcrumb"},"inLanguage":"pt-PT","potentialAction":[{"@type":"ReadAction","target":["https:\/\/yoopies.pt\/c\/covid-19-a-fase-de-desconfinamento-das-familias-com-criancas\/"]}]},{"@type":"ImageObject","inLanguage":"pt-PT","@id":"https:\/\/yoopies.pt\/c\/covid-19-a-fase-de-desconfinamento-das-familias-com-criancas\/#primaryimage","url":"https:\/\/yoopies.pt\/c\/wp-content\/uploads\/sites\/15\/2020\/05\/31e01b54-107a-4bf0-a231-f379b17396e6-desconfinamento-inquecc81rito-yoopies.jpg","contentUrl":"https:\/\/yoopies.pt\/c\/wp-content\/uploads\/sites\/15\/2020\/05\/31e01b54-107a-4bf0-a231-f379b17396e6-desconfinamento-inquecc81rito-yoopies.jpg","width":1200,"height":5250},{"@type":"BreadcrumbList","@id":"https:\/\/yoopies.pt\/c\/covid-19-a-fase-de-desconfinamento-das-familias-com-criancas\/#breadcrumb","itemListElement":[{"@type":"ListItem","position":1,"name":"Home","item":"https:\/\/yoopies.pt\/c\/"},{"@type":"ListItem","position":2,"name":"COVID-19: A FASE DE DESCONFINAMENTO DAS FAM\u00cdLIAS COM CRIAN\u00c7AS"}]},{"@type":"WebSite","@id":"https:\/\/yoopies.pt\/c\/#website","url":"https:\/\/yoopies.pt\/c\/","name":"Yoopies Portugal","description":"","potentialAction":[{"@type":"SearchAction","target":{"@type":"EntryPoint","urlTemplate":"https:\/\/yoopies.pt\/c\/?s={search_term_string}"},"query-input":{"@type":"PropertyValueSpecification","valueRequired":true,"valueName":"search_term_string"}}],"inLanguage":"pt-PT"}]}},"_links":{"self":[{"href":"https:\/\/yoopies.pt\/c\/wp-json\/wp\/v2\/pages\/107","targetHints":{"allow":["GET"]}}],"collection":[{"href":"https:\/\/yoopies.pt\/c\/wp-json\/wp\/v2\/pages"}],"about":[{"href":"https:\/\/yoopies.pt\/c\/wp-json\/wp\/v2\/types\/page"}],"author":[{"embeddable":true,"href":"https:\/\/yoopies.pt\/c\/wp-json\/wp\/v2\/users\/10"}],"replies":[{"embeddable":true,"href":"https:\/\/yoopies.pt\/c\/wp-json\/wp\/v2\/comments?post=107"}],"version-history":[{"count":1,"href":"https:\/\/yoopies.pt\/c\/wp-json\/wp\/v2\/pages\/107\/revisions"}],"predecessor-version":[{"id":109,"href":"https:\/\/yoopies.pt\/c\/wp-json\/wp\/v2\/pages\/107\/revisions\/109"}],"wp:attachment":[{"href":"https:\/\/yoopies.pt\/c\/wp-json\/wp\/v2\/media?parent=107"}],"curies":[{"name":"wp","href":"https:\/\/api.w.org\/{rel}","templated":true}]}}